{"id":13800,"date":"2020-05-27T11:11:53","date_gmt":"2020-05-27T09:11:53","guid":{"rendered":"http:\/\/tapigroup.com\/production-caps\/senza-categoria\/speakeasy\/"},"modified":"2023-01-26T13:19:38","modified_gmt":"2023-01-26T12:19:38","slug":"speakeasy","status":"publish","type":"product","link":"https:\/\/tapigroup.com\/it\/production-caps\/distillati\/speakeasy\/","title":{"rendered":"Speakeasy"},"content":{"rendered":"\t\t<div data-elementor-type=\"wp-post\" data-elementor-id=\"13800\" class=\"elementor elementor-13800 elementor-3251\" data-elementor-post-type=\"product\">\n\t\t\t\t\t\t<section class=\"elementor-section elementor-top-section elementor-element elementor-element-5d25fca6 elementor-section-boxed elementor-section-height-default elementor-section-height-default\" data-id=\"5d25fca6\" data-element_type=\"section\" data-e-type=\"section\">\n\t\t\t\t\t\t<div class=\"elementor-container elementor-column-gap-default\">\n\t\t\t\t\t<div class=\"elementor-column elementor-col-100 elementor-top-column elementor-element elementor-element-c857459\" data-id=\"c857459\" data-element_type=\"column\" data-e-type=\"column\">\n\t\t\t<div class=\"elementor-widget-wrap elementor-element-populated\">\n\t\t\t\t\t\t\t<\/div>\n\t\t<\/div>\n\t\t\t\t\t<\/div>\n\t\t<\/section>\n\t\t\t\t<\/div>\n\t\t","protected":false},"excerpt":{"rendered":"<p>Speakeasy, The Craft Secret line, \u00e8 la nuova linea di chiusure Tap\u00ec dal sapore retr\u00f2 e dallo stile artigianale, pensata per chi si vuole distinguere in maniera semplice, ma originale.<\/p>\n<p>Speakeasy nasce dalla sinergia tra Tap\u00ec e Saver Glass con l\u2019intento di dare vita a una collezione ispirata all\u2019era del proibizionismo degli anni \u201920.<\/p>\n<div class=\"info-btn request-info\"><a class=\"open-contact-modal\" role=\"button\"><span>richiedi informazioni<\/span><\/a><\/div>\n<div class=\"info-btn discover\"><a href=\"https:\/\/tapigroup.com\/speakeasy\/it\/\" target=\"_blank\" role=\"button\" rel=\"noopener noreferrer\"><span>scopri speakeasy<\/span><\/a><\/div>\n","protected":false},"featured_media":27342,"template":"","meta":[],"product_brand":[],"product_cat":[147],"product_tag":[],"class_list":{"0":"post-13800","1":"product","2":"type-product","3":"status-publish","4":"has-post-thumbnail","6":"product_cat-distillati","8":"first","9":"instock","10":"shipping-taxable","11":"product-type-simple"},"yoast_head":"<!-- This site is optimized with the Yoast SEO plugin v27.2 - https:\/\/yoast.com\/product\/yoast-seo-wordpress\/ -->\n<title>Speakeasy - Tap\u00ec Group<\/title>\n<meta name=\"robots\" content=\"index, follow, max-snippet:-1, max-image-preview:large, max-video-preview:-1\" \/>\n<link rel=\"canonical\" href=\"https:\/\/tapigroup.com\/it\/production-caps\/distillati\/speakeasy\/\" \/>\n<meta property=\"og:locale\" content=\"it_IT\" \/>\n<meta property=\"og:type\" content=\"article\" \/>\n<meta property=\"og:title\" content=\"Speakeasy - Tap\u00ec Group\" \/>\n<meta property=\"og:description\" content=\"Speakeasy, The Craft Secret line, \u00e8 la nuova linea di chiusure Tap\u00ec dal sapore retr\u00f2 e dallo stile artigianale, pensata per chi si vuole distinguere in maniera semplice, ma originale.  Speakeasy nasce dalla sinergia tra Tap\u00ec e Saver Glass con l\u2019intento di dare vita a una collezione ispirata all\u2019era del proibizionismo degli anni \u201920. richiedi informazioni scopri speakeasy\" \/>\n<meta property=\"og:url\" content=\"https:\/\/tapigroup.com\/it\/production-caps\/distillati\/speakeasy\/\" \/>\n<meta property=\"og:site_name\" content=\"Tap\u00ec Group\" \/>\n<meta property=\"article:modified_time\" content=\"2023-01-26T12:19:38+00:00\" \/>\n<meta property=\"og:image\" content=\"https:\/\/tapigroup.com\/wp-content\/uploads\/2020\/05\/Mixologist.jpg\" \/>\n\t<meta property=\"og:image:width\" content=\"1063\" \/>\n\t<meta property=\"og:image:height\" content=\"1651\" \/>\n\t<meta property=\"og:image:type\" content=\"image\/jpeg\" \/>\n<meta name=\"twitter:card\" content=\"summary_large_image\" \/>\n<script type=\"application\/ld+json\" class=\"yoast-schema-graph\">{\"@context\":\"https:\/\/schema.org\",\"@graph\":[{\"@type\":\"WebPage\",\"@id\":\"https:\/\/tapigroup.com\/it\/production-caps\/distillati\/speakeasy\/\",\"url\":\"https:\/\/tapigroup.com\/it\/production-caps\/distillati\/speakeasy\/\",\"name\":\"Speakeasy - Tap\u00ec Group\",\"isPartOf\":{\"@id\":\"https:\/\/tapigroup.com\/it\/#website\"},\"primaryImageOfPage\":{\"@id\":\"https:\/\/tapigroup.com\/it\/production-caps\/distillati\/speakeasy\/#primaryimage\"},\"image\":{\"@id\":\"https:\/\/tapigroup.com\/it\/production-caps\/distillati\/speakeasy\/#primaryimage\"},\"thumbnailUrl\":\"https:\/\/tapigroup.com\/wp-content\/uploads\/2020\/05\/Mixologist.jpg\",\"datePublished\":\"2020-05-27T09:11:53+00:00\",\"dateModified\":\"2023-01-26T12:19:38+00:00\",\"breadcrumb\":{\"@id\":\"https:\/\/tapigroup.com\/it\/production-caps\/distillati\/speakeasy\/#breadcrumb\"},\"inLanguage\":\"it-IT\",\"potentialAction\":[{\"@type\":\"ReadAction\",\"target\":[\"https:\/\/tapigroup.com\/it\/production-caps\/distillati\/speakeasy\/\"]}]},{\"@type\":\"ImageObject\",\"inLanguage\":\"it-IT\",\"@id\":\"https:\/\/tapigroup.com\/it\/production-caps\/distillati\/speakeasy\/#primaryimage\",\"url\":\"https:\/\/tapigroup.com\/wp-content\/uploads\/2020\/05\/Mixologist.jpg\",\"contentUrl\":\"https:\/\/tapigroup.com\/wp-content\/uploads\/2020\/05\/Mixologist.jpg\",\"width\":1063,\"height\":1651,\"caption\":\"Speakeasy craft spirits condiments wood\"},{\"@type\":\"BreadcrumbList\",\"@id\":\"https:\/\/tapigroup.com\/it\/production-caps\/distillati\/speakeasy\/#breadcrumb\",\"itemListElement\":[{\"@type\":\"ListItem\",\"position\":1,\"name\":\"Prodotti\",\"item\":\"https:\/\/tapigroup.com\/it\/shop\/\"},{\"@type\":\"ListItem\",\"position\":2,\"name\":\"Speakeasy\"}]},{\"@type\":\"WebSite\",\"@id\":\"https:\/\/tapigroup.com\/it\/#website\",\"url\":\"https:\/\/tapigroup.com\/it\/\",\"name\":\"Tap\u00ec Group\",\"description\":\"Made to be Opened\",\"potentialAction\":[{\"@type\":\"SearchAction\",\"target\":{\"@type\":\"EntryPoint\",\"urlTemplate\":\"https:\/\/tapigroup.com\/it\/?s={search_term_string}\"},\"query-input\":{\"@type\":\"PropertyValueSpecification\",\"valueRequired\":true,\"valueName\":\"search_term_string\"}}],\"inLanguage\":\"it-IT\"}]}<\/script>\n<!-- \/ Yoast SEO plugin. -->","yoast_head_json":{"title":"Speakeasy - Tap\u00ec Group","robots":{"index":"index","follow":"follow","max-snippet":"max-snippet:-1","max-image-preview":"max-image-preview:large","max-video-preview":"max-video-preview:-1"},"canonical":"https:\/\/tapigroup.com\/it\/production-caps\/distillati\/speakeasy\/","og_locale":"it_IT","og_type":"article","og_title":"Speakeasy - Tap\u00ec Group","og_description":"Speakeasy, The Craft Secret line, \u00e8 la nuova linea di chiusure Tap\u00ec dal sapore retr\u00f2 e dallo stile artigianale, pensata per chi si vuole distinguere in maniera semplice, ma originale.  Speakeasy nasce dalla sinergia tra Tap\u00ec e Saver Glass con l\u2019intento di dare vita a una collezione ispirata all\u2019era del proibizionismo degli anni \u201920. richiedi informazioni scopri speakeasy","og_url":"https:\/\/tapigroup.com\/it\/production-caps\/distillati\/speakeasy\/","og_site_name":"Tap\u00ec Group","article_modified_time":"2023-01-26T12:19:38+00:00","og_image":[{"width":1063,"height":1651,"url":"https:\/\/tapigroup.com\/wp-content\/uploads\/2020\/05\/Mixologist.jpg","type":"image\/jpeg"}],"twitter_card":"summary_large_image","schema":{"@context":"https:\/\/schema.org","@graph":[{"@type":"WebPage","@id":"https:\/\/tapigroup.com\/it\/production-caps\/distillati\/speakeasy\/","url":"https:\/\/tapigroup.com\/it\/production-caps\/distillati\/speakeasy\/","name":"Speakeasy - Tap\u00ec Group","isPartOf":{"@id":"https:\/\/tapigroup.com\/it\/#website"},"primaryImageOfPage":{"@id":"https:\/\/tapigroup.com\/it\/production-caps\/distillati\/speakeasy\/#primaryimage"},"image":{"@id":"https:\/\/tapigroup.com\/it\/production-caps\/distillati\/speakeasy\/#primaryimage"},"thumbnailUrl":"https:\/\/tapigroup.com\/wp-content\/uploads\/2020\/05\/Mixologist.jpg","datePublished":"2020-05-27T09:11:53+00:00","dateModified":"2023-01-26T12:19:38+00:00","breadcrumb":{"@id":"https:\/\/tapigroup.com\/it\/production-caps\/distillati\/speakeasy\/#breadcrumb"},"inLanguage":"it-IT","potentialAction":[{"@type":"ReadAction","target":["https:\/\/tapigroup.com\/it\/production-caps\/distillati\/speakeasy\/"]}]},{"@type":"ImageObject","inLanguage":"it-IT","@id":"https:\/\/tapigroup.com\/it\/production-caps\/distillati\/speakeasy\/#primaryimage","url":"https:\/\/tapigroup.com\/wp-content\/uploads\/2020\/05\/Mixologist.jpg","contentUrl":"https:\/\/tapigroup.com\/wp-content\/uploads\/2020\/05\/Mixologist.jpg","width":1063,"height":1651,"caption":"Speakeasy craft spirits condiments wood"},{"@type":"BreadcrumbList","@id":"https:\/\/tapigroup.com\/it\/production-caps\/distillati\/speakeasy\/#breadcrumb","itemListElement":[{"@type":"ListItem","position":1,"name":"Prodotti","item":"https:\/\/tapigroup.com\/it\/shop\/"},{"@type":"ListItem","position":2,"name":"Speakeasy"}]},{"@type":"WebSite","@id":"https:\/\/tapigroup.com\/it\/#website","url":"https:\/\/tapigroup.com\/it\/","name":"Tap\u00ec Group","description":"Made to be Opened","potentialAction":[{"@type":"SearchAction","target":{"@type":"EntryPoint","urlTemplate":"https:\/\/tapigroup.com\/it\/?s={search_term_string}"},"query-input":{"@type":"PropertyValueSpecification","valueRequired":true,"valueName":"search_term_string"}}],"inLanguage":"it-IT"}]}},"_links":{"self":[{"href":"https:\/\/tapigroup.com\/it\/wp-json\/wp\/v2\/product\/13800","targetHints":{"allow":["GET"]}}],"collection":[{"href":"https:\/\/tapigroup.com\/it\/wp-json\/wp\/v2\/product"}],"about":[{"href":"https:\/\/tapigroup.com\/it\/wp-json\/wp\/v2\/types\/product"}],"version-history":[{"count":6,"href":"https:\/\/tapigroup.com\/it\/wp-json\/wp\/v2\/product\/13800\/revisions"}],"predecessor-version":[{"id":25535,"href":"https:\/\/tapigroup.com\/it\/wp-json\/wp\/v2\/product\/13800\/revisions\/25535"}],"wp:featuredmedia":[{"embeddable":true,"href":"https:\/\/tapigroup.com\/it\/wp-json\/wp\/v2\/media\/27342"}],"wp:attachment":[{"href":"https:\/\/tapigroup.com\/it\/wp-json\/wp\/v2\/media?parent=13800"}],"wp:term":[{"taxonomy":"product_brand","embeddable":true,"href":"https:\/\/tapigroup.com\/it\/wp-json\/wp\/v2\/product_brand?post=13800"},{"taxonomy":"product_cat","embeddable":true,"href":"https:\/\/tapigroup.com\/it\/wp-json\/wp\/v2\/product_cat?post=13800"},{"taxonomy":"product_tag","embeddable":true,"href":"https:\/\/tapigroup.com\/it\/wp-json\/wp\/v2\/product_tag?post=13800"}],"curies":[{"name":"wp","href":"https:\/\/api.w.org\/{rel}","templated":true}]}}