{"id":13545,"date":"2020-01-29T14:20:45","date_gmt":"2020-01-29T13:20:45","guid":{"rendered":"http:\/\/tapigroup.com\/production-caps\/senza-categoria\/t-mix-pourer\/"},"modified":"2023-01-26T14:27:22","modified_gmt":"2023-01-26T13:27:22","slug":"t-mix-pourer","status":"publish","type":"product","link":"https:\/\/tapigroup.com\/it\/production-caps\/condimenti-it\/t-mix-pourer\/","title":{"rendered":"T-Mix"},"content":{"rendered":"\t\t<div data-elementor-type=\"wp-post\" data-elementor-id=\"13545\" class=\"elementor elementor-13545 elementor-1200\" data-elementor-post-type=\"product\">\n\t\t\t\t\t\t<section class=\"elementor-section elementor-top-section elementor-element elementor-element-bf8f030 elementor-section-boxed elementor-section-height-default elementor-section-height-default\" data-id=\"bf8f030\" data-element_type=\"section\" data-e-type=\"section\">\n\t\t\t\t\t\t<div class=\"elementor-container elementor-column-gap-default\">\n\t\t\t\t\t<div class=\"elementor-column elementor-col-50 elementor-top-column elementor-element elementor-element-eaaf340\" data-id=\"eaaf340\" data-element_type=\"column\" data-e-type=\"column\">\n\t\t\t<div class=\"elementor-widget-wrap elementor-element-populated\">\n\t\t\t\t\t\t<div class=\"elementor-element elementor-element-75879c4 elementor-widget elementor-widget-heading\" data-id=\"75879c4\" data-element_type=\"widget\" data-e-type=\"widget\" data-widget_type=\"heading.default\">\n\t\t\t\t<div class=\"elementor-widget-container\">\n\t\t\t\t\t<h3 class=\"elementor-heading-title elementor-size-default\">PERSONALIZZAZIONI<\/h3>\t\t\t\t<\/div>\n\t\t\t\t<\/div>\n\t\t\t\t<div class=\"elementor-element elementor-element-5692959 gallery-spacing-custom elementor-widget elementor-widget-image-gallery\" data-id=\"5692959\" data-element_type=\"widget\" data-e-type=\"widget\" data-widget_type=\"image-gallery.default\">\n\t\t\t\t<div class=\"elementor-widget-container\">\n\t\t\t\t\t\t\t<div class=\"elementor-image-gallery\">\n\t\t\t\n<a data-elementor-open-lightbox=\"yes\" data-elementor-lightbox-slideshow=\"5692959\" data-elementor-lightbox-title=\"pers-t-mix-tampografia\" data-e-action-hash=\"#elementor-action%3Aaction%3Dlightbox%26settings%3DeyJpZCI6Njk4MSwidXJsIjoiaHR0cHM6XC9cL3RhcGlncm91cC5jb21cL3dwLWNvbnRlbnRcL3VwbG9hZHNcLzIwMjBcLzAyXC9wZXJzLXQtbWl4LXRhbXBvZ3JhZmlhLmpwZyIsInNsaWRlc2hvdyI6IjU2OTI5NTkifQ%3D%3D\" href='https:\/\/tapigroup.com\/wp-content\/uploads\/2020\/02\/pers-t-mix-tampografia.jpg'><img decoding=\"async\" width=\"150\" height=\"150\" src=\"https:\/\/tapigroup.com\/wp-content\/uploads\/2020\/02\/pers-t-mix-tampografia-150x150.jpg\" class=\"attachment-thumbnail size-thumbnail\" alt=\"\" srcset=\"https:\/\/tapigroup.com\/wp-content\/uploads\/2020\/02\/pers-t-mix-tampografia-150x150.jpg 150w, https:\/\/tapigroup.com\/wp-content\/uploads\/2020\/02\/pers-t-mix-tampografia-240x240.jpg 240w, https:\/\/tapigroup.com\/wp-content\/uploads\/2020\/02\/pers-t-mix-tampografia-300x300.jpg 300w, https:\/\/tapigroup.com\/wp-content\/uploads\/2020\/02\/pers-t-mix-tampografia-440x440.jpg 440w, https:\/\/tapigroup.com\/wp-content\/uploads\/2020\/02\/pers-t-mix-tampografia-180x180.jpg 180w, https:\/\/tapigroup.com\/wp-content\/uploads\/2020\/02\/pers-t-mix-tampografia-120x120.jpg 120w, https:\/\/tapigroup.com\/wp-content\/uploads\/2020\/02\/pers-t-mix-tampografia-540x540.jpg 540w, https:\/\/tapigroup.com\/wp-content\/uploads\/2020\/02\/pers-t-mix-tampografia.jpg 600w\" sizes=\"(max-width: 150px) 100vw, 150px\" \/><\/a>\n<a data-elementor-open-lightbox=\"yes\" data-elementor-lightbox-slideshow=\"5692959\" data-elementor-lightbox-title=\"pers-t-mix-oliva-nero\" data-e-action-hash=\"#elementor-action%3Aaction%3Dlightbox%26settings%3DeyJpZCI6Njk3NywidXJsIjoiaHR0cHM6XC9cL3RhcGlncm91cC5jb21cL3dwLWNvbnRlbnRcL3VwbG9hZHNcLzIwMjBcLzAyXC9wZXJzLXQtbWl4LW9saXZhLW5lcm8uanBnIiwic2xpZGVzaG93IjoiNTY5Mjk1OSJ9\" href='https:\/\/tapigroup.com\/wp-content\/uploads\/2020\/02\/pers-t-mix-oliva-nero.jpg'><img decoding=\"async\" width=\"150\" height=\"150\" src=\"https:\/\/tapigroup.com\/wp-content\/uploads\/2020\/02\/pers-t-mix-oliva-nero-150x150.jpg\" class=\"attachment-thumbnail size-thumbnail\" alt=\"\" srcset=\"https:\/\/tapigroup.com\/wp-content\/uploads\/2020\/02\/pers-t-mix-oliva-nero-150x150.jpg 150w, https:\/\/tapigroup.com\/wp-content\/uploads\/2020\/02\/pers-t-mix-oliva-nero-240x240.jpg 240w, https:\/\/tapigroup.com\/wp-content\/uploads\/2020\/02\/pers-t-mix-oliva-nero-300x300.jpg 300w, https:\/\/tapigroup.com\/wp-content\/uploads\/2020\/02\/pers-t-mix-oliva-nero-440x440.jpg 440w, https:\/\/tapigroup.com\/wp-content\/uploads\/2020\/02\/pers-t-mix-oliva-nero-180x180.jpg 180w, https:\/\/tapigroup.com\/wp-content\/uploads\/2020\/02\/pers-t-mix-oliva-nero-120x120.jpg 120w, https:\/\/tapigroup.com\/wp-content\/uploads\/2020\/02\/pers-t-mix-oliva-nero-540x540.jpg 540w, https:\/\/tapigroup.com\/wp-content\/uploads\/2020\/02\/pers-t-mix-oliva-nero.jpg 600w\" sizes=\"(max-width: 150px) 100vw, 150px\" \/><\/a>\n<a data-elementor-open-lightbox=\"yes\" data-elementor-lightbox-slideshow=\"5692959\" data-elementor-lightbox-title=\"pers-t-mix-trasp\" data-e-action-hash=\"#elementor-action%3Aaction%3Dlightbox%26settings%3DeyJpZCI6Njk4NSwidXJsIjoiaHR0cHM6XC9cL3RhcGlncm91cC5jb21cL3dwLWNvbnRlbnRcL3VwbG9hZHNcLzIwMjBcLzAyXC9wZXJzLXQtbWl4LXRyYXNwLmpwZyIsInNsaWRlc2hvdyI6IjU2OTI5NTkifQ%3D%3D\" href='https:\/\/tapigroup.com\/wp-content\/uploads\/2020\/02\/pers-t-mix-trasp.jpg'><img decoding=\"async\" width=\"150\" height=\"150\" src=\"https:\/\/tapigroup.com\/wp-content\/uploads\/2020\/02\/pers-t-mix-trasp-150x150.jpg\" class=\"attachment-thumbnail size-thumbnail\" alt=\"\" srcset=\"https:\/\/tapigroup.com\/wp-content\/uploads\/2020\/02\/pers-t-mix-trasp-150x150.jpg 150w, https:\/\/tapigroup.com\/wp-content\/uploads\/2020\/02\/pers-t-mix-trasp-240x240.jpg 240w, https:\/\/tapigroup.com\/wp-content\/uploads\/2020\/02\/pers-t-mix-trasp-300x300.jpg 300w, https:\/\/tapigroup.com\/wp-content\/uploads\/2020\/02\/pers-t-mix-trasp-440x440.jpg 440w, https:\/\/tapigroup.com\/wp-content\/uploads\/2020\/02\/pers-t-mix-trasp-180x180.jpg 180w, https:\/\/tapigroup.com\/wp-content\/uploads\/2020\/02\/pers-t-mix-trasp-120x120.jpg 120w, https:\/\/tapigroup.com\/wp-content\/uploads\/2020\/02\/pers-t-mix-trasp-540x540.jpg 540w, https:\/\/tapigroup.com\/wp-content\/uploads\/2020\/02\/pers-t-mix-trasp.jpg 600w\" sizes=\"(max-width: 150px) 100vw, 150px\" \/><\/a>\n<a data-elementor-open-lightbox=\"yes\" data-elementor-lightbox-slideshow=\"5692959\" data-elementor-lightbox-title=\"pers-t-mix-colore\" data-e-action-hash=\"#elementor-action%3Aaction%3Dlightbox%26settings%3DeyJpZCI6Njk3MywidXJsIjoiaHR0cHM6XC9cL3RhcGlncm91cC5jb21cL3dwLWNvbnRlbnRcL3VwbG9hZHNcLzIwMjBcLzAyXC9wZXJzLXQtbWl4LWNvbG9yZS5qcGciLCJzbGlkZXNob3ciOiI1NjkyOTU5In0%3D\" href='https:\/\/tapigroup.com\/wp-content\/uploads\/2020\/02\/pers-t-mix-colore.jpg'><img loading=\"lazy\" decoding=\"async\" width=\"150\" height=\"150\" src=\"https:\/\/tapigroup.com\/wp-content\/uploads\/2020\/02\/pers-t-mix-colore-150x150.jpg\" class=\"attachment-thumbnail size-thumbnail\" alt=\"\" srcset=\"https:\/\/tapigroup.com\/wp-content\/uploads\/2020\/02\/pers-t-mix-colore-150x150.jpg 150w, https:\/\/tapigroup.com\/wp-content\/uploads\/2020\/02\/pers-t-mix-colore-240x240.jpg 240w, https:\/\/tapigroup.com\/wp-content\/uploads\/2020\/02\/pers-t-mix-colore-300x300.jpg 300w, https:\/\/tapigroup.com\/wp-content\/uploads\/2020\/02\/pers-t-mix-colore-440x440.jpg 440w, https:\/\/tapigroup.com\/wp-content\/uploads\/2020\/02\/pers-t-mix-colore-180x180.jpg 180w, https:\/\/tapigroup.com\/wp-content\/uploads\/2020\/02\/pers-t-mix-colore-120x120.jpg 120w, https:\/\/tapigroup.com\/wp-content\/uploads\/2020\/02\/pers-t-mix-colore-540x540.jpg 540w, https:\/\/tapigroup.com\/wp-content\/uploads\/2020\/02\/pers-t-mix-colore.jpg 600w\" sizes=\"(max-width: 150px) 100vw, 150px\" \/><\/a>\n<a data-elementor-open-lightbox=\"yes\" data-elementor-lightbox-slideshow=\"5692959\" data-elementor-lightbox-title=\"pers-t-mix-colore-gambo-personalizzato\" data-e-action-hash=\"#elementor-action%3Aaction%3Dlightbox%26settings%3DeyJpZCI6ODAyNSwidXJsIjoiaHR0cHM6XC9cL3RhcGlncm91cC5jb21cL3dwLWNvbnRlbnRcL3VwbG9hZHNcLzIwMjBcLzA1XC9wZXJzLXQtbWl4LWNvbG9yZS1nYW1iby1wZXJzb25hbGl6emF0by5qcGciLCJzbGlkZXNob3ciOiI1NjkyOTU5In0%3D\" href='https:\/\/tapigroup.com\/wp-content\/uploads\/2020\/05\/pers-t-mix-colore-gambo-personalizzato.jpg'><img loading=\"lazy\" decoding=\"async\" width=\"150\" height=\"150\" src=\"https:\/\/tapigroup.com\/wp-content\/uploads\/2020\/05\/pers-t-mix-colore-gambo-personalizzato-150x150.jpg\" class=\"attachment-thumbnail size-thumbnail\" alt=\"\" srcset=\"https:\/\/tapigroup.com\/wp-content\/uploads\/2020\/05\/pers-t-mix-colore-gambo-personalizzato-150x150.jpg 150w, https:\/\/tapigroup.com\/wp-content\/uploads\/2020\/05\/pers-t-mix-colore-gambo-personalizzato-240x240.jpg 240w, https:\/\/tapigroup.com\/wp-content\/uploads\/2020\/05\/pers-t-mix-colore-gambo-personalizzato-300x300.jpg 300w, https:\/\/tapigroup.com\/wp-content\/uploads\/2020\/05\/pers-t-mix-colore-gambo-personalizzato-440x440.jpg 440w, https:\/\/tapigroup.com\/wp-content\/uploads\/2020\/05\/pers-t-mix-colore-gambo-personalizzato-180x180.jpg 180w, https:\/\/tapigroup.com\/wp-content\/uploads\/2020\/05\/pers-t-mix-colore-gambo-personalizzato-120x120.jpg 120w, https:\/\/tapigroup.com\/wp-content\/uploads\/2020\/05\/pers-t-mix-colore-gambo-personalizzato-540x540.jpg 540w, https:\/\/tapigroup.com\/wp-content\/uploads\/2020\/05\/pers-t-mix-colore-gambo-personalizzato.jpg 600w\" sizes=\"(max-width: 150px) 100vw, 150px\" \/><\/a>\n\t\t<\/div>\n\t\t\t\t\t\t<\/div>\n\t\t\t\t<\/div>\n\t\t\t\t\t<\/div>\n\t\t<\/div>\n\t\t\t\t<div class=\"elementor-column elementor-col-50 elementor-top-column elementor-element elementor-element-256bea0\" data-id=\"256bea0\" data-element_type=\"column\" data-e-type=\"column\">\n\t\t\t<div class=\"elementor-widget-wrap elementor-element-populated\">\n\t\t\t\t\t\t<div class=\"elementor-element elementor-element-05a63d5 elementor-widget elementor-widget-heading\" data-id=\"05a63d5\" data-element_type=\"widget\" data-e-type=\"widget\" data-widget_type=\"heading.default\">\n\t\t\t\t<div class=\"elementor-widget-container\">\n\t\t\t\t\t<h3 class=\"elementor-heading-title elementor-size-default\">GAMBI<\/h3>\t\t\t\t<\/div>\n\t\t\t\t<\/div>\n\t\t\t\t<div class=\"elementor-element elementor-element-dd16c93 gallery-spacing-custom elementor-widget elementor-widget-image-gallery\" data-id=\"dd16c93\" data-element_type=\"widget\" data-e-type=\"widget\" data-widget_type=\"image-gallery.default\">\n\t\t\t\t<div class=\"elementor-widget-container\">\n\t\t\t\t\t\t\t<div class=\"elementor-image-gallery\">\n\t\t\t\n<a data-elementor-open-lightbox=\"yes\" data-elementor-lightbox-slideshow=\"dd16c93\" data-elementor-lightbox-title=\"Versatore_T-mix_300x300-150x150 (1)\" data-e-action-hash=\"#elementor-action%3Aaction%3Dlightbox%26settings%3DeyJpZCI6MTM1NTYsInVybCI6Imh0dHBzOlwvXC90YXBpZ3JvdXAuY29tXC93cC1jb250ZW50XC91cGxvYWRzXC8yMDIxXC8wNlwvVmVyc2F0b3JlX1QtbWl4XzMwMHgzMDAtMTUweDE1MC0xLTEuanBnIiwic2xpZGVzaG93IjoiZGQxNmM5MyJ9\" href='https:\/\/tapigroup.com\/wp-content\/uploads\/2021\/06\/Versatore_T-mix_300x300-150x150-1-1.jpg'><img loading=\"lazy\" decoding=\"async\" width=\"150\" height=\"150\" src=\"https:\/\/tapigroup.com\/wp-content\/uploads\/2021\/06\/Versatore_T-mix_300x300-150x150-1-1.jpg\" class=\"attachment-thumbnail size-thumbnail\" alt=\"\" srcset=\"https:\/\/tapigroup.com\/wp-content\/uploads\/2021\/06\/Versatore_T-mix_300x300-150x150-1-1.jpg 150w, https:\/\/tapigroup.com\/wp-content\/uploads\/2021\/06\/Versatore_T-mix_300x300-150x150-1-1-120x120.jpg 120w\" sizes=\"(max-width: 150px) 100vw, 150px\" \/><\/a>\n<a data-elementor-open-lightbox=\"yes\" data-elementor-lightbox-slideshow=\"dd16c93\" data-elementor-lightbox-title=\"versatore_T-mix_neos_300x300-150x150\" data-e-action-hash=\"#elementor-action%3Aaction%3Dlightbox%26settings%3DeyJpZCI6MTM1NjEsInVybCI6Imh0dHBzOlwvXC90YXBpZ3JvdXAuY29tXC93cC1jb250ZW50XC91cGxvYWRzXC8yMDIxXC8wNlwvdmVyc2F0b3JlX1QtbWl4X25lb3NfMzAweDMwMC0xNTB4MTUwLTEuanBnIiwic2xpZGVzaG93IjoiZGQxNmM5MyJ9\" href='https:\/\/tapigroup.com\/wp-content\/uploads\/2021\/06\/versatore_T-mix_neos_300x300-150x150-1.jpg'><img loading=\"lazy\" decoding=\"async\" width=\"150\" height=\"150\" src=\"https:\/\/tapigroup.com\/wp-content\/uploads\/2021\/06\/versatore_T-mix_neos_300x300-150x150-1.jpg\" class=\"attachment-thumbnail size-thumbnail\" alt=\"\" srcset=\"https:\/\/tapigroup.com\/wp-content\/uploads\/2021\/06\/versatore_T-mix_neos_300x300-150x150-1.jpg 150w, https:\/\/tapigroup.com\/wp-content\/uploads\/2021\/06\/versatore_T-mix_neos_300x300-150x150-1-120x120.jpg 120w\" sizes=\"(max-width: 150px) 100vw, 150px\" \/><\/a>\n\t\t<\/div>\n\t\t\t\t\t\t<\/div>\n\t\t\t\t<\/div>\n\t\t\t\t\t<\/div>\n\t\t<\/div>\n\t\t\t\t\t<\/div>\n\t\t<\/section>\n\t\t\t\t<\/div>\n\t\t","protected":false},"excerpt":{"rendered":"<div>Chiusura bar top in modalit\u00e0 versatore con testa e gambo in materiale sintetico.<\/div>\n<p>T-Mix \u00e8 il pioniere nel campo delle chiusure con versatore. Il design tradizionale permette una esperienza di consumo esclusiva, capace di assaporare a pieno il valore aggiunto del contenuto.<\/p>\n<div class=\"info-btn request-info\"><a class=\"open-contact-modal\" role=\"button\"><span>richiedi informazioni<\/span><\/a><\/div>\n<div class=\"info-btn download\"><a href=\"https:\/\/tapigroup.com\/wp-content\/uploads\/2020\/01\/T-mix.pdf\">DOWNLOAD SCHEDA TECNICA<\/a><\/div>\n","protected":false},"featured_media":26976,"template":"","meta":[],"product_brand":[],"product_cat":[146],"product_tag":[171,150,219],"class_list":{"0":"post-13545","1":"product","2":"type-product","3":"status-publish","4":"has-post-thumbnail","6":"product_cat-condimenti-it","7":"product_tag-collection-it","8":"product_tag-plastica-it","9":"product_tag-tappo-a-versatore-it","11":"first","12":"instock","13":"shipping-taxable","14":"product-type-simple"},"yoast_head":"<!-- This site is optimized with the Yoast SEO plugin v27.2 - https:\/\/yoast.com\/product\/yoast-seo-wordpress\/ -->\n<title>T-Mix - Tap\u00ec Group<\/title>\n<meta name=\"robots\" content=\"index, follow, max-snippet:-1, max-image-preview:large, max-video-preview:-1\" \/>\n<link rel=\"canonical\" href=\"https:\/\/tapigroup.com\/it\/production-caps\/condimenti-it\/t-mix-pourer\/\" \/>\n<meta property=\"og:locale\" content=\"it_IT\" \/>\n<meta property=\"og:type\" content=\"article\" \/>\n<meta property=\"og:title\" content=\"T-Mix - Tap\u00ec Group\" \/>\n<meta property=\"og:description\" content=\"Chiusura bar top in modalit\u00e0 versatore con testa e gambo in materiale sintetico. T-Mix \u00e8 il pioniere nel campo delle chiusure con versatore. Il design tradizionale permette una esperienza di consumo esclusiva, capace di assaporare a pieno il valore aggiunto del contenuto. richiedi informazioni DOWNLOAD SCHEDA TECNICA\" \/>\n<meta property=\"og:url\" content=\"https:\/\/tapigroup.com\/it\/production-caps\/condimenti-it\/t-mix-pourer\/\" \/>\n<meta property=\"og:site_name\" content=\"Tap\u00ec Group\" \/>\n<meta property=\"article:modified_time\" content=\"2023-01-26T13:27:22+00:00\" \/>\n<meta property=\"og:image\" content=\"https:\/\/tapigroup.com\/wp-content\/uploads\/2023\/01\/T-Mix_gourmet.jpg\" \/>\n\t<meta property=\"og:image:width\" content=\"1063\" \/>\n\t<meta property=\"og:image:height\" content=\"1651\" \/>\n\t<meta property=\"og:image:type\" content=\"image\/jpeg\" \/>\n<meta name=\"twitter:card\" content=\"summary_large_image\" \/>\n<meta name=\"twitter:label1\" content=\"Tempo di lettura stimato\" \/>\n\t<meta name=\"twitter:data1\" content=\"2 minuti\" \/>\n<script type=\"application\/ld+json\" class=\"yoast-schema-graph\">{\"@context\":\"https:\/\/schema.org\",\"@graph\":[{\"@type\":\"WebPage\",\"@id\":\"https:\/\/tapigroup.com\/it\/production-caps\/condimenti-it\/t-mix-pourer\/\",\"url\":\"https:\/\/tapigroup.com\/it\/production-caps\/condimenti-it\/t-mix-pourer\/\",\"name\":\"T-Mix - Tap\u00ec Group\",\"isPartOf\":{\"@id\":\"https:\/\/tapigroup.com\/it\/#website\"},\"primaryImageOfPage\":{\"@id\":\"https:\/\/tapigroup.com\/it\/production-caps\/condimenti-it\/t-mix-pourer\/#primaryimage\"},\"image\":{\"@id\":\"https:\/\/tapigroup.com\/it\/production-caps\/condimenti-it\/t-mix-pourer\/#primaryimage\"},\"thumbnailUrl\":\"https:\/\/tapigroup.com\/wp-content\/uploads\/2023\/01\/T-Mix_gourmet.jpg\",\"datePublished\":\"2020-01-29T13:20:45+00:00\",\"dateModified\":\"2023-01-26T13:27:22+00:00\",\"breadcrumb\":{\"@id\":\"https:\/\/tapigroup.com\/it\/production-caps\/condimenti-it\/t-mix-pourer\/#breadcrumb\"},\"inLanguage\":\"it-IT\",\"potentialAction\":[{\"@type\":\"ReadAction\",\"target\":[\"https:\/\/tapigroup.com\/it\/production-caps\/condimenti-it\/t-mix-pourer\/\"]}]},{\"@type\":\"ImageObject\",\"inLanguage\":\"it-IT\",\"@id\":\"https:\/\/tapigroup.com\/it\/production-caps\/condimenti-it\/t-mix-pourer\/#primaryimage\",\"url\":\"https:\/\/tapigroup.com\/wp-content\/uploads\/2023\/01\/T-Mix_gourmet.jpg\",\"contentUrl\":\"https:\/\/tapigroup.com\/wp-content\/uploads\/2023\/01\/T-Mix_gourmet.jpg\",\"width\":1063,\"height\":1651,\"caption\":\"gourmet condiments plastics\"},{\"@type\":\"BreadcrumbList\",\"@id\":\"https:\/\/tapigroup.com\/it\/production-caps\/condimenti-it\/t-mix-pourer\/#breadcrumb\",\"itemListElement\":[{\"@type\":\"ListItem\",\"position\":1,\"name\":\"Prodotti\",\"item\":\"https:\/\/tapigroup.com\/it\/shop\/\"},{\"@type\":\"ListItem\",\"position\":2,\"name\":\"T-Mix\"}]},{\"@type\":\"WebSite\",\"@id\":\"https:\/\/tapigroup.com\/it\/#website\",\"url\":\"https:\/\/tapigroup.com\/it\/\",\"name\":\"Tap\u00ec Group\",\"description\":\"Made to be Opened\",\"potentialAction\":[{\"@type\":\"SearchAction\",\"target\":{\"@type\":\"EntryPoint\",\"urlTemplate\":\"https:\/\/tapigroup.com\/it\/?s={search_term_string}\"},\"query-input\":{\"@type\":\"PropertyValueSpecification\",\"valueRequired\":true,\"valueName\":\"search_term_string\"}}],\"inLanguage\":\"it-IT\"}]}<\/script>\n<!-- \/ Yoast SEO plugin. -->","yoast_head_json":{"title":"T-Mix - Tap\u00ec Group","robots":{"index":"index","follow":"follow","max-snippet":"max-snippet:-1","max-image-preview":"max-image-preview:large","max-video-preview":"max-video-preview:-1"},"canonical":"https:\/\/tapigroup.com\/it\/production-caps\/condimenti-it\/t-mix-pourer\/","og_locale":"it_IT","og_type":"article","og_title":"T-Mix - Tap\u00ec Group","og_description":"Chiusura bar top in modalit\u00e0 versatore con testa e gambo in materiale sintetico. T-Mix \u00e8 il pioniere nel campo delle chiusure con versatore. Il design tradizionale permette una esperienza di consumo esclusiva, capace di assaporare a pieno il valore aggiunto del contenuto. richiedi informazioni DOWNLOAD SCHEDA TECNICA","og_url":"https:\/\/tapigroup.com\/it\/production-caps\/condimenti-it\/t-mix-pourer\/","og_site_name":"Tap\u00ec Group","article_modified_time":"2023-01-26T13:27:22+00:00","og_image":[{"width":1063,"height":1651,"url":"https:\/\/tapigroup.com\/wp-content\/uploads\/2023\/01\/T-Mix_gourmet.jpg","type":"image\/jpeg"}],"twitter_card":"summary_large_image","twitter_misc":{"Tempo di lettura stimato":"2 minuti"},"schema":{"@context":"https:\/\/schema.org","@graph":[{"@type":"WebPage","@id":"https:\/\/tapigroup.com\/it\/production-caps\/condimenti-it\/t-mix-pourer\/","url":"https:\/\/tapigroup.com\/it\/production-caps\/condimenti-it\/t-mix-pourer\/","name":"T-Mix - Tap\u00ec Group","isPartOf":{"@id":"https:\/\/tapigroup.com\/it\/#website"},"primaryImageOfPage":{"@id":"https:\/\/tapigroup.com\/it\/production-caps\/condimenti-it\/t-mix-pourer\/#primaryimage"},"image":{"@id":"https:\/\/tapigroup.com\/it\/production-caps\/condimenti-it\/t-mix-pourer\/#primaryimage"},"thumbnailUrl":"https:\/\/tapigroup.com\/wp-content\/uploads\/2023\/01\/T-Mix_gourmet.jpg","datePublished":"2020-01-29T13:20:45+00:00","dateModified":"2023-01-26T13:27:22+00:00","breadcrumb":{"@id":"https:\/\/tapigroup.com\/it\/production-caps\/condimenti-it\/t-mix-pourer\/#breadcrumb"},"inLanguage":"it-IT","potentialAction":[{"@type":"ReadAction","target":["https:\/\/tapigroup.com\/it\/production-caps\/condimenti-it\/t-mix-pourer\/"]}]},{"@type":"ImageObject","inLanguage":"it-IT","@id":"https:\/\/tapigroup.com\/it\/production-caps\/condimenti-it\/t-mix-pourer\/#primaryimage","url":"https:\/\/tapigroup.com\/wp-content\/uploads\/2023\/01\/T-Mix_gourmet.jpg","contentUrl":"https:\/\/tapigroup.com\/wp-content\/uploads\/2023\/01\/T-Mix_gourmet.jpg","width":1063,"height":1651,"caption":"gourmet condiments plastics"},{"@type":"BreadcrumbList","@id":"https:\/\/tapigroup.com\/it\/production-caps\/condimenti-it\/t-mix-pourer\/#breadcrumb","itemListElement":[{"@type":"ListItem","position":1,"name":"Prodotti","item":"https:\/\/tapigroup.com\/it\/shop\/"},{"@type":"ListItem","position":2,"name":"T-Mix"}]},{"@type":"WebSite","@id":"https:\/\/tapigroup.com\/it\/#website","url":"https:\/\/tapigroup.com\/it\/","name":"Tap\u00ec Group","description":"Made to be Opened","potentialAction":[{"@type":"SearchAction","target":{"@type":"EntryPoint","urlTemplate":"https:\/\/tapigroup.com\/it\/?s={search_term_string}"},"query-input":{"@type":"PropertyValueSpecification","valueRequired":true,"valueName":"search_term_string"}}],"inLanguage":"it-IT"}]}},"_links":{"self":[{"href":"https:\/\/tapigroup.com\/it\/wp-json\/wp\/v2\/product\/13545","targetHints":{"allow":["GET"]}}],"collection":[{"href":"https:\/\/tapigroup.com\/it\/wp-json\/wp\/v2\/product"}],"about":[{"href":"https:\/\/tapigroup.com\/it\/wp-json\/wp\/v2\/types\/product"}],"version-history":[{"count":7,"href":"https:\/\/tapigroup.com\/it\/wp-json\/wp\/v2\/product\/13545\/revisions"}],"predecessor-version":[{"id":28826,"href":"https:\/\/tapigroup.com\/it\/wp-json\/wp\/v2\/product\/13545\/revisions\/28826"}],"wp:featuredmedia":[{"embeddable":true,"href":"https:\/\/tapigroup.com\/it\/wp-json\/wp\/v2\/media\/26976"}],"wp:attachment":[{"href":"https:\/\/tapigroup.com\/it\/wp-json\/wp\/v2\/media?parent=13545"}],"wp:term":[{"taxonomy":"product_brand","embeddable":true,"href":"https:\/\/tapigroup.com\/it\/wp-json\/wp\/v2\/product_brand?post=13545"},{"taxonomy":"product_cat","embeddable":true,"href":"https:\/\/tapigroup.com\/it\/wp-json\/wp\/v2\/product_cat?post=13545"},{"taxonomy":"product_tag","embeddable":true,"href":"https:\/\/tapigroup.com\/it\/wp-json\/wp\/v2\/product_tag?post=13545"}],"curies":[{"name":"wp","href":"https:\/\/api.w.org\/{rel}","templated":true}]}}