{"id":12465,"date":"2020-01-24T15:36:50","date_gmt":"2020-01-24T14:36:50","guid":{"rendered":"http:\/\/tapigroup.com\/production-caps\/senza-categoria\/tec\/"},"modified":"2023-01-26T14:30:35","modified_gmt":"2023-01-26T13:30:35","slug":"tec","status":"publish","type":"product","link":"https:\/\/tapigroup.com\/it\/production-caps\/vino-it\/tec\/","title":{"rendered":"Tec"},"content":{"rendered":"\t\t<div data-elementor-type=\"wp-post\" data-elementor-id=\"12465\" class=\"elementor elementor-12465 elementor-1165\" data-elementor-post-type=\"product\">\n\t\t\t\t\t\t<section class=\"elementor-section elementor-top-section elementor-element elementor-element-b0978b8 elementor-section-boxed elementor-section-height-default elementor-section-height-default\" data-id=\"b0978b8\" data-element_type=\"section\" data-e-type=\"section\">\n\t\t\t\t\t\t<div class=\"elementor-container elementor-column-gap-default\">\n\t\t\t\t\t<div class=\"elementor-column elementor-col-50 elementor-top-column elementor-element elementor-element-a8baf8d\" data-id=\"a8baf8d\" data-element_type=\"column\" data-e-type=\"column\">\n\t\t\t<div class=\"elementor-widget-wrap elementor-element-populated\">\n\t\t\t\t\t\t<div class=\"elementor-element elementor-element-5a66828 elementor-widget elementor-widget-heading\" data-id=\"5a66828\" data-element_type=\"widget\" data-e-type=\"widget\" data-widget_type=\"heading.default\">\n\t\t\t\t<div class=\"elementor-widget-container\">\n\t\t\t\t\t<h3 class=\"elementor-heading-title elementor-size-default\">PERSONALIZZAZIONI<\/h3>\t\t\t\t<\/div>\n\t\t\t\t<\/div>\n\t\t\t\t\t<\/div>\n\t\t<\/div>\n\t\t\t\t<div class=\"elementor-column elementor-col-50 elementor-top-column elementor-element elementor-element-10d6d96\" data-id=\"10d6d96\" data-element_type=\"column\" data-e-type=\"column\">\n\t\t\t<div class=\"elementor-widget-wrap\">\n\t\t\t\t\t\t\t<\/div>\n\t\t<\/div>\n\t\t\t\t\t<\/div>\n\t\t<\/section>\n\t\t\t\t<\/div>\n\t\t","protected":false},"excerpt":{"rendered":"<p>Tec \u00e8 la chiusura ideale sia per vini bianchi strutturati che per vini rossi di corpo, che necessitano alcuni anni di affinamento prima di raggiungere la completa complessit\u00e0 aromatica.<\/p>\n<p>\u00c8 composto da un materiale sintetico che presenta una struttura cellulare compatta, a garanzia di uniformit\u00e0 di comportamento da bottiglia a bottiglia. Le basi sigillate, che non presentano la struttura cellulare a vista, garantiscono un basso assorbimento delle componenti aromatiche del vino.<\/p>\n<p>Offre elevate prestazioni di barriera ai gas e garantisce una barriera allO2 tra le pi\u00f9 performanti nella sua categoria, salvaguardando il vino dalle ossidazioni. Il basso decadimento della forza radiale garantisce la durata nel tempo delle sue prestazioni.<\/p>\n<div class=\"info-btn request-info\"><a class=\"open-contact-modal\" role=\"button\"><span>richiedi informazioni<\/span><\/a><\/div>\n<div class=\"info-btn download\"><span><a href=\"https:\/\/tapigroup.com\/wp-content\/uploads\/2020\/05\/scheda-tecnica-tec.pdf\" role=\"button\">download scheda tecnica<\/a><\/span><\/div>\n","protected":false},"featured_media":27878,"template":"","meta":[],"product_brand":[],"product_cat":[148],"product_tag":[171,150,182],"class_list":{"0":"post-12465","1":"product","2":"type-product","3":"status-publish","4":"has-post-thumbnail","6":"product_cat-vino-it","7":"product_tag-collection-it","8":"product_tag-plastica-it","9":"product_tag-tappo-vino-it","11":"first","12":"instock","13":"shipping-taxable","14":"product-type-simple"},"yoast_head":"<!-- This site is optimized with the Yoast SEO plugin v27.2 - https:\/\/yoast.com\/product\/yoast-seo-wordpress\/ -->\n<title>Tec - Tap\u00ec Group<\/title>\n<meta name=\"robots\" content=\"index, follow, max-snippet:-1, max-image-preview:large, max-video-preview:-1\" \/>\n<link rel=\"canonical\" href=\"https:\/\/tapigroup.com\/it\/production-caps\/vino-it\/tec\/\" \/>\n<meta property=\"og:locale\" content=\"it_IT\" \/>\n<meta property=\"og:type\" content=\"article\" \/>\n<meta property=\"og:title\" content=\"Tec - Tap\u00ec Group\" \/>\n<meta property=\"og:description\" content=\"Tec \u00e8 la chiusura ideale sia per vini bianchi strutturati che per vini rossi di corpo, che necessitano alcuni anni di affinamento prima di raggiungere la completa complessit\u00e0 aromatica.  \u00c8 composto da un materiale sintetico che presenta una struttura cellulare compatta, a garanzia di uniformit\u00e0 di comportamento da bottiglia a bottiglia. Le basi sigillate, che non presentano la struttura cellulare a vista, garantiscono un basso assorbimento delle componenti aromatiche del vino.  Offre elevate prestazioni di barriera ai gas e garantisce una barriera allO2 tra le pi\u00f9 performanti nella sua categoria, salvaguardando il vino dalle ossidazioni. Il basso decadimento della forza radiale garantisce la durata nel tempo delle sue prestazioni. richiedi informazioni download scheda tecnica\" \/>\n<meta property=\"og:url\" content=\"https:\/\/tapigroup.com\/it\/production-caps\/vino-it\/tec\/\" \/>\n<meta property=\"og:site_name\" content=\"Tap\u00ec Group\" \/>\n<meta property=\"article:modified_time\" content=\"2023-01-26T13:30:35+00:00\" \/>\n<meta property=\"og:image\" content=\"https:\/\/tapigroup.com\/wp-content\/uploads\/2020\/01\/Tec-2.jpg\" \/>\n\t<meta property=\"og:image:width\" content=\"1063\" \/>\n\t<meta property=\"og:image:height\" content=\"1651\" \/>\n\t<meta property=\"og:image:type\" content=\"image\/jpeg\" \/>\n<meta name=\"twitter:card\" content=\"summary_large_image\" \/>\n<meta name=\"twitter:label1\" content=\"Tempo di lettura stimato\" \/>\n\t<meta name=\"twitter:data1\" content=\"1 minuto\" \/>\n<script type=\"application\/ld+json\" class=\"yoast-schema-graph\">{\"@context\":\"https:\/\/schema.org\",\"@graph\":[{\"@type\":\"WebPage\",\"@id\":\"https:\/\/tapigroup.com\/it\/production-caps\/vino-it\/tec\/\",\"url\":\"https:\/\/tapigroup.com\/it\/production-caps\/vino-it\/tec\/\",\"name\":\"Tec - Tap\u00ec Group\",\"isPartOf\":{\"@id\":\"https:\/\/tapigroup.com\/it\/#website\"},\"primaryImageOfPage\":{\"@id\":\"https:\/\/tapigroup.com\/it\/production-caps\/vino-it\/tec\/#primaryimage\"},\"image\":{\"@id\":\"https:\/\/tapigroup.com\/it\/production-caps\/vino-it\/tec\/#primaryimage\"},\"thumbnailUrl\":\"https:\/\/tapigroup.com\/wp-content\/uploads\/2020\/01\/Tec-2.jpg\",\"datePublished\":\"2020-01-24T14:36:50+00:00\",\"dateModified\":\"2023-01-26T13:30:35+00:00\",\"breadcrumb\":{\"@id\":\"https:\/\/tapigroup.com\/it\/production-caps\/vino-it\/tec\/#breadcrumb\"},\"inLanguage\":\"it-IT\",\"potentialAction\":[{\"@type\":\"ReadAction\",\"target\":[\"https:\/\/tapigroup.com\/it\/production-caps\/vino-it\/tec\/\"]}]},{\"@type\":\"ImageObject\",\"inLanguage\":\"it-IT\",\"@id\":\"https:\/\/tapigroup.com\/it\/production-caps\/vino-it\/tec\/#primaryimage\",\"url\":\"https:\/\/tapigroup.com\/wp-content\/uploads\/2020\/01\/Tec-2.jpg\",\"contentUrl\":\"https:\/\/tapigroup.com\/wp-content\/uploads\/2020\/01\/Tec-2.jpg\",\"width\":1063,\"height\":1651,\"caption\":\"Tec gourmet plastics wine\"},{\"@type\":\"BreadcrumbList\",\"@id\":\"https:\/\/tapigroup.com\/it\/production-caps\/vino-it\/tec\/#breadcrumb\",\"itemListElement\":[{\"@type\":\"ListItem\",\"position\":1,\"name\":\"Prodotti\",\"item\":\"https:\/\/tapigroup.com\/it\/shop\/\"},{\"@type\":\"ListItem\",\"position\":2,\"name\":\"Tec\"}]},{\"@type\":\"WebSite\",\"@id\":\"https:\/\/tapigroup.com\/it\/#website\",\"url\":\"https:\/\/tapigroup.com\/it\/\",\"name\":\"Tap\u00ec Group\",\"description\":\"Made to be Opened\",\"potentialAction\":[{\"@type\":\"SearchAction\",\"target\":{\"@type\":\"EntryPoint\",\"urlTemplate\":\"https:\/\/tapigroup.com\/it\/?s={search_term_string}\"},\"query-input\":{\"@type\":\"PropertyValueSpecification\",\"valueRequired\":true,\"valueName\":\"search_term_string\"}}],\"inLanguage\":\"it-IT\"}]}<\/script>\n<!-- \/ Yoast SEO plugin. -->","yoast_head_json":{"title":"Tec - Tap\u00ec Group","robots":{"index":"index","follow":"follow","max-snippet":"max-snippet:-1","max-image-preview":"max-image-preview:large","max-video-preview":"max-video-preview:-1"},"canonical":"https:\/\/tapigroup.com\/it\/production-caps\/vino-it\/tec\/","og_locale":"it_IT","og_type":"article","og_title":"Tec - Tap\u00ec Group","og_description":"Tec \u00e8 la chiusura ideale sia per vini bianchi strutturati che per vini rossi di corpo, che necessitano alcuni anni di affinamento prima di raggiungere la completa complessit\u00e0 aromatica.  \u00c8 composto da un materiale sintetico che presenta una struttura cellulare compatta, a garanzia di uniformit\u00e0 di comportamento da bottiglia a bottiglia. Le basi sigillate, che non presentano la struttura cellulare a vista, garantiscono un basso assorbimento delle componenti aromatiche del vino.  Offre elevate prestazioni di barriera ai gas e garantisce una barriera allO2 tra le pi\u00f9 performanti nella sua categoria, salvaguardando il vino dalle ossidazioni. Il basso decadimento della forza radiale garantisce la durata nel tempo delle sue prestazioni. richiedi informazioni download scheda tecnica","og_url":"https:\/\/tapigroup.com\/it\/production-caps\/vino-it\/tec\/","og_site_name":"Tap\u00ec Group","article_modified_time":"2023-01-26T13:30:35+00:00","og_image":[{"width":1063,"height":1651,"url":"https:\/\/tapigroup.com\/wp-content\/uploads\/2020\/01\/Tec-2.jpg","type":"image\/jpeg"}],"twitter_card":"summary_large_image","twitter_misc":{"Tempo di lettura stimato":"1 minuto"},"schema":{"@context":"https:\/\/schema.org","@graph":[{"@type":"WebPage","@id":"https:\/\/tapigroup.com\/it\/production-caps\/vino-it\/tec\/","url":"https:\/\/tapigroup.com\/it\/production-caps\/vino-it\/tec\/","name":"Tec - Tap\u00ec Group","isPartOf":{"@id":"https:\/\/tapigroup.com\/it\/#website"},"primaryImageOfPage":{"@id":"https:\/\/tapigroup.com\/it\/production-caps\/vino-it\/tec\/#primaryimage"},"image":{"@id":"https:\/\/tapigroup.com\/it\/production-caps\/vino-it\/tec\/#primaryimage"},"thumbnailUrl":"https:\/\/tapigroup.com\/wp-content\/uploads\/2020\/01\/Tec-2.jpg","datePublished":"2020-01-24T14:36:50+00:00","dateModified":"2023-01-26T13:30:35+00:00","breadcrumb":{"@id":"https:\/\/tapigroup.com\/it\/production-caps\/vino-it\/tec\/#breadcrumb"},"inLanguage":"it-IT","potentialAction":[{"@type":"ReadAction","target":["https:\/\/tapigroup.com\/it\/production-caps\/vino-it\/tec\/"]}]},{"@type":"ImageObject","inLanguage":"it-IT","@id":"https:\/\/tapigroup.com\/it\/production-caps\/vino-it\/tec\/#primaryimage","url":"https:\/\/tapigroup.com\/wp-content\/uploads\/2020\/01\/Tec-2.jpg","contentUrl":"https:\/\/tapigroup.com\/wp-content\/uploads\/2020\/01\/Tec-2.jpg","width":1063,"height":1651,"caption":"Tec gourmet plastics wine"},{"@type":"BreadcrumbList","@id":"https:\/\/tapigroup.com\/it\/production-caps\/vino-it\/tec\/#breadcrumb","itemListElement":[{"@type":"ListItem","position":1,"name":"Prodotti","item":"https:\/\/tapigroup.com\/it\/shop\/"},{"@type":"ListItem","position":2,"name":"Tec"}]},{"@type":"WebSite","@id":"https:\/\/tapigroup.com\/it\/#website","url":"https:\/\/tapigroup.com\/it\/","name":"Tap\u00ec Group","description":"Made to be Opened","potentialAction":[{"@type":"SearchAction","target":{"@type":"EntryPoint","urlTemplate":"https:\/\/tapigroup.com\/it\/?s={search_term_string}"},"query-input":{"@type":"PropertyValueSpecification","valueRequired":true,"valueName":"search_term_string"}}],"inLanguage":"it-IT"}]}},"_links":{"self":[{"href":"https:\/\/tapigroup.com\/it\/wp-json\/wp\/v2\/product\/12465","targetHints":{"allow":["GET"]}}],"collection":[{"href":"https:\/\/tapigroup.com\/it\/wp-json\/wp\/v2\/product"}],"about":[{"href":"https:\/\/tapigroup.com\/it\/wp-json\/wp\/v2\/types\/product"}],"version-history":[{"count":3,"href":"https:\/\/tapigroup.com\/it\/wp-json\/wp\/v2\/product\/12465\/revisions"}],"predecessor-version":[{"id":25583,"href":"https:\/\/tapigroup.com\/it\/wp-json\/wp\/v2\/product\/12465\/revisions\/25583"}],"wp:featuredmedia":[{"embeddable":true,"href":"https:\/\/tapigroup.com\/it\/wp-json\/wp\/v2\/media\/27878"}],"wp:attachment":[{"href":"https:\/\/tapigroup.com\/it\/wp-json\/wp\/v2\/media?parent=12465"}],"wp:term":[{"taxonomy":"product_brand","embeddable":true,"href":"https:\/\/tapigroup.com\/it\/wp-json\/wp\/v2\/product_brand?post=12465"},{"taxonomy":"product_cat","embeddable":true,"href":"https:\/\/tapigroup.com\/it\/wp-json\/wp\/v2\/product_cat?post=12465"},{"taxonomy":"product_tag","embeddable":true,"href":"https:\/\/tapigroup.com\/it\/wp-json\/wp\/v2\/product_tag?post=12465"}],"curies":[{"name":"wp","href":"https:\/\/api.w.org\/{rel}","templated":true}]}}