{"id":12389,"date":"2020-01-24T15:41:57","date_gmt":"2020-01-24T14:41:57","guid":{"rendered":"http:\/\/tapigroup.com\/production-caps\/senza-categoria\/pop-lite\/"},"modified":"2023-01-26T14:28:04","modified_gmt":"2023-01-26T13:28:04","slug":"pop-lite","status":"publish","type":"product","link":"https:\/\/tapigroup.com\/it\/production-caps\/vino-it\/pop-lite\/","title":{"rendered":"Pop Lite"},"content":{"rendered":"\t\t<div data-elementor-type=\"wp-post\" data-elementor-id=\"12389\" class=\"elementor elementor-12389 elementor-1171\" data-elementor-post-type=\"product\">\n\t\t\t\t\t\t<section class=\"elementor-section elementor-top-section elementor-element elementor-element-b787099 elementor-section-boxed elementor-section-height-default elementor-section-height-default\" data-id=\"b787099\" data-element_type=\"section\" data-e-type=\"section\">\n\t\t\t\t\t\t<div class=\"elementor-container elementor-column-gap-default\">\n\t\t\t\t\t<div class=\"elementor-column elementor-col-50 elementor-top-column elementor-element elementor-element-2354cd6\" data-id=\"2354cd6\" data-element_type=\"column\" data-e-type=\"column\">\n\t\t\t<div class=\"elementor-widget-wrap elementor-element-populated\">\n\t\t\t\t\t\t<div class=\"elementor-element elementor-element-86c7662 elementor-widget elementor-widget-heading\" data-id=\"86c7662\" data-element_type=\"widget\" data-e-type=\"widget\" data-widget_type=\"heading.default\">\n\t\t\t\t<div class=\"elementor-widget-container\">\n\t\t\t\t\t<h3 class=\"elementor-heading-title elementor-size-default\">PERSONALIZZAZIONI<\/h3>\t\t\t\t<\/div>\n\t\t\t\t<\/div>\n\t\t\t\t\t<\/div>\n\t\t<\/div>\n\t\t\t\t<div class=\"elementor-column elementor-col-50 elementor-top-column elementor-element elementor-element-216ddc3\" data-id=\"216ddc3\" data-element_type=\"column\" data-e-type=\"column\">\n\t\t\t<div class=\"elementor-widget-wrap\">\n\t\t\t\t\t\t\t<\/div>\n\t\t<\/div>\n\t\t\t\t\t<\/div>\n\t\t<\/section>\n\t\t\t\t<\/div>\n\t\t","protected":false},"excerpt":{"rendered":"<p>Pop Lite \u00e8 la chiusura ideale per il condizionamento dei vini fermi, sia bianchi che rossi.<\/p>\n<p>\u00c8 composto da un materiale sintetico di ultima generazione che, grazie all\u2019ampio raggio di curvatura delle basi e alla sua elasticit\u00e0, lo rende di facile adozione su bottiglie dai colli molto ampi o che vengono sottoposti a condizioni di stoccaggio e trasporto critiche.<\/p>\n<p>\u00c8 caratterizzato da una eccellente tenuta della pressione interna e da un\u2019elevata neutralit\u00e0 organolettica a protezione della struttura aromatica del vino.<\/p>\n<div class=\"info-btn request-info\"><a class=\"open-contact-modal\" role=\"button\"><span>richiedi informazioni<\/span><\/a><\/div>\n<div class=\"info-btn download\"><a href=\"https:\/\/tapigroup.com\/wp-content\/uploads\/2020\/05\/scheda-tecnica-pop-lite.pdf\" role=\"button\"><span>download scheda tecnica<\/span><\/a><\/div>\n","protected":false},"featured_media":27866,"template":"","meta":[],"product_brand":[],"product_cat":[148],"product_tag":[171,150,182],"class_list":{"0":"post-12389","1":"product","2":"type-product","3":"status-publish","4":"has-post-thumbnail","6":"product_cat-vino-it","7":"product_tag-collection-it","8":"product_tag-plastica-it","9":"product_tag-tappo-vino-it","11":"first","12":"instock","13":"shipping-taxable","14":"product-type-simple"},"yoast_head":"<!-- This site is optimized with the Yoast SEO plugin v27.2 - https:\/\/yoast.com\/product\/yoast-seo-wordpress\/ -->\n<title>Pop Lite - Tap\u00ec Group<\/title>\n<meta name=\"robots\" content=\"index, follow, max-snippet:-1, max-image-preview:large, max-video-preview:-1\" \/>\n<link rel=\"canonical\" href=\"https:\/\/tapigroup.com\/it\/production-caps\/vino-it\/pop-lite\/\" \/>\n<meta property=\"og:locale\" content=\"it_IT\" \/>\n<meta property=\"og:type\" content=\"article\" \/>\n<meta property=\"og:title\" content=\"Pop Lite - Tap\u00ec Group\" \/>\n<meta property=\"og:description\" content=\"Pop Lite \u00e8 la chiusura ideale per il condizionamento dei vini fermi, sia bianchi che rossi.  \u00c8 composto da un materiale sintetico di ultima generazione che, grazie all\u2019ampio raggio di curvatura delle basi e alla sua elasticit\u00e0, lo rende di facile adozione su bottiglie dai colli molto ampi o che vengono sottoposti a condizioni di stoccaggio e trasporto critiche.  \u00c8 caratterizzato da una eccellente tenuta della pressione interna e da un\u2019elevata neutralit\u00e0 organolettica a protezione della struttura aromatica del vino. richiedi informazioni download scheda tecnica\" \/>\n<meta property=\"og:url\" content=\"https:\/\/tapigroup.com\/it\/production-caps\/vino-it\/pop-lite\/\" \/>\n<meta property=\"og:site_name\" content=\"Tap\u00ec Group\" \/>\n<meta property=\"article:modified_time\" content=\"2023-01-26T13:28:04+00:00\" \/>\n<meta property=\"og:image\" content=\"https:\/\/tapigroup.com\/wp-content\/uploads\/2020\/01\/Pop-lite.jpg\" \/>\n\t<meta property=\"og:image:width\" content=\"1063\" \/>\n\t<meta property=\"og:image:height\" content=\"1651\" \/>\n\t<meta property=\"og:image:type\" content=\"image\/jpeg\" \/>\n<meta name=\"twitter:card\" content=\"summary_large_image\" \/>\n<meta name=\"twitter:label1\" content=\"Tempo di lettura stimato\" \/>\n\t<meta name=\"twitter:data1\" content=\"1 minuto\" \/>\n<script type=\"application\/ld+json\" class=\"yoast-schema-graph\">{\"@context\":\"https:\/\/schema.org\",\"@graph\":[{\"@type\":\"WebPage\",\"@id\":\"https:\/\/tapigroup.com\/it\/production-caps\/vino-it\/pop-lite\/\",\"url\":\"https:\/\/tapigroup.com\/it\/production-caps\/vino-it\/pop-lite\/\",\"name\":\"Pop Lite - Tap\u00ec Group\",\"isPartOf\":{\"@id\":\"https:\/\/tapigroup.com\/it\/#website\"},\"primaryImageOfPage\":{\"@id\":\"https:\/\/tapigroup.com\/it\/production-caps\/vino-it\/pop-lite\/#primaryimage\"},\"image\":{\"@id\":\"https:\/\/tapigroup.com\/it\/production-caps\/vino-it\/pop-lite\/#primaryimage\"},\"thumbnailUrl\":\"https:\/\/tapigroup.com\/wp-content\/uploads\/2020\/01\/Pop-lite.jpg\",\"datePublished\":\"2020-01-24T14:41:57+00:00\",\"dateModified\":\"2023-01-26T13:28:04+00:00\",\"breadcrumb\":{\"@id\":\"https:\/\/tapigroup.com\/it\/production-caps\/vino-it\/pop-lite\/#breadcrumb\"},\"inLanguage\":\"it-IT\",\"potentialAction\":[{\"@type\":\"ReadAction\",\"target\":[\"https:\/\/tapigroup.com\/it\/production-caps\/vino-it\/pop-lite\/\"]}]},{\"@type\":\"ImageObject\",\"inLanguage\":\"it-IT\",\"@id\":\"https:\/\/tapigroup.com\/it\/production-caps\/vino-it\/pop-lite\/#primaryimage\",\"url\":\"https:\/\/tapigroup.com\/wp-content\/uploads\/2020\/01\/Pop-lite.jpg\",\"contentUrl\":\"https:\/\/tapigroup.com\/wp-content\/uploads\/2020\/01\/Pop-lite.jpg\",\"width\":1063,\"height\":1651,\"caption\":\"Pop lite gourmet plastics wine\"},{\"@type\":\"BreadcrumbList\",\"@id\":\"https:\/\/tapigroup.com\/it\/production-caps\/vino-it\/pop-lite\/#breadcrumb\",\"itemListElement\":[{\"@type\":\"ListItem\",\"position\":1,\"name\":\"Prodotti\",\"item\":\"https:\/\/tapigroup.com\/it\/shop\/\"},{\"@type\":\"ListItem\",\"position\":2,\"name\":\"Pop Lite\"}]},{\"@type\":\"WebSite\",\"@id\":\"https:\/\/tapigroup.com\/it\/#website\",\"url\":\"https:\/\/tapigroup.com\/it\/\",\"name\":\"Tap\u00ec Group\",\"description\":\"Made to be Opened\",\"potentialAction\":[{\"@type\":\"SearchAction\",\"target\":{\"@type\":\"EntryPoint\",\"urlTemplate\":\"https:\/\/tapigroup.com\/it\/?s={search_term_string}\"},\"query-input\":{\"@type\":\"PropertyValueSpecification\",\"valueRequired\":true,\"valueName\":\"search_term_string\"}}],\"inLanguage\":\"it-IT\"}]}<\/script>\n<!-- \/ Yoast SEO plugin. -->","yoast_head_json":{"title":"Pop Lite - Tap\u00ec Group","robots":{"index":"index","follow":"follow","max-snippet":"max-snippet:-1","max-image-preview":"max-image-preview:large","max-video-preview":"max-video-preview:-1"},"canonical":"https:\/\/tapigroup.com\/it\/production-caps\/vino-it\/pop-lite\/","og_locale":"it_IT","og_type":"article","og_title":"Pop Lite - Tap\u00ec Group","og_description":"Pop Lite \u00e8 la chiusura ideale per il condizionamento dei vini fermi, sia bianchi che rossi.  \u00c8 composto da un materiale sintetico di ultima generazione che, grazie all\u2019ampio raggio di curvatura delle basi e alla sua elasticit\u00e0, lo rende di facile adozione su bottiglie dai colli molto ampi o che vengono sottoposti a condizioni di stoccaggio e trasporto critiche.  \u00c8 caratterizzato da una eccellente tenuta della pressione interna e da un\u2019elevata neutralit\u00e0 organolettica a protezione della struttura aromatica del vino. richiedi informazioni download scheda tecnica","og_url":"https:\/\/tapigroup.com\/it\/production-caps\/vino-it\/pop-lite\/","og_site_name":"Tap\u00ec Group","article_modified_time":"2023-01-26T13:28:04+00:00","og_image":[{"width":1063,"height":1651,"url":"https:\/\/tapigroup.com\/wp-content\/uploads\/2020\/01\/Pop-lite.jpg","type":"image\/jpeg"}],"twitter_card":"summary_large_image","twitter_misc":{"Tempo di lettura stimato":"1 minuto"},"schema":{"@context":"https:\/\/schema.org","@graph":[{"@type":"WebPage","@id":"https:\/\/tapigroup.com\/it\/production-caps\/vino-it\/pop-lite\/","url":"https:\/\/tapigroup.com\/it\/production-caps\/vino-it\/pop-lite\/","name":"Pop Lite - Tap\u00ec Group","isPartOf":{"@id":"https:\/\/tapigroup.com\/it\/#website"},"primaryImageOfPage":{"@id":"https:\/\/tapigroup.com\/it\/production-caps\/vino-it\/pop-lite\/#primaryimage"},"image":{"@id":"https:\/\/tapigroup.com\/it\/production-caps\/vino-it\/pop-lite\/#primaryimage"},"thumbnailUrl":"https:\/\/tapigroup.com\/wp-content\/uploads\/2020\/01\/Pop-lite.jpg","datePublished":"2020-01-24T14:41:57+00:00","dateModified":"2023-01-26T13:28:04+00:00","breadcrumb":{"@id":"https:\/\/tapigroup.com\/it\/production-caps\/vino-it\/pop-lite\/#breadcrumb"},"inLanguage":"it-IT","potentialAction":[{"@type":"ReadAction","target":["https:\/\/tapigroup.com\/it\/production-caps\/vino-it\/pop-lite\/"]}]},{"@type":"ImageObject","inLanguage":"it-IT","@id":"https:\/\/tapigroup.com\/it\/production-caps\/vino-it\/pop-lite\/#primaryimage","url":"https:\/\/tapigroup.com\/wp-content\/uploads\/2020\/01\/Pop-lite.jpg","contentUrl":"https:\/\/tapigroup.com\/wp-content\/uploads\/2020\/01\/Pop-lite.jpg","width":1063,"height":1651,"caption":"Pop lite gourmet plastics wine"},{"@type":"BreadcrumbList","@id":"https:\/\/tapigroup.com\/it\/production-caps\/vino-it\/pop-lite\/#breadcrumb","itemListElement":[{"@type":"ListItem","position":1,"name":"Prodotti","item":"https:\/\/tapigroup.com\/it\/shop\/"},{"@type":"ListItem","position":2,"name":"Pop Lite"}]},{"@type":"WebSite","@id":"https:\/\/tapigroup.com\/it\/#website","url":"https:\/\/tapigroup.com\/it\/","name":"Tap\u00ec Group","description":"Made to be Opened","potentialAction":[{"@type":"SearchAction","target":{"@type":"EntryPoint","urlTemplate":"https:\/\/tapigroup.com\/it\/?s={search_term_string}"},"query-input":{"@type":"PropertyValueSpecification","valueRequired":true,"valueName":"search_term_string"}}],"inLanguage":"it-IT"}]}},"_links":{"self":[{"href":"https:\/\/tapigroup.com\/it\/wp-json\/wp\/v2\/product\/12389","targetHints":{"allow":["GET"]}}],"collection":[{"href":"https:\/\/tapigroup.com\/it\/wp-json\/wp\/v2\/product"}],"about":[{"href":"https:\/\/tapigroup.com\/it\/wp-json\/wp\/v2\/types\/product"}],"version-history":[{"count":3,"href":"https:\/\/tapigroup.com\/it\/wp-json\/wp\/v2\/product\/12389\/revisions"}],"predecessor-version":[{"id":25589,"href":"https:\/\/tapigroup.com\/it\/wp-json\/wp\/v2\/product\/12389\/revisions\/25589"}],"wp:featuredmedia":[{"embeddable":true,"href":"https:\/\/tapigroup.com\/it\/wp-json\/wp\/v2\/media\/27866"}],"wp:attachment":[{"href":"https:\/\/tapigroup.com\/it\/wp-json\/wp\/v2\/media?parent=12389"}],"wp:term":[{"taxonomy":"product_brand","embeddable":true,"href":"https:\/\/tapigroup.com\/it\/wp-json\/wp\/v2\/product_brand?post=12389"},{"taxonomy":"product_cat","embeddable":true,"href":"https:\/\/tapigroup.com\/it\/wp-json\/wp\/v2\/product_cat?post=12389"},{"taxonomy":"product_tag","embeddable":true,"href":"https:\/\/tapigroup.com\/it\/wp-json\/wp\/v2\/product_tag?post=12389"}],"curies":[{"name":"wp","href":"https:\/\/api.w.org\/{rel}","templated":true}]}}