{"id":12346,"date":"2020-06-04T15:13:05","date_gmt":"2020-06-04T13:13:05","guid":{"rendered":"http:\/\/tapigroup.com\/production-caps\/senza-categoria\/exel\/"},"modified":"2023-01-26T13:17:55","modified_gmt":"2023-01-26T12:17:55","slug":"exel","status":"publish","type":"product","link":"https:\/\/tapigroup.com\/it\/production-caps\/vino-it\/exel\/","title":{"rendered":"Exel"},"content":{"rendered":"\t\t<div data-elementor-type=\"wp-post\" data-elementor-id=\"12346\" class=\"elementor elementor-12346 elementor-3344\" data-elementor-post-type=\"product\">\n\t\t\t\t\t\t<section class=\"elementor-section elementor-top-section elementor-element elementor-element-abdf54c elementor-section-boxed elementor-section-height-default elementor-section-height-default\" data-id=\"abdf54c\" data-element_type=\"section\" data-e-type=\"section\">\n\t\t\t\t\t\t<div class=\"elementor-container elementor-column-gap-default\">\n\t\t\t\t\t<div class=\"elementor-column elementor-col-50 elementor-top-column elementor-element elementor-element-eba7058\" data-id=\"eba7058\" data-element_type=\"column\" data-e-type=\"column\">\n\t\t\t<div class=\"elementor-widget-wrap elementor-element-populated\">\n\t\t\t\t\t\t<div class=\"elementor-element elementor-element-04aec28 elementor-widget elementor-widget-heading\" data-id=\"04aec28\" data-element_type=\"widget\" data-e-type=\"widget\" data-widget_type=\"heading.default\">\n\t\t\t\t<div class=\"elementor-widget-container\">\n\t\t\t\t\t<h3 class=\"elementor-heading-title elementor-size-default\">PERSONALIZZAZIONI<\/h3>\t\t\t\t<\/div>\n\t\t\t\t<\/div>\n\t\t\t\t\t<\/div>\n\t\t<\/div>\n\t\t\t\t<div class=\"elementor-column elementor-col-50 elementor-top-column elementor-element elementor-element-d313aee\" data-id=\"d313aee\" data-element_type=\"column\" data-e-type=\"column\">\n\t\t\t<div class=\"elementor-widget-wrap\">\n\t\t\t\t\t\t\t<\/div>\n\t\t<\/div>\n\t\t\t\t\t<\/div>\n\t\t<\/section>\n\t\t\t\t<\/div>\n\t\t","protected":false},"excerpt":{"rendered":"<p>Exel rappresenta una novit\u00e0 nel settore delle chiusure per bollicine.<\/p>\n<p>La sua forma complessa non \u00e8 altro che l\u2019unione tra design e tecnologia.<\/p>\n<p>Exel favorisce l\u2019apertura delle bottiglia grazie alle striature presenti nella testa.<\/p>\n<p>Offre un\u2019eccellente tenuta alla CO2, conserva infatti le caratteristiche del vino con il passare del tempo. Inoltre, \u00e8 composto da materiali che godono dei pi\u00f9 alti livelli di neutralit\u00e0, che permettono di conservare al meglio la struttura delicata e aromatica dei vini con bollicine.<\/p>\n<div class=\"info-btn request-info\"><a class=\"open-contact-modal\" role=\"button\"><span>richiedi informazioni<\/span><\/a><\/div>\n<div class=\"info-btn download\"><a href=\"https:\/\/tapigroup.com\/wp-content\/uploads\/2020\/06\/EXEL_XS-unito.pdf\" role=\"button\"><span>download scheda tecnica<\/span><\/a><\/div>\n","protected":false},"featured_media":27815,"template":"","meta":[],"product_brand":[],"product_cat":[148],"product_tag":[171,150,182],"class_list":{"0":"post-12346","1":"product","2":"type-product","3":"status-publish","4":"has-post-thumbnail","6":"product_cat-vino-it","7":"product_tag-collection-it","8":"product_tag-plastica-it","9":"product_tag-tappo-vino-it","11":"first","12":"instock","13":"shipping-taxable","14":"product-type-simple"},"yoast_head":"<!-- This site is optimized with the Yoast SEO plugin v27.2 - https:\/\/yoast.com\/product\/yoast-seo-wordpress\/ -->\n<title>Exel - Tap\u00ec Group<\/title>\n<meta name=\"robots\" content=\"index, follow, max-snippet:-1, max-image-preview:large, max-video-preview:-1\" \/>\n<link rel=\"canonical\" href=\"https:\/\/tapigroup.com\/it\/production-caps\/vino-it\/exel\/\" \/>\n<meta property=\"og:locale\" content=\"it_IT\" \/>\n<meta property=\"og:type\" content=\"article\" \/>\n<meta property=\"og:title\" content=\"Exel - Tap\u00ec Group\" \/>\n<meta property=\"og:description\" content=\"Exel rappresenta una novit\u00e0 nel settore delle chiusure per bollicine.  La sua forma complessa non \u00e8 altro che l\u2019unione tra design e tecnologia.  Exel favorisce l\u2019apertura delle bottiglia grazie alle striature presenti nella testa.  Offre un\u2019eccellente tenuta alla CO2, conserva infatti le caratteristiche del vino con il passare del tempo. Inoltre, \u00e8 composto da materiali che godono dei pi\u00f9 alti livelli di neutralit\u00e0, che permettono di conservare al meglio la struttura delicata e aromatica dei vini con bollicine. richiedi informazioni download scheda tecnica\" \/>\n<meta property=\"og:url\" content=\"https:\/\/tapigroup.com\/it\/production-caps\/vino-it\/exel\/\" \/>\n<meta property=\"og:site_name\" content=\"Tap\u00ec Group\" \/>\n<meta property=\"article:modified_time\" content=\"2023-01-26T12:17:55+00:00\" \/>\n<meta property=\"og:image\" content=\"https:\/\/tapigroup.com\/wp-content\/uploads\/2020\/06\/Exel.jpg\" \/>\n\t<meta property=\"og:image:width\" content=\"1063\" \/>\n\t<meta property=\"og:image:height\" content=\"1651\" \/>\n\t<meta property=\"og:image:type\" content=\"image\/jpeg\" \/>\n<meta name=\"twitter:card\" content=\"summary_large_image\" \/>\n<meta name=\"twitter:label1\" content=\"Tempo di lettura stimato\" \/>\n\t<meta name=\"twitter:data1\" content=\"1 minuto\" \/>\n<script type=\"application\/ld+json\" class=\"yoast-schema-graph\">{\"@context\":\"https:\/\/schema.org\",\"@graph\":[{\"@type\":\"WebPage\",\"@id\":\"https:\/\/tapigroup.com\/it\/production-caps\/vino-it\/exel\/\",\"url\":\"https:\/\/tapigroup.com\/it\/production-caps\/vino-it\/exel\/\",\"name\":\"Exel - Tap\u00ec Group\",\"isPartOf\":{\"@id\":\"https:\/\/tapigroup.com\/it\/#website\"},\"primaryImageOfPage\":{\"@id\":\"https:\/\/tapigroup.com\/it\/production-caps\/vino-it\/exel\/#primaryimage\"},\"image\":{\"@id\":\"https:\/\/tapigroup.com\/it\/production-caps\/vino-it\/exel\/#primaryimage\"},\"thumbnailUrl\":\"https:\/\/tapigroup.com\/wp-content\/uploads\/2020\/06\/Exel.jpg\",\"datePublished\":\"2020-06-04T13:13:05+00:00\",\"dateModified\":\"2023-01-26T12:17:55+00:00\",\"breadcrumb\":{\"@id\":\"https:\/\/tapigroup.com\/it\/production-caps\/vino-it\/exel\/#breadcrumb\"},\"inLanguage\":\"it-IT\",\"potentialAction\":[{\"@type\":\"ReadAction\",\"target\":[\"https:\/\/tapigroup.com\/it\/production-caps\/vino-it\/exel\/\"]}]},{\"@type\":\"ImageObject\",\"inLanguage\":\"it-IT\",\"@id\":\"https:\/\/tapigroup.com\/it\/production-caps\/vino-it\/exel\/#primaryimage\",\"url\":\"https:\/\/tapigroup.com\/wp-content\/uploads\/2020\/06\/Exel.jpg\",\"contentUrl\":\"https:\/\/tapigroup.com\/wp-content\/uploads\/2020\/06\/Exel.jpg\",\"width\":1063,\"height\":1651,\"caption\":\"Exel gourmet wine plastics\"},{\"@type\":\"BreadcrumbList\",\"@id\":\"https:\/\/tapigroup.com\/it\/production-caps\/vino-it\/exel\/#breadcrumb\",\"itemListElement\":[{\"@type\":\"ListItem\",\"position\":1,\"name\":\"Prodotti\",\"item\":\"https:\/\/tapigroup.com\/it\/shop\/\"},{\"@type\":\"ListItem\",\"position\":2,\"name\":\"Exel\"}]},{\"@type\":\"WebSite\",\"@id\":\"https:\/\/tapigroup.com\/it\/#website\",\"url\":\"https:\/\/tapigroup.com\/it\/\",\"name\":\"Tap\u00ec Group\",\"description\":\"Made to be Opened\",\"potentialAction\":[{\"@type\":\"SearchAction\",\"target\":{\"@type\":\"EntryPoint\",\"urlTemplate\":\"https:\/\/tapigroup.com\/it\/?s={search_term_string}\"},\"query-input\":{\"@type\":\"PropertyValueSpecification\",\"valueRequired\":true,\"valueName\":\"search_term_string\"}}],\"inLanguage\":\"it-IT\"}]}<\/script>\n<!-- \/ Yoast SEO plugin. -->","yoast_head_json":{"title":"Exel - Tap\u00ec Group","robots":{"index":"index","follow":"follow","max-snippet":"max-snippet:-1","max-image-preview":"max-image-preview:large","max-video-preview":"max-video-preview:-1"},"canonical":"https:\/\/tapigroup.com\/it\/production-caps\/vino-it\/exel\/","og_locale":"it_IT","og_type":"article","og_title":"Exel - Tap\u00ec Group","og_description":"Exel rappresenta una novit\u00e0 nel settore delle chiusure per bollicine.  La sua forma complessa non \u00e8 altro che l\u2019unione tra design e tecnologia.  Exel favorisce l\u2019apertura delle bottiglia grazie alle striature presenti nella testa.  Offre un\u2019eccellente tenuta alla CO2, conserva infatti le caratteristiche del vino con il passare del tempo. Inoltre, \u00e8 composto da materiali che godono dei pi\u00f9 alti livelli di neutralit\u00e0, che permettono di conservare al meglio la struttura delicata e aromatica dei vini con bollicine. richiedi informazioni download scheda tecnica","og_url":"https:\/\/tapigroup.com\/it\/production-caps\/vino-it\/exel\/","og_site_name":"Tap\u00ec Group","article_modified_time":"2023-01-26T12:17:55+00:00","og_image":[{"width":1063,"height":1651,"url":"https:\/\/tapigroup.com\/wp-content\/uploads\/2020\/06\/Exel.jpg","type":"image\/jpeg"}],"twitter_card":"summary_large_image","twitter_misc":{"Tempo di lettura stimato":"1 minuto"},"schema":{"@context":"https:\/\/schema.org","@graph":[{"@type":"WebPage","@id":"https:\/\/tapigroup.com\/it\/production-caps\/vino-it\/exel\/","url":"https:\/\/tapigroup.com\/it\/production-caps\/vino-it\/exel\/","name":"Exel - Tap\u00ec Group","isPartOf":{"@id":"https:\/\/tapigroup.com\/it\/#website"},"primaryImageOfPage":{"@id":"https:\/\/tapigroup.com\/it\/production-caps\/vino-it\/exel\/#primaryimage"},"image":{"@id":"https:\/\/tapigroup.com\/it\/production-caps\/vino-it\/exel\/#primaryimage"},"thumbnailUrl":"https:\/\/tapigroup.com\/wp-content\/uploads\/2020\/06\/Exel.jpg","datePublished":"2020-06-04T13:13:05+00:00","dateModified":"2023-01-26T12:17:55+00:00","breadcrumb":{"@id":"https:\/\/tapigroup.com\/it\/production-caps\/vino-it\/exel\/#breadcrumb"},"inLanguage":"it-IT","potentialAction":[{"@type":"ReadAction","target":["https:\/\/tapigroup.com\/it\/production-caps\/vino-it\/exel\/"]}]},{"@type":"ImageObject","inLanguage":"it-IT","@id":"https:\/\/tapigroup.com\/it\/production-caps\/vino-it\/exel\/#primaryimage","url":"https:\/\/tapigroup.com\/wp-content\/uploads\/2020\/06\/Exel.jpg","contentUrl":"https:\/\/tapigroup.com\/wp-content\/uploads\/2020\/06\/Exel.jpg","width":1063,"height":1651,"caption":"Exel gourmet wine plastics"},{"@type":"BreadcrumbList","@id":"https:\/\/tapigroup.com\/it\/production-caps\/vino-it\/exel\/#breadcrumb","itemListElement":[{"@type":"ListItem","position":1,"name":"Prodotti","item":"https:\/\/tapigroup.com\/it\/shop\/"},{"@type":"ListItem","position":2,"name":"Exel"}]},{"@type":"WebSite","@id":"https:\/\/tapigroup.com\/it\/#website","url":"https:\/\/tapigroup.com\/it\/","name":"Tap\u00ec Group","description":"Made to be Opened","potentialAction":[{"@type":"SearchAction","target":{"@type":"EntryPoint","urlTemplate":"https:\/\/tapigroup.com\/it\/?s={search_term_string}"},"query-input":{"@type":"PropertyValueSpecification","valueRequired":true,"valueName":"search_term_string"}}],"inLanguage":"it-IT"}]}},"_links":{"self":[{"href":"https:\/\/tapigroup.com\/it\/wp-json\/wp\/v2\/product\/12346","targetHints":{"allow":["GET"]}}],"collection":[{"href":"https:\/\/tapigroup.com\/it\/wp-json\/wp\/v2\/product"}],"about":[{"href":"https:\/\/tapigroup.com\/it\/wp-json\/wp\/v2\/types\/product"}],"version-history":[{"count":3,"href":"https:\/\/tapigroup.com\/it\/wp-json\/wp\/v2\/product\/12346\/revisions"}],"predecessor-version":[{"id":25531,"href":"https:\/\/tapigroup.com\/it\/wp-json\/wp\/v2\/product\/12346\/revisions\/25531"}],"wp:featuredmedia":[{"embeddable":true,"href":"https:\/\/tapigroup.com\/it\/wp-json\/wp\/v2\/media\/27815"}],"wp:attachment":[{"href":"https:\/\/tapigroup.com\/it\/wp-json\/wp\/v2\/media?parent=12346"}],"wp:term":[{"taxonomy":"product_brand","embeddable":true,"href":"https:\/\/tapigroup.com\/it\/wp-json\/wp\/v2\/product_brand?post=12346"},{"taxonomy":"product_cat","embeddable":true,"href":"https:\/\/tapigroup.com\/it\/wp-json\/wp\/v2\/product_cat?post=12346"},{"taxonomy":"product_tag","embeddable":true,"href":"https:\/\/tapigroup.com\/it\/wp-json\/wp\/v2\/product_tag?post=12346"}],"curies":[{"name":"wp","href":"https:\/\/api.w.org\/{rel}","templated":true}]}}