{"id":18570,"date":"2021-09-29T14:59:54","date_gmt":"2021-09-29T12:59:56","guid":{"rendered":"https:\/\/tapigroup.com\/?post_type=product&#038;p=18570"},"modified":"2023-01-26T14:47:23","modified_gmt":"2023-01-26T13:47:23","slug":"tema","status":"publish","type":"product","link":"https:\/\/tapigroup.com\/fr\/production-caps\/spiritueux-fr\/tema\/","title":{"rendered":"Tema"},"content":{"rendered":"\t\t<div data-elementor-type=\"wp-post\" data-elementor-id=\"18570\" class=\"elementor elementor-18570 elementor-18567\" data-elementor-post-type=\"product\">\n\t\t\t\t\t\t<section class=\"elementor-section elementor-top-section elementor-element elementor-element-33b36e6 elementor-section-boxed elementor-section-height-default elementor-section-height-default\" data-id=\"33b36e6\" data-element_type=\"section\" data-e-type=\"section\">\n\t\t\t\t\t\t<div class=\"elementor-container elementor-column-gap-default\">\n\t\t\t\t\t<div class=\"elementor-column elementor-col-50 elementor-top-column elementor-element elementor-element-cfaab02\" data-id=\"cfaab02\" data-element_type=\"column\" data-e-type=\"column\">\n\t\t\t<div class=\"elementor-widget-wrap elementor-element-populated\">\n\t\t\t\t\t\t<div class=\"elementor-element elementor-element-10f2494 elementor-widget elementor-widget-heading\" data-id=\"10f2494\" data-element_type=\"widget\" data-e-type=\"widget\" data-widget_type=\"heading.default\">\n\t\t\t\t<div class=\"elementor-widget-container\">\n\t\t\t\t\t<h3 class=\"elementor-heading-title elementor-size-default\">PERSONNALISATIONS <\/h3>\t\t\t\t<\/div>\n\t\t\t\t<\/div>\n\t\t\t\t<div class=\"elementor-element elementor-element-9290485 gallery-spacing-custom elementor-widget elementor-widget-image-gallery\" data-id=\"9290485\" data-element_type=\"widget\" data-e-type=\"widget\" data-widget_type=\"image-gallery.default\">\n\t\t\t\t<div class=\"elementor-widget-container\">\n\t\t\t\t\t\t\t<div class=\"elementor-image-gallery\">\n\t\t\t\n\t\t<style type=\"text\/css\">\n\t\t\t#gallery-1 {\n\t\t\t\tmargin: auto;\n\t\t\t}\n\t\t\t#gallery-1 .gallery-item {\n\t\t\t\tfloat: left;\n\t\t\t\tmargin-top: 10px;\n\t\t\t\ttext-align: center;\n\t\t\t\twidth: 25%;\n\t\t\t}\n\t\t\t#gallery-1 img {\n\t\t\t\tborder: 2px solid #cfcfcf;\n\t\t\t}\n\t\t\t#gallery-1 .gallery-caption {\n\t\t\t\tmargin-left: 0;\n\t\t\t}\n\t\t\t\/* see gallery_shortcode() in wp-includes\/media.php *\/\n\t\t<\/style>\n\t\t<div id='gallery-1' class='gallery galleryid-18570 gallery-columns-4 gallery-size-thumbnail'><dl class='gallery-item'>\n\t\t\t<dt class='gallery-icon landscape'>\n\t\t\t\t<a data-elementor-open-lightbox=\"yes\" data-elementor-lightbox-slideshow=\"9290485\" data-elementor-lightbox-title=\"HotStamp_Tema_beige\" data-e-action-hash=\"#elementor-action%3Aaction%3Dlightbox%26settings%3DeyJpZCI6MTg2MjEsInVybCI6Imh0dHBzOlwvXC90YXBpZ3JvdXAuY29tXC93cC1jb250ZW50XC91cGxvYWRzXC8yMDIxXC8wOVwvSG90U3RhbXBfVGVtYV9iZWlnZS5qcGciLCJzbGlkZXNob3ciOiI5MjkwNDg1In0%3D\" href='https:\/\/tapigroup.com\/wp-content\/uploads\/2021\/09\/HotStamp_Tema_beige.jpg'><img decoding=\"async\" width=\"150\" height=\"150\" src=\"https:\/\/tapigroup.com\/wp-content\/uploads\/2021\/09\/HotStamp_Tema_beige-150x150.jpg\" class=\"attachment-thumbnail size-thumbnail\" alt=\"\" aria-describedby=\"gallery-1-18621\" srcset=\"https:\/\/tapigroup.com\/wp-content\/uploads\/2021\/09\/HotStamp_Tema_beige-150x150.jpg 150w, https:\/\/tapigroup.com\/wp-content\/uploads\/2021\/09\/HotStamp_Tema_beige-240x240.jpg 240w, https:\/\/tapigroup.com\/wp-content\/uploads\/2021\/09\/HotStamp_Tema_beige-300x300.jpg 300w, https:\/\/tapigroup.com\/wp-content\/uploads\/2021\/09\/HotStamp_Tema_beige-440x440.jpg 440w, https:\/\/tapigroup.com\/wp-content\/uploads\/2021\/09\/HotStamp_Tema_beige-180x180.jpg 180w, https:\/\/tapigroup.com\/wp-content\/uploads\/2021\/09\/HotStamp_Tema_beige-120x120.jpg 120w, https:\/\/tapigroup.com\/wp-content\/uploads\/2021\/09\/HotStamp_Tema_beige-540x540.jpg 540w, https:\/\/tapigroup.com\/wp-content\/uploads\/2021\/09\/HotStamp_Tema_beige.jpg 720w\" sizes=\"(max-width: 150px) 100vw, 150px\" \/><\/a>\n\t\t\t<\/dt>\n\t\t\t\t<dd class='wp-caption-text gallery-caption' id='gallery-1-18621'>\n\t\t\t\tTop Hot Stamp\n\t\t\t\t<\/dd><\/dl><dl class='gallery-item'>\n\t\t\t<dt class='gallery-icon landscape'>\n\t\t\t\t<a data-elementor-open-lightbox=\"yes\" data-elementor-lightbox-slideshow=\"9290485\" data-elementor-lightbox-title=\"Tema_red\" data-e-action-hash=\"#elementor-action%3Aaction%3Dlightbox%26settings%3DeyJpZCI6MTg2MTYsInVybCI6Imh0dHBzOlwvXC90YXBpZ3JvdXAuY29tXC93cC1jb250ZW50XC91cGxvYWRzXC8yMDIxXC8wOVwvVGVtYV9yZWQuanBnIiwic2xpZGVzaG93IjoiOTI5MDQ4NSJ9\" href='https:\/\/tapigroup.com\/wp-content\/uploads\/2021\/09\/Tema_red.jpg'><img decoding=\"async\" width=\"150\" height=\"150\" src=\"https:\/\/tapigroup.com\/wp-content\/uploads\/2021\/09\/Tema_red-150x150.jpg\" class=\"attachment-thumbnail size-thumbnail\" alt=\"\" aria-describedby=\"gallery-1-18616\" srcset=\"https:\/\/tapigroup.com\/wp-content\/uploads\/2021\/09\/Tema_red-150x150.jpg 150w, https:\/\/tapigroup.com\/wp-content\/uploads\/2021\/09\/Tema_red-240x240.jpg 240w, https:\/\/tapigroup.com\/wp-content\/uploads\/2021\/09\/Tema_red-300x300.jpg 300w, https:\/\/tapigroup.com\/wp-content\/uploads\/2021\/09\/Tema_red-440x440.jpg 440w, https:\/\/tapigroup.com\/wp-content\/uploads\/2021\/09\/Tema_red-180x180.jpg 180w, https:\/\/tapigroup.com\/wp-content\/uploads\/2021\/09\/Tema_red-120x120.jpg 120w, https:\/\/tapigroup.com\/wp-content\/uploads\/2021\/09\/Tema_red-540x540.jpg 540w, https:\/\/tapigroup.com\/wp-content\/uploads\/2021\/09\/Tema_red.jpg 720w\" sizes=\"(max-width: 150px) 100vw, 150px\" \/><\/a>\n\t\t\t<\/dt>\n\t\t\t\t<dd class='wp-caption-text gallery-caption' id='gallery-1-18616'>\n\t\t\t\tCustomized Color\n\t\t\t\t<\/dd><\/dl>\n\t\t\t<br style='clear: both' \/>\n\t\t<\/div>\n\t\t<\/div>\n\t\t\t\t\t\t<\/div>\n\t\t\t\t<\/div>\n\t\t\t\t\t<\/div>\n\t\t<\/div>\n\t\t\t\t<div class=\"elementor-column elementor-col-50 elementor-top-column elementor-element elementor-element-8892b4d\" data-id=\"8892b4d\" data-element_type=\"column\" data-e-type=\"column\">\n\t\t\t<div class=\"elementor-widget-wrap elementor-element-populated\">\n\t\t\t\t\t\t<div class=\"elementor-element elementor-element-de93f52 elementor-widget elementor-widget-heading\" data-id=\"de93f52\" data-element_type=\"widget\" data-e-type=\"widget\" data-widget_type=\"heading.default\">\n\t\t\t\t<div class=\"elementor-widget-container\">\n\t\t\t\t\t<h3 class=\"elementor-heading-title elementor-size-default\">CORPS<\/h3>\t\t\t\t<\/div>\n\t\t\t\t<\/div>\n\t\t\t\t<div class=\"elementor-element elementor-element-c4e9e29 gallery-spacing-custom elementor-widget elementor-widget-image-gallery\" data-id=\"c4e9e29\" data-element_type=\"widget\" data-e-type=\"widget\" data-widget_type=\"image-gallery.default\">\n\t\t\t\t<div class=\"elementor-widget-container\">\n\t\t\t\t\t\t\t<div class=\"elementor-image-gallery\">\n\t\t\t\n\t\t<style type=\"text\/css\">\n\t\t\t#gallery-2 {\n\t\t\t\tmargin: auto;\n\t\t\t}\n\t\t\t#gallery-2 .gallery-item {\n\t\t\t\tfloat: left;\n\t\t\t\tmargin-top: 10px;\n\t\t\t\ttext-align: center;\n\t\t\t\twidth: 25%;\n\t\t\t}\n\t\t\t#gallery-2 img {\n\t\t\t\tborder: 2px solid #cfcfcf;\n\t\t\t}\n\t\t\t#gallery-2 .gallery-caption {\n\t\t\t\tmargin-left: 0;\n\t\t\t}\n\t\t\t\/* see gallery_shortcode() in wp-includes\/media.php *\/\n\t\t<\/style>\n\t\t<div id='gallery-2' class='gallery galleryid-18570 gallery-columns-4 gallery-size-thumbnail'><dl class='gallery-item'>\n\t\t\t<dt class='gallery-icon landscape'>\n\t\t\t\t<a data-elementor-open-lightbox=\"yes\" data-elementor-lightbox-slideshow=\"c4e9e29\" data-elementor-lightbox-title=\"liscio-normale-\" data-e-action-hash=\"#elementor-action%3Aaction%3Dlightbox%26settings%3DeyJpZCI6ODcwNCwidXJsIjoiaHR0cHM6XC9cL3RhcGlncm91cC5jb21cL3dwLWNvbnRlbnRcL3VwbG9hZHNcLzIwMjBcLzA3XC9saXNjaW8tbm9ybWFsZS0uanBnIiwic2xpZGVzaG93IjoiYzRlOWUyOSJ9\" href='https:\/\/tapigroup.com\/wp-content\/uploads\/2020\/07\/liscio-normale-.jpg'><img decoding=\"async\" width=\"150\" height=\"150\" src=\"https:\/\/tapigroup.com\/wp-content\/uploads\/2020\/07\/liscio-normale--150x150.jpg\" class=\"attachment-thumbnail size-thumbnail\" alt=\"\" aria-describedby=\"gallery-2-8704\" srcset=\"https:\/\/tapigroup.com\/wp-content\/uploads\/2020\/07\/liscio-normale--150x150.jpg 150w, https:\/\/tapigroup.com\/wp-content\/uploads\/2020\/07\/liscio-normale--240x240.jpg 240w, https:\/\/tapigroup.com\/wp-content\/uploads\/2020\/07\/liscio-normale--300x300.jpg 300w, https:\/\/tapigroup.com\/wp-content\/uploads\/2020\/07\/liscio-normale--768x768.jpg 768w, https:\/\/tapigroup.com\/wp-content\/uploads\/2020\/07\/liscio-normale--440x440.jpg 440w, https:\/\/tapigroup.com\/wp-content\/uploads\/2020\/07\/liscio-normale--180x180.jpg 180w, https:\/\/tapigroup.com\/wp-content\/uploads\/2020\/07\/liscio-normale--120x120.jpg 120w, https:\/\/tapigroup.com\/wp-content\/uploads\/2020\/07\/liscio-normale--540x540.jpg 540w, https:\/\/tapigroup.com\/wp-content\/uploads\/2020\/07\/liscio-normale-.jpg 1000w\" sizes=\"(max-width: 150px) 100vw, 150px\" \/><\/a>\n\t\t\t<\/dt>\n\t\t\t\t<dd class='wp-caption-text gallery-caption' id='gallery-2-8704'>\n\t\t\t\tSynth\u00e9tique lisse\n\t\t\t\t<\/dd><\/dl><dl class='gallery-item'>\n\t\t\t<dt class='gallery-icon landscape'>\n\t\t\t\t<a data-elementor-open-lightbox=\"yes\" data-elementor-lightbox-slideshow=\"c4e9e29\" data-elementor-lightbox-title=\"tapigroup-sintetico-liscio-ok\" data-e-action-hash=\"#elementor-action%3Aaction%3Dlightbox%26settings%3DeyJpZCI6ODY3MiwidXJsIjoiaHR0cHM6XC9cL3RhcGlncm91cC5jb21cL3dwLWNvbnRlbnRcL3VwbG9hZHNcLzIwMjBcLzA3XC90YXBpZ3JvdXAtc2ludGV0aWNvLWxpc2Npby1vay5qcGciLCJzbGlkZXNob3ciOiJjNGU5ZTI5In0%3D\" href='https:\/\/tapigroup.com\/wp-content\/uploads\/2020\/07\/tapigroup-sintetico-liscio-ok.jpg'><img loading=\"lazy\" decoding=\"async\" width=\"150\" height=\"150\" src=\"https:\/\/tapigroup.com\/wp-content\/uploads\/2020\/07\/tapigroup-sintetico-liscio-ok-150x150.jpg\" class=\"attachment-thumbnail size-thumbnail\" alt=\"\" aria-describedby=\"gallery-2-8672\" srcset=\"https:\/\/tapigroup.com\/wp-content\/uploads\/2020\/07\/tapigroup-sintetico-liscio-ok-150x150.jpg 150w, https:\/\/tapigroup.com\/wp-content\/uploads\/2020\/07\/tapigroup-sintetico-liscio-ok-240x240.jpg 240w, https:\/\/tapigroup.com\/wp-content\/uploads\/2020\/07\/tapigroup-sintetico-liscio-ok-300x300.jpg 300w, https:\/\/tapigroup.com\/wp-content\/uploads\/2020\/07\/tapigroup-sintetico-liscio-ok-440x440.jpg 440w, https:\/\/tapigroup.com\/wp-content\/uploads\/2020\/07\/tapigroup-sintetico-liscio-ok-180x180.jpg 180w, https:\/\/tapigroup.com\/wp-content\/uploads\/2020\/07\/tapigroup-sintetico-liscio-ok-120x120.jpg 120w, https:\/\/tapigroup.com\/wp-content\/uploads\/2020\/07\/tapigroup-sintetico-liscio-ok-540x540.jpg 540w, https:\/\/tapigroup.com\/wp-content\/uploads\/2020\/07\/tapigroup-sintetico-liscio-ok.jpg 600w\" sizes=\"(max-width: 150px) 100vw, 150px\" \/><\/a>\n\t\t\t<\/dt>\n\t\t\t\t<dd class='wp-caption-text gallery-caption' id='gallery-2-8672'>\n\t\t\t\tSynth\u00e9tique lisse Neos\n\t\t\t\t<\/dd><\/dl><dl class='gallery-item'>\n\t\t\t<dt class='gallery-icon landscape'>\n\t\t\t\t<a data-elementor-open-lightbox=\"yes\" data-elementor-lightbox-slideshow=\"c4e9e29\" data-elementor-lightbox-title=\"replica-normale\" data-e-action-hash=\"#elementor-action%3Aaction%3Dlightbox%26settings%3DeyJpZCI6ODcxMiwidXJsIjoiaHR0cHM6XC9cL3RhcGlncm91cC5jb21cL3dwLWNvbnRlbnRcL3VwbG9hZHNcLzIwMjBcLzA3XC9yZXBsaWNhLW5vcm1hbGUuanBnIiwic2xpZGVzaG93IjoiYzRlOWUyOSJ9\" href='https:\/\/tapigroup.com\/wp-content\/uploads\/2020\/07\/replica-normale.jpg'><img loading=\"lazy\" decoding=\"async\" width=\"150\" height=\"150\" src=\"https:\/\/tapigroup.com\/wp-content\/uploads\/2020\/07\/replica-normale-150x150.jpg\" class=\"attachment-thumbnail size-thumbnail\" alt=\"\" aria-describedby=\"gallery-2-8712\" srcset=\"https:\/\/tapigroup.com\/wp-content\/uploads\/2020\/07\/replica-normale-150x150.jpg 150w, https:\/\/tapigroup.com\/wp-content\/uploads\/2020\/07\/replica-normale-240x240.jpg 240w, https:\/\/tapigroup.com\/wp-content\/uploads\/2020\/07\/replica-normale-300x300.jpg 300w, https:\/\/tapigroup.com\/wp-content\/uploads\/2020\/07\/replica-normale-768x768.jpg 768w, https:\/\/tapigroup.com\/wp-content\/uploads\/2020\/07\/replica-normale-440x440.jpg 440w, https:\/\/tapigroup.com\/wp-content\/uploads\/2020\/07\/replica-normale-180x180.jpg 180w, https:\/\/tapigroup.com\/wp-content\/uploads\/2020\/07\/replica-normale-120x120.jpg 120w, https:\/\/tapigroup.com\/wp-content\/uploads\/2020\/07\/replica-normale-540x540.jpg 540w, https:\/\/tapigroup.com\/wp-content\/uploads\/2020\/07\/replica-normale.jpg 1000w\" sizes=\"(max-width: 150px) 100vw, 150px\" \/><\/a>\n\t\t\t<\/dt>\n\t\t\t\t<dd class='wp-caption-text gallery-caption' id='gallery-2-8712'>\n\t\t\t\tSynth\u00e9tique \u00ab replica \u00bb\n\t\t\t\t<\/dd><\/dl><dl class='gallery-item'>\n\t\t\t<dt class='gallery-icon landscape'>\n\t\t\t\t<a data-elementor-open-lightbox=\"yes\" data-elementor-lightbox-slideshow=\"c4e9e29\" data-elementor-lightbox-title=\"tapigroup-replica-neos-ok\" data-e-action-hash=\"#elementor-action%3Aaction%3Dlightbox%26settings%3DeyJpZCI6ODY1MiwidXJsIjoiaHR0cHM6XC9cL3RhcGlncm91cC5jb21cL3dwLWNvbnRlbnRcL3VwbG9hZHNcLzIwMjBcLzA3XC90YXBpZ3JvdXAtcmVwbGljYS1uZW9zLW9rLmpwZyIsInNsaWRlc2hvdyI6ImM0ZTllMjkifQ%3D%3D\" href='https:\/\/tapigroup.com\/wp-content\/uploads\/2020\/07\/tapigroup-replica-neos-ok.jpg'><img loading=\"lazy\" decoding=\"async\" width=\"150\" height=\"150\" src=\"https:\/\/tapigroup.com\/wp-content\/uploads\/2020\/07\/tapigroup-replica-neos-ok-150x150.jpg\" class=\"attachment-thumbnail size-thumbnail\" alt=\"\" aria-describedby=\"gallery-2-8652\" srcset=\"https:\/\/tapigroup.com\/wp-content\/uploads\/2020\/07\/tapigroup-replica-neos-ok-150x150.jpg 150w, https:\/\/tapigroup.com\/wp-content\/uploads\/2020\/07\/tapigroup-replica-neos-ok-240x240.jpg 240w, https:\/\/tapigroup.com\/wp-content\/uploads\/2020\/07\/tapigroup-replica-neos-ok-300x300.jpg 300w, https:\/\/tapigroup.com\/wp-content\/uploads\/2020\/07\/tapigroup-replica-neos-ok-440x440.jpg 440w, https:\/\/tapigroup.com\/wp-content\/uploads\/2020\/07\/tapigroup-replica-neos-ok-180x180.jpg 180w, https:\/\/tapigroup.com\/wp-content\/uploads\/2020\/07\/tapigroup-replica-neos-ok-120x120.jpg 120w, https:\/\/tapigroup.com\/wp-content\/uploads\/2020\/07\/tapigroup-replica-neos-ok-540x540.jpg 540w, https:\/\/tapigroup.com\/wp-content\/uploads\/2020\/07\/tapigroup-replica-neos-ok.jpg 600w\" sizes=\"(max-width: 150px) 100vw, 150px\" \/><\/a>\n\t\t\t<\/dt>\n\t\t\t\t<dd class='wp-caption-text gallery-caption' id='gallery-2-8652'>\n\t\t\t\tSynth\u00e9tique \u00ab replica \u00bb Neos\n\t\t\t\t<\/dd><\/dl><br style=\"clear: both\" \/>\n\t\t<\/div>\n\t\t<\/div>\n\t\t\t\t\t\t<\/div>\n\t\t\t\t<\/div>\n\t\t\t\t\t<\/div>\n\t\t<\/div>\n\t\t\t\t\t<\/div>\n\t\t<\/section>\n\t\t\t\t<\/div>\n\t\t","protected":false},"excerpt":{"rendered":"<p>Bouchon<span>\u00a0<\/span><em>\u00e0 t\u00eate.<\/em><span>\u00a0<\/span>T\u00eate et corps synth\u00e9tiques.<\/p>\n<p>Tema propose un design minimaliste et intemporel qui compl\u00e8te le produit avec \u00e9l\u00e9gance. Infiniment personnalisable, simplement parfait.<\/p>\n<p>&nbsp;<\/p>\n<div class=\"info-btn request-info\"><a class=\"open-contact-modal\" role=\"button\"><span>DEMANDER DES INFORMATIONS<\/span><\/a><\/div>\n<div class=\"info-btn download\"><a href=\"https:\/\/tapigroup.com\/wp-content\/uploads\/2021\/09\/Tema.pdf\">T\u00c9L\u00c9CHARGER LA FICHE TECHNIQUE<\/a><\/div>\n","protected":false},"featured_media":27266,"template":"","meta":[],"product_brand":[],"product_cat":[133],"product_tag":[164,163,136],"class_list":{"0":"post-18570","1":"product","2":"type-product","3":"status-publish","4":"has-post-thumbnail","6":"product_cat-spiritueux-fr","7":"product_tag-bouchon-a-tete-fr","8":"product_tag-collection-fr","9":"product_tag-plastique-fr","11":"first","12":"instock","13":"shipping-taxable","14":"product-type-simple"},"yoast_head":"<!-- This site is optimized with the Yoast SEO plugin v27.2 - https:\/\/yoast.com\/product\/yoast-seo-wordpress\/ -->\n<title>Tema - Tap\u00ec Group<\/title>\n<meta name=\"robots\" content=\"index, follow, max-snippet:-1, max-image-preview:large, max-video-preview:-1\" \/>\n<link rel=\"canonical\" href=\"https:\/\/tapigroup.com\/fr\/production-caps\/spiritueux-fr\/tema\/\" \/>\n<meta property=\"og:locale\" content=\"fr_FR\" \/>\n<meta property=\"og:type\" content=\"article\" \/>\n<meta property=\"og:title\" content=\"Tema - Tap\u00ec Group\" \/>\n<meta property=\"og:description\" content=\"Bouchon\u00a0\u00e0 t\u00eate.\u00a0T\u00eate et corps synth\u00e9tiques.  Tema propose un design minimaliste et intemporel qui compl\u00e8te le produit avec \u00e9l\u00e9gance. Infiniment personnalisable, simplement parfait.  &nbsp; DEMANDER DES INFORMATIONS T\u00c9L\u00c9CHARGER LA FICHE TECHNIQUE\" \/>\n<meta property=\"og:url\" content=\"https:\/\/tapigroup.com\/fr\/production-caps\/spiritueux-fr\/tema\/\" \/>\n<meta property=\"og:site_name\" content=\"Tap\u00ec Group\" \/>\n<meta property=\"article:modified_time\" content=\"2023-01-26T13:47:23+00:00\" \/>\n<meta property=\"og:image\" content=\"https:\/\/tapigroup.com\/wp-content\/uploads\/2021\/09\/Tema_style.jpg\" \/>\n\t<meta property=\"og:image:width\" content=\"1063\" \/>\n\t<meta property=\"og:image:height\" content=\"1651\" \/>\n\t<meta property=\"og:image:type\" content=\"image\/jpeg\" \/>\n<meta name=\"twitter:card\" content=\"summary_large_image\" \/>\n<meta name=\"twitter:label1\" content=\"Dur\u00e9e de lecture estim\u00e9e\" \/>\n\t<meta name=\"twitter:data1\" content=\"2 minutes\" \/>\n<script type=\"application\/ld+json\" class=\"yoast-schema-graph\">{\"@context\":\"https:\/\/schema.org\",\"@graph\":[{\"@type\":\"WebPage\",\"@id\":\"https:\/\/tapigroup.com\/fr\/production-caps\/spiritueux-fr\/tema\/\",\"url\":\"https:\/\/tapigroup.com\/fr\/production-caps\/spiritueux-fr\/tema\/\",\"name\":\"Tema - Tap\u00ec Group\",\"isPartOf\":{\"@id\":\"https:\/\/tapigroup.com\/fr\/#website\"},\"primaryImageOfPage\":{\"@id\":\"https:\/\/tapigroup.com\/fr\/production-caps\/spiritueux-fr\/tema\/#primaryimage\"},\"image\":{\"@id\":\"https:\/\/tapigroup.com\/fr\/production-caps\/spiritueux-fr\/tema\/#primaryimage\"},\"thumbnailUrl\":\"https:\/\/tapigroup.com\/wp-content\/uploads\/2021\/09\/Tema_style.jpg\",\"datePublished\":\"2021-09-29T12:59:56+00:00\",\"dateModified\":\"2023-01-26T13:47:23+00:00\",\"breadcrumb\":{\"@id\":\"https:\/\/tapigroup.com\/fr\/production-caps\/spiritueux-fr\/tema\/#breadcrumb\"},\"inLanguage\":\"fr-FR\",\"potentialAction\":[{\"@type\":\"ReadAction\",\"target\":[\"https:\/\/tapigroup.com\/fr\/production-caps\/spiritueux-fr\/tema\/\"]}]},{\"@type\":\"ImageObject\",\"inLanguage\":\"fr-FR\",\"@id\":\"https:\/\/tapigroup.com\/fr\/production-caps\/spiritueux-fr\/tema\/#primaryimage\",\"url\":\"https:\/\/tapigroup.com\/wp-content\/uploads\/2021\/09\/Tema_style.jpg\",\"contentUrl\":\"https:\/\/tapigroup.com\/wp-content\/uploads\/2021\/09\/Tema_style.jpg\",\"width\":1063,\"height\":1651,\"caption\":\"Tema style spirits plastics\"},{\"@type\":\"BreadcrumbList\",\"@id\":\"https:\/\/tapigroup.com\/fr\/production-caps\/spiritueux-fr\/tema\/#breadcrumb\",\"itemListElement\":[{\"@type\":\"ListItem\",\"position\":1,\"name\":\"Produits\",\"item\":\"https:\/\/tapigroup.com\/fr\/shop\/\"},{\"@type\":\"ListItem\",\"position\":2,\"name\":\"Tema\"}]},{\"@type\":\"WebSite\",\"@id\":\"https:\/\/tapigroup.com\/fr\/#website\",\"url\":\"https:\/\/tapigroup.com\/fr\/\",\"name\":\"Tap\u00ec Group\",\"description\":\"Made to be Opened\",\"potentialAction\":[{\"@type\":\"SearchAction\",\"target\":{\"@type\":\"EntryPoint\",\"urlTemplate\":\"https:\/\/tapigroup.com\/fr\/?s={search_term_string}\"},\"query-input\":{\"@type\":\"PropertyValueSpecification\",\"valueRequired\":true,\"valueName\":\"search_term_string\"}}],\"inLanguage\":\"fr-FR\"}]}<\/script>\n<!-- \/ Yoast SEO plugin. -->","yoast_head_json":{"title":"Tema - Tap\u00ec Group","robots":{"index":"index","follow":"follow","max-snippet":"max-snippet:-1","max-image-preview":"max-image-preview:large","max-video-preview":"max-video-preview:-1"},"canonical":"https:\/\/tapigroup.com\/fr\/production-caps\/spiritueux-fr\/tema\/","og_locale":"fr_FR","og_type":"article","og_title":"Tema - Tap\u00ec Group","og_description":"Bouchon\u00a0\u00e0 t\u00eate.\u00a0T\u00eate et corps synth\u00e9tiques.  Tema propose un design minimaliste et intemporel qui compl\u00e8te le produit avec \u00e9l\u00e9gance. Infiniment personnalisable, simplement parfait.  &nbsp; DEMANDER DES INFORMATIONS T\u00c9L\u00c9CHARGER LA FICHE TECHNIQUE","og_url":"https:\/\/tapigroup.com\/fr\/production-caps\/spiritueux-fr\/tema\/","og_site_name":"Tap\u00ec Group","article_modified_time":"2023-01-26T13:47:23+00:00","og_image":[{"width":1063,"height":1651,"url":"https:\/\/tapigroup.com\/wp-content\/uploads\/2021\/09\/Tema_style.jpg","type":"image\/jpeg"}],"twitter_card":"summary_large_image","twitter_misc":{"Dur\u00e9e de lecture estim\u00e9e":"2 minutes"},"schema":{"@context":"https:\/\/schema.org","@graph":[{"@type":"WebPage","@id":"https:\/\/tapigroup.com\/fr\/production-caps\/spiritueux-fr\/tema\/","url":"https:\/\/tapigroup.com\/fr\/production-caps\/spiritueux-fr\/tema\/","name":"Tema - Tap\u00ec Group","isPartOf":{"@id":"https:\/\/tapigroup.com\/fr\/#website"},"primaryImageOfPage":{"@id":"https:\/\/tapigroup.com\/fr\/production-caps\/spiritueux-fr\/tema\/#primaryimage"},"image":{"@id":"https:\/\/tapigroup.com\/fr\/production-caps\/spiritueux-fr\/tema\/#primaryimage"},"thumbnailUrl":"https:\/\/tapigroup.com\/wp-content\/uploads\/2021\/09\/Tema_style.jpg","datePublished":"2021-09-29T12:59:56+00:00","dateModified":"2023-01-26T13:47:23+00:00","breadcrumb":{"@id":"https:\/\/tapigroup.com\/fr\/production-caps\/spiritueux-fr\/tema\/#breadcrumb"},"inLanguage":"fr-FR","potentialAction":[{"@type":"ReadAction","target":["https:\/\/tapigroup.com\/fr\/production-caps\/spiritueux-fr\/tema\/"]}]},{"@type":"ImageObject","inLanguage":"fr-FR","@id":"https:\/\/tapigroup.com\/fr\/production-caps\/spiritueux-fr\/tema\/#primaryimage","url":"https:\/\/tapigroup.com\/wp-content\/uploads\/2021\/09\/Tema_style.jpg","contentUrl":"https:\/\/tapigroup.com\/wp-content\/uploads\/2021\/09\/Tema_style.jpg","width":1063,"height":1651,"caption":"Tema style spirits plastics"},{"@type":"BreadcrumbList","@id":"https:\/\/tapigroup.com\/fr\/production-caps\/spiritueux-fr\/tema\/#breadcrumb","itemListElement":[{"@type":"ListItem","position":1,"name":"Produits","item":"https:\/\/tapigroup.com\/fr\/shop\/"},{"@type":"ListItem","position":2,"name":"Tema"}]},{"@type":"WebSite","@id":"https:\/\/tapigroup.com\/fr\/#website","url":"https:\/\/tapigroup.com\/fr\/","name":"Tap\u00ec Group","description":"Made to be Opened","potentialAction":[{"@type":"SearchAction","target":{"@type":"EntryPoint","urlTemplate":"https:\/\/tapigroup.com\/fr\/?s={search_term_string}"},"query-input":{"@type":"PropertyValueSpecification","valueRequired":true,"valueName":"search_term_string"}}],"inLanguage":"fr-FR"}]}},"_links":{"self":[{"href":"https:\/\/tapigroup.com\/fr\/wp-json\/wp\/v2\/product\/18570","targetHints":{"allow":["GET"]}}],"collection":[{"href":"https:\/\/tapigroup.com\/fr\/wp-json\/wp\/v2\/product"}],"about":[{"href":"https:\/\/tapigroup.com\/fr\/wp-json\/wp\/v2\/types\/product"}],"version-history":[{"count":6,"href":"https:\/\/tapigroup.com\/fr\/wp-json\/wp\/v2\/product\/18570\/revisions"}],"predecessor-version":[{"id":28843,"href":"https:\/\/tapigroup.com\/fr\/wp-json\/wp\/v2\/product\/18570\/revisions\/28843"}],"wp:featuredmedia":[{"embeddable":true,"href":"https:\/\/tapigroup.com\/fr\/wp-json\/wp\/v2\/media\/27266"}],"wp:attachment":[{"href":"https:\/\/tapigroup.com\/fr\/wp-json\/wp\/v2\/media?parent=18570"}],"wp:term":[{"taxonomy":"product_brand","embeddable":true,"href":"https:\/\/tapigroup.com\/fr\/wp-json\/wp\/v2\/product_brand?post=18570"},{"taxonomy":"product_cat","embeddable":true,"href":"https:\/\/tapigroup.com\/fr\/wp-json\/wp\/v2\/product_cat?post=18570"},{"taxonomy":"product_tag","embeddable":true,"href":"https:\/\/tapigroup.com\/fr\/wp-json\/wp\/v2\/product_tag?post=18570"}],"curies":[{"name":"wp","href":"https:\/\/api.w.org\/{rel}","templated":true}]}}