{"id":13638,"date":"2020-01-29T14:25:14","date_gmt":"2020-01-29T13:25:14","guid":{"rendered":"http:\/\/tapigroup.com\/production-caps\/non%20class\u00e9\/mono-mix-pourer\/"},"modified":"2023-01-27T09:55:41","modified_gmt":"2023-01-27T08:55:41","slug":"mono-mix-pourer","status":"publish","type":"product","link":"https:\/\/tapigroup.com\/fr\/production-caps\/condiments-fr\/mono-mix-pourer\/","title":{"rendered":"Mono-Mix"},"content":{"rendered":"\t\t<div data-elementor-type=\"wp-post\" data-elementor-id=\"13638\" class=\"elementor elementor-13638 elementor-1206\" data-elementor-post-type=\"product\">\n\t\t\t\t\t\t<section class=\"elementor-section elementor-top-section elementor-element elementor-element-83dec65 elementor-section-boxed elementor-section-height-default elementor-section-height-default\" data-id=\"83dec65\" data-element_type=\"section\" data-e-type=\"section\">\n\t\t\t\t\t\t<div class=\"elementor-container elementor-column-gap-default\">\n\t\t\t\t\t<div class=\"elementor-column elementor-col-50 elementor-top-column elementor-element elementor-element-d5b8050\" data-id=\"d5b8050\" data-element_type=\"column\" data-e-type=\"column\">\n\t\t\t<div class=\"elementor-widget-wrap elementor-element-populated\">\n\t\t\t\t\t\t<div class=\"elementor-element elementor-element-a00121e elementor-widget elementor-widget-heading\" data-id=\"a00121e\" data-element_type=\"widget\" data-e-type=\"widget\" data-widget_type=\"heading.default\">\n\t\t\t\t<div class=\"elementor-widget-container\">\n\t\t\t\t\t<h3 class=\"elementor-heading-title elementor-size-default\">PERSONNALISATIONS <\/h3>\t\t\t\t<\/div>\n\t\t\t\t<\/div>\n\t\t\t\t<div class=\"elementor-element elementor-element-fb11c91 gallery-spacing-custom elementor-widget elementor-widget-image-gallery\" data-id=\"fb11c91\" data-element_type=\"widget\" data-e-type=\"widget\" data-widget_type=\"image-gallery.default\">\n\t\t\t\t<div class=\"elementor-widget-container\">\n\t\t\t\t\t\t\t<div class=\"elementor-image-gallery\">\n\t\t\t\n\t\t<style type=\"text\/css\">\n\t\t\t#gallery-1 {\n\t\t\t\tmargin: auto;\n\t\t\t}\n\t\t\t#gallery-1 .gallery-item {\n\t\t\t\tfloat: left;\n\t\t\t\tmargin-top: 10px;\n\t\t\t\ttext-align: center;\n\t\t\t\twidth: 25%;\n\t\t\t}\n\t\t\t#gallery-1 img {\n\t\t\t\tborder: 2px solid #cfcfcf;\n\t\t\t}\n\t\t\t#gallery-1 .gallery-caption {\n\t\t\t\tmargin-left: 0;\n\t\t\t}\n\t\t\t\/* see gallery_shortcode() in wp-includes\/media.php *\/\n\t\t<\/style>\n\t\t<div id='gallery-1' class='gallery galleryid-13638 gallery-columns-4 gallery-size-thumbnail'><dl class='gallery-item'>\n\t\t\t<dt class='gallery-icon landscape'>\n\t\t\t\t<a data-elementor-open-lightbox=\"yes\" data-elementor-lightbox-slideshow=\"fb11c91\" data-elementor-lightbox-title=\"pers-mono-mix-embossing\" data-e-action-hash=\"#elementor-action%3Aaction%3Dlightbox%26settings%3DeyJpZCI6NzEyMywidXJsIjoiaHR0cHM6XC9cL3RhcGlncm91cC5jb21cL3dwLWNvbnRlbnRcL3VwbG9hZHNcLzIwMjBcLzAyXC9wZXJzLW1vbm8tbWl4LWVtYm9zc2luZy5qcGciLCJzbGlkZXNob3ciOiJmYjExYzkxIn0%3D\" href='https:\/\/tapigroup.com\/wp-content\/uploads\/2020\/02\/pers-mono-mix-embossing.jpg'><img decoding=\"async\" width=\"150\" height=\"150\" src=\"https:\/\/tapigroup.com\/wp-content\/uploads\/2020\/02\/pers-mono-mix-embossing-150x150.jpg\" class=\"attachment-thumbnail size-thumbnail\" alt=\"\" aria-describedby=\"gallery-1-7123\" srcset=\"https:\/\/tapigroup.com\/wp-content\/uploads\/2020\/02\/pers-mono-mix-embossing-150x150.jpg 150w, https:\/\/tapigroup.com\/wp-content\/uploads\/2020\/02\/pers-mono-mix-embossing-240x240.jpg 240w, https:\/\/tapigroup.com\/wp-content\/uploads\/2020\/02\/pers-mono-mix-embossing-300x300.jpg 300w, https:\/\/tapigroup.com\/wp-content\/uploads\/2020\/02\/pers-mono-mix-embossing-440x440.jpg 440w, https:\/\/tapigroup.com\/wp-content\/uploads\/2020\/02\/pers-mono-mix-embossing-180x180.jpg 180w, https:\/\/tapigroup.com\/wp-content\/uploads\/2020\/02\/pers-mono-mix-embossing-120x120.jpg 120w, https:\/\/tapigroup.com\/wp-content\/uploads\/2020\/02\/pers-mono-mix-embossing-540x540.jpg 540w, https:\/\/tapigroup.com\/wp-content\/uploads\/2020\/02\/pers-mono-mix-embossing.jpg 600w\" sizes=\"(max-width: 150px) 100vw, 150px\" \/><\/a>\n\t\t\t<\/dt>\n\t\t\t\t<dd class='wp-caption-text gallery-caption' id='gallery-1-7123'>\n\t\t\t\tTop Embossing\n\t\t\t\t<\/dd><\/dl><dl class='gallery-item'>\n\t\t\t<dt class='gallery-icon landscape'>\n\t\t\t\t<a data-elementor-open-lightbox=\"yes\" data-elementor-lightbox-slideshow=\"fb11c91\" data-elementor-lightbox-title=\"pers-monoblocco-debossing\" data-e-action-hash=\"#elementor-action%3Aaction%3Dlightbox%26settings%3DeyJpZCI6Nzc3NSwidXJsIjoiaHR0cHM6XC9cL3RhcGlncm91cC5jb21cL3dwLWNvbnRlbnRcL3VwbG9hZHNcLzIwMjBcLzA1XC9wZXJzLW1vbm9ibG9jY28tZGVib3NzaW5nLmpwZyIsInNsaWRlc2hvdyI6ImZiMTFjOTEifQ%3D%3D\" href='https:\/\/tapigroup.com\/wp-content\/uploads\/2020\/05\/pers-monoblocco-debossing.jpg'><img decoding=\"async\" width=\"150\" height=\"150\" src=\"https:\/\/tapigroup.com\/wp-content\/uploads\/2020\/05\/pers-monoblocco-debossing-150x150.jpg\" class=\"attachment-thumbnail size-thumbnail\" alt=\"\" aria-describedby=\"gallery-1-7775\" srcset=\"https:\/\/tapigroup.com\/wp-content\/uploads\/2020\/05\/pers-monoblocco-debossing-150x150.jpg 150w, https:\/\/tapigroup.com\/wp-content\/uploads\/2020\/05\/pers-monoblocco-debossing-240x240.jpg 240w, https:\/\/tapigroup.com\/wp-content\/uploads\/2020\/05\/pers-monoblocco-debossing-300x300.jpg 300w, https:\/\/tapigroup.com\/wp-content\/uploads\/2020\/05\/pers-monoblocco-debossing-440x440.jpg 440w, https:\/\/tapigroup.com\/wp-content\/uploads\/2020\/05\/pers-monoblocco-debossing-180x180.jpg 180w, https:\/\/tapigroup.com\/wp-content\/uploads\/2020\/05\/pers-monoblocco-debossing-120x120.jpg 120w, https:\/\/tapigroup.com\/wp-content\/uploads\/2020\/05\/pers-monoblocco-debossing-540x540.jpg 540w, https:\/\/tapigroup.com\/wp-content\/uploads\/2020\/05\/pers-monoblocco-debossing.jpg 600w\" sizes=\"(max-width: 150px) 100vw, 150px\" \/><\/a>\n\t\t\t<\/dt>\n\t\t\t\t<dd class='wp-caption-text gallery-caption' id='gallery-1-7775'>\n\t\t\t\tTop Debossing\n\t\t\t\t<\/dd><\/dl><dl class='gallery-item'>\n\t\t\t<dt class='gallery-icon landscape'>\n\t\t\t\t<a data-elementor-open-lightbox=\"yes\" data-elementor-lightbox-slideshow=\"fb11c91\" data-elementor-lightbox-title=\"pers-mono-mix-hot-stamp\" data-e-action-hash=\"#elementor-action%3Aaction%3Dlightbox%26settings%3DeyJpZCI6NzEzMSwidXJsIjoiaHR0cHM6XC9cL3RhcGlncm91cC5jb21cL3dwLWNvbnRlbnRcL3VwbG9hZHNcLzIwMjBcLzAyXC9wZXJzLW1vbm8tbWl4LWhvdC1zdGFtcC5qcGciLCJzbGlkZXNob3ciOiJmYjExYzkxIn0%3D\" href='https:\/\/tapigroup.com\/wp-content\/uploads\/2020\/02\/pers-mono-mix-hot-stamp.jpg'><img decoding=\"async\" width=\"150\" height=\"150\" src=\"https:\/\/tapigroup.com\/wp-content\/uploads\/2020\/02\/pers-mono-mix-hot-stamp-150x150.jpg\" class=\"attachment-thumbnail size-thumbnail\" alt=\"\" aria-describedby=\"gallery-1-7131\" srcset=\"https:\/\/tapigroup.com\/wp-content\/uploads\/2020\/02\/pers-mono-mix-hot-stamp-150x150.jpg 150w, https:\/\/tapigroup.com\/wp-content\/uploads\/2020\/02\/pers-mono-mix-hot-stamp-240x240.jpg 240w, https:\/\/tapigroup.com\/wp-content\/uploads\/2020\/02\/pers-mono-mix-hot-stamp-300x300.jpg 300w, https:\/\/tapigroup.com\/wp-content\/uploads\/2020\/02\/pers-mono-mix-hot-stamp-440x440.jpg 440w, https:\/\/tapigroup.com\/wp-content\/uploads\/2020\/02\/pers-mono-mix-hot-stamp-180x180.jpg 180w, https:\/\/tapigroup.com\/wp-content\/uploads\/2020\/02\/pers-mono-mix-hot-stamp-120x120.jpg 120w, https:\/\/tapigroup.com\/wp-content\/uploads\/2020\/02\/pers-mono-mix-hot-stamp-540x540.jpg 540w, https:\/\/tapigroup.com\/wp-content\/uploads\/2020\/02\/pers-mono-mix-hot-stamp.jpg 600w\" sizes=\"(max-width: 150px) 100vw, 150px\" \/><\/a>\n\t\t\t<\/dt>\n\t\t\t\t<dd class='wp-caption-text gallery-caption' id='gallery-1-7131'>\n\t\t\t\tTop Hot Stamp\n\t\t\t\t<\/dd><\/dl><dl class='gallery-item'>\n\t\t\t<dt class='gallery-icon landscape'>\n\t\t\t\t<a data-elementor-open-lightbox=\"yes\" data-elementor-lightbox-slideshow=\"fb11c91\" data-elementor-lightbox-title=\"pers-monoblocco-colour-customized-righetta\" data-e-action-hash=\"#elementor-action%3Aaction%3Dlightbox%26settings%3DeyJpZCI6NzEzNSwidXJsIjoiaHR0cHM6XC9cL3RhcGlncm91cC5jb21cL3dwLWNvbnRlbnRcL3VwbG9hZHNcLzIwMjBcLzAyXC9wZXJzLW1vbm9ibG9jY28tY29sb3VyLWN1c3RvbWl6ZWQtcmlnaGV0dGEuanBnIiwic2xpZGVzaG93IjoiZmIxMWM5MSJ9\" href='https:\/\/tapigroup.com\/wp-content\/uploads\/2020\/02\/pers-monoblocco-colour-customized-righetta.jpg'><img loading=\"lazy\" decoding=\"async\" width=\"150\" height=\"150\" src=\"https:\/\/tapigroup.com\/wp-content\/uploads\/2020\/02\/pers-monoblocco-colour-customized-righetta-150x150.jpg\" class=\"attachment-thumbnail size-thumbnail\" alt=\"\" aria-describedby=\"gallery-1-7135\" srcset=\"https:\/\/tapigroup.com\/wp-content\/uploads\/2020\/02\/pers-monoblocco-colour-customized-righetta-150x150.jpg 150w, https:\/\/tapigroup.com\/wp-content\/uploads\/2020\/02\/pers-monoblocco-colour-customized-righetta-240x240.jpg 240w, https:\/\/tapigroup.com\/wp-content\/uploads\/2020\/02\/pers-monoblocco-colour-customized-righetta-300x300.jpg 300w, https:\/\/tapigroup.com\/wp-content\/uploads\/2020\/02\/pers-monoblocco-colour-customized-righetta-440x440.jpg 440w, https:\/\/tapigroup.com\/wp-content\/uploads\/2020\/02\/pers-monoblocco-colour-customized-righetta-180x180.jpg 180w, https:\/\/tapigroup.com\/wp-content\/uploads\/2020\/02\/pers-monoblocco-colour-customized-righetta-120x120.jpg 120w, https:\/\/tapigroup.com\/wp-content\/uploads\/2020\/02\/pers-monoblocco-colour-customized-righetta-540x540.jpg 540w, https:\/\/tapigroup.com\/wp-content\/uploads\/2020\/02\/pers-monoblocco-colour-customized-righetta.jpg 600w\" sizes=\"(max-width: 150px) 100vw, 150px\" \/><\/a>\n\t\t\t<\/dt>\n\t\t\t\t<dd class='wp-caption-text gallery-caption' id='gallery-1-7135'>\n\t\t\t\tCustomized Color\n\t\t\t\t<\/dd><\/dl><br style=\"clear: both\" \/><dl class='gallery-item'>\n\t\t\t<dt class='gallery-icon landscape'>\n\t\t\t\t<a data-elementor-open-lightbox=\"yes\" data-elementor-lightbox-slideshow=\"fb11c91\" data-elementor-lightbox-title=\"pers-bicolor-senza-zigrinatura\" data-e-action-hash=\"#elementor-action%3Aaction%3Dlightbox%26settings%3DeyJpZCI6ODAyNywidXJsIjoiaHR0cHM6XC9cL3RhcGlncm91cC5jb21cL3dwLWNvbnRlbnRcL3VwbG9hZHNcLzIwMjBcLzA1XC9wZXJzLWJpY29sb3Itc2VuemEtemlncmluYXR1cmEuanBnIiwic2xpZGVzaG93IjoiZmIxMWM5MSJ9\" href='https:\/\/tapigroup.com\/wp-content\/uploads\/2020\/05\/pers-bicolor-senza-zigrinatura.jpg'><img loading=\"lazy\" decoding=\"async\" width=\"150\" height=\"150\" src=\"https:\/\/tapigroup.com\/wp-content\/uploads\/2020\/05\/pers-bicolor-senza-zigrinatura-150x150.jpg\" class=\"attachment-thumbnail size-thumbnail\" alt=\"\" aria-describedby=\"gallery-1-8027\" srcset=\"https:\/\/tapigroup.com\/wp-content\/uploads\/2020\/05\/pers-bicolor-senza-zigrinatura-150x150.jpg 150w, https:\/\/tapigroup.com\/wp-content\/uploads\/2020\/05\/pers-bicolor-senza-zigrinatura-240x240.jpg 240w, https:\/\/tapigroup.com\/wp-content\/uploads\/2020\/05\/pers-bicolor-senza-zigrinatura-300x300.jpg 300w, https:\/\/tapigroup.com\/wp-content\/uploads\/2020\/05\/pers-bicolor-senza-zigrinatura-440x440.jpg 440w, https:\/\/tapigroup.com\/wp-content\/uploads\/2020\/05\/pers-bicolor-senza-zigrinatura-180x180.jpg 180w, https:\/\/tapigroup.com\/wp-content\/uploads\/2020\/05\/pers-bicolor-senza-zigrinatura-120x120.jpg 120w, https:\/\/tapigroup.com\/wp-content\/uploads\/2020\/05\/pers-bicolor-senza-zigrinatura-540x540.jpg 540w, https:\/\/tapigroup.com\/wp-content\/uploads\/2020\/05\/pers-bicolor-senza-zigrinatura.jpg 600w\" sizes=\"(max-width: 150px) 100vw, 150px\" \/><\/a>\n\t\t\t<\/dt>\n\t\t\t\t<dd class='wp-caption-text gallery-caption' id='gallery-1-8027'>\n\t\t\t\tSmooth Side\n\t\t\t\t<\/dd><\/dl>\n\t\t\t<br style='clear: both' \/>\n\t\t<\/div>\n\t\t<\/div>\n\t\t\t\t\t\t<\/div>\n\t\t\t\t<\/div>\n\t\t\t\t\t<\/div>\n\t\t<\/div>\n\t\t\t\t<div class=\"elementor-column elementor-col-50 elementor-top-column elementor-element elementor-element-d3e3731\" data-id=\"d3e3731\" data-element_type=\"column\" data-e-type=\"column\">\n\t\t\t<div class=\"elementor-widget-wrap elementor-element-populated\">\n\t\t\t\t\t\t<div class=\"elementor-element elementor-element-d9deb04 elementor-widget elementor-widget-heading\" data-id=\"d9deb04\" data-element_type=\"widget\" data-e-type=\"widget\" data-widget_type=\"heading.default\">\n\t\t\t\t<div class=\"elementor-widget-container\">\n\t\t\t\t\t<h3 class=\"elementor-heading-title elementor-size-default\">CORPS<\/h3>\t\t\t\t<\/div>\n\t\t\t\t<\/div>\n\t\t\t\t<div class=\"elementor-element elementor-element-3d614d7 gallery-spacing-custom elementor-widget elementor-widget-image-gallery\" data-id=\"3d614d7\" data-element_type=\"widget\" data-e-type=\"widget\" data-widget_type=\"image-gallery.default\">\n\t\t\t\t<div class=\"elementor-widget-container\">\n\t\t\t\t\t\t\t<div class=\"elementor-image-gallery\">\n\t\t\t\n\t\t<style type=\"text\/css\">\n\t\t\t#gallery-2 {\n\t\t\t\tmargin: auto;\n\t\t\t}\n\t\t\t#gallery-2 .gallery-item {\n\t\t\t\tfloat: left;\n\t\t\t\tmargin-top: 10px;\n\t\t\t\ttext-align: center;\n\t\t\t\twidth: 25%;\n\t\t\t}\n\t\t\t#gallery-2 img {\n\t\t\t\tborder: 2px solid #cfcfcf;\n\t\t\t}\n\t\t\t#gallery-2 .gallery-caption {\n\t\t\t\tmargin-left: 0;\n\t\t\t}\n\t\t\t\/* see gallery_shortcode() in wp-includes\/media.php *\/\n\t\t<\/style>\n\t\t<div id='gallery-2' class='gallery galleryid-13638 gallery-columns-4 gallery-size-thumbnail'><dl class='gallery-item'>\n\t\t\t<dt class='gallery-icon landscape'>\n\t\t\t\t<a data-elementor-open-lightbox=\"yes\" data-elementor-lightbox-slideshow=\"3d614d7\" data-elementor-lightbox-title=\"versatore-normale\" data-e-action-hash=\"#elementor-action%3Aaction%3Dlightbox%26settings%3DeyJpZCI6ODcyMCwidXJsIjoiaHR0cHM6XC9cL3RhcGlncm91cC5jb21cL3dwLWNvbnRlbnRcL3VwbG9hZHNcLzIwMjBcLzA3XC92ZXJzYXRvcmUtbm9ybWFsZS5qcGciLCJzbGlkZXNob3ciOiIzZDYxNGQ3In0%3D\" href='https:\/\/tapigroup.com\/wp-content\/uploads\/2020\/07\/versatore-normale.jpg'><img loading=\"lazy\" decoding=\"async\" width=\"150\" height=\"150\" src=\"https:\/\/tapigroup.com\/wp-content\/uploads\/2020\/07\/versatore-normale-150x150.jpg\" class=\"attachment-thumbnail size-thumbnail\" alt=\"\" aria-describedby=\"gallery-2-8720\" srcset=\"https:\/\/tapigroup.com\/wp-content\/uploads\/2020\/07\/versatore-normale-150x150.jpg 150w, https:\/\/tapigroup.com\/wp-content\/uploads\/2020\/07\/versatore-normale-240x240.jpg 240w, https:\/\/tapigroup.com\/wp-content\/uploads\/2020\/07\/versatore-normale-300x300.jpg 300w, https:\/\/tapigroup.com\/wp-content\/uploads\/2020\/07\/versatore-normale-768x768.jpg 768w, https:\/\/tapigroup.com\/wp-content\/uploads\/2020\/07\/versatore-normale-440x440.jpg 440w, https:\/\/tapigroup.com\/wp-content\/uploads\/2020\/07\/versatore-normale-180x180.jpg 180w, https:\/\/tapigroup.com\/wp-content\/uploads\/2020\/07\/versatore-normale-120x120.jpg 120w, https:\/\/tapigroup.com\/wp-content\/uploads\/2020\/07\/versatore-normale-540x540.jpg 540w, https:\/\/tapigroup.com\/wp-content\/uploads\/2020\/07\/versatore-normale.jpg 1000w\" sizes=\"(max-width: 150px) 100vw, 150px\" \/><\/a>\n\t\t\t<\/dt>\n\t\t\t\t<dd class='wp-caption-text gallery-caption' id='gallery-2-8720'>\n\t\t\t\tVerseur\n\t\t\t\t<\/dd><\/dl><dl class='gallery-item'>\n\t\t\t<dt class='gallery-icon landscape'>\n\t\t\t\t<a data-elementor-open-lightbox=\"yes\" data-elementor-lightbox-slideshow=\"3d614d7\" data-elementor-lightbox-title=\"Pourer\" data-e-action-hash=\"#elementor-action%3Aaction%3Dlightbox%26settings%3DeyJpZCI6ODY5MiwidXJsIjoiaHR0cHM6XC9cL3RhcGlncm91cC5jb21cL3dwLWNvbnRlbnRcL3VwbG9hZHNcLzIwMjBcLzA3XC92ZXJzYXRvcmUuanBnIiwic2xpZGVzaG93IjoiM2Q2MTRkNyJ9\" href='https:\/\/tapigroup.com\/wp-content\/uploads\/2020\/07\/versatore.jpg'><img loading=\"lazy\" decoding=\"async\" width=\"150\" height=\"150\" src=\"https:\/\/tapigroup.com\/wp-content\/uploads\/2020\/07\/versatore-150x150.jpg\" class=\"attachment-thumbnail size-thumbnail\" alt=\"\" aria-describedby=\"gallery-2-8692\" srcset=\"https:\/\/tapigroup.com\/wp-content\/uploads\/2020\/07\/versatore-150x150.jpg 150w, https:\/\/tapigroup.com\/wp-content\/uploads\/2020\/07\/versatore-240x240.jpg 240w, https:\/\/tapigroup.com\/wp-content\/uploads\/2020\/07\/versatore-300x300.jpg 300w, https:\/\/tapigroup.com\/wp-content\/uploads\/2020\/07\/versatore-768x768.jpg 768w, https:\/\/tapigroup.com\/wp-content\/uploads\/2020\/07\/versatore-440x440.jpg 440w, https:\/\/tapigroup.com\/wp-content\/uploads\/2020\/07\/versatore-180x180.jpg 180w, https:\/\/tapigroup.com\/wp-content\/uploads\/2020\/07\/versatore-120x120.jpg 120w, https:\/\/tapigroup.com\/wp-content\/uploads\/2020\/07\/versatore-540x540.jpg 540w, https:\/\/tapigroup.com\/wp-content\/uploads\/2020\/07\/versatore.jpg 1000w\" sizes=\"(max-width: 150px) 100vw, 150px\" \/><\/a>\n\t\t\t<\/dt>\n\t\t\t\t<dd class='wp-caption-text gallery-caption' id='gallery-2-8692'>\n\t\t\t\tVerseur Neos\n\t\t\t\t<\/dd><\/dl>\n\t\t\t<br style='clear: both' \/>\n\t\t<\/div>\n\t\t<\/div>\n\t\t\t\t\t\t<\/div>\n\t\t\t\t<\/div>\n\t\t\t\t\t<\/div>\n\t\t<\/div>\n\t\t\t\t\t<\/div>\n\t\t<\/section>\n\t\t\t\t<\/div>\n\t\t","protected":false},"excerpt":{"rendered":"<p><span>Bouchon verseur\u00a0<\/span><em>\u00e0 t\u00eate<\/em><span>. T\u00eate et corps synth\u00e9tiques. Mono-Mix est un produit au design minimaliste et raffin\u00e9 qui valorise la fonctionnalit\u00e9 innovante du verseur.<\/span><\/p>\n<p>&nbsp;<\/p>\n<div class=\"info-btn request-info\"><a class=\"open-contact-modal\" role=\"button\"><span>DEMANDER DES INFORMATIONS<\/span><\/a><\/div>\n<div class=\"info-btn download\"><a href=\"https:\/\/tapigroup.com\/wp-content\/uploads\/2020\/01\/Mono-mix.pdf\">T\u00c9L\u00c9CHARGER LA FICHE TECHNIQUE<\/a><\/div>\n","protected":false},"featured_media":27571,"template":"","meta":[],"product_brand":[],"product_cat":[132,133],"product_tag":[217,163,136],"class_list":{"0":"post-13638","1":"product","2":"type-product","3":"status-publish","4":"has-post-thumbnail","6":"product_cat-condiments-fr","7":"product_cat-spiritueux-fr","8":"product_tag-bouchon-verseur-fr","9":"product_tag-collection-fr","10":"product_tag-plastique-fr","12":"first","13":"instock","14":"shipping-taxable","15":"product-type-simple"},"yoast_head":"<!-- This site is optimized with the Yoast SEO plugin v27.2 - https:\/\/yoast.com\/product\/yoast-seo-wordpress\/ -->\n<title>Mono-Mix - Tap\u00ec Group<\/title>\n<meta name=\"robots\" content=\"index, follow, max-snippet:-1, max-image-preview:large, max-video-preview:-1\" \/>\n<link rel=\"canonical\" href=\"https:\/\/tapigroup.com\/fr\/production-caps\/condiments-fr\/mono-mix-pourer\/\" \/>\n<meta property=\"og:locale\" content=\"fr_FR\" \/>\n<meta property=\"og:type\" content=\"article\" \/>\n<meta property=\"og:title\" content=\"Mono-Mix - Tap\u00ec Group\" \/>\n<meta property=\"og:description\" content=\"Bouchon verseur\u00a0\u00e0 t\u00eate. T\u00eate et corps synth\u00e9tiques. Mono-Mix est un produit au design minimaliste et raffin\u00e9 qui valorise la fonctionnalit\u00e9 innovante du verseur.  &nbsp; DEMANDER DES INFORMATIONS T\u00c9L\u00c9CHARGER LA FICHE TECHNIQUE\" \/>\n<meta property=\"og:url\" content=\"https:\/\/tapigroup.com\/fr\/production-caps\/condiments-fr\/mono-mix-pourer\/\" \/>\n<meta property=\"og:site_name\" content=\"Tap\u00ec Group\" \/>\n<meta property=\"article:modified_time\" content=\"2023-01-27T08:55:41+00:00\" \/>\n<meta property=\"og:image\" content=\"https:\/\/tapigroup.com\/wp-content\/uploads\/2020\/01\/Mono-mix_style.jpg\" \/>\n\t<meta property=\"og:image:width\" content=\"1063\" \/>\n\t<meta property=\"og:image:height\" content=\"1651\" \/>\n\t<meta property=\"og:image:type\" content=\"image\/jpeg\" \/>\n<meta name=\"twitter:card\" content=\"summary_large_image\" \/>\n<meta name=\"twitter:label1\" content=\"Dur\u00e9e de lecture estim\u00e9e\" \/>\n\t<meta name=\"twitter:data1\" content=\"2 minutes\" \/>\n<script type=\"application\/ld+json\" class=\"yoast-schema-graph\">{\"@context\":\"https:\/\/schema.org\",\"@graph\":[{\"@type\":\"WebPage\",\"@id\":\"https:\/\/tapigroup.com\/fr\/production-caps\/condiments-fr\/mono-mix-pourer\/\",\"url\":\"https:\/\/tapigroup.com\/fr\/production-caps\/condiments-fr\/mono-mix-pourer\/\",\"name\":\"Mono-Mix - Tap\u00ec Group\",\"isPartOf\":{\"@id\":\"https:\/\/tapigroup.com\/fr\/#website\"},\"primaryImageOfPage\":{\"@id\":\"https:\/\/tapigroup.com\/fr\/production-caps\/condiments-fr\/mono-mix-pourer\/#primaryimage\"},\"image\":{\"@id\":\"https:\/\/tapigroup.com\/fr\/production-caps\/condiments-fr\/mono-mix-pourer\/#primaryimage\"},\"thumbnailUrl\":\"https:\/\/tapigroup.com\/wp-content\/uploads\/2020\/01\/Mono-mix_style.jpg\",\"datePublished\":\"2020-01-29T13:25:14+00:00\",\"dateModified\":\"2023-01-27T08:55:41+00:00\",\"breadcrumb\":{\"@id\":\"https:\/\/tapigroup.com\/fr\/production-caps\/condiments-fr\/mono-mix-pourer\/#breadcrumb\"},\"inLanguage\":\"fr-FR\",\"potentialAction\":[{\"@type\":\"ReadAction\",\"target\":[\"https:\/\/tapigroup.com\/fr\/production-caps\/condiments-fr\/mono-mix-pourer\/\"]}]},{\"@type\":\"ImageObject\",\"inLanguage\":\"fr-FR\",\"@id\":\"https:\/\/tapigroup.com\/fr\/production-caps\/condiments-fr\/mono-mix-pourer\/#primaryimage\",\"url\":\"https:\/\/tapigroup.com\/wp-content\/uploads\/2020\/01\/Mono-mix_style.jpg\",\"contentUrl\":\"https:\/\/tapigroup.com\/wp-content\/uploads\/2020\/01\/Mono-mix_style.jpg\",\"width\":1063,\"height\":1651,\"caption\":\"Mono-Mix styleMono-Mix style spirits condiments plastics\"},{\"@type\":\"BreadcrumbList\",\"@id\":\"https:\/\/tapigroup.com\/fr\/production-caps\/condiments-fr\/mono-mix-pourer\/#breadcrumb\",\"itemListElement\":[{\"@type\":\"ListItem\",\"position\":1,\"name\":\"Produits\",\"item\":\"https:\/\/tapigroup.com\/fr\/shop\/\"},{\"@type\":\"ListItem\",\"position\":2,\"name\":\"Mono-Mix\"}]},{\"@type\":\"WebSite\",\"@id\":\"https:\/\/tapigroup.com\/fr\/#website\",\"url\":\"https:\/\/tapigroup.com\/fr\/\",\"name\":\"Tap\u00ec Group\",\"description\":\"Made to be Opened\",\"potentialAction\":[{\"@type\":\"SearchAction\",\"target\":{\"@type\":\"EntryPoint\",\"urlTemplate\":\"https:\/\/tapigroup.com\/fr\/?s={search_term_string}\"},\"query-input\":{\"@type\":\"PropertyValueSpecification\",\"valueRequired\":true,\"valueName\":\"search_term_string\"}}],\"inLanguage\":\"fr-FR\"}]}<\/script>\n<!-- \/ Yoast SEO plugin. -->","yoast_head_json":{"title":"Mono-Mix - Tap\u00ec Group","robots":{"index":"index","follow":"follow","max-snippet":"max-snippet:-1","max-image-preview":"max-image-preview:large","max-video-preview":"max-video-preview:-1"},"canonical":"https:\/\/tapigroup.com\/fr\/production-caps\/condiments-fr\/mono-mix-pourer\/","og_locale":"fr_FR","og_type":"article","og_title":"Mono-Mix - Tap\u00ec Group","og_description":"Bouchon verseur\u00a0\u00e0 t\u00eate. T\u00eate et corps synth\u00e9tiques. Mono-Mix est un produit au design minimaliste et raffin\u00e9 qui valorise la fonctionnalit\u00e9 innovante du verseur.  &nbsp; DEMANDER DES INFORMATIONS T\u00c9L\u00c9CHARGER LA FICHE TECHNIQUE","og_url":"https:\/\/tapigroup.com\/fr\/production-caps\/condiments-fr\/mono-mix-pourer\/","og_site_name":"Tap\u00ec Group","article_modified_time":"2023-01-27T08:55:41+00:00","og_image":[{"width":1063,"height":1651,"url":"https:\/\/tapigroup.com\/wp-content\/uploads\/2020\/01\/Mono-mix_style.jpg","type":"image\/jpeg"}],"twitter_card":"summary_large_image","twitter_misc":{"Dur\u00e9e de lecture estim\u00e9e":"2 minutes"},"schema":{"@context":"https:\/\/schema.org","@graph":[{"@type":"WebPage","@id":"https:\/\/tapigroup.com\/fr\/production-caps\/condiments-fr\/mono-mix-pourer\/","url":"https:\/\/tapigroup.com\/fr\/production-caps\/condiments-fr\/mono-mix-pourer\/","name":"Mono-Mix - Tap\u00ec Group","isPartOf":{"@id":"https:\/\/tapigroup.com\/fr\/#website"},"primaryImageOfPage":{"@id":"https:\/\/tapigroup.com\/fr\/production-caps\/condiments-fr\/mono-mix-pourer\/#primaryimage"},"image":{"@id":"https:\/\/tapigroup.com\/fr\/production-caps\/condiments-fr\/mono-mix-pourer\/#primaryimage"},"thumbnailUrl":"https:\/\/tapigroup.com\/wp-content\/uploads\/2020\/01\/Mono-mix_style.jpg","datePublished":"2020-01-29T13:25:14+00:00","dateModified":"2023-01-27T08:55:41+00:00","breadcrumb":{"@id":"https:\/\/tapigroup.com\/fr\/production-caps\/condiments-fr\/mono-mix-pourer\/#breadcrumb"},"inLanguage":"fr-FR","potentialAction":[{"@type":"ReadAction","target":["https:\/\/tapigroup.com\/fr\/production-caps\/condiments-fr\/mono-mix-pourer\/"]}]},{"@type":"ImageObject","inLanguage":"fr-FR","@id":"https:\/\/tapigroup.com\/fr\/production-caps\/condiments-fr\/mono-mix-pourer\/#primaryimage","url":"https:\/\/tapigroup.com\/wp-content\/uploads\/2020\/01\/Mono-mix_style.jpg","contentUrl":"https:\/\/tapigroup.com\/wp-content\/uploads\/2020\/01\/Mono-mix_style.jpg","width":1063,"height":1651,"caption":"Mono-Mix styleMono-Mix style spirits condiments plastics"},{"@type":"BreadcrumbList","@id":"https:\/\/tapigroup.com\/fr\/production-caps\/condiments-fr\/mono-mix-pourer\/#breadcrumb","itemListElement":[{"@type":"ListItem","position":1,"name":"Produits","item":"https:\/\/tapigroup.com\/fr\/shop\/"},{"@type":"ListItem","position":2,"name":"Mono-Mix"}]},{"@type":"WebSite","@id":"https:\/\/tapigroup.com\/fr\/#website","url":"https:\/\/tapigroup.com\/fr\/","name":"Tap\u00ec Group","description":"Made to be Opened","potentialAction":[{"@type":"SearchAction","target":{"@type":"EntryPoint","urlTemplate":"https:\/\/tapigroup.com\/fr\/?s={search_term_string}"},"query-input":{"@type":"PropertyValueSpecification","valueRequired":true,"valueName":"search_term_string"}}],"inLanguage":"fr-FR"}]}},"_links":{"self":[{"href":"https:\/\/tapigroup.com\/fr\/wp-json\/wp\/v2\/product\/13638","targetHints":{"allow":["GET"]}}],"collection":[{"href":"https:\/\/tapigroup.com\/fr\/wp-json\/wp\/v2\/product"}],"about":[{"href":"https:\/\/tapigroup.com\/fr\/wp-json\/wp\/v2\/types\/product"}],"version-history":[{"count":5,"href":"https:\/\/tapigroup.com\/fr\/wp-json\/wp\/v2\/product\/13638\/revisions"}],"predecessor-version":[{"id":28921,"href":"https:\/\/tapigroup.com\/fr\/wp-json\/wp\/v2\/product\/13638\/revisions\/28921"}],"wp:featuredmedia":[{"embeddable":true,"href":"https:\/\/tapigroup.com\/fr\/wp-json\/wp\/v2\/media\/27571"}],"wp:attachment":[{"href":"https:\/\/tapigroup.com\/fr\/wp-json\/wp\/v2\/media?parent=13638"}],"wp:term":[{"taxonomy":"product_brand","embeddable":true,"href":"https:\/\/tapigroup.com\/fr\/wp-json\/wp\/v2\/product_brand?post=13638"},{"taxonomy":"product_cat","embeddable":true,"href":"https:\/\/tapigroup.com\/fr\/wp-json\/wp\/v2\/product_cat?post=13638"},{"taxonomy":"product_tag","embeddable":true,"href":"https:\/\/tapigroup.com\/fr\/wp-json\/wp\/v2\/product_tag?post=13638"}],"curies":[{"name":"wp","href":"https:\/\/api.w.org\/{rel}","templated":true}]}}