{"id":13620,"date":"2020-01-29T14:26:05","date_gmt":"2020-01-29T13:26:05","guid":{"rendered":"http:\/\/tapigroup.com\/production-caps\/non%20class\u00e9\/mini-t-mix-synthetic\/"},"modified":"2024-11-26T12:03:48","modified_gmt":"2024-11-26T11:03:48","slug":"mini-mono-mix","status":"publish","type":"product","link":"https:\/\/tapigroup.com\/fr\/production-caps\/condiments-fr\/mini-mono-mix\/","title":{"rendered":"Mini Mono-Mix"},"content":{"rendered":"\t\t<div data-elementor-type=\"wp-post\" data-elementor-id=\"13620\" class=\"elementor elementor-13620 elementor-1208\" data-elementor-post-type=\"product\">\n\t\t\t\t\t\t<section class=\"elementor-section elementor-top-section elementor-element elementor-element-4dc34a6 elementor-section-boxed elementor-section-height-default elementor-section-height-default\" data-id=\"4dc34a6\" data-element_type=\"section\" data-e-type=\"section\">\n\t\t\t\t\t\t<div class=\"elementor-container elementor-column-gap-default\">\n\t\t\t\t\t<div class=\"elementor-column elementor-col-50 elementor-top-column elementor-element elementor-element-9fcb779\" data-id=\"9fcb779\" data-element_type=\"column\" data-e-type=\"column\">\n\t\t\t<div class=\"elementor-widget-wrap elementor-element-populated\">\n\t\t\t\t\t\t<div class=\"elementor-element elementor-element-fe3f3e5 elementor-widget elementor-widget-heading\" data-id=\"fe3f3e5\" data-element_type=\"widget\" data-e-type=\"widget\" data-widget_type=\"heading.default\">\n\t\t\t\t<div class=\"elementor-widget-container\">\n\t\t\t\t\t<h3 class=\"elementor-heading-title elementor-size-default\">PERSONNALISATIONS<\/h3>\t\t\t\t<\/div>\n\t\t\t\t<\/div>\n\t\t\t\t<div class=\"elementor-element elementor-element-f2ff492 gallery-spacing-custom elementor-widget elementor-widget-image-gallery\" data-id=\"f2ff492\" data-element_type=\"widget\" data-e-type=\"widget\" data-widget_type=\"image-gallery.default\">\n\t\t\t\t<div class=\"elementor-widget-container\">\n\t\t\t\t\t\t\t<div class=\"elementor-image-gallery\">\n\t\t\t\n\t\t<style type=\"text\/css\">\n\t\t\t#gallery-1 {\n\t\t\t\tmargin: auto;\n\t\t\t}\n\t\t\t#gallery-1 .gallery-item {\n\t\t\t\tfloat: left;\n\t\t\t\tmargin-top: 10px;\n\t\t\t\ttext-align: center;\n\t\t\t\twidth: 25%;\n\t\t\t}\n\t\t\t#gallery-1 img {\n\t\t\t\tborder: 2px solid #cfcfcf;\n\t\t\t}\n\t\t\t#gallery-1 .gallery-caption {\n\t\t\t\tmargin-left: 0;\n\t\t\t}\n\t\t\t\/* see gallery_shortcode() in wp-includes\/media.php *\/\n\t\t<\/style>\n\t\t<div id='gallery-1' class='gallery galleryid-13620 gallery-columns-4 gallery-size-thumbnail'><dl class='gallery-item'>\n\t\t\t<dt class='gallery-icon landscape'>\n\t\t\t\t<a data-elementor-open-lightbox=\"yes\" data-elementor-lightbox-slideshow=\"f2ff492\" data-elementor-lightbox-title=\"pers-t-mix-colore\" data-e-action-hash=\"#elementor-action%3Aaction%3Dlightbox%26settings%3DeyJpZCI6Njk3MSwidXJsIjoiaHR0cHM6XC9cL3RhcGlncm91cC5jb21cL3dwLWNvbnRlbnRcL3VwbG9hZHNcLzIwMjBcLzAyXC9wZXJzLXQtbWl4LWNvbG9yZS5qcGciLCJzbGlkZXNob3ciOiJmMmZmNDkyIn0%3D\" href='https:\/\/tapigroup.com\/wp-content\/uploads\/2020\/02\/pers-t-mix-colore.jpg'><img decoding=\"async\" width=\"150\" height=\"150\" src=\"https:\/\/tapigroup.com\/wp-content\/uploads\/2020\/02\/pers-t-mix-colore-150x150.jpg\" class=\"attachment-thumbnail size-thumbnail\" alt=\"\" aria-describedby=\"gallery-1-6971\" srcset=\"https:\/\/tapigroup.com\/wp-content\/uploads\/2020\/02\/pers-t-mix-colore-150x150.jpg 150w, https:\/\/tapigroup.com\/wp-content\/uploads\/2020\/02\/pers-t-mix-colore-240x240.jpg 240w, https:\/\/tapigroup.com\/wp-content\/uploads\/2020\/02\/pers-t-mix-colore-300x300.jpg 300w, https:\/\/tapigroup.com\/wp-content\/uploads\/2020\/02\/pers-t-mix-colore-440x440.jpg 440w, https:\/\/tapigroup.com\/wp-content\/uploads\/2020\/02\/pers-t-mix-colore-180x180.jpg 180w, https:\/\/tapigroup.com\/wp-content\/uploads\/2020\/02\/pers-t-mix-colore-120x120.jpg 120w, https:\/\/tapigroup.com\/wp-content\/uploads\/2020\/02\/pers-t-mix-colore-540x540.jpg 540w, https:\/\/tapigroup.com\/wp-content\/uploads\/2020\/02\/pers-t-mix-colore.jpg 600w\" sizes=\"(max-width: 150px) 100vw, 150px\" \/><\/a>\n\t\t\t<\/dt>\n\t\t\t\t<dd class='wp-caption-text gallery-caption' id='gallery-1-6971'>\n\t\t\t\tCustomized Color\n\t\t\t\t<\/dd><\/dl>\n\t\t\t<br style='clear: both' \/>\n\t\t<\/div>\n\t\t<\/div>\n\t\t\t\t\t\t<\/div>\n\t\t\t\t<\/div>\n\t\t\t\t\t<\/div>\n\t\t<\/div>\n\t\t\t\t<div class=\"elementor-column elementor-col-50 elementor-top-column elementor-element elementor-element-04370a1\" data-id=\"04370a1\" data-element_type=\"column\" data-e-type=\"column\">\n\t\t\t<div class=\"elementor-widget-wrap elementor-element-populated\">\n\t\t\t\t\t\t<div class=\"elementor-element elementor-element-a0e2f49 elementor-widget elementor-widget-heading\" data-id=\"a0e2f49\" data-element_type=\"widget\" data-e-type=\"widget\" data-widget_type=\"heading.default\">\n\t\t\t\t<div class=\"elementor-widget-container\">\n\t\t\t\t\t<h3 class=\"elementor-heading-title elementor-size-default\">CORPS <\/h3>\t\t\t\t<\/div>\n\t\t\t\t<\/div>\n\t\t\t\t<div class=\"elementor-element elementor-element-f211b4e gallery-spacing-custom elementor-widget elementor-widget-image-gallery\" data-id=\"f211b4e\" data-element_type=\"widget\" data-e-type=\"widget\" data-widget_type=\"image-gallery.default\">\n\t\t\t\t<div class=\"elementor-widget-container\">\n\t\t\t\t\t\t\t<div class=\"elementor-image-gallery\">\n\t\t\t\n\t\t<style type=\"text\/css\">\n\t\t\t#gallery-2 {\n\t\t\t\tmargin: auto;\n\t\t\t}\n\t\t\t#gallery-2 .gallery-item {\n\t\t\t\tfloat: left;\n\t\t\t\tmargin-top: 10px;\n\t\t\t\ttext-align: center;\n\t\t\t\twidth: 25%;\n\t\t\t}\n\t\t\t#gallery-2 img {\n\t\t\t\tborder: 2px solid #cfcfcf;\n\t\t\t}\n\t\t\t#gallery-2 .gallery-caption {\n\t\t\t\tmargin-left: 0;\n\t\t\t}\n\t\t\t\/* see gallery_shortcode() in wp-includes\/media.php *\/\n\t\t<\/style>\n\t\t<div id='gallery-2' class='gallery galleryid-13620 gallery-columns-4 gallery-size-thumbnail'><dl class='gallery-item'>\n\t\t\t<dt class='gallery-icon landscape'>\n\t\t\t\t<a data-elementor-open-lightbox=\"yes\" data-elementor-lightbox-slideshow=\"f211b4e\" data-elementor-lightbox-title=\"Versatore_T-mix_300x300-150x150 (9)\" data-e-action-hash=\"#elementor-action%3Aaction%3Dlightbox%26settings%3DeyJpZCI6MTQwODcsInVybCI6Imh0dHBzOlwvXC90YXBpZ3JvdXAuY29tXC93cC1jb250ZW50XC91cGxvYWRzXC8yMDIxXC8wNlwvVmVyc2F0b3JlX1QtbWl4XzMwMHgzMDAtMTUweDE1MC05LmpwZyIsInNsaWRlc2hvdyI6ImYyMTFiNGUifQ%3D%3D\" href='https:\/\/tapigroup.com\/wp-content\/uploads\/2021\/06\/Versatore_T-mix_300x300-150x150-9.jpg'><img decoding=\"async\" width=\"150\" height=\"150\" src=\"https:\/\/tapigroup.com\/wp-content\/uploads\/2021\/06\/Versatore_T-mix_300x300-150x150-9.jpg\" class=\"attachment-thumbnail size-thumbnail\" alt=\"\" aria-describedby=\"gallery-2-14087\" srcset=\"https:\/\/tapigroup.com\/wp-content\/uploads\/2021\/06\/Versatore_T-mix_300x300-150x150-9.jpg 150w, https:\/\/tapigroup.com\/wp-content\/uploads\/2021\/06\/Versatore_T-mix_300x300-150x150-9-120x120.jpg 120w\" sizes=\"(max-width: 150px) 100vw, 150px\" \/><\/a>\n\t\t\t<\/dt>\n\t\t\t\t<dd class='wp-caption-text gallery-caption' id='gallery-2-14087'>\n\t\t\t\tVerseur\n\t\t\t\t<\/dd><\/dl>\n\t\t\t<br style='clear: both' \/>\n\t\t<\/div>\n\t\t<\/div>\n\t\t\t\t\t\t<\/div>\n\t\t\t\t<\/div>\n\t\t\t\t\t<\/div>\n\t\t<\/div>\n\t\t\t\t\t<\/div>\n\t\t<\/section>\n\t\t\t\t<\/div>\n\t\t","protected":false},"excerpt":{"rendered":"<p>Bouchon verseur<span>\u00a0<\/span><em>\u00e0 t\u00eate<\/em>. T\u00eate en bois et corps synth\u00e9tique.<\/p>\n<p>Mini T-Mix est la solution id\u00e9ale pour boucher les conditionnements de petite taille. Il est disponible dans les variantes avec corps de 13, 14 ou 16 mm.<\/p>\n<div class=\"info-btn request-info\"><a class=\"open-contact-modal\" role=\"button\"><span>DEMANDER DES INFORMATIONS<\/span><\/a><\/div>\n<div class=\"info-btn download\"><a href=\"https:\/\/tapigroup.com\/wp-content\/uploads\/2024\/11\/Mini-mono-mix-Tapi.pdf\" role=\"button\"><span>T\u00c9L\u00c9CHARGER LA FICHE TECHNIQUE<\/span><\/a><\/div>\n","protected":false},"featured_media":27957,"template":"","meta":[],"product_brand":[],"product_cat":[132],"product_tag":[217,163,136],"class_list":{"0":"post-13620","1":"product","2":"type-product","3":"status-publish","4":"has-post-thumbnail","6":"product_cat-condiments-fr","7":"product_tag-bouchon-verseur-fr","8":"product_tag-collection-fr","9":"product_tag-plastique-fr","11":"first","12":"instock","13":"shipping-taxable","14":"product-type-simple"},"yoast_head":"<!-- This site is optimized with the Yoast SEO plugin v27.2 - https:\/\/yoast.com\/product\/yoast-seo-wordpress\/ -->\n<title>Mini Mono-Mix - Tap\u00ec Group<\/title>\n<meta name=\"robots\" content=\"index, follow, max-snippet:-1, max-image-preview:large, max-video-preview:-1\" \/>\n<link rel=\"canonical\" href=\"https:\/\/tapigroup.com\/fr\/production-caps\/condiments-fr\/mini-mono-mix\/\" \/>\n<meta property=\"og:locale\" content=\"fr_FR\" \/>\n<meta property=\"og:type\" content=\"article\" \/>\n<meta property=\"og:title\" content=\"Mini Mono-Mix - Tap\u00ec Group\" \/>\n<meta property=\"og:description\" content=\"Bouchon verseur\u00a0\u00e0 t\u00eate. T\u00eate en bois et corps synth\u00e9tique.  Mini T-Mix est la solution id\u00e9ale pour boucher les conditionnements de petite taille. Il est disponible dans les variantes avec corps de 13, 14 ou 16 mm. DEMANDER DES INFORMATIONS T\u00c9L\u00c9CHARGER LA FICHE TECHNIQUE\" \/>\n<meta property=\"og:url\" content=\"https:\/\/tapigroup.com\/fr\/production-caps\/condiments-fr\/mini-mono-mix\/\" \/>\n<meta property=\"og:site_name\" content=\"Tap\u00ec Group\" \/>\n<meta property=\"article:modified_time\" content=\"2024-11-26T11:03:48+00:00\" \/>\n<meta property=\"og:image\" content=\"https:\/\/tapigroup.com\/wp-content\/uploads\/2020\/01\/Mini-T-mix-synthetic.jpg\" \/>\n\t<meta property=\"og:image:width\" content=\"1063\" \/>\n\t<meta property=\"og:image:height\" content=\"1651\" \/>\n\t<meta property=\"og:image:type\" content=\"image\/jpeg\" \/>\n<meta name=\"twitter:card\" content=\"summary_large_image\" \/>\n<meta name=\"twitter:label1\" content=\"Dur\u00e9e de lecture estim\u00e9e\" \/>\n\t<meta name=\"twitter:data1\" content=\"1 minute\" \/>\n<script type=\"application\/ld+json\" class=\"yoast-schema-graph\">{\"@context\":\"https:\/\/schema.org\",\"@graph\":[{\"@type\":\"WebPage\",\"@id\":\"https:\/\/tapigroup.com\/fr\/production-caps\/condiments-fr\/mini-mono-mix\/\",\"url\":\"https:\/\/tapigroup.com\/fr\/production-caps\/condiments-fr\/mini-mono-mix\/\",\"name\":\"Mini Mono-Mix - Tap\u00ec Group\",\"isPartOf\":{\"@id\":\"https:\/\/tapigroup.com\/fr\/#website\"},\"primaryImageOfPage\":{\"@id\":\"https:\/\/tapigroup.com\/fr\/production-caps\/condiments-fr\/mini-mono-mix\/#primaryimage\"},\"image\":{\"@id\":\"https:\/\/tapigroup.com\/fr\/production-caps\/condiments-fr\/mini-mono-mix\/#primaryimage\"},\"thumbnailUrl\":\"https:\/\/tapigroup.com\/wp-content\/uploads\/2020\/01\/Mini-T-mix-synthetic.jpg\",\"datePublished\":\"2020-01-29T13:26:05+00:00\",\"dateModified\":\"2024-11-26T11:03:48+00:00\",\"breadcrumb\":{\"@id\":\"https:\/\/tapigroup.com\/fr\/production-caps\/condiments-fr\/mini-mono-mix\/#breadcrumb\"},\"inLanguage\":\"fr-FR\",\"potentialAction\":[{\"@type\":\"ReadAction\",\"target\":[\"https:\/\/tapigroup.com\/fr\/production-caps\/condiments-fr\/mini-mono-mix\/\"]}]},{\"@type\":\"ImageObject\",\"inLanguage\":\"fr-FR\",\"@id\":\"https:\/\/tapigroup.com\/fr\/production-caps\/condiments-fr\/mini-mono-mix\/#primaryimage\",\"url\":\"https:\/\/tapigroup.com\/wp-content\/uploads\/2020\/01\/Mini-T-mix-synthetic.jpg\",\"contentUrl\":\"https:\/\/tapigroup.com\/wp-content\/uploads\/2020\/01\/Mini-T-mix-synthetic.jpg\",\"width\":1063,\"height\":1651,\"caption\":\"Mini T-Mix wooden gourmet condiments plastics\"},{\"@type\":\"BreadcrumbList\",\"@id\":\"https:\/\/tapigroup.com\/fr\/production-caps\/condiments-fr\/mini-mono-mix\/#breadcrumb\",\"itemListElement\":[{\"@type\":\"ListItem\",\"position\":1,\"name\":\"Produits\",\"item\":\"https:\/\/tapigroup.com\/fr\/shop\/\"},{\"@type\":\"ListItem\",\"position\":2,\"name\":\"Mini Mono-Mix\"}]},{\"@type\":\"WebSite\",\"@id\":\"https:\/\/tapigroup.com\/fr\/#website\",\"url\":\"https:\/\/tapigroup.com\/fr\/\",\"name\":\"Tap\u00ec Group\",\"description\":\"Made to be Opened\",\"potentialAction\":[{\"@type\":\"SearchAction\",\"target\":{\"@type\":\"EntryPoint\",\"urlTemplate\":\"https:\/\/tapigroup.com\/fr\/?s={search_term_string}\"},\"query-input\":{\"@type\":\"PropertyValueSpecification\",\"valueRequired\":true,\"valueName\":\"search_term_string\"}}],\"inLanguage\":\"fr-FR\"}]}<\/script>\n<!-- \/ Yoast SEO plugin. -->","yoast_head_json":{"title":"Mini Mono-Mix - Tap\u00ec Group","robots":{"index":"index","follow":"follow","max-snippet":"max-snippet:-1","max-image-preview":"max-image-preview:large","max-video-preview":"max-video-preview:-1"},"canonical":"https:\/\/tapigroup.com\/fr\/production-caps\/condiments-fr\/mini-mono-mix\/","og_locale":"fr_FR","og_type":"article","og_title":"Mini Mono-Mix - Tap\u00ec Group","og_description":"Bouchon verseur\u00a0\u00e0 t\u00eate. T\u00eate en bois et corps synth\u00e9tique.  Mini T-Mix est la solution id\u00e9ale pour boucher les conditionnements de petite taille. Il est disponible dans les variantes avec corps de 13, 14 ou 16 mm. DEMANDER DES INFORMATIONS T\u00c9L\u00c9CHARGER LA FICHE TECHNIQUE","og_url":"https:\/\/tapigroup.com\/fr\/production-caps\/condiments-fr\/mini-mono-mix\/","og_site_name":"Tap\u00ec Group","article_modified_time":"2024-11-26T11:03:48+00:00","og_image":[{"width":1063,"height":1651,"url":"https:\/\/tapigroup.com\/wp-content\/uploads\/2020\/01\/Mini-T-mix-synthetic.jpg","type":"image\/jpeg"}],"twitter_card":"summary_large_image","twitter_misc":{"Dur\u00e9e de lecture estim\u00e9e":"1 minute"},"schema":{"@context":"https:\/\/schema.org","@graph":[{"@type":"WebPage","@id":"https:\/\/tapigroup.com\/fr\/production-caps\/condiments-fr\/mini-mono-mix\/","url":"https:\/\/tapigroup.com\/fr\/production-caps\/condiments-fr\/mini-mono-mix\/","name":"Mini Mono-Mix - Tap\u00ec Group","isPartOf":{"@id":"https:\/\/tapigroup.com\/fr\/#website"},"primaryImageOfPage":{"@id":"https:\/\/tapigroup.com\/fr\/production-caps\/condiments-fr\/mini-mono-mix\/#primaryimage"},"image":{"@id":"https:\/\/tapigroup.com\/fr\/production-caps\/condiments-fr\/mini-mono-mix\/#primaryimage"},"thumbnailUrl":"https:\/\/tapigroup.com\/wp-content\/uploads\/2020\/01\/Mini-T-mix-synthetic.jpg","datePublished":"2020-01-29T13:26:05+00:00","dateModified":"2024-11-26T11:03:48+00:00","breadcrumb":{"@id":"https:\/\/tapigroup.com\/fr\/production-caps\/condiments-fr\/mini-mono-mix\/#breadcrumb"},"inLanguage":"fr-FR","potentialAction":[{"@type":"ReadAction","target":["https:\/\/tapigroup.com\/fr\/production-caps\/condiments-fr\/mini-mono-mix\/"]}]},{"@type":"ImageObject","inLanguage":"fr-FR","@id":"https:\/\/tapigroup.com\/fr\/production-caps\/condiments-fr\/mini-mono-mix\/#primaryimage","url":"https:\/\/tapigroup.com\/wp-content\/uploads\/2020\/01\/Mini-T-mix-synthetic.jpg","contentUrl":"https:\/\/tapigroup.com\/wp-content\/uploads\/2020\/01\/Mini-T-mix-synthetic.jpg","width":1063,"height":1651,"caption":"Mini T-Mix wooden gourmet condiments plastics"},{"@type":"BreadcrumbList","@id":"https:\/\/tapigroup.com\/fr\/production-caps\/condiments-fr\/mini-mono-mix\/#breadcrumb","itemListElement":[{"@type":"ListItem","position":1,"name":"Produits","item":"https:\/\/tapigroup.com\/fr\/shop\/"},{"@type":"ListItem","position":2,"name":"Mini Mono-Mix"}]},{"@type":"WebSite","@id":"https:\/\/tapigroup.com\/fr\/#website","url":"https:\/\/tapigroup.com\/fr\/","name":"Tap\u00ec Group","description":"Made to be Opened","potentialAction":[{"@type":"SearchAction","target":{"@type":"EntryPoint","urlTemplate":"https:\/\/tapigroup.com\/fr\/?s={search_term_string}"},"query-input":{"@type":"PropertyValueSpecification","valueRequired":true,"valueName":"search_term_string"}}],"inLanguage":"fr-FR"}]}},"_links":{"self":[{"href":"https:\/\/tapigroup.com\/fr\/wp-json\/wp\/v2\/product\/13620","targetHints":{"allow":["GET"]}}],"collection":[{"href":"https:\/\/tapigroup.com\/fr\/wp-json\/wp\/v2\/product"}],"about":[{"href":"https:\/\/tapigroup.com\/fr\/wp-json\/wp\/v2\/types\/product"}],"version-history":[{"count":6,"href":"https:\/\/tapigroup.com\/fr\/wp-json\/wp\/v2\/product\/13620\/revisions"}],"predecessor-version":[{"id":40914,"href":"https:\/\/tapigroup.com\/fr\/wp-json\/wp\/v2\/product\/13620\/revisions\/40914"}],"wp:featuredmedia":[{"embeddable":true,"href":"https:\/\/tapigroup.com\/fr\/wp-json\/wp\/v2\/media\/27957"}],"wp:attachment":[{"href":"https:\/\/tapigroup.com\/fr\/wp-json\/wp\/v2\/media?parent=13620"}],"wp:term":[{"taxonomy":"product_brand","embeddable":true,"href":"https:\/\/tapigroup.com\/fr\/wp-json\/wp\/v2\/product_brand?post=13620"},{"taxonomy":"product_cat","embeddable":true,"href":"https:\/\/tapigroup.com\/fr\/wp-json\/wp\/v2\/product_cat?post=13620"},{"taxonomy":"product_tag","embeddable":true,"href":"https:\/\/tapigroup.com\/fr\/wp-json\/wp\/v2\/product_tag?post=13620"}],"curies":[{"name":"wp","href":"https:\/\/api.w.org\/{rel}","templated":true}]}}