{"id":13608,"date":"2020-01-29T14:29:11","date_gmt":"2020-01-29T13:29:11","guid":{"rendered":"http:\/\/tapigroup.com\/production-caps\/non%20class\u00e9\/ghost-crystal-pourer\/"},"modified":"2023-01-26T15:17:00","modified_gmt":"2023-01-26T14:17:00","slug":"ghost-crystal-pourer","status":"publish","type":"product","link":"https:\/\/tapigroup.com\/fr\/production-caps\/condiments-fr\/ghost-crystal-pourer\/","title":{"rendered":"Ghost Crystal"},"content":{"rendered":"\t\t<div data-elementor-type=\"wp-post\" data-elementor-id=\"13608\" class=\"elementor elementor-13608 elementor-1216\" data-elementor-post-type=\"product\">\n\t\t\t\t\t\t<section class=\"elementor-section elementor-top-section elementor-element elementor-element-60dfd66 elementor-section-boxed elementor-section-height-default elementor-section-height-default\" data-id=\"60dfd66\" data-element_type=\"section\" data-e-type=\"section\">\n\t\t\t\t\t\t<div class=\"elementor-container elementor-column-gap-default\">\n\t\t\t\t\t<div class=\"elementor-column elementor-col-50 elementor-top-column elementor-element elementor-element-072c90a\" data-id=\"072c90a\" data-element_type=\"column\" data-e-type=\"column\">\n\t\t\t<div class=\"elementor-widget-wrap elementor-element-populated\">\n\t\t\t\t\t\t<div class=\"elementor-element elementor-element-e8cf411 elementor-widget elementor-widget-heading\" data-id=\"e8cf411\" data-element_type=\"widget\" data-e-type=\"widget\" data-widget_type=\"heading.default\">\n\t\t\t\t<div class=\"elementor-widget-container\">\n\t\t\t\t\t<h3 class=\"elementor-heading-title elementor-size-default\">PERSONALIZZAZIONI<\/h3>\t\t\t\t<\/div>\n\t\t\t\t<\/div>\n\t\t\t\t\t<\/div>\n\t\t<\/div>\n\t\t\t\t<div class=\"elementor-column elementor-col-50 elementor-top-column elementor-element elementor-element-bec56de\" data-id=\"bec56de\" data-element_type=\"column\" data-e-type=\"column\">\n\t\t\t<div class=\"elementor-widget-wrap elementor-element-populated\">\n\t\t\t\t\t\t<div class=\"elementor-element elementor-element-a49d467 elementor-widget elementor-widget-heading\" data-id=\"a49d467\" data-element_type=\"widget\" data-e-type=\"widget\" data-widget_type=\"heading.default\">\n\t\t\t\t<div class=\"elementor-widget-container\">\n\t\t\t\t\t<h3 class=\"elementor-heading-title elementor-size-default\">CORPS<\/h3>\t\t\t\t<\/div>\n\t\t\t\t<\/div>\n\t\t\t\t<div class=\"elementor-element elementor-element-d01a3cf gallery-spacing-custom elementor-widget elementor-widget-image-gallery\" data-id=\"d01a3cf\" data-element_type=\"widget\" data-e-type=\"widget\" data-widget_type=\"image-gallery.default\">\n\t\t\t\t<div class=\"elementor-widget-container\">\n\t\t\t\t\t\t\t<div class=\"elementor-image-gallery\">\n\t\t\t\n<a data-elementor-open-lightbox=\"yes\" data-elementor-lightbox-slideshow=\"d01a3cf\" data-elementor-lightbox-title=\"versatore-ghost\" data-e-action-hash=\"#elementor-action%3Aaction%3Dlightbox%26settings%3DeyJpZCI6OTU2NywidXJsIjoiaHR0cHM6XC9cL3RhcGlncm91cC5jb21cL3dwLWNvbnRlbnRcL3VwbG9hZHNcLzIwMjBcLzA4XC92ZXJzYXRvcmUtZ2hvc3QtMi5qcGciLCJzbGlkZXNob3ciOiJkMDFhM2NmIn0%3D\" href='https:\/\/tapigroup.com\/wp-content\/uploads\/2020\/08\/versatore-ghost-2.jpg'><img decoding=\"async\" width=\"150\" height=\"150\" src=\"https:\/\/tapigroup.com\/wp-content\/uploads\/2020\/08\/versatore-ghost-2-150x150.jpg\" class=\"attachment-thumbnail size-thumbnail\" alt=\"\" srcset=\"https:\/\/tapigroup.com\/wp-content\/uploads\/2020\/08\/versatore-ghost-2-150x150.jpg 150w, https:\/\/tapigroup.com\/wp-content\/uploads\/2020\/08\/versatore-ghost-2-240x240.jpg 240w, https:\/\/tapigroup.com\/wp-content\/uploads\/2020\/08\/versatore-ghost-2-300x300.jpg 300w, https:\/\/tapigroup.com\/wp-content\/uploads\/2020\/08\/versatore-ghost-2-768x768.jpg 768w, https:\/\/tapigroup.com\/wp-content\/uploads\/2020\/08\/versatore-ghost-2-440x440.jpg 440w, https:\/\/tapigroup.com\/wp-content\/uploads\/2020\/08\/versatore-ghost-2-180x180.jpg 180w, https:\/\/tapigroup.com\/wp-content\/uploads\/2020\/08\/versatore-ghost-2-120x120.jpg 120w, https:\/\/tapigroup.com\/wp-content\/uploads\/2020\/08\/versatore-ghost-2-540x540.jpg 540w, https:\/\/tapigroup.com\/wp-content\/uploads\/2020\/08\/versatore-ghost-2.jpg 1000w\" sizes=\"(max-width: 150px) 100vw, 150px\" \/><\/a>\n\t\t<\/div>\n\t\t\t\t\t\t<\/div>\n\t\t\t\t<\/div>\n\t\t\t\t\t<\/div>\n\t\t<\/div>\n\t\t\t\t\t<\/div>\n\t\t<\/section>\n\t\t\t\t<\/div>\n\t\t","protected":false},"excerpt":{"rendered":"<p>Bouchon verseur<span>\u00a0<\/span><em>\u00e0 t\u00eate<\/em>. T\u00eate et corps synth\u00e9tiques transparents.<\/p>\n<p>Ghost-Crystal r\u00e9v\u00e8le imm\u00e9diatement la v\u00e9ritable essence du distillat. Un design innovant qui permet de valoriser et de rendre le moment du service unique.<\/p>\n<div class=\"info-btn request-info\"><a class=\"open-contact-modal\" role=\"button\" href=\"https:\/\/tapigroup.com\/fr\/contacts\/\"><span>DEMANDER DES INFORMATIONS<\/span><\/a><\/div>\n<div class=\"info-btn download\"><a href=\"https:\/\/tapigroup.com\/wp-content\/uploads\/2020\/01\/Ghost-Crystal.pdf\">T\u00c9L\u00c9CHARGER LA FICHE TECHNIQUE<\/a><\/div>\n","protected":false},"featured_media":27449,"template":"","meta":[],"product_brand":[],"product_cat":[132,133],"product_tag":[217,163,165],"class_list":{"0":"post-13608","1":"product","2":"type-product","3":"status-publish","4":"has-post-thumbnail","6":"product_cat-condiments-fr","7":"product_cat-spiritueux-fr","8":"product_tag-bouchon-verseur-fr","9":"product_tag-collection-fr","10":"product_tag-plastique-transparent-fr","12":"first","13":"instock","14":"shipping-taxable","15":"product-type-simple"},"yoast_head":"<!-- This site is optimized with the Yoast SEO plugin v27.2 - https:\/\/yoast.com\/product\/yoast-seo-wordpress\/ -->\n<title>Ghost Crystal - Tap\u00ec Group<\/title>\n<meta name=\"robots\" content=\"index, follow, max-snippet:-1, max-image-preview:large, max-video-preview:-1\" \/>\n<link rel=\"canonical\" href=\"https:\/\/tapigroup.com\/fr\/production-caps\/condiments-fr\/ghost-crystal-pourer\/\" \/>\n<meta property=\"og:locale\" content=\"fr_FR\" \/>\n<meta property=\"og:type\" content=\"article\" \/>\n<meta property=\"og:title\" content=\"Ghost Crystal - Tap\u00ec Group\" \/>\n<meta property=\"og:description\" content=\"Bouchon verseur\u00a0\u00e0 t\u00eate. T\u00eate et corps synth\u00e9tiques transparents.  Ghost-Crystal r\u00e9v\u00e8le imm\u00e9diatement la v\u00e9ritable essence du distillat. Un design innovant qui permet de valoriser et de rendre le moment du service unique. DEMANDER DES INFORMATIONS T\u00c9L\u00c9CHARGER LA FICHE TECHNIQUE\" \/>\n<meta property=\"og:url\" content=\"https:\/\/tapigroup.com\/fr\/production-caps\/condiments-fr\/ghost-crystal-pourer\/\" \/>\n<meta property=\"og:site_name\" content=\"Tap\u00ec Group\" \/>\n<meta property=\"article:modified_time\" content=\"2023-01-26T14:17:00+00:00\" \/>\n<meta property=\"og:image\" content=\"https:\/\/tapigroup.com\/wp-content\/uploads\/2020\/01\/Ghost-Crystal_style.jpg\" \/>\n\t<meta property=\"og:image:width\" content=\"1063\" \/>\n\t<meta property=\"og:image:height\" content=\"1651\" \/>\n\t<meta property=\"og:image:type\" content=\"image\/jpeg\" \/>\n<meta name=\"twitter:card\" content=\"summary_large_image\" \/>\n<meta name=\"twitter:label1\" content=\"Dur\u00e9e de lecture estim\u00e9e\" \/>\n\t<meta name=\"twitter:data1\" content=\"1 minute\" \/>\n<script type=\"application\/ld+json\" class=\"yoast-schema-graph\">{\"@context\":\"https:\/\/schema.org\",\"@graph\":[{\"@type\":\"WebPage\",\"@id\":\"https:\/\/tapigroup.com\/fr\/production-caps\/condiments-fr\/ghost-crystal-pourer\/\",\"url\":\"https:\/\/tapigroup.com\/fr\/production-caps\/condiments-fr\/ghost-crystal-pourer\/\",\"name\":\"Ghost Crystal - Tap\u00ec Group\",\"isPartOf\":{\"@id\":\"https:\/\/tapigroup.com\/fr\/#website\"},\"primaryImageOfPage\":{\"@id\":\"https:\/\/tapigroup.com\/fr\/production-caps\/condiments-fr\/ghost-crystal-pourer\/#primaryimage\"},\"image\":{\"@id\":\"https:\/\/tapigroup.com\/fr\/production-caps\/condiments-fr\/ghost-crystal-pourer\/#primaryimage\"},\"thumbnailUrl\":\"https:\/\/tapigroup.com\/wp-content\/uploads\/2020\/01\/Ghost-Crystal_style.jpg\",\"datePublished\":\"2020-01-29T13:29:11+00:00\",\"dateModified\":\"2023-01-26T14:17:00+00:00\",\"breadcrumb\":{\"@id\":\"https:\/\/tapigroup.com\/fr\/production-caps\/condiments-fr\/ghost-crystal-pourer\/#breadcrumb\"},\"inLanguage\":\"fr-FR\",\"potentialAction\":[{\"@type\":\"ReadAction\",\"target\":[\"https:\/\/tapigroup.com\/fr\/production-caps\/condiments-fr\/ghost-crystal-pourer\/\"]}]},{\"@type\":\"ImageObject\",\"inLanguage\":\"fr-FR\",\"@id\":\"https:\/\/tapigroup.com\/fr\/production-caps\/condiments-fr\/ghost-crystal-pourer\/#primaryimage\",\"url\":\"https:\/\/tapigroup.com\/wp-content\/uploads\/2020\/01\/Ghost-Crystal_style.jpg\",\"contentUrl\":\"https:\/\/tapigroup.com\/wp-content\/uploads\/2020\/01\/Ghost-Crystal_style.jpg\",\"width\":1063,\"height\":1651,\"caption\":\"style spirits condiments transparent-plastics\"},{\"@type\":\"BreadcrumbList\",\"@id\":\"https:\/\/tapigroup.com\/fr\/production-caps\/condiments-fr\/ghost-crystal-pourer\/#breadcrumb\",\"itemListElement\":[{\"@type\":\"ListItem\",\"position\":1,\"name\":\"Produits\",\"item\":\"https:\/\/tapigroup.com\/fr\/shop\/\"},{\"@type\":\"ListItem\",\"position\":2,\"name\":\"Ghost Crystal\"}]},{\"@type\":\"WebSite\",\"@id\":\"https:\/\/tapigroup.com\/fr\/#website\",\"url\":\"https:\/\/tapigroup.com\/fr\/\",\"name\":\"Tap\u00ec Group\",\"description\":\"Made to be Opened\",\"potentialAction\":[{\"@type\":\"SearchAction\",\"target\":{\"@type\":\"EntryPoint\",\"urlTemplate\":\"https:\/\/tapigroup.com\/fr\/?s={search_term_string}\"},\"query-input\":{\"@type\":\"PropertyValueSpecification\",\"valueRequired\":true,\"valueName\":\"search_term_string\"}}],\"inLanguage\":\"fr-FR\"}]}<\/script>\n<!-- \/ Yoast SEO plugin. -->","yoast_head_json":{"title":"Ghost Crystal - Tap\u00ec Group","robots":{"index":"index","follow":"follow","max-snippet":"max-snippet:-1","max-image-preview":"max-image-preview:large","max-video-preview":"max-video-preview:-1"},"canonical":"https:\/\/tapigroup.com\/fr\/production-caps\/condiments-fr\/ghost-crystal-pourer\/","og_locale":"fr_FR","og_type":"article","og_title":"Ghost Crystal - Tap\u00ec Group","og_description":"Bouchon verseur\u00a0\u00e0 t\u00eate. T\u00eate et corps synth\u00e9tiques transparents.  Ghost-Crystal r\u00e9v\u00e8le imm\u00e9diatement la v\u00e9ritable essence du distillat. Un design innovant qui permet de valoriser et de rendre le moment du service unique. DEMANDER DES INFORMATIONS T\u00c9L\u00c9CHARGER LA FICHE TECHNIQUE","og_url":"https:\/\/tapigroup.com\/fr\/production-caps\/condiments-fr\/ghost-crystal-pourer\/","og_site_name":"Tap\u00ec Group","article_modified_time":"2023-01-26T14:17:00+00:00","og_image":[{"width":1063,"height":1651,"url":"https:\/\/tapigroup.com\/wp-content\/uploads\/2020\/01\/Ghost-Crystal_style.jpg","type":"image\/jpeg"}],"twitter_card":"summary_large_image","twitter_misc":{"Dur\u00e9e de lecture estim\u00e9e":"1 minute"},"schema":{"@context":"https:\/\/schema.org","@graph":[{"@type":"WebPage","@id":"https:\/\/tapigroup.com\/fr\/production-caps\/condiments-fr\/ghost-crystal-pourer\/","url":"https:\/\/tapigroup.com\/fr\/production-caps\/condiments-fr\/ghost-crystal-pourer\/","name":"Ghost Crystal - Tap\u00ec Group","isPartOf":{"@id":"https:\/\/tapigroup.com\/fr\/#website"},"primaryImageOfPage":{"@id":"https:\/\/tapigroup.com\/fr\/production-caps\/condiments-fr\/ghost-crystal-pourer\/#primaryimage"},"image":{"@id":"https:\/\/tapigroup.com\/fr\/production-caps\/condiments-fr\/ghost-crystal-pourer\/#primaryimage"},"thumbnailUrl":"https:\/\/tapigroup.com\/wp-content\/uploads\/2020\/01\/Ghost-Crystal_style.jpg","datePublished":"2020-01-29T13:29:11+00:00","dateModified":"2023-01-26T14:17:00+00:00","breadcrumb":{"@id":"https:\/\/tapigroup.com\/fr\/production-caps\/condiments-fr\/ghost-crystal-pourer\/#breadcrumb"},"inLanguage":"fr-FR","potentialAction":[{"@type":"ReadAction","target":["https:\/\/tapigroup.com\/fr\/production-caps\/condiments-fr\/ghost-crystal-pourer\/"]}]},{"@type":"ImageObject","inLanguage":"fr-FR","@id":"https:\/\/tapigroup.com\/fr\/production-caps\/condiments-fr\/ghost-crystal-pourer\/#primaryimage","url":"https:\/\/tapigroup.com\/wp-content\/uploads\/2020\/01\/Ghost-Crystal_style.jpg","contentUrl":"https:\/\/tapigroup.com\/wp-content\/uploads\/2020\/01\/Ghost-Crystal_style.jpg","width":1063,"height":1651,"caption":"style spirits condiments transparent-plastics"},{"@type":"BreadcrumbList","@id":"https:\/\/tapigroup.com\/fr\/production-caps\/condiments-fr\/ghost-crystal-pourer\/#breadcrumb","itemListElement":[{"@type":"ListItem","position":1,"name":"Produits","item":"https:\/\/tapigroup.com\/fr\/shop\/"},{"@type":"ListItem","position":2,"name":"Ghost Crystal"}]},{"@type":"WebSite","@id":"https:\/\/tapigroup.com\/fr\/#website","url":"https:\/\/tapigroup.com\/fr\/","name":"Tap\u00ec Group","description":"Made to be Opened","potentialAction":[{"@type":"SearchAction","target":{"@type":"EntryPoint","urlTemplate":"https:\/\/tapigroup.com\/fr\/?s={search_term_string}"},"query-input":{"@type":"PropertyValueSpecification","valueRequired":true,"valueName":"search_term_string"}}],"inLanguage":"fr-FR"}]}},"_links":{"self":[{"href":"https:\/\/tapigroup.com\/fr\/wp-json\/wp\/v2\/product\/13608","targetHints":{"allow":["GET"]}}],"collection":[{"href":"https:\/\/tapigroup.com\/fr\/wp-json\/wp\/v2\/product"}],"about":[{"href":"https:\/\/tapigroup.com\/fr\/wp-json\/wp\/v2\/types\/product"}],"version-history":[{"count":5,"href":"https:\/\/tapigroup.com\/fr\/wp-json\/wp\/v2\/product\/13608\/revisions"}],"predecessor-version":[{"id":28881,"href":"https:\/\/tapigroup.com\/fr\/wp-json\/wp\/v2\/product\/13608\/revisions\/28881"}],"wp:featuredmedia":[{"embeddable":true,"href":"https:\/\/tapigroup.com\/fr\/wp-json\/wp\/v2\/media\/27449"}],"wp:attachment":[{"href":"https:\/\/tapigroup.com\/fr\/wp-json\/wp\/v2\/media?parent=13608"}],"wp:term":[{"taxonomy":"product_brand","embeddable":true,"href":"https:\/\/tapigroup.com\/fr\/wp-json\/wp\/v2\/product_brand?post=13608"},{"taxonomy":"product_cat","embeddable":true,"href":"https:\/\/tapigroup.com\/fr\/wp-json\/wp\/v2\/product_cat?post=13608"},{"taxonomy":"product_tag","embeddable":true,"href":"https:\/\/tapigroup.com\/fr\/wp-json\/wp\/v2\/product_tag?post=13608"}],"curies":[{"name":"wp","href":"https:\/\/api.w.org\/{rel}","templated":true}]}}