{"id":12773,"date":"2020-06-03T10:00:05","date_gmt":"2020-06-03T08:00:05","guid":{"rendered":"http:\/\/tapigroup.com\/production-caps\/non%20class\u00e9\/duo-cosmetic\/"},"modified":"2023-01-26T14:59:43","modified_gmt":"2023-01-26T13:59:43","slug":"duo-cosmetic","status":"publish","type":"product","link":"https:\/\/tapigroup.com\/fr\/production-caps\/cosmetiques-fr\/duo-cosmetic\/","title":{"rendered":"Duo Cosmetics"},"content":{"rendered":"\t\t<div data-elementor-type=\"wp-post\" data-elementor-id=\"12773\" class=\"elementor elementor-12773 elementor-3319\" data-elementor-post-type=\"product\">\n\t\t\t\t\t\t<section class=\"elementor-section elementor-top-section elementor-element elementor-element-c2263bb elementor-section-boxed elementor-section-height-default elementor-section-height-default\" data-id=\"c2263bb\" data-element_type=\"section\" data-e-type=\"section\">\n\t\t\t\t\t\t<div class=\"elementor-container elementor-column-gap-default\">\n\t\t\t\t\t<div class=\"elementor-column elementor-col-50 elementor-top-column elementor-element elementor-element-ba3ef0e\" data-id=\"ba3ef0e\" data-element_type=\"column\" data-e-type=\"column\">\n\t\t\t<div class=\"elementor-widget-wrap elementor-element-populated\">\n\t\t\t\t\t\t<div class=\"elementor-element elementor-element-c7e69a8 elementor-widget elementor-widget-heading\" data-id=\"c7e69a8\" data-element_type=\"widget\" data-e-type=\"widget\" data-widget_type=\"heading.default\">\n\t\t\t\t<div class=\"elementor-widget-container\">\n\t\t\t\t\t<h3 class=\"elementor-heading-title elementor-size-default\">ESSENCES DE BOIS<\/h3>\t\t\t\t<\/div>\n\t\t\t\t<\/div>\n\t\t\t\t<div class=\"elementor-element elementor-element-2bbb7aa gallery-spacing-custom elementor-widget elementor-widget-image-gallery\" data-id=\"2bbb7aa\" data-element_type=\"widget\" data-e-type=\"widget\" data-widget_type=\"image-gallery.default\">\n\t\t\t\t<div class=\"elementor-widget-container\">\n\t\t\t\t\t\t\t<div class=\"elementor-image-gallery\">\n\t\t\t\n\t\t<style type=\"text\/css\">\n\t\t\t#gallery-1 {\n\t\t\t\tmargin: auto;\n\t\t\t}\n\t\t\t#gallery-1 .gallery-item {\n\t\t\t\tfloat: left;\n\t\t\t\tmargin-top: 10px;\n\t\t\t\ttext-align: center;\n\t\t\t\twidth: 25%;\n\t\t\t}\n\t\t\t#gallery-1 img {\n\t\t\t\tborder: 2px solid #cfcfcf;\n\t\t\t}\n\t\t\t#gallery-1 .gallery-caption {\n\t\t\t\tmargin-left: 0;\n\t\t\t}\n\t\t\t\/* see gallery_shortcode() in wp-includes\/media.php *\/\n\t\t<\/style>\n\t\t<div id='gallery-1' class='gallery galleryid-12773 gallery-columns-4 gallery-size-thumbnail'><dl class='gallery-item'>\n\t\t\t<dt class='gallery-icon landscape'>\n\t\t\t\t<a data-elementor-open-lightbox=\"yes\" data-elementor-lightbox-slideshow=\"2bbb7aa\" data-elementor-lightbox-title=\"wood-t-wood-beech\" data-e-action-hash=\"#elementor-action%3Aaction%3Dlightbox%26settings%3DeyJpZCI6Njg5NSwidXJsIjoiaHR0cHM6XC9cL3RhcGlncm91cC5jb21cL3dwLWNvbnRlbnRcL3VwbG9hZHNcLzIwMjBcLzAyXC93b29kLXQtd29vZC1iZWVjaC5qcGciLCJzbGlkZXNob3ciOiIyYmJiN2FhIn0%3D\" href='https:\/\/tapigroup.com\/wp-content\/uploads\/2020\/02\/wood-t-wood-beech.jpg'><img decoding=\"async\" width=\"150\" height=\"150\" src=\"https:\/\/tapigroup.com\/wp-content\/uploads\/2020\/02\/wood-t-wood-beech-150x150.jpg\" class=\"attachment-thumbnail size-thumbnail\" alt=\"\" aria-describedby=\"gallery-1-6895\" srcset=\"https:\/\/tapigroup.com\/wp-content\/uploads\/2020\/02\/wood-t-wood-beech-150x150.jpg 150w, https:\/\/tapigroup.com\/wp-content\/uploads\/2020\/02\/wood-t-wood-beech-240x240.jpg 240w, https:\/\/tapigroup.com\/wp-content\/uploads\/2020\/02\/wood-t-wood-beech-300x300.jpg 300w, https:\/\/tapigroup.com\/wp-content\/uploads\/2020\/02\/wood-t-wood-beech-440x440.jpg 440w, https:\/\/tapigroup.com\/wp-content\/uploads\/2020\/02\/wood-t-wood-beech-180x180.jpg 180w, https:\/\/tapigroup.com\/wp-content\/uploads\/2020\/02\/wood-t-wood-beech-120x120.jpg 120w, https:\/\/tapigroup.com\/wp-content\/uploads\/2020\/02\/wood-t-wood-beech-540x540.jpg 540w, https:\/\/tapigroup.com\/wp-content\/uploads\/2020\/02\/wood-t-wood-beech.jpg 547w\" sizes=\"(max-width: 150px) 100vw, 150px\" \/><\/a>\n\t\t\t<\/dt>\n\t\t\t\t<dd class='wp-caption-text gallery-caption' id='gallery-1-6895'>\n\t\t\t\tH\u00eatre\n\t\t\t\t<\/dd><\/dl>\n\t\t\t<br style='clear: both' \/>\n\t\t<\/div>\n\t\t<\/div>\n\t\t\t\t\t\t<\/div>\n\t\t\t\t<\/div>\n\t\t\t\t\t<\/div>\n\t\t<\/div>\n\t\t\t\t<div class=\"elementor-column elementor-col-50 elementor-top-column elementor-element elementor-element-87a2e1d\" data-id=\"87a2e1d\" data-element_type=\"column\" data-e-type=\"column\">\n\t\t\t<div class=\"elementor-widget-wrap elementor-element-populated\">\n\t\t\t\t\t\t<div class=\"elementor-element elementor-element-6d77262 elementor-widget elementor-widget-heading\" data-id=\"6d77262\" data-element_type=\"widget\" data-e-type=\"widget\" data-widget_type=\"heading.default\">\n\t\t\t\t<div class=\"elementor-widget-container\">\n\t\t\t\t\t<h3 class=\"elementor-heading-title elementor-size-default\">CORPS<\/h3>\t\t\t\t<\/div>\n\t\t\t\t<\/div>\n\t\t\t\t<div class=\"elementor-element elementor-element-6749b53 gallery-spacing-custom elementor-widget elementor-widget-image-gallery\" data-id=\"6749b53\" data-element_type=\"widget\" data-e-type=\"widget\" data-widget_type=\"image-gallery.default\">\n\t\t\t\t<div class=\"elementor-widget-container\">\n\t\t\t\t\t\t\t<div class=\"elementor-image-gallery\">\n\t\t\t\n\t\t<style type=\"text\/css\">\n\t\t\t#gallery-2 {\n\t\t\t\tmargin: auto;\n\t\t\t}\n\t\t\t#gallery-2 .gallery-item {\n\t\t\t\tfloat: left;\n\t\t\t\tmargin-top: 10px;\n\t\t\t\ttext-align: center;\n\t\t\t\twidth: 25%;\n\t\t\t}\n\t\t\t#gallery-2 img {\n\t\t\t\tborder: 2px solid #cfcfcf;\n\t\t\t}\n\t\t\t#gallery-2 .gallery-caption {\n\t\t\t\tmargin-left: 0;\n\t\t\t}\n\t\t\t\/* see gallery_shortcode() in wp-includes\/media.php *\/\n\t\t<\/style>\n\t\t<div id='gallery-2' class='gallery galleryid-12773 gallery-columns-4 gallery-size-thumbnail'><dl class='gallery-item'>\n\t\t\t<dt class='gallery-icon landscape'>\n\t\t\t\t<a data-elementor-open-lightbox=\"yes\" data-elementor-lightbox-slideshow=\"6749b53\" data-elementor-lightbox-title=\"tapigroup-sintetico-liscio-ok\" data-e-action-hash=\"#elementor-action%3Aaction%3Dlightbox%26settings%3DeyJpZCI6ODY3MiwidXJsIjoiaHR0cHM6XC9cL3RhcGlncm91cC5jb21cL3dwLWNvbnRlbnRcL3VwbG9hZHNcLzIwMjBcLzA3XC90YXBpZ3JvdXAtc2ludGV0aWNvLWxpc2Npby1vay5qcGciLCJzbGlkZXNob3ciOiI2NzQ5YjUzIn0%3D\" href='https:\/\/tapigroup.com\/wp-content\/uploads\/2020\/07\/tapigroup-sintetico-liscio-ok.jpg'><img decoding=\"async\" width=\"150\" height=\"150\" src=\"https:\/\/tapigroup.com\/wp-content\/uploads\/2020\/07\/tapigroup-sintetico-liscio-ok-150x150.jpg\" class=\"attachment-thumbnail size-thumbnail\" alt=\"\" aria-describedby=\"gallery-2-8672\" srcset=\"https:\/\/tapigroup.com\/wp-content\/uploads\/2020\/07\/tapigroup-sintetico-liscio-ok-150x150.jpg 150w, https:\/\/tapigroup.com\/wp-content\/uploads\/2020\/07\/tapigroup-sintetico-liscio-ok-240x240.jpg 240w, https:\/\/tapigroup.com\/wp-content\/uploads\/2020\/07\/tapigroup-sintetico-liscio-ok-300x300.jpg 300w, https:\/\/tapigroup.com\/wp-content\/uploads\/2020\/07\/tapigroup-sintetico-liscio-ok-440x440.jpg 440w, https:\/\/tapigroup.com\/wp-content\/uploads\/2020\/07\/tapigroup-sintetico-liscio-ok-180x180.jpg 180w, https:\/\/tapigroup.com\/wp-content\/uploads\/2020\/07\/tapigroup-sintetico-liscio-ok-120x120.jpg 120w, https:\/\/tapigroup.com\/wp-content\/uploads\/2020\/07\/tapigroup-sintetico-liscio-ok-540x540.jpg 540w, https:\/\/tapigroup.com\/wp-content\/uploads\/2020\/07\/tapigroup-sintetico-liscio-ok.jpg 600w\" sizes=\"(max-width: 150px) 100vw, 150px\" \/><\/a>\n\t\t\t<\/dt>\n\t\t\t\t<dd class='wp-caption-text gallery-caption' id='gallery-2-8672'>\n\t\t\t\tSynth\u00e9tique lisse Neos\n\t\t\t\t<\/dd><\/dl><dl class='gallery-item'>\n\t\t\t<dt class='gallery-icon landscape'>\n\t\t\t\t<a data-elementor-open-lightbox=\"yes\" data-elementor-lightbox-slideshow=\"6749b53\" data-elementor-lightbox-title=\"liscio-normale--150x150 (3)\" data-e-action-hash=\"#elementor-action%3Aaction%3Dlightbox%26settings%3DeyJpZCI6MTMzODYsInVybCI6Imh0dHBzOlwvXC90YXBpZ3JvdXAuY29tXC93cC1jb250ZW50XC91cGxvYWRzXC8yMDIxXC8wNlwvbGlzY2lvLW5vcm1hbGUtMTUweDE1MC0zLmpwZyIsInNsaWRlc2hvdyI6IjY3NDliNTMifQ%3D%3D\" href='https:\/\/tapigroup.com\/wp-content\/uploads\/2021\/06\/liscio-normale-150x150-3.jpg'><img decoding=\"async\" width=\"150\" height=\"150\" src=\"https:\/\/tapigroup.com\/wp-content\/uploads\/2021\/06\/liscio-normale-150x150-3.jpg\" class=\"attachment-thumbnail size-thumbnail\" alt=\"\" aria-describedby=\"gallery-2-13386\" srcset=\"https:\/\/tapigroup.com\/wp-content\/uploads\/2021\/06\/liscio-normale-150x150-3.jpg 150w, https:\/\/tapigroup.com\/wp-content\/uploads\/2021\/06\/liscio-normale-150x150-3-120x120.jpg 120w\" sizes=\"(max-width: 150px) 100vw, 150px\" \/><\/a>\n\t\t\t<\/dt>\n\t\t\t\t<dd class='wp-caption-text gallery-caption' id='gallery-2-13386'>\n\t\t\t\tSynth\u00e9tique lisse\n\t\t\t\t<\/dd><\/dl>\n\t\t\t<br style='clear: both' \/>\n\t\t<\/div>\n\t\t<\/div>\n\t\t\t\t\t\t<\/div>\n\t\t\t\t<\/div>\n\t\t\t\t\t<\/div>\n\t\t<\/div>\n\t\t\t\t\t<\/div>\n\t\t<\/section>\n\t\t\t\t<\/div>\n\t\t","protected":false},"excerpt":{"rendered":"<div style=\"margin-bottom: 20px;\"><\/div>\n<p><img loading=\"lazy\" decoding=\"async\" class=\"alignnone size-medium wp-image-26699\" src=\"http:\/\/tapigroup.com\/wp-content\/uploads\/2020\/03\/Logo-Lei-300x65.png\" alt=\"Lei\" width=\"300\" height=\"65\" srcset=\"https:\/\/tapigroup.com\/wp-content\/uploads\/2020\/03\/Logo-Lei-300x65.png 300w, https:\/\/tapigroup.com\/wp-content\/uploads\/2020\/03\/Logo-Lei.png 412w\" sizes=\"(max-width: 300px) 100vw, 300px\" \/><\/p>\n<p>Bouchon<span>\u00a0<\/span><em>\u00e0 t\u00eate<\/em>. T\u00eate et corps synth\u00e9tiques.<\/p>\n<p>Duo Cosmetics propose un design minimaliste et intemporel qui compl\u00e8te le produit avec \u00e9l\u00e9gance. Infiniment personnalisable, simplement parfait.<\/p>\n<div class=\"info-btn request-info\"><a class=\"open-contact-modal\" role=\"button\"><span>DEMANDER DES INFORMATIONS<\/span><\/a><\/div>\n<div class=\"info-btn download\"><a href=\"https:\/\/tapigroup.com\/wp-content\/uploads\/2020\/06\/Duo-Cosmetics.pdf\">T\u00c9L\u00c9CHARGER LA FICHE TECHNIQUE<\/a><\/div>\n<div class=\"info-btn discover\"><a href=\"https:\/\/tapigroup.com\/duo\/fr\/\" target=\"_blank\" role=\"button\" rel=\"noopener noreferrer\"><span>D\u00c9COUVRIR duo<\/span><\/a><\/div>\n","protected":false},"featured_media":27808,"template":"","meta":[],"product_brand":[],"product_cat":[162],"product_tag":[190,164,189,136],"class_list":{"0":"post-12773","1":"product","2":"type-product","3":"status-publish","4":"has-post-thumbnail","6":"product_cat-cosmetiques-fr","7":"product_tag-bois-fr","8":"product_tag-bouchon-a-tete-fr","9":"product_tag-low-environmental-impact-fr","10":"product_tag-plastique-fr","12":"first","13":"instock","14":"shipping-taxable","15":"product-type-simple"},"yoast_head":"<!-- This site is optimized with the Yoast SEO plugin v27.2 - https:\/\/yoast.com\/product\/yoast-seo-wordpress\/ -->\n<title>Duo Cosmetics - Tap\u00ec Group<\/title>\n<meta name=\"robots\" content=\"index, follow, max-snippet:-1, max-image-preview:large, max-video-preview:-1\" \/>\n<link rel=\"canonical\" href=\"https:\/\/tapigroup.com\/fr\/production-caps\/cosmetiques-fr\/duo-cosmetic\/\" \/>\n<meta property=\"og:locale\" content=\"fr_FR\" \/>\n<meta property=\"og:type\" content=\"article\" \/>\n<meta property=\"og:title\" content=\"Duo Cosmetics - Tap\u00ec Group\" \/>\n<meta property=\"og:description\" content=\"Bouchon\u00a0\u00e0 t\u00eate. T\u00eate et corps synth\u00e9tiques.  Duo Cosmetics propose un design minimaliste et intemporel qui compl\u00e8te le produit avec \u00e9l\u00e9gance. Infiniment personnalisable, simplement parfait. DEMANDER DES INFORMATIONS T\u00c9L\u00c9CHARGER LA FICHE TECHNIQUE D\u00c9COUVRIR duo\" \/>\n<meta property=\"og:url\" content=\"https:\/\/tapigroup.com\/fr\/production-caps\/cosmetiques-fr\/duo-cosmetic\/\" \/>\n<meta property=\"og:site_name\" content=\"Tap\u00ec Group\" \/>\n<meta property=\"article:modified_time\" content=\"2023-01-26T13:59:43+00:00\" \/>\n<meta property=\"og:image\" content=\"https:\/\/tapigroup.com\/wp-content\/uploads\/2020\/06\/Duo-Cosmetics_1-1.jpg\" \/>\n\t<meta property=\"og:image:width\" content=\"1063\" \/>\n\t<meta property=\"og:image:height\" content=\"1651\" \/>\n\t<meta property=\"og:image:type\" content=\"image\/jpeg\" \/>\n<meta name=\"twitter:card\" content=\"summary_large_image\" \/>\n<meta name=\"twitter:label1\" content=\"Dur\u00e9e de lecture estim\u00e9e\" \/>\n\t<meta name=\"twitter:data1\" content=\"1 minute\" \/>\n<script type=\"application\/ld+json\" class=\"yoast-schema-graph\">{\"@context\":\"https:\/\/schema.org\",\"@graph\":[{\"@type\":\"WebPage\",\"@id\":\"https:\/\/tapigroup.com\/fr\/production-caps\/cosmetiques-fr\/duo-cosmetic\/\",\"url\":\"https:\/\/tapigroup.com\/fr\/production-caps\/cosmetiques-fr\/duo-cosmetic\/\",\"name\":\"Duo Cosmetics - Tap\u00ec Group\",\"isPartOf\":{\"@id\":\"https:\/\/tapigroup.com\/fr\/#website\"},\"primaryImageOfPage\":{\"@id\":\"https:\/\/tapigroup.com\/fr\/production-caps\/cosmetiques-fr\/duo-cosmetic\/#primaryimage\"},\"image\":{\"@id\":\"https:\/\/tapigroup.com\/fr\/production-caps\/cosmetiques-fr\/duo-cosmetic\/#primaryimage\"},\"thumbnailUrl\":\"https:\/\/tapigroup.com\/wp-content\/uploads\/2020\/06\/Duo-Cosmetics_1-1.jpg\",\"datePublished\":\"2020-06-03T08:00:05+00:00\",\"dateModified\":\"2023-01-26T13:59:43+00:00\",\"breadcrumb\":{\"@id\":\"https:\/\/tapigroup.com\/fr\/production-caps\/cosmetiques-fr\/duo-cosmetic\/#breadcrumb\"},\"inLanguage\":\"fr-FR\",\"potentialAction\":[{\"@type\":\"ReadAction\",\"target\":[\"https:\/\/tapigroup.com\/fr\/production-caps\/cosmetiques-fr\/duo-cosmetic\/\"]}]},{\"@type\":\"ImageObject\",\"inLanguage\":\"fr-FR\",\"@id\":\"https:\/\/tapigroup.com\/fr\/production-caps\/cosmetiques-fr\/duo-cosmetic\/#primaryimage\",\"url\":\"https:\/\/tapigroup.com\/wp-content\/uploads\/2020\/06\/Duo-Cosmetics_1-1.jpg\",\"contentUrl\":\"https:\/\/tapigroup.com\/wp-content\/uploads\/2020\/06\/Duo-Cosmetics_1-1.jpg\",\"width\":1063,\"height\":1651,\"caption\":\"Duo Cosmetics planet cosmetics special-materials\"},{\"@type\":\"BreadcrumbList\",\"@id\":\"https:\/\/tapigroup.com\/fr\/production-caps\/cosmetiques-fr\/duo-cosmetic\/#breadcrumb\",\"itemListElement\":[{\"@type\":\"ListItem\",\"position\":1,\"name\":\"Produits\",\"item\":\"https:\/\/tapigroup.com\/fr\/shop\/\"},{\"@type\":\"ListItem\",\"position\":2,\"name\":\"Duo Cosmetics\"}]},{\"@type\":\"WebSite\",\"@id\":\"https:\/\/tapigroup.com\/fr\/#website\",\"url\":\"https:\/\/tapigroup.com\/fr\/\",\"name\":\"Tap\u00ec Group\",\"description\":\"Made to be Opened\",\"potentialAction\":[{\"@type\":\"SearchAction\",\"target\":{\"@type\":\"EntryPoint\",\"urlTemplate\":\"https:\/\/tapigroup.com\/fr\/?s={search_term_string}\"},\"query-input\":{\"@type\":\"PropertyValueSpecification\",\"valueRequired\":true,\"valueName\":\"search_term_string\"}}],\"inLanguage\":\"fr-FR\"}]}<\/script>\n<!-- \/ Yoast SEO plugin. -->","yoast_head_json":{"title":"Duo Cosmetics - Tap\u00ec Group","robots":{"index":"index","follow":"follow","max-snippet":"max-snippet:-1","max-image-preview":"max-image-preview:large","max-video-preview":"max-video-preview:-1"},"canonical":"https:\/\/tapigroup.com\/fr\/production-caps\/cosmetiques-fr\/duo-cosmetic\/","og_locale":"fr_FR","og_type":"article","og_title":"Duo Cosmetics - Tap\u00ec Group","og_description":"Bouchon\u00a0\u00e0 t\u00eate. T\u00eate et corps synth\u00e9tiques.  Duo Cosmetics propose un design minimaliste et intemporel qui compl\u00e8te le produit avec \u00e9l\u00e9gance. Infiniment personnalisable, simplement parfait. DEMANDER DES INFORMATIONS T\u00c9L\u00c9CHARGER LA FICHE TECHNIQUE D\u00c9COUVRIR duo","og_url":"https:\/\/tapigroup.com\/fr\/production-caps\/cosmetiques-fr\/duo-cosmetic\/","og_site_name":"Tap\u00ec Group","article_modified_time":"2023-01-26T13:59:43+00:00","og_image":[{"width":1063,"height":1651,"url":"https:\/\/tapigroup.com\/wp-content\/uploads\/2020\/06\/Duo-Cosmetics_1-1.jpg","type":"image\/jpeg"}],"twitter_card":"summary_large_image","twitter_misc":{"Dur\u00e9e de lecture estim\u00e9e":"1 minute"},"schema":{"@context":"https:\/\/schema.org","@graph":[{"@type":"WebPage","@id":"https:\/\/tapigroup.com\/fr\/production-caps\/cosmetiques-fr\/duo-cosmetic\/","url":"https:\/\/tapigroup.com\/fr\/production-caps\/cosmetiques-fr\/duo-cosmetic\/","name":"Duo Cosmetics - Tap\u00ec Group","isPartOf":{"@id":"https:\/\/tapigroup.com\/fr\/#website"},"primaryImageOfPage":{"@id":"https:\/\/tapigroup.com\/fr\/production-caps\/cosmetiques-fr\/duo-cosmetic\/#primaryimage"},"image":{"@id":"https:\/\/tapigroup.com\/fr\/production-caps\/cosmetiques-fr\/duo-cosmetic\/#primaryimage"},"thumbnailUrl":"https:\/\/tapigroup.com\/wp-content\/uploads\/2020\/06\/Duo-Cosmetics_1-1.jpg","datePublished":"2020-06-03T08:00:05+00:00","dateModified":"2023-01-26T13:59:43+00:00","breadcrumb":{"@id":"https:\/\/tapigroup.com\/fr\/production-caps\/cosmetiques-fr\/duo-cosmetic\/#breadcrumb"},"inLanguage":"fr-FR","potentialAction":[{"@type":"ReadAction","target":["https:\/\/tapigroup.com\/fr\/production-caps\/cosmetiques-fr\/duo-cosmetic\/"]}]},{"@type":"ImageObject","inLanguage":"fr-FR","@id":"https:\/\/tapigroup.com\/fr\/production-caps\/cosmetiques-fr\/duo-cosmetic\/#primaryimage","url":"https:\/\/tapigroup.com\/wp-content\/uploads\/2020\/06\/Duo-Cosmetics_1-1.jpg","contentUrl":"https:\/\/tapigroup.com\/wp-content\/uploads\/2020\/06\/Duo-Cosmetics_1-1.jpg","width":1063,"height":1651,"caption":"Duo Cosmetics planet cosmetics special-materials"},{"@type":"BreadcrumbList","@id":"https:\/\/tapigroup.com\/fr\/production-caps\/cosmetiques-fr\/duo-cosmetic\/#breadcrumb","itemListElement":[{"@type":"ListItem","position":1,"name":"Produits","item":"https:\/\/tapigroup.com\/fr\/shop\/"},{"@type":"ListItem","position":2,"name":"Duo Cosmetics"}]},{"@type":"WebSite","@id":"https:\/\/tapigroup.com\/fr\/#website","url":"https:\/\/tapigroup.com\/fr\/","name":"Tap\u00ec Group","description":"Made to be Opened","potentialAction":[{"@type":"SearchAction","target":{"@type":"EntryPoint","urlTemplate":"https:\/\/tapigroup.com\/fr\/?s={search_term_string}"},"query-input":{"@type":"PropertyValueSpecification","valueRequired":true,"valueName":"search_term_string"}}],"inLanguage":"fr-FR"}]}},"_links":{"self":[{"href":"https:\/\/tapigroup.com\/fr\/wp-json\/wp\/v2\/product\/12773","targetHints":{"allow":["GET"]}}],"collection":[{"href":"https:\/\/tapigroup.com\/fr\/wp-json\/wp\/v2\/product"}],"about":[{"href":"https:\/\/tapigroup.com\/fr\/wp-json\/wp\/v2\/types\/product"}],"version-history":[{"count":7,"href":"https:\/\/tapigroup.com\/fr\/wp-json\/wp\/v2\/product\/12773\/revisions"}],"predecessor-version":[{"id":28855,"href":"https:\/\/tapigroup.com\/fr\/wp-json\/wp\/v2\/product\/12773\/revisions\/28855"}],"wp:featuredmedia":[{"embeddable":true,"href":"https:\/\/tapigroup.com\/fr\/wp-json\/wp\/v2\/media\/27808"}],"wp:attachment":[{"href":"https:\/\/tapigroup.com\/fr\/wp-json\/wp\/v2\/media?parent=12773"}],"wp:term":[{"taxonomy":"product_brand","embeddable":true,"href":"https:\/\/tapigroup.com\/fr\/wp-json\/wp\/v2\/product_brand?post=12773"},{"taxonomy":"product_cat","embeddable":true,"href":"https:\/\/tapigroup.com\/fr\/wp-json\/wp\/v2\/product_cat?post=12773"},{"taxonomy":"product_tag","embeddable":true,"href":"https:\/\/tapigroup.com\/fr\/wp-json\/wp\/v2\/product_tag?post=12773"}],"curies":[{"name":"wp","href":"https:\/\/api.w.org\/{rel}","templated":true}]}}