{"id":12416,"date":"2020-01-24T15:37:46","date_gmt":"2020-01-24T14:37:46","guid":{"rendered":"http:\/\/tapigroup.com\/production-caps\/non%20class\u00e9\/soft\/"},"modified":"2023-10-10T15:49:55","modified_gmt":"2023-10-10T13:49:55","slug":"soft","status":"publish","type":"product","link":"https:\/\/tapigroup.com\/fr\/production-caps\/vin-fr\/soft\/","title":{"rendered":"Soft"},"content":{"rendered":"\t\t<div data-elementor-type=\"wp-post\" data-elementor-id=\"12416\" class=\"elementor elementor-12416 elementor-1167\" data-elementor-post-type=\"product\">\n\t\t\t\t\t\t<section class=\"elementor-section elementor-top-section elementor-element elementor-element-d81b984 elementor-section-boxed elementor-section-height-default elementor-section-height-default\" data-id=\"d81b984\" data-element_type=\"section\" data-e-type=\"section\">\n\t\t\t\t\t\t<div class=\"elementor-container elementor-column-gap-default\">\n\t\t\t\t\t<div class=\"elementor-column elementor-col-50 elementor-top-column elementor-element elementor-element-d14295b\" data-id=\"d14295b\" data-element_type=\"column\" data-e-type=\"column\">\n\t\t\t<div class=\"elementor-widget-wrap elementor-element-populated\">\n\t\t\t\t\t\t<div class=\"elementor-element elementor-element-0710321 elementor-widget elementor-widget-heading\" data-id=\"0710321\" data-element_type=\"widget\" data-e-type=\"widget\" data-widget_type=\"heading.default\">\n\t\t\t\t<div class=\"elementor-widget-container\">\n\t\t\t\t\t<h3 class=\"elementor-heading-title elementor-size-default\">PERSONALIZZAZIONI<\/h3>\t\t\t\t<\/div>\n\t\t\t\t<\/div>\n\t\t\t\t\t<\/div>\n\t\t<\/div>\n\t\t\t\t<div class=\"elementor-column elementor-col-50 elementor-top-column elementor-element elementor-element-73a6958\" data-id=\"73a6958\" data-element_type=\"column\" data-e-type=\"column\">\n\t\t\t<div class=\"elementor-widget-wrap\">\n\t\t\t\t\t\t\t<\/div>\n\t\t<\/div>\n\t\t\t\t\t<\/div>\n\t\t<\/section>\n\t\t\t\t<\/div>\n\t\t","protected":false},"excerpt":{"rendered":"<p>S<span>oft est le bouchon con\u00e7u pour les vins de qualit\u00e9, blancs, ros\u00e9s et rouges qui requi\u00e8rent d\u2019\u00eatre rebouch\u00e9s apr\u00e8s d\u00e9bouchage.<\/span><\/p>\n<p><span>Il se compose d\u2019un mat\u00e9riau synth\u00e9tique dot\u00e9 d\u2019une bonne \u00e9lasticit\u00e9 qui permet de le replacer \u00e0 la main apr\u00e8s d\u00e9bouchage.<\/span><\/p>\n<p><span>Il offre une excellente r\u00e9sistance au CO<sub>2<\/sub>\u00a0et garantit une barri\u00e8re \u00e0 l\u2019O<sub>2\u00a0<\/sub>parmi les plus \u00e9lev\u00e9es de\u00a0sa cat\u00e9gorie pour prot\u00e9ger le vin des oxydations.<\/span><\/p>\n<div class=\"info-btn request-info\"><a class=\"open-contact-modal\" role=\"button\"><span>DEMANDER DES INFORMATIONS<\/span><\/a><\/div>\n<div class=\"info-btn download\"><a href=\"https:\/\/tapigroup.com\/wp-content\/uploads\/2020\/05\/scheda-tecnica-soft.pdf\" role=\"button\"><span>T\u00c9L\u00c9CHARGER LA FICHE TECHNIQUE<\/span><\/a><\/div>\n","protected":false},"featured_media":27818,"template":"","meta":[],"product_brand":[],"product_cat":[134],"product_tag":[180,163,136],"class_list":{"0":"post-12416","1":"product","2":"type-product","3":"status-publish","4":"has-post-thumbnail","6":"product_cat-vin-fr","7":"product_tag-bouchon-a-vin-fr","8":"product_tag-collection-fr","9":"product_tag-plastique-fr","11":"first","12":"instock","13":"shipping-taxable","14":"product-type-simple"},"yoast_head":"<!-- This site is optimized with the Yoast SEO plugin v27.2 - https:\/\/yoast.com\/product\/yoast-seo-wordpress\/ -->\n<title>Soft - Tap\u00ec Group<\/title>\n<meta name=\"robots\" content=\"index, follow, max-snippet:-1, max-image-preview:large, max-video-preview:-1\" \/>\n<link rel=\"canonical\" href=\"https:\/\/tapigroup.com\/fr\/production-caps\/vin-fr\/soft\/\" \/>\n<meta property=\"og:locale\" content=\"fr_FR\" \/>\n<meta property=\"og:type\" content=\"article\" \/>\n<meta property=\"og:title\" content=\"Soft - Tap\u00ec Group\" \/>\n<meta property=\"og:description\" content=\"Soft est le bouchon con\u00e7u pour les vins de qualit\u00e9, blancs, ros\u00e9s et rouges qui requi\u00e8rent d\u2019\u00eatre rebouch\u00e9s apr\u00e8s d\u00e9bouchage.  Il se compose d\u2019un mat\u00e9riau synth\u00e9tique dot\u00e9 d\u2019une bonne \u00e9lasticit\u00e9 qui permet de le replacer \u00e0 la main apr\u00e8s d\u00e9bouchage.  Il offre une excellente r\u00e9sistance au CO2\u00a0et garantit une barri\u00e8re \u00e0 l\u2019O2\u00a0parmi les plus \u00e9lev\u00e9es de\u00a0sa cat\u00e9gorie pour prot\u00e9ger le vin des oxydations. DEMANDER DES INFORMATIONS T\u00c9L\u00c9CHARGER LA FICHE TECHNIQUE\" \/>\n<meta property=\"og:url\" content=\"https:\/\/tapigroup.com\/fr\/production-caps\/vin-fr\/soft\/\" \/>\n<meta property=\"og:site_name\" content=\"Tap\u00ec Group\" \/>\n<meta property=\"article:modified_time\" content=\"2023-10-10T13:49:55+00:00\" \/>\n<meta property=\"og:image\" content=\"https:\/\/tapigroup.com\/wp-content\/uploads\/2020\/06\/Soft_.jpg\" \/>\n\t<meta property=\"og:image:width\" content=\"1063\" \/>\n\t<meta property=\"og:image:height\" content=\"1651\" \/>\n\t<meta property=\"og:image:type\" content=\"image\/jpeg\" \/>\n<meta name=\"twitter:card\" content=\"summary_large_image\" \/>\n<meta name=\"twitter:label1\" content=\"Dur\u00e9e de lecture estim\u00e9e\" \/>\n\t<meta name=\"twitter:data1\" content=\"1 minute\" \/>\n<script type=\"application\/ld+json\" class=\"yoast-schema-graph\">{\"@context\":\"https:\/\/schema.org\",\"@graph\":[{\"@type\":\"WebPage\",\"@id\":\"https:\/\/tapigroup.com\/fr\/production-caps\/vin-fr\/soft\/\",\"url\":\"https:\/\/tapigroup.com\/fr\/production-caps\/vin-fr\/soft\/\",\"name\":\"Soft - Tap\u00ec Group\",\"isPartOf\":{\"@id\":\"https:\/\/tapigroup.com\/fr\/#website\"},\"primaryImageOfPage\":{\"@id\":\"https:\/\/tapigroup.com\/fr\/production-caps\/vin-fr\/soft\/#primaryimage\"},\"image\":{\"@id\":\"https:\/\/tapigroup.com\/fr\/production-caps\/vin-fr\/soft\/#primaryimage\"},\"thumbnailUrl\":\"https:\/\/tapigroup.com\/wp-content\/uploads\/2020\/06\/Soft_.jpg\",\"datePublished\":\"2020-01-24T14:37:46+00:00\",\"dateModified\":\"2023-10-10T13:49:55+00:00\",\"breadcrumb\":{\"@id\":\"https:\/\/tapigroup.com\/fr\/production-caps\/vin-fr\/soft\/#breadcrumb\"},\"inLanguage\":\"fr-FR\",\"potentialAction\":[{\"@type\":\"ReadAction\",\"target\":[\"https:\/\/tapigroup.com\/fr\/production-caps\/vin-fr\/soft\/\"]}]},{\"@type\":\"ImageObject\",\"inLanguage\":\"fr-FR\",\"@id\":\"https:\/\/tapigroup.com\/fr\/production-caps\/vin-fr\/soft\/#primaryimage\",\"url\":\"https:\/\/tapigroup.com\/wp-content\/uploads\/2020\/06\/Soft_.jpg\",\"contentUrl\":\"https:\/\/tapigroup.com\/wp-content\/uploads\/2020\/06\/Soft_.jpg\",\"width\":1063,\"height\":1651,\"caption\":\"Soft gourmet wine plastics\"},{\"@type\":\"BreadcrumbList\",\"@id\":\"https:\/\/tapigroup.com\/fr\/production-caps\/vin-fr\/soft\/#breadcrumb\",\"itemListElement\":[{\"@type\":\"ListItem\",\"position\":1,\"name\":\"Produits\",\"item\":\"https:\/\/tapigroup.com\/fr\/shop\/\"},{\"@type\":\"ListItem\",\"position\":2,\"name\":\"Soft\"}]},{\"@type\":\"WebSite\",\"@id\":\"https:\/\/tapigroup.com\/fr\/#website\",\"url\":\"https:\/\/tapigroup.com\/fr\/\",\"name\":\"Tap\u00ec Group\",\"description\":\"Made to be Opened\",\"potentialAction\":[{\"@type\":\"SearchAction\",\"target\":{\"@type\":\"EntryPoint\",\"urlTemplate\":\"https:\/\/tapigroup.com\/fr\/?s={search_term_string}\"},\"query-input\":{\"@type\":\"PropertyValueSpecification\",\"valueRequired\":true,\"valueName\":\"search_term_string\"}}],\"inLanguage\":\"fr-FR\"}]}<\/script>\n<!-- \/ Yoast SEO plugin. -->","yoast_head_json":{"title":"Soft - Tap\u00ec Group","robots":{"index":"index","follow":"follow","max-snippet":"max-snippet:-1","max-image-preview":"max-image-preview:large","max-video-preview":"max-video-preview:-1"},"canonical":"https:\/\/tapigroup.com\/fr\/production-caps\/vin-fr\/soft\/","og_locale":"fr_FR","og_type":"article","og_title":"Soft - Tap\u00ec Group","og_description":"Soft est le bouchon con\u00e7u pour les vins de qualit\u00e9, blancs, ros\u00e9s et rouges qui requi\u00e8rent d\u2019\u00eatre rebouch\u00e9s apr\u00e8s d\u00e9bouchage.  Il se compose d\u2019un mat\u00e9riau synth\u00e9tique dot\u00e9 d\u2019une bonne \u00e9lasticit\u00e9 qui permet de le replacer \u00e0 la main apr\u00e8s d\u00e9bouchage.  Il offre une excellente r\u00e9sistance au CO2\u00a0et garantit une barri\u00e8re \u00e0 l\u2019O2\u00a0parmi les plus \u00e9lev\u00e9es de\u00a0sa cat\u00e9gorie pour prot\u00e9ger le vin des oxydations. DEMANDER DES INFORMATIONS T\u00c9L\u00c9CHARGER LA FICHE TECHNIQUE","og_url":"https:\/\/tapigroup.com\/fr\/production-caps\/vin-fr\/soft\/","og_site_name":"Tap\u00ec Group","article_modified_time":"2023-10-10T13:49:55+00:00","og_image":[{"width":1063,"height":1651,"url":"https:\/\/tapigroup.com\/wp-content\/uploads\/2020\/06\/Soft_.jpg","type":"image\/jpeg"}],"twitter_card":"summary_large_image","twitter_misc":{"Dur\u00e9e de lecture estim\u00e9e":"1 minute"},"schema":{"@context":"https:\/\/schema.org","@graph":[{"@type":"WebPage","@id":"https:\/\/tapigroup.com\/fr\/production-caps\/vin-fr\/soft\/","url":"https:\/\/tapigroup.com\/fr\/production-caps\/vin-fr\/soft\/","name":"Soft - Tap\u00ec Group","isPartOf":{"@id":"https:\/\/tapigroup.com\/fr\/#website"},"primaryImageOfPage":{"@id":"https:\/\/tapigroup.com\/fr\/production-caps\/vin-fr\/soft\/#primaryimage"},"image":{"@id":"https:\/\/tapigroup.com\/fr\/production-caps\/vin-fr\/soft\/#primaryimage"},"thumbnailUrl":"https:\/\/tapigroup.com\/wp-content\/uploads\/2020\/06\/Soft_.jpg","datePublished":"2020-01-24T14:37:46+00:00","dateModified":"2023-10-10T13:49:55+00:00","breadcrumb":{"@id":"https:\/\/tapigroup.com\/fr\/production-caps\/vin-fr\/soft\/#breadcrumb"},"inLanguage":"fr-FR","potentialAction":[{"@type":"ReadAction","target":["https:\/\/tapigroup.com\/fr\/production-caps\/vin-fr\/soft\/"]}]},{"@type":"ImageObject","inLanguage":"fr-FR","@id":"https:\/\/tapigroup.com\/fr\/production-caps\/vin-fr\/soft\/#primaryimage","url":"https:\/\/tapigroup.com\/wp-content\/uploads\/2020\/06\/Soft_.jpg","contentUrl":"https:\/\/tapigroup.com\/wp-content\/uploads\/2020\/06\/Soft_.jpg","width":1063,"height":1651,"caption":"Soft gourmet wine plastics"},{"@type":"BreadcrumbList","@id":"https:\/\/tapigroup.com\/fr\/production-caps\/vin-fr\/soft\/#breadcrumb","itemListElement":[{"@type":"ListItem","position":1,"name":"Produits","item":"https:\/\/tapigroup.com\/fr\/shop\/"},{"@type":"ListItem","position":2,"name":"Soft"}]},{"@type":"WebSite","@id":"https:\/\/tapigroup.com\/fr\/#website","url":"https:\/\/tapigroup.com\/fr\/","name":"Tap\u00ec Group","description":"Made to be Opened","potentialAction":[{"@type":"SearchAction","target":{"@type":"EntryPoint","urlTemplate":"https:\/\/tapigroup.com\/fr\/?s={search_term_string}"},"query-input":{"@type":"PropertyValueSpecification","valueRequired":true,"valueName":"search_term_string"}}],"inLanguage":"fr-FR"}]}},"_links":{"self":[{"href":"https:\/\/tapigroup.com\/fr\/wp-json\/wp\/v2\/product\/12416","targetHints":{"allow":["GET"]}}],"collection":[{"href":"https:\/\/tapigroup.com\/fr\/wp-json\/wp\/v2\/product"}],"about":[{"href":"https:\/\/tapigroup.com\/fr\/wp-json\/wp\/v2\/types\/product"}],"version-history":[{"count":4,"href":"https:\/\/tapigroup.com\/fr\/wp-json\/wp\/v2\/product\/12416\/revisions"}],"predecessor-version":[{"id":37925,"href":"https:\/\/tapigroup.com\/fr\/wp-json\/wp\/v2\/product\/12416\/revisions\/37925"}],"wp:featuredmedia":[{"embeddable":true,"href":"https:\/\/tapigroup.com\/fr\/wp-json\/wp\/v2\/media\/27818"}],"wp:attachment":[{"href":"https:\/\/tapigroup.com\/fr\/wp-json\/wp\/v2\/media?parent=12416"}],"wp:term":[{"taxonomy":"product_brand","embeddable":true,"href":"https:\/\/tapigroup.com\/fr\/wp-json\/wp\/v2\/product_brand?post=12416"},{"taxonomy":"product_cat","embeddable":true,"href":"https:\/\/tapigroup.com\/fr\/wp-json\/wp\/v2\/product_cat?post=12416"},{"taxonomy":"product_tag","embeddable":true,"href":"https:\/\/tapigroup.com\/fr\/wp-json\/wp\/v2\/product_tag?post=12416"}],"curies":[{"name":"wp","href":"https:\/\/api.w.org\/{rel}","templated":true}]}}