{"id":12315,"date":"2020-01-24T15:35:39","date_gmt":"2020-01-24T14:35:39","guid":{"rendered":"http:\/\/tapigroup.com\/production-caps\/non%20class\u00e9\/easy\/"},"modified":"2023-10-10T15:25:10","modified_gmt":"2023-10-10T13:25:10","slug":"easy","status":"publish","type":"product","link":"https:\/\/tapigroup.com\/fr\/production-caps\/vin-fr\/easy\/","title":{"rendered":"Easy"},"content":{"rendered":"\t\t<div data-elementor-type=\"wp-post\" data-elementor-id=\"12315\" class=\"elementor elementor-12315 elementor-1161\" data-elementor-post-type=\"product\">\n\t\t\t\t\t\t<section class=\"elementor-section elementor-top-section elementor-element elementor-element-6cd9669 elementor-section-boxed elementor-section-height-default elementor-section-height-default\" data-id=\"6cd9669\" data-element_type=\"section\" data-e-type=\"section\">\n\t\t\t\t\t\t<div class=\"elementor-container elementor-column-gap-default\">\n\t\t\t\t\t<div class=\"elementor-column elementor-col-50 elementor-top-column elementor-element elementor-element-4cba956\" data-id=\"4cba956\" data-element_type=\"column\" data-e-type=\"column\">\n\t\t\t<div class=\"elementor-widget-wrap elementor-element-populated\">\n\t\t\t\t\t\t<div class=\"elementor-element elementor-element-3221e22 elementor-widget elementor-widget-heading\" data-id=\"3221e22\" data-element_type=\"widget\" data-e-type=\"widget\" data-widget_type=\"heading.default\">\n\t\t\t\t<div class=\"elementor-widget-container\">\n\t\t\t\t\t<h3 class=\"elementor-heading-title elementor-size-default\">PERSONALIZZAZIONI<\/h3>\t\t\t\t<\/div>\n\t\t\t\t<\/div>\n\t\t\t\t\t<\/div>\n\t\t<\/div>\n\t\t\t\t<div class=\"elementor-column elementor-col-50 elementor-top-column elementor-element elementor-element-747f54a\" data-id=\"747f54a\" data-element_type=\"column\" data-e-type=\"column\">\n\t\t\t<div class=\"elementor-widget-wrap\">\n\t\t\t\t\t\t\t<\/div>\n\t\t<\/div>\n\t\t\t\t\t<\/div>\n\t\t<\/section>\n\t\t\t\t<\/div>\n\t\t","protected":false},"excerpt":{"rendered":"<p>Easy repr\u00e9sente la solution id\u00e9ale pour garantir la conservation des vins frais et fruit\u00e9s blancs, ros\u00e9s et rouges, destin\u00e9s \u00e0 \u00eatre consomm\u00e9s rapidement.<\/p>\n<p>Il se compose d\u2019un mat\u00e9riau synth\u00e9tique de derni\u00e8re g\u00e9n\u00e9ration assembl\u00e9 par micro-injection contr\u00f4l\u00e9e, qui assure un d\u00e9bouchage facile et en toute s\u00e9curit\u00e9.<\/p>\n<p>Il a un excellent comportement sur les lignes de mise en bouteille \u00e0 grande cadence, garantissant une tr\u00e8s haute neutralit\u00e9 organoleptique pour prot\u00e9ger la structure aromatique du vin.<\/p>\n<div class=\"info-btn request-info\"><a class=\"open-contact-modal\" role=\"button\"><span>DEMANDER DES INFORMATIONS<\/span><\/a><\/div>\n<div class=\"info-btn download\"><a href=\"https:\/\/tapigroup.com\/wp-content\/uploads\/2020\/05\/scheda-tecnica-easy.pdf\" role=\"button\"><span>T\u00c9L\u00c9CHARGER LA FICHE TECHNIQUE<\/span><\/a><\/div>\n","protected":false},"featured_media":27828,"template":"","meta":[],"product_brand":[],"product_cat":[134],"product_tag":[180,163,136],"class_list":{"0":"post-12315","1":"product","2":"type-product","3":"status-publish","4":"has-post-thumbnail","6":"product_cat-vin-fr","7":"product_tag-bouchon-a-vin-fr","8":"product_tag-collection-fr","9":"product_tag-plastique-fr","11":"first","12":"instock","13":"shipping-taxable","14":"product-type-simple"},"yoast_head":"<!-- This site is optimized with the Yoast SEO plugin v27.2 - https:\/\/yoast.com\/product\/yoast-seo-wordpress\/ -->\n<title>Easy - Tap\u00ec Group<\/title>\n<meta name=\"robots\" content=\"index, follow, max-snippet:-1, max-image-preview:large, max-video-preview:-1\" \/>\n<link rel=\"canonical\" href=\"https:\/\/tapigroup.com\/fr\/production-caps\/vin-fr\/easy\/\" \/>\n<meta property=\"og:locale\" content=\"fr_FR\" \/>\n<meta property=\"og:type\" content=\"article\" \/>\n<meta property=\"og:title\" content=\"Easy - Tap\u00ec Group\" \/>\n<meta property=\"og:description\" content=\"Easy repr\u00e9sente la solution id\u00e9ale pour garantir la conservation des vins frais et fruit\u00e9s blancs, ros\u00e9s et rouges, destin\u00e9s \u00e0 \u00eatre consomm\u00e9s rapidement.  Il se compose d\u2019un mat\u00e9riau synth\u00e9tique de derni\u00e8re g\u00e9n\u00e9ration assembl\u00e9 par micro-injection contr\u00f4l\u00e9e, qui assure un d\u00e9bouchage facile et en toute s\u00e9curit\u00e9.  Il a un excellent comportement sur les lignes de mise en bouteille \u00e0 grande cadence, garantissant une tr\u00e8s haute neutralit\u00e9 organoleptique pour prot\u00e9ger la structure aromatique du vin. DEMANDER DES INFORMATIONS T\u00c9L\u00c9CHARGER LA FICHE TECHNIQUE\" \/>\n<meta property=\"og:url\" content=\"https:\/\/tapigroup.com\/fr\/production-caps\/vin-fr\/easy\/\" \/>\n<meta property=\"og:site_name\" content=\"Tap\u00ec Group\" \/>\n<meta property=\"article:modified_time\" content=\"2023-10-10T13:25:10+00:00\" \/>\n<meta property=\"og:image\" content=\"https:\/\/tapigroup.com\/wp-content\/uploads\/2020\/06\/Easy.jpg\" \/>\n\t<meta property=\"og:image:width\" content=\"1063\" \/>\n\t<meta property=\"og:image:height\" content=\"1651\" \/>\n\t<meta property=\"og:image:type\" content=\"image\/jpeg\" \/>\n<meta name=\"twitter:card\" content=\"summary_large_image\" \/>\n<meta name=\"twitter:label1\" content=\"Dur\u00e9e de lecture estim\u00e9e\" \/>\n\t<meta name=\"twitter:data1\" content=\"1 minute\" \/>\n<script type=\"application\/ld+json\" class=\"yoast-schema-graph\">{\"@context\":\"https:\/\/schema.org\",\"@graph\":[{\"@type\":\"WebPage\",\"@id\":\"https:\/\/tapigroup.com\/fr\/production-caps\/vin-fr\/easy\/\",\"url\":\"https:\/\/tapigroup.com\/fr\/production-caps\/vin-fr\/easy\/\",\"name\":\"Easy - Tap\u00ec Group\",\"isPartOf\":{\"@id\":\"https:\/\/tapigroup.com\/fr\/#website\"},\"primaryImageOfPage\":{\"@id\":\"https:\/\/tapigroup.com\/fr\/production-caps\/vin-fr\/easy\/#primaryimage\"},\"image\":{\"@id\":\"https:\/\/tapigroup.com\/fr\/production-caps\/vin-fr\/easy\/#primaryimage\"},\"thumbnailUrl\":\"https:\/\/tapigroup.com\/wp-content\/uploads\/2020\/06\/Easy.jpg\",\"datePublished\":\"2020-01-24T14:35:39+00:00\",\"dateModified\":\"2023-10-10T13:25:10+00:00\",\"breadcrumb\":{\"@id\":\"https:\/\/tapigroup.com\/fr\/production-caps\/vin-fr\/easy\/#breadcrumb\"},\"inLanguage\":\"fr-FR\",\"potentialAction\":[{\"@type\":\"ReadAction\",\"target\":[\"https:\/\/tapigroup.com\/fr\/production-caps\/vin-fr\/easy\/\"]}]},{\"@type\":\"ImageObject\",\"inLanguage\":\"fr-FR\",\"@id\":\"https:\/\/tapigroup.com\/fr\/production-caps\/vin-fr\/easy\/#primaryimage\",\"url\":\"https:\/\/tapigroup.com\/wp-content\/uploads\/2020\/06\/Easy.jpg\",\"contentUrl\":\"https:\/\/tapigroup.com\/wp-content\/uploads\/2020\/06\/Easy.jpg\",\"width\":1063,\"height\":1651,\"caption\":\"Easy gourmet wine plastics\"},{\"@type\":\"BreadcrumbList\",\"@id\":\"https:\/\/tapigroup.com\/fr\/production-caps\/vin-fr\/easy\/#breadcrumb\",\"itemListElement\":[{\"@type\":\"ListItem\",\"position\":1,\"name\":\"Produits\",\"item\":\"https:\/\/tapigroup.com\/fr\/shop\/\"},{\"@type\":\"ListItem\",\"position\":2,\"name\":\"Easy\"}]},{\"@type\":\"WebSite\",\"@id\":\"https:\/\/tapigroup.com\/fr\/#website\",\"url\":\"https:\/\/tapigroup.com\/fr\/\",\"name\":\"Tap\u00ec Group\",\"description\":\"Made to be Opened\",\"potentialAction\":[{\"@type\":\"SearchAction\",\"target\":{\"@type\":\"EntryPoint\",\"urlTemplate\":\"https:\/\/tapigroup.com\/fr\/?s={search_term_string}\"},\"query-input\":{\"@type\":\"PropertyValueSpecification\",\"valueRequired\":true,\"valueName\":\"search_term_string\"}}],\"inLanguage\":\"fr-FR\"}]}<\/script>\n<!-- \/ Yoast SEO plugin. -->","yoast_head_json":{"title":"Easy - Tap\u00ec Group","robots":{"index":"index","follow":"follow","max-snippet":"max-snippet:-1","max-image-preview":"max-image-preview:large","max-video-preview":"max-video-preview:-1"},"canonical":"https:\/\/tapigroup.com\/fr\/production-caps\/vin-fr\/easy\/","og_locale":"fr_FR","og_type":"article","og_title":"Easy - Tap\u00ec Group","og_description":"Easy repr\u00e9sente la solution id\u00e9ale pour garantir la conservation des vins frais et fruit\u00e9s blancs, ros\u00e9s et rouges, destin\u00e9s \u00e0 \u00eatre consomm\u00e9s rapidement.  Il se compose d\u2019un mat\u00e9riau synth\u00e9tique de derni\u00e8re g\u00e9n\u00e9ration assembl\u00e9 par micro-injection contr\u00f4l\u00e9e, qui assure un d\u00e9bouchage facile et en toute s\u00e9curit\u00e9.  Il a un excellent comportement sur les lignes de mise en bouteille \u00e0 grande cadence, garantissant une tr\u00e8s haute neutralit\u00e9 organoleptique pour prot\u00e9ger la structure aromatique du vin. DEMANDER DES INFORMATIONS T\u00c9L\u00c9CHARGER LA FICHE TECHNIQUE","og_url":"https:\/\/tapigroup.com\/fr\/production-caps\/vin-fr\/easy\/","og_site_name":"Tap\u00ec Group","article_modified_time":"2023-10-10T13:25:10+00:00","og_image":[{"width":1063,"height":1651,"url":"https:\/\/tapigroup.com\/wp-content\/uploads\/2020\/06\/Easy.jpg","type":"image\/jpeg"}],"twitter_card":"summary_large_image","twitter_misc":{"Dur\u00e9e de lecture estim\u00e9e":"1 minute"},"schema":{"@context":"https:\/\/schema.org","@graph":[{"@type":"WebPage","@id":"https:\/\/tapigroup.com\/fr\/production-caps\/vin-fr\/easy\/","url":"https:\/\/tapigroup.com\/fr\/production-caps\/vin-fr\/easy\/","name":"Easy - Tap\u00ec Group","isPartOf":{"@id":"https:\/\/tapigroup.com\/fr\/#website"},"primaryImageOfPage":{"@id":"https:\/\/tapigroup.com\/fr\/production-caps\/vin-fr\/easy\/#primaryimage"},"image":{"@id":"https:\/\/tapigroup.com\/fr\/production-caps\/vin-fr\/easy\/#primaryimage"},"thumbnailUrl":"https:\/\/tapigroup.com\/wp-content\/uploads\/2020\/06\/Easy.jpg","datePublished":"2020-01-24T14:35:39+00:00","dateModified":"2023-10-10T13:25:10+00:00","breadcrumb":{"@id":"https:\/\/tapigroup.com\/fr\/production-caps\/vin-fr\/easy\/#breadcrumb"},"inLanguage":"fr-FR","potentialAction":[{"@type":"ReadAction","target":["https:\/\/tapigroup.com\/fr\/production-caps\/vin-fr\/easy\/"]}]},{"@type":"ImageObject","inLanguage":"fr-FR","@id":"https:\/\/tapigroup.com\/fr\/production-caps\/vin-fr\/easy\/#primaryimage","url":"https:\/\/tapigroup.com\/wp-content\/uploads\/2020\/06\/Easy.jpg","contentUrl":"https:\/\/tapigroup.com\/wp-content\/uploads\/2020\/06\/Easy.jpg","width":1063,"height":1651,"caption":"Easy gourmet wine plastics"},{"@type":"BreadcrumbList","@id":"https:\/\/tapigroup.com\/fr\/production-caps\/vin-fr\/easy\/#breadcrumb","itemListElement":[{"@type":"ListItem","position":1,"name":"Produits","item":"https:\/\/tapigroup.com\/fr\/shop\/"},{"@type":"ListItem","position":2,"name":"Easy"}]},{"@type":"WebSite","@id":"https:\/\/tapigroup.com\/fr\/#website","url":"https:\/\/tapigroup.com\/fr\/","name":"Tap\u00ec Group","description":"Made to be Opened","potentialAction":[{"@type":"SearchAction","target":{"@type":"EntryPoint","urlTemplate":"https:\/\/tapigroup.com\/fr\/?s={search_term_string}"},"query-input":{"@type":"PropertyValueSpecification","valueRequired":true,"valueName":"search_term_string"}}],"inLanguage":"fr-FR"}]}},"_links":{"self":[{"href":"https:\/\/tapigroup.com\/fr\/wp-json\/wp\/v2\/product\/12315","targetHints":{"allow":["GET"]}}],"collection":[{"href":"https:\/\/tapigroup.com\/fr\/wp-json\/wp\/v2\/product"}],"about":[{"href":"https:\/\/tapigroup.com\/fr\/wp-json\/wp\/v2\/types\/product"}],"version-history":[{"count":5,"href":"https:\/\/tapigroup.com\/fr\/wp-json\/wp\/v2\/product\/12315\/revisions"}],"predecessor-version":[{"id":37915,"href":"https:\/\/tapigroup.com\/fr\/wp-json\/wp\/v2\/product\/12315\/revisions\/37915"}],"wp:featuredmedia":[{"embeddable":true,"href":"https:\/\/tapigroup.com\/fr\/wp-json\/wp\/v2\/media\/27828"}],"wp:attachment":[{"href":"https:\/\/tapigroup.com\/fr\/wp-json\/wp\/v2\/media?parent=12315"}],"wp:term":[{"taxonomy":"product_brand","embeddable":true,"href":"https:\/\/tapigroup.com\/fr\/wp-json\/wp\/v2\/product_brand?post=12315"},{"taxonomy":"product_cat","embeddable":true,"href":"https:\/\/tapigroup.com\/fr\/wp-json\/wp\/v2\/product_cat?post=12315"},{"taxonomy":"product_tag","embeddable":true,"href":"https:\/\/tapigroup.com\/fr\/wp-json\/wp\/v2\/product_tag?post=12315"}],"curies":[{"name":"wp","href":"https:\/\/api.w.org\/{rel}","templated":true}]}}