{"id":12262,"date":"2020-08-26T15:46:01","date_gmt":"2020-08-26T13:46:01","guid":{"rendered":"http:\/\/tapigroup.com\/production-caps\/non%20class\u00e9\/devin\/"},"modified":"2022-10-26T10:24:08","modified_gmt":"2022-10-26T08:24:08","slug":"devin","status":"publish","type":"product","link":"https:\/\/tapigroup.com\/fr\/production-caps\/vin-fr\/devin\/","title":{"rendered":"Devin"},"content":{"rendered":"","protected":false},"excerpt":{"rendered":"<div style=\"margin-bottom: 20px;\"><\/div>\n<div><img decoding=\"async\" style=\"max-width: 250px; margin: 12px 0px 0px 0px;\" src=\"https:\/\/tapigroup.com\/wp-content\/uploads\/2020\/09\/250-b.png\" \/><\/div>\n<div><\/div>\n<div><span>Devin est un bouchon innovant obtenu dans le plein respect de l\u2019environnement. En effet, des polym\u00e8res d\u2019origine v\u00e9g\u00e9tale et le marc r\u00e9siduel de la production vinicole entrent dans sa fabrication. C\u2019est pr\u00e9cis\u00e9ment ce dernier qui conf\u00e8re au bouchon sa couleur naturelle particuli\u00e8re, cet aspect qui le rend authentique et unique. Devin est exempt de tout colorant artificiel et a une faible empreinte carbone.<\/span><\/div>\n<p>&nbsp;<\/p>\n<div class=\"info-btn request-info\"><a class=\"open-contact-modal\" role=\"button\"><span>DEMANDER DES INFORMATIONS<\/span><\/a><\/div>\n<div class=\"info-btn discover\"><a href=\"https:\/\/tapigroup.com\/devin\/fr\/\" role=\"button\"><span style=\"color: #e84e1a; text-transform: uppercase; margin: 50px 0 50px;\">En savoir plus<\/span><\/a><\/div>\n","protected":false},"featured_media":9379,"template":"","meta":[],"product_brand":[],"product_cat":[134],"product_tag":[230,180,163,136],"class_list":{"0":"post-12262","1":"product","2":"type-product","3":"status-publish","4":"has-post-thumbnail","6":"product_cat-vin-fr","7":"product_tag-bouchon-a-cylindrique","8":"product_tag-bouchon-a-vin-fr","9":"product_tag-collection-fr","10":"product_tag-plastique-fr","12":"first","13":"instock","14":"shipping-taxable","15":"product-type-simple"},"yoast_head":"<!-- This site is optimized with the Yoast SEO plugin v27.2 - https:\/\/yoast.com\/product\/yoast-seo-wordpress\/ -->\n<title>Devin - Tap\u00ec Group<\/title>\n<meta name=\"robots\" content=\"index, follow, max-snippet:-1, max-image-preview:large, max-video-preview:-1\" \/>\n<link rel=\"canonical\" href=\"https:\/\/tapigroup.com\/fr\/production-caps\/vin-fr\/devin\/\" \/>\n<meta property=\"og:locale\" content=\"fr_FR\" \/>\n<meta property=\"og:type\" content=\"article\" \/>\n<meta property=\"og:title\" content=\"Devin - Tap\u00ec Group\" \/>\n<meta property=\"og:description\" content=\"Devin est un bouchon innovant obtenu dans le plein respect de l\u2019environnement. En effet, des polym\u00e8res d\u2019origine v\u00e9g\u00e9tale et le marc r\u00e9siduel de la production vinicole entrent dans sa fabrication. C\u2019est pr\u00e9cis\u00e9ment ce dernier qui conf\u00e8re au bouchon sa couleur naturelle particuli\u00e8re, cet aspect qui le rend authentique et unique. Devin est exempt de tout colorant artificiel et a une faible empreinte carbone. &nbsp; DEMANDER DES INFORMATIONS En savoir plus\" \/>\n<meta property=\"og:url\" content=\"https:\/\/tapigroup.com\/fr\/production-caps\/vin-fr\/devin\/\" \/>\n<meta property=\"og:site_name\" content=\"Tap\u00ec Group\" \/>\n<meta property=\"article:modified_time\" content=\"2022-10-26T08:24:08+00:00\" \/>\n<meta property=\"og:image\" content=\"https:\/\/tapigroup.com\/wp-content\/uploads\/2020\/08\/Devin-eroe-urgente_9529-fondo-salmone-1.jpg\" \/>\n\t<meta property=\"og:image:width\" content=\"1920\" \/>\n\t<meta property=\"og:image:height\" content=\"1280\" \/>\n\t<meta property=\"og:image:type\" content=\"image\/jpeg\" \/>\n<meta name=\"twitter:card\" content=\"summary_large_image\" \/>\n<script type=\"application\/ld+json\" class=\"yoast-schema-graph\">{\"@context\":\"https:\/\/schema.org\",\"@graph\":[{\"@type\":\"WebPage\",\"@id\":\"https:\/\/tapigroup.com\/fr\/production-caps\/vin-fr\/devin\/\",\"url\":\"https:\/\/tapigroup.com\/fr\/production-caps\/vin-fr\/devin\/\",\"name\":\"Devin - Tap\u00ec Group\",\"isPartOf\":{\"@id\":\"https:\/\/tapigroup.com\/fr\/#website\"},\"primaryImageOfPage\":{\"@id\":\"https:\/\/tapigroup.com\/fr\/production-caps\/vin-fr\/devin\/#primaryimage\"},\"image\":{\"@id\":\"https:\/\/tapigroup.com\/fr\/production-caps\/vin-fr\/devin\/#primaryimage\"},\"thumbnailUrl\":\"https:\/\/tapigroup.com\/wp-content\/uploads\/2020\/08\/Devin-eroe-urgente_9529-fondo-salmone-1.jpg\",\"datePublished\":\"2020-08-26T13:46:01+00:00\",\"dateModified\":\"2022-10-26T08:24:08+00:00\",\"breadcrumb\":{\"@id\":\"https:\/\/tapigroup.com\/fr\/production-caps\/vin-fr\/devin\/#breadcrumb\"},\"inLanguage\":\"fr-FR\",\"potentialAction\":[{\"@type\":\"ReadAction\",\"target\":[\"https:\/\/tapigroup.com\/fr\/production-caps\/vin-fr\/devin\/\"]}]},{\"@type\":\"ImageObject\",\"inLanguage\":\"fr-FR\",\"@id\":\"https:\/\/tapigroup.com\/fr\/production-caps\/vin-fr\/devin\/#primaryimage\",\"url\":\"https:\/\/tapigroup.com\/wp-content\/uploads\/2020\/08\/Devin-eroe-urgente_9529-fondo-salmone-1.jpg\",\"contentUrl\":\"https:\/\/tapigroup.com\/wp-content\/uploads\/2020\/08\/Devin-eroe-urgente_9529-fondo-salmone-1.jpg\",\"width\":1920,\"height\":1280,\"caption\":\"Bouchon \u00e0 Vin-Collection-Plastique-Bouchon \u00e0 Cylindrique\"},{\"@type\":\"BreadcrumbList\",\"@id\":\"https:\/\/tapigroup.com\/fr\/production-caps\/vin-fr\/devin\/#breadcrumb\",\"itemListElement\":[{\"@type\":\"ListItem\",\"position\":1,\"name\":\"Produits\",\"item\":\"https:\/\/tapigroup.com\/fr\/shop\/\"},{\"@type\":\"ListItem\",\"position\":2,\"name\":\"Devin\"}]},{\"@type\":\"WebSite\",\"@id\":\"https:\/\/tapigroup.com\/fr\/#website\",\"url\":\"https:\/\/tapigroup.com\/fr\/\",\"name\":\"Tap\u00ec Group\",\"description\":\"Made to be Opened\",\"potentialAction\":[{\"@type\":\"SearchAction\",\"target\":{\"@type\":\"EntryPoint\",\"urlTemplate\":\"https:\/\/tapigroup.com\/fr\/?s={search_term_string}\"},\"query-input\":{\"@type\":\"PropertyValueSpecification\",\"valueRequired\":true,\"valueName\":\"search_term_string\"}}],\"inLanguage\":\"fr-FR\"}]}<\/script>\n<!-- \/ Yoast SEO plugin. -->","yoast_head_json":{"title":"Devin - Tap\u00ec Group","robots":{"index":"index","follow":"follow","max-snippet":"max-snippet:-1","max-image-preview":"max-image-preview:large","max-video-preview":"max-video-preview:-1"},"canonical":"https:\/\/tapigroup.com\/fr\/production-caps\/vin-fr\/devin\/","og_locale":"fr_FR","og_type":"article","og_title":"Devin - Tap\u00ec Group","og_description":"Devin est un bouchon innovant obtenu dans le plein respect de l\u2019environnement. En effet, des polym\u00e8res d\u2019origine v\u00e9g\u00e9tale et le marc r\u00e9siduel de la production vinicole entrent dans sa fabrication. C\u2019est pr\u00e9cis\u00e9ment ce dernier qui conf\u00e8re au bouchon sa couleur naturelle particuli\u00e8re, cet aspect qui le rend authentique et unique. Devin est exempt de tout colorant artificiel et a une faible empreinte carbone. &nbsp; DEMANDER DES INFORMATIONS En savoir plus","og_url":"https:\/\/tapigroup.com\/fr\/production-caps\/vin-fr\/devin\/","og_site_name":"Tap\u00ec Group","article_modified_time":"2022-10-26T08:24:08+00:00","og_image":[{"width":1920,"height":1280,"url":"https:\/\/tapigroup.com\/wp-content\/uploads\/2020\/08\/Devin-eroe-urgente_9529-fondo-salmone-1.jpg","type":"image\/jpeg"}],"twitter_card":"summary_large_image","schema":{"@context":"https:\/\/schema.org","@graph":[{"@type":"WebPage","@id":"https:\/\/tapigroup.com\/fr\/production-caps\/vin-fr\/devin\/","url":"https:\/\/tapigroup.com\/fr\/production-caps\/vin-fr\/devin\/","name":"Devin - Tap\u00ec Group","isPartOf":{"@id":"https:\/\/tapigroup.com\/fr\/#website"},"primaryImageOfPage":{"@id":"https:\/\/tapigroup.com\/fr\/production-caps\/vin-fr\/devin\/#primaryimage"},"image":{"@id":"https:\/\/tapigroup.com\/fr\/production-caps\/vin-fr\/devin\/#primaryimage"},"thumbnailUrl":"https:\/\/tapigroup.com\/wp-content\/uploads\/2020\/08\/Devin-eroe-urgente_9529-fondo-salmone-1.jpg","datePublished":"2020-08-26T13:46:01+00:00","dateModified":"2022-10-26T08:24:08+00:00","breadcrumb":{"@id":"https:\/\/tapigroup.com\/fr\/production-caps\/vin-fr\/devin\/#breadcrumb"},"inLanguage":"fr-FR","potentialAction":[{"@type":"ReadAction","target":["https:\/\/tapigroup.com\/fr\/production-caps\/vin-fr\/devin\/"]}]},{"@type":"ImageObject","inLanguage":"fr-FR","@id":"https:\/\/tapigroup.com\/fr\/production-caps\/vin-fr\/devin\/#primaryimage","url":"https:\/\/tapigroup.com\/wp-content\/uploads\/2020\/08\/Devin-eroe-urgente_9529-fondo-salmone-1.jpg","contentUrl":"https:\/\/tapigroup.com\/wp-content\/uploads\/2020\/08\/Devin-eroe-urgente_9529-fondo-salmone-1.jpg","width":1920,"height":1280,"caption":"Bouchon \u00e0 Vin-Collection-Plastique-Bouchon \u00e0 Cylindrique"},{"@type":"BreadcrumbList","@id":"https:\/\/tapigroup.com\/fr\/production-caps\/vin-fr\/devin\/#breadcrumb","itemListElement":[{"@type":"ListItem","position":1,"name":"Produits","item":"https:\/\/tapigroup.com\/fr\/shop\/"},{"@type":"ListItem","position":2,"name":"Devin"}]},{"@type":"WebSite","@id":"https:\/\/tapigroup.com\/fr\/#website","url":"https:\/\/tapigroup.com\/fr\/","name":"Tap\u00ec Group","description":"Made to be Opened","potentialAction":[{"@type":"SearchAction","target":{"@type":"EntryPoint","urlTemplate":"https:\/\/tapigroup.com\/fr\/?s={search_term_string}"},"query-input":{"@type":"PropertyValueSpecification","valueRequired":true,"valueName":"search_term_string"}}],"inLanguage":"fr-FR"}]}},"_links":{"self":[{"href":"https:\/\/tapigroup.com\/fr\/wp-json\/wp\/v2\/product\/12262","targetHints":{"allow":["GET"]}}],"collection":[{"href":"https:\/\/tapigroup.com\/fr\/wp-json\/wp\/v2\/product"}],"about":[{"href":"https:\/\/tapigroup.com\/fr\/wp-json\/wp\/v2\/types\/product"}],"version-history":[{"count":5,"href":"https:\/\/tapigroup.com\/fr\/wp-json\/wp\/v2\/product\/12262\/revisions"}],"predecessor-version":[{"id":25789,"href":"https:\/\/tapigroup.com\/fr\/wp-json\/wp\/v2\/product\/12262\/revisions\/25789"}],"wp:featuredmedia":[{"embeddable":true,"href":"https:\/\/tapigroup.com\/fr\/wp-json\/wp\/v2\/media\/9379"}],"wp:attachment":[{"href":"https:\/\/tapigroup.com\/fr\/wp-json\/wp\/v2\/media?parent=12262"}],"wp:term":[{"taxonomy":"product_brand","embeddable":true,"href":"https:\/\/tapigroup.com\/fr\/wp-json\/wp\/v2\/product_brand?post=12262"},{"taxonomy":"product_cat","embeddable":true,"href":"https:\/\/tapigroup.com\/fr\/wp-json\/wp\/v2\/product_cat?post=12262"},{"taxonomy":"product_tag","embeddable":true,"href":"https:\/\/tapigroup.com\/fr\/wp-json\/wp\/v2\/product_tag?post=12262"}],"curies":[{"name":"wp","href":"https:\/\/api.w.org\/{rel}","templated":true}]}}