{"id":39054,"date":"2023-11-27T15:34:14","date_gmt":"2023-11-27T14:34:14","guid":{"rendered":"https:\/\/tapigroup.com\/?page_id=39054"},"modified":"2023-11-30T12:22:26","modified_gmt":"2023-11-30T11:22:26","slug":"plastiques-transparents","status":"publish","type":"page","link":"https:\/\/tapigroup.com\/fr\/produits\/plastiques-transparents\/","title":{"rendered":"PLASTIQUES-TRANSPARENTS"},"content":{"rendered":"\t\t<div data-elementor-type=\"wp-page\" data-elementor-id=\"39054\" class=\"elementor elementor-39054 elementor-39046\" data-elementor-post-type=\"page\">\n\t\t\t\t\t\t<section class=\"elementor-section elementor-top-section elementor-element elementor-element-9063408 elementor-section-height-min-height elementor-section-boxed elementor-section-height-default elementor-section-items-middle\" data-id=\"9063408\" data-element_type=\"section\" data-e-type=\"section\" data-settings=\"{&quot;background_background&quot;:&quot;classic&quot;}\">\n\t\t\t\t\t\t<div class=\"elementor-container elementor-column-gap-default\">\n\t\t\t\t\t<div class=\"elementor-column elementor-col-100 elementor-top-column elementor-element elementor-element-25dda1e\" data-id=\"25dda1e\" data-element_type=\"column\" data-e-type=\"column\">\n\t\t\t<div class=\"elementor-widget-wrap elementor-element-populated\">\n\t\t\t\t\t\t<div class=\"elementor-element elementor-element-93482c4 elementor-widget elementor-widget-heading\" data-id=\"93482c4\" data-element_type=\"widget\" data-e-type=\"widget\" data-widget_type=\"heading.default\">\n\t\t\t\t<div class=\"elementor-widget-container\">\n\t\t\t\t\t<h2 class=\"elementor-heading-title elementor-size-default\">PLASTIQUES TRANSPARENTS<\/h2>\t\t\t\t<\/div>\n\t\t\t\t<\/div>\n\t\t\t\t\t<\/div>\n\t\t<\/div>\n\t\t\t\t\t<\/div>\n\t\t<\/section>\n\t\t\t\t<section class=\"elementor-section elementor-top-section elementor-element elementor-element-1f37f72 elementor-section-boxed elementor-section-height-default elementor-section-height-default\" data-id=\"1f37f72\" data-element_type=\"section\" data-e-type=\"section\">\n\t\t\t\t\t\t<div class=\"elementor-container elementor-column-gap-default\">\n\t\t\t\t\t<div class=\"elementor-column elementor-col-33 elementor-top-column elementor-element elementor-element-adfd8f7\" data-id=\"adfd8f7\" data-element_type=\"column\" data-e-type=\"column\">\n\t\t\t<div class=\"elementor-widget-wrap elementor-element-populated\">\n\t\t\t\t\t\t<div class=\"elementor-element elementor-element-222fc92 elementor-hidden-tablet elementor-hidden-mobile elementor-widget elementor-widget-heading\" data-id=\"222fc92\" data-element_type=\"widget\" data-e-type=\"widget\" data-widget_type=\"heading.default\">\n\t\t\t\t<div class=\"elementor-widget-container\">\n\t\t\t\t\t<h5 class=\"elementor-heading-title elementor-size-default\">CONCEPTS<\/h5>\t\t\t\t<\/div>\n\t\t\t\t<\/div>\n\t\t\t\t<div class=\"elementor-element elementor-element-e6508b8 elementor-hidden-tablet elementor-hidden-mobile elementor-widget elementor-widget-text-editor\" data-id=\"e6508b8\" data-element_type=\"widget\" data-e-type=\"widget\" data-widget_type=\"text-editor.default\">\n\t\t\t\t<div class=\"elementor-widget-container\">\n\t\t\t\t\t\t\t\t\t<ul style=\"color: #fff;\">\n \t<li><a style=\"color: #fff;\" href=\"https:\/\/tapigroup.com\/fr\/produits\/status\/\">Status<\/a><\/li>\n \t<li><a style=\"color: #fff;\" href=\"https:\/\/tapigroup.com\/fr\/produits\/planet\/\">Planet<\/a><\/li>\n \t<li><a style=\"color: #fff;\" href=\"https:\/\/tapigroup.com\/fr\/produits\/style\/\">Style<\/a><\/li>\n \t<li><a style=\"color: #fff;\" href=\"https:\/\/tapigroup.com\/fr\/produits\/gourmet\/\">Gourmet<\/a><\/li>\n \t<li><a style=\"color: #fff;\" href=\"https:\/\/tapigroup.com\/fr\/produits\/craft\/\">Craft<\/a><\/li>\n<\/ul>\t\t\t\t\t\t\t\t<\/div>\n\t\t\t\t<\/div>\n\t\t\t\t<div class=\"elementor-element elementor-element-abdb9aa elementor-hidden-tablet elementor-hidden-mobile elementor-widget elementor-widget-heading\" data-id=\"abdb9aa\" data-element_type=\"widget\" data-e-type=\"widget\" data-widget_type=\"heading.default\">\n\t\t\t\t<div class=\"elementor-widget-container\">\n\t\t\t\t\t<h5 class=\"elementor-heading-title elementor-size-default\">INDUSTRY<\/h5>\t\t\t\t<\/div>\n\t\t\t\t<\/div>\n\t\t\t\t<div class=\"elementor-element elementor-element-74681f9 elementor-hidden-tablet elementor-hidden-mobile elementor-widget elementor-widget-text-editor\" data-id=\"74681f9\" data-element_type=\"widget\" data-e-type=\"widget\" data-widget_type=\"text-editor.default\">\n\t\t\t\t<div class=\"elementor-widget-container\">\n\t\t\t\t\t\t\t\t\t<ul style=\"color: #fff;\">\n \t<li><a style=\"color: #fff;\" href=\"https:\/\/tapigroup.com\/fr\/produits\/spiritueux\/\">Spiritueux<\/a><\/li>\n \t<li><a style=\"color: #fff;\" href=\"https:\/\/tapigroup.com\/fr\/produits\/condiments\/\">Condiments<\/a><\/li>\n \t<li><a style=\"color: #fff;\" href=\"https:\/\/tapigroup.com\/fr\/produits\/biere\/\">Bi\u00e9re<\/a><\/li>\n \t<li><a style=\"color: #fff;\" href=\"https:\/\/tapigroup.com\/fr\/produits\/cosmetique\/\">Cosm\u00e8tique<\/a><\/li>\n \t<li><a style=\"color: #fff;\" href=\"https:\/\/tapigroup.com\/fr\/produits\/vin\/\">Vin<\/a><\/li>\n<\/ul>\t\t\t\t\t\t\t\t<\/div>\n\t\t\t\t<\/div>\n\t\t\t\t<div class=\"elementor-element elementor-element-652d8d0 elementor-hidden-tablet elementor-hidden-mobile elementor-widget elementor-widget-heading\" data-id=\"652d8d0\" data-element_type=\"widget\" data-e-type=\"widget\" data-widget_type=\"heading.default\">\n\t\t\t\t<div class=\"elementor-widget-container\">\n\t\t\t\t\t<h5 class=\"elementor-heading-title elementor-size-default\">MATERIALS<\/h5>\t\t\t\t<\/div>\n\t\t\t\t<\/div>\n\t\t\t\t<div class=\"elementor-element elementor-element-7bacdd6 elementor-hidden-tablet elementor-hidden-mobile elementor-widget elementor-widget-text-editor\" data-id=\"7bacdd6\" data-element_type=\"widget\" data-e-type=\"widget\" data-widget_type=\"text-editor.default\">\n\t\t\t\t<div class=\"elementor-widget-container\">\n\t\t\t\t\t\t\t\t\t<ul style=\"color: #fff;\">\n \t<li><a style=\"color: #fff;\" href=\"https:\/\/tapigroup.com\/fr\/produits\/aluminium\/\">Aluminium<\/a><\/li>\n \t<li><a style=\"color: #fff;\" href=\"https:\/\/tapigroup.com\/fr\/produits\/ceramique-2\/\">C\u00e9ramique<\/a><\/li>\n \t<li><a style=\"color: #fff;\" href=\"https:\/\/tapigroup.com\/fr\/produits\/bois\/\">Bois<\/a><\/li>\n \t<li><a style=\"color: #fff;\" href=\"https:\/\/tapigroup.com\/fr\/produits\/plastique\/\">Plastiques<\/a><\/li>\n \t<li><a style=\"color: #fff;\" href=\"https:\/\/tapigroup.com\/fr\/produits\/plastiques-transparents\/\">Plastiques Transparents<\/a><\/li>\n \t<li><a style=\"color: #fff;\" href=\"https:\/\/tapigroup.com\/fr\/produits\/materiaux-speciaux\/\">Mat\u00e9riaux sp\u00e9ciaux<\/a><\/li>\n<\/ul>\t\t\t\t\t\t\t\t<\/div>\n\t\t\t\t<\/div>\n\t\t\t\t<div class=\"elementor-element elementor-element-61cc69d elementor-hidden-desktop elementor-widget elementor-widget-wgl-toggle-accordion\" data-id=\"61cc69d\" data-element_type=\"widget\" data-e-type=\"widget\" data-widget_type=\"wgl-toggle-accordion.default\">\n\t\t\t\t<div class=\"elementor-widget-container\">\n\t\t\t\t\t        <div class=\"wgl-accordion icon-def\" id=\"wgl-accordion-61cc69d\" data-type=\"accordion\">\r\n\r\n                            <div class=\"wgl-accordion_panel\">\r\n                    <h4 id=\"wgl-accordion_header-1021\" class=\"wgl-accordion_header\" data-default=\"yes\">\r\n                        <span class=\"wgl-accordion_title\">PRODUCTS FILTER<\/span>\r\n                        <i class=\"wgl-accordion_icon \"><\/i>                    <\/h4>\r\n                    <div class=\"wgl-accordion_content\"><h5>WORLDS<\/h5>\n<ul style=\"color: #fff;\">\n \t<li><a style=\"color: #fff;\" href=\"https:\/\/tapigroup.com\/fr\/produits\/status\/\">Status<\/a><\/li>\n \t<li><a style=\"color: #fff;\" href=\"https:\/\/tapigroup.com\/fr\/produits\/planet\/\">Planet<\/a><\/li>\n \t<li><a style=\"color: #fff;\" href=\"https:\/\/tapigroup.com\/fr\/produits\/style\/\">Style<\/a><\/li>\n \t<li><a style=\"color: #fff;\" href=\"https:\/\/tapigroup.com\/fr\/produits\/gourmet\/\">Gourmet<\/a><\/li>\n \t<li><a style=\"color: #fff;\" href=\"https:\/\/tapigroup.com\/fr\/produits\/craft\/\">Craft<\/a><\/li>\n<\/ul>\n<h5>INDUSTRY<\/h5>\n<ul style=\"color: #fff;\">\n \t<li><a style=\"color: #fff;\" href=\"https:\/\/tapigroup.com\/fr\/produits\/spiritueux\/\">Spiritueux<\/a><\/li>\n \t<li><a style=\"color: #fff;\" href=\"https:\/\/tapigroup.com\/fr\/produits\/condiments\/\">Condiments<\/a><\/li>\n \t<li><a style=\"color: #fff;\" href=\"https:\/\/tapigroup.com\/fr\/produits\/biere\/\">Bi\u00e9re<\/a><\/li>\n \t<li><a style=\"color: #fff;\" href=\"https:\/\/tapigroup.com\/fr\/produits\/cosmetique\/\">Cosm\u00e8tique<\/a><\/li>\n \t<li><a style=\"color: #fff;\" href=\"https:\/\/tapigroup.com\/fr\/produits\/vin\/\">Vin<\/a><\/li>\n<\/ul>\n<h5>MATERIALS<\/h5>\n<ul style=\"color: #fff;\">\n \t<li><a style=\"color: #fff;\" href=\"https:\/\/tapigroup.com\/fr\/produits\/aluminium\/\">Aluminium<\/a><\/li>\n \t<li><a style=\"color: #fff;\" href=\"https:\/\/tapigroup.com\/fr\/produits\/ceramique-2\/\">C\u00e9ramique<\/a><\/li>\n \t<li><a style=\"color: #fff;\" href=\"https:\/\/tapigroup.com\/fr\/produits\/bois\/\">Bois<\/a><\/li>\n \t<li><a style=\"color: #fff;\" href=\"https:\/\/tapigroup.com\/fr\/produits\/plastique\/\">Plastiques<\/a><\/li>\n \t<li><a style=\"color: #fff;\" href=\"https:\/\/tapigroup.com\/fr\/produits\/plastiques-transparents\/\">Plastiques Transparents<\/a><\/li>\n \t<li><a style=\"color: #fff;\" href=\"https:\/\/tapigroup.com\/fr\/produits\/materiaux-speciaux\/\">Mat\u00e9riaux sp\u00e9ciaux<\/a><\/li>\n<\/ul><\/div>\r\n                <\/div>\r\n            \r\n        <\/div>\r\n        \t\t\t\t<\/div>\n\t\t\t\t<\/div>\n\t\t\t\t\t<\/div>\n\t\t<\/div>\n\t\t\t\t<div class=\"elementor-column elementor-col-66 elementor-top-column elementor-element elementor-element-b4abec0\" data-id=\"b4abec0\" data-element_type=\"column\" data-e-type=\"column\">\n\t\t\t<div class=\"elementor-widget-wrap elementor-element-populated\">\n\t\t\t\t\t\t<div class=\"elementor-element elementor-element-3e4b844 elementor-grid-4 elementor-grid-tablet-3 elementor-grid-mobile-2 elementor-products-grid elementor-wc-products elementor-widget elementor-widget-woocommerce-products\" data-id=\"3e4b844\" data-element_type=\"widget\" data-e-type=\"widget\" data-widget_type=\"woocommerce-products.default\">\n\t\t\t\t<div class=\"elementor-widget-container\">\n\t\t\t\t\t<div class=\"woocommerce columns-4 \"><ul class=\"wgl-products appear-animation anim-slide-left\"><li class=\"product type-product post-13608 status-publish first instock product_cat-condiments-fr product_cat-spiritueux-fr product_tag-bouchon-verseur-fr product_tag-collection-fr product_tag-plastique-transparent-fr has-post-thumbnail shipping-taxable product-type-simple\">\n\t<div class='woo_product_image shop_media'><div class='picture'><a class='woo_post-link' href='https:\/\/tapigroup.com\/fr\/production-caps\/condiments-fr\/ghost-crystal-pourer\/'><img fetchpriority=\"high\" decoding=\"async\" width=\"540\" height=\"720\" src=\"https:\/\/tapigroup.com\/wp-content\/uploads\/2020\/01\/Ghost-Crystal_style-540x720.jpg\" class=\"attachment-woocommerce_thumbnail size-woocommerce_thumbnail\" alt=\"style spirits condiments transparent-plastics\" \/><img decoding=\"async\" width=\"1063\" height=\"1651\" src=\"https:\/\/tapigroup.com\/wp-content\/uploads\/2020\/01\/Ghost-Crystal_3.jpg\" class=\"attachment-shop_catalog size-shop_catalog\" alt=\"Ghost Crystal style\" \/><\/a>\t<span id=\"woocommerce_loop_add_to_cart_link_describedby_13608\" class=\"screen-reader-text\">\n\t\t\t<\/span>\n<\/div><\/div><div class='woo_product_content'><h2 class=\"woocommerce-loop-product__title\"><a href=\"https:\/\/tapigroup.com\/fr\/production-caps\/condiments-fr\/ghost-crystal-pourer\/\" class=\"woocommerce-LoopProduct-link woocommerce-loop-product__link\">Ghost Crystal<\/a><\/h2>\n<\/div><\/li>\n<li class=\"product type-product post-12238 status-publish instock product_cat-cosmetiques-fr product_cat-spiritueux-fr product_cat-vin-fr product_tag-bouchon-a-tete-fr product_tag-collection-fr product_tag-plastique-transparent-fr has-post-thumbnail shipping-taxable product-type-simple\">\n\t<div class='woo_product_image shop_media'><div class='picture'><a class='woo_post-link' href='https:\/\/tapigroup.com\/fr\/production-caps\/spiritueux-fr\/purity\/'><img decoding=\"async\" width=\"540\" height=\"720\" src=\"https:\/\/tapigroup.com\/wp-content\/uploads\/2020\/01\/Purity_style-540x720.jpg\" class=\"attachment-woocommerce_thumbnail size-woocommerce_thumbnail\" alt=\"Purity style spirits condiments transparent-plastics\" \/><img loading=\"lazy\" decoding=\"async\" width=\"1063\" height=\"1651\" src=\"https:\/\/tapigroup.com\/wp-content\/uploads\/2020\/01\/Purity_1-1.jpg\" class=\"attachment-shop_catalog size-shop_catalog\" alt=\"Purity style\" \/><\/a>\t<span id=\"woocommerce_loop_add_to_cart_link_describedby_12238\" class=\"screen-reader-text\">\n\t\t\t<\/span>\n<\/div><\/div><div class='woo_product_content'><h2 class=\"woocommerce-loop-product__title\"><a href=\"https:\/\/tapigroup.com\/fr\/production-caps\/spiritueux-fr\/purity\/\" class=\"woocommerce-LoopProduct-link woocommerce-loop-product__link\">Purity<\/a><\/h2>\n<\/div><\/li>\n<li class=\"product type-product post-12442 status-publish instock product_cat-cosmetiques-fr product_cat-spiritueux-fr product_cat-vin-fr product_tag-bouchon-a-tete-fr product_tag-collection-fr product_tag-plastique-transparent-fr has-post-thumbnail shipping-taxable product-type-simple\">\n\t<div class='woo_product_image shop_media'><div class='picture'><a class='woo_post-link' href='https:\/\/tapigroup.com\/fr\/production-caps\/spiritueux-fr\/starlight\/'><img loading=\"lazy\" decoding=\"async\" width=\"540\" height=\"720\" src=\"https:\/\/tapigroup.com\/wp-content\/uploads\/2023\/01\/Starlight_Style-540x720.jpg\" class=\"attachment-woocommerce_thumbnail size-woocommerce_thumbnail\" alt=\"style spirits condiments cosmetics transparent-plastics\" \/><img loading=\"lazy\" decoding=\"async\" width=\"1063\" height=\"1651\" src=\"https:\/\/tapigroup.com\/wp-content\/uploads\/2020\/01\/Starlight_2.jpg\" class=\"attachment-shop_catalog size-shop_catalog\" alt=\"Starlight style\" \/><\/a>\t<span id=\"woocommerce_loop_add_to_cart_link_describedby_12442\" class=\"screen-reader-text\">\n\t\t\t<\/span>\n<\/div><\/div><div class='woo_product_content'><h2 class=\"woocommerce-loop-product__title\"><a href=\"https:\/\/tapigroup.com\/fr\/production-caps\/spiritueux-fr\/starlight\/\" class=\"woocommerce-LoopProduct-link woocommerce-loop-product__link\">Starlight<\/a><\/h2>\n<\/div><\/li>\n<li class=\"product type-product post-13527 status-publish last instock product_cat-condiments-fr product_cat-spiritueux-fr product_tag-bouchon-verseur-fr product_tag-collection-fr product_tag-plastique-transparent-fr has-post-thumbnail shipping-taxable product-type-simple\">\n\t<div class='woo_product_image shop_media'><div class='picture'><a class='woo_post-link' href='https:\/\/tapigroup.com\/fr\/production-caps\/condiments-fr\/starlight-mix-pourer\/'><img loading=\"lazy\" decoding=\"async\" width=\"540\" height=\"720\" src=\"https:\/\/tapigroup.com\/wp-content\/uploads\/2023\/01\/Starlight-Mix_gourmet-540x720.jpg\" class=\"attachment-woocommerce_thumbnail size-woocommerce_thumbnail\" alt=\"gourmet spirits condiments transparent-plastics\" \/><img loading=\"lazy\" decoding=\"async\" width=\"1063\" height=\"1651\" src=\"https:\/\/tapigroup.com\/wp-content\/uploads\/2020\/01\/Stralight-mix.jpg\" class=\"attachment-shop_catalog size-shop_catalog\" alt=\"Starlight Mix gourmet\" \/><\/a>\t<span id=\"woocommerce_loop_add_to_cart_link_describedby_13527\" class=\"screen-reader-text\">\n\t\t\t<\/span>\n<\/div><\/div><div class='woo_product_content'><h2 class=\"woocommerce-loop-product__title\"><a href=\"https:\/\/tapigroup.com\/fr\/production-caps\/condiments-fr\/starlight-mix-pourer\/\" class=\"woocommerce-LoopProduct-link woocommerce-loop-product__link\">Starlight Mix<\/a><\/h2>\n<\/div><\/li>\n<\/ul>\n<\/div>\t\t\t\t<\/div>\n\t\t\t\t<\/div>\n\t\t\t\t\t<\/div>\n\t\t<\/div>\n\t\t\t\t\t<\/div>\n\t\t<\/section>\n\t\t\t\t<\/div>\n\t\t","protected":false},"excerpt":{"rendered":"<p>PLASTIQUES TRANSPARENTS CONCEPTS Status Planet Style Gourmet Craft INDUSTRY Spiritueux Condiments Bi\u00e9re Cosm\u00e8tique Vin MATERIALS Aluminium C\u00e9ramique Bois Plastiques Plastiques Transparents Mat\u00e9riaux sp\u00e9ciaux PRODUCTS FILTER WORLDS Status Planet Style Gourmet Craft INDUSTRY Spiritueux Condiments Bi\u00e9re Cosm\u00e8tique Vin MATERIALS Aluminium C\u00e9ramique Bois Plastiques Plastiques Transparents Mat\u00e9riaux sp\u00e9ciaux<\/p>\n","protected":false},"author":1,"featured_media":0,"parent":14150,"menu_order":0,"comment_status":"closed","ping_status":"closed","template":"","meta":{"footnotes":""},"class_list":["post-39054","page","type-page","status-publish","hentry"],"yoast_head":"<!-- This site is optimized with the Yoast SEO plugin v27.2 - https:\/\/yoast.com\/product\/yoast-seo-wordpress\/ -->\n<title>PLASTIQUES-TRANSPARENTS - Tap\u00ec Group<\/title>\n<meta name=\"robots\" content=\"index, follow, max-snippet:-1, max-image-preview:large, max-video-preview:-1\" \/>\n<link rel=\"canonical\" href=\"https:\/\/tapigroup.com\/fr\/produits\/plastiques-transparents\/\" \/>\n<meta property=\"og:locale\" content=\"fr_FR\" \/>\n<meta property=\"og:type\" content=\"article\" \/>\n<meta property=\"og:title\" content=\"PLASTIQUES-TRANSPARENTS - Tap\u00ec Group\" \/>\n<meta property=\"og:description\" content=\"PLASTIQUES TRANSPARENTS CONCEPTS Status Planet Style Gourmet Craft INDUSTRY Spiritueux Condiments Bi\u00e9re Cosm\u00e8tique Vin MATERIALS Aluminium C\u00e9ramique Bois Plastiques Plastiques Transparents Mat\u00e9riaux sp\u00e9ciaux PRODUCTS FILTER WORLDS Status Planet Style Gourmet Craft INDUSTRY Spiritueux Condiments Bi\u00e9re Cosm\u00e8tique Vin MATERIALS Aluminium C\u00e9ramique Bois Plastiques Plastiques Transparents Mat\u00e9riaux sp\u00e9ciaux\" \/>\n<meta property=\"og:url\" content=\"https:\/\/tapigroup.com\/fr\/produits\/plastiques-transparents\/\" \/>\n<meta property=\"og:site_name\" content=\"Tap\u00ec Group\" \/>\n<meta property=\"article:modified_time\" content=\"2023-11-30T11:22:26+00:00\" \/>\n<meta name=\"twitter:card\" content=\"summary_large_image\" \/>\n<meta name=\"twitter:label1\" content=\"Dur\u00e9e de lecture estim\u00e9e\" \/>\n\t<meta name=\"twitter:data1\" content=\"2 minutes\" \/>\n<script type=\"application\/ld+json\" class=\"yoast-schema-graph\">{\"@context\":\"https:\/\/schema.org\",\"@graph\":[{\"@type\":\"WebPage\",\"@id\":\"https:\/\/tapigroup.com\/fr\/produits\/plastiques-transparents\/\",\"url\":\"https:\/\/tapigroup.com\/fr\/produits\/plastiques-transparents\/\",\"name\":\"PLASTIQUES-TRANSPARENTS - Tap\u00ec Group\",\"isPartOf\":{\"@id\":\"https:\/\/tapigroup.com\/fr\/#website\"},\"datePublished\":\"2023-11-27T14:34:14+00:00\",\"dateModified\":\"2023-11-30T11:22:26+00:00\",\"breadcrumb\":{\"@id\":\"https:\/\/tapigroup.com\/fr\/produits\/plastiques-transparents\/#breadcrumb\"},\"inLanguage\":\"fr-FR\",\"potentialAction\":[{\"@type\":\"ReadAction\",\"target\":[\"https:\/\/tapigroup.com\/fr\/produits\/plastiques-transparents\/\"]}]},{\"@type\":\"BreadcrumbList\",\"@id\":\"https:\/\/tapigroup.com\/fr\/produits\/plastiques-transparents\/#breadcrumb\",\"itemListElement\":[{\"@type\":\"ListItem\",\"position\":1,\"name\":\"prodotti\",\"item\":\"https:\/\/tapigroup.com\/fr\/produits\/\"},{\"@type\":\"ListItem\",\"position\":2,\"name\":\"PLASTIQUES-TRANSPARENTS\"}]},{\"@type\":\"WebSite\",\"@id\":\"https:\/\/tapigroup.com\/fr\/#website\",\"url\":\"https:\/\/tapigroup.com\/fr\/\",\"name\":\"Tap\u00ec Group\",\"description\":\"Made to be Opened\",\"potentialAction\":[{\"@type\":\"SearchAction\",\"target\":{\"@type\":\"EntryPoint\",\"urlTemplate\":\"https:\/\/tapigroup.com\/fr\/?s={search_term_string}\"},\"query-input\":{\"@type\":\"PropertyValueSpecification\",\"valueRequired\":true,\"valueName\":\"search_term_string\"}}],\"inLanguage\":\"fr-FR\"}]}<\/script>\n<!-- \/ Yoast SEO plugin. -->","yoast_head_json":{"title":"PLASTIQUES-TRANSPARENTS - Tap\u00ec Group","robots":{"index":"index","follow":"follow","max-snippet":"max-snippet:-1","max-image-preview":"max-image-preview:large","max-video-preview":"max-video-preview:-1"},"canonical":"https:\/\/tapigroup.com\/fr\/produits\/plastiques-transparents\/","og_locale":"fr_FR","og_type":"article","og_title":"PLASTIQUES-TRANSPARENTS - Tap\u00ec Group","og_description":"PLASTIQUES TRANSPARENTS CONCEPTS Status Planet Style Gourmet Craft INDUSTRY Spiritueux Condiments Bi\u00e9re Cosm\u00e8tique Vin MATERIALS Aluminium C\u00e9ramique Bois Plastiques Plastiques Transparents Mat\u00e9riaux sp\u00e9ciaux PRODUCTS FILTER WORLDS Status Planet Style Gourmet Craft INDUSTRY Spiritueux Condiments Bi\u00e9re Cosm\u00e8tique Vin MATERIALS Aluminium C\u00e9ramique Bois Plastiques Plastiques Transparents Mat\u00e9riaux sp\u00e9ciaux","og_url":"https:\/\/tapigroup.com\/fr\/produits\/plastiques-transparents\/","og_site_name":"Tap\u00ec Group","article_modified_time":"2023-11-30T11:22:26+00:00","twitter_card":"summary_large_image","twitter_misc":{"Dur\u00e9e de lecture estim\u00e9e":"2 minutes"},"schema":{"@context":"https:\/\/schema.org","@graph":[{"@type":"WebPage","@id":"https:\/\/tapigroup.com\/fr\/produits\/plastiques-transparents\/","url":"https:\/\/tapigroup.com\/fr\/produits\/plastiques-transparents\/","name":"PLASTIQUES-TRANSPARENTS - Tap\u00ec Group","isPartOf":{"@id":"https:\/\/tapigroup.com\/fr\/#website"},"datePublished":"2023-11-27T14:34:14+00:00","dateModified":"2023-11-30T11:22:26+00:00","breadcrumb":{"@id":"https:\/\/tapigroup.com\/fr\/produits\/plastiques-transparents\/#breadcrumb"},"inLanguage":"fr-FR","potentialAction":[{"@type":"ReadAction","target":["https:\/\/tapigroup.com\/fr\/produits\/plastiques-transparents\/"]}]},{"@type":"BreadcrumbList","@id":"https:\/\/tapigroup.com\/fr\/produits\/plastiques-transparents\/#breadcrumb","itemListElement":[{"@type":"ListItem","position":1,"name":"prodotti","item":"https:\/\/tapigroup.com\/fr\/produits\/"},{"@type":"ListItem","position":2,"name":"PLASTIQUES-TRANSPARENTS"}]},{"@type":"WebSite","@id":"https:\/\/tapigroup.com\/fr\/#website","url":"https:\/\/tapigroup.com\/fr\/","name":"Tap\u00ec Group","description":"Made to be Opened","potentialAction":[{"@type":"SearchAction","target":{"@type":"EntryPoint","urlTemplate":"https:\/\/tapigroup.com\/fr\/?s={search_term_string}"},"query-input":{"@type":"PropertyValueSpecification","valueRequired":true,"valueName":"search_term_string"}}],"inLanguage":"fr-FR"}]}},"_links":{"self":[{"href":"https:\/\/tapigroup.com\/fr\/wp-json\/wp\/v2\/pages\/39054","targetHints":{"allow":["GET"]}}],"collection":[{"href":"https:\/\/tapigroup.com\/fr\/wp-json\/wp\/v2\/pages"}],"about":[{"href":"https:\/\/tapigroup.com\/fr\/wp-json\/wp\/v2\/types\/page"}],"author":[{"embeddable":true,"href":"https:\/\/tapigroup.com\/fr\/wp-json\/wp\/v2\/users\/1"}],"replies":[{"embeddable":true,"href":"https:\/\/tapigroup.com\/fr\/wp-json\/wp\/v2\/comments?post=39054"}],"version-history":[{"count":10,"href":"https:\/\/tapigroup.com\/fr\/wp-json\/wp\/v2\/pages\/39054\/revisions"}],"predecessor-version":[{"id":39750,"href":"https:\/\/tapigroup.com\/fr\/wp-json\/wp\/v2\/pages\/39054\/revisions\/39750"}],"up":[{"embeddable":true,"href":"https:\/\/tapigroup.com\/fr\/wp-json\/wp\/v2\/pages\/14150"}],"wp:attachment":[{"href":"https:\/\/tapigroup.com\/fr\/wp-json\/wp\/v2\/media?parent=39054"}],"curies":[{"name":"wp","href":"https:\/\/api.w.org\/{rel}","templated":true}]}}