{"id":38957,"date":"2023-11-27T11:28:37","date_gmt":"2023-11-27T10:28:37","guid":{"rendered":"https:\/\/tapigroup.com\/?page_id=38957"},"modified":"2023-11-30T12:12:29","modified_gmt":"2023-11-30T11:12:29","slug":"ceramique-2","status":"publish","type":"page","link":"https:\/\/tapigroup.com\/fr\/produits\/ceramique-2\/","title":{"rendered":"CERAMIQUE"},"content":{"rendered":"\t\t<div data-elementor-type=\"wp-page\" data-elementor-id=\"38957\" class=\"elementor elementor-38957 elementor-38951\" data-elementor-post-type=\"page\">\n\t\t\t\t\t\t<section class=\"elementor-section elementor-top-section elementor-element elementor-element-3e2db8a elementor-section-height-min-height elementor-section-boxed elementor-section-height-default elementor-section-items-middle\" data-id=\"3e2db8a\" data-element_type=\"section\" data-e-type=\"section\" data-settings=\"{&quot;background_background&quot;:&quot;classic&quot;}\">\n\t\t\t\t\t\t<div class=\"elementor-container elementor-column-gap-default\">\n\t\t\t\t\t<div class=\"elementor-column elementor-col-100 elementor-top-column elementor-element elementor-element-a4452b9\" data-id=\"a4452b9\" data-element_type=\"column\" data-e-type=\"column\">\n\t\t\t<div class=\"elementor-widget-wrap elementor-element-populated\">\n\t\t\t\t\t\t<div class=\"elementor-element elementor-element-6d7ba9e elementor-widget elementor-widget-heading\" data-id=\"6d7ba9e\" data-element_type=\"widget\" data-e-type=\"widget\" data-widget_type=\"heading.default\">\n\t\t\t\t<div class=\"elementor-widget-container\">\n\t\t\t\t\t<h2 class=\"elementor-heading-title elementor-size-default\">C\u00c9RAMIQUE<\/h2>\t\t\t\t<\/div>\n\t\t\t\t<\/div>\n\t\t\t\t\t<\/div>\n\t\t<\/div>\n\t\t\t\t\t<\/div>\n\t\t<\/section>\n\t\t\t\t<section class=\"elementor-section elementor-top-section elementor-element elementor-element-c99b520 elementor-section-boxed elementor-section-height-default elementor-section-height-default\" data-id=\"c99b520\" data-element_type=\"section\" data-e-type=\"section\">\n\t\t\t\t\t\t<div class=\"elementor-container elementor-column-gap-default\">\n\t\t\t\t\t<div class=\"elementor-column elementor-col-33 elementor-top-column elementor-element elementor-element-273af49\" data-id=\"273af49\" data-element_type=\"column\" data-e-type=\"column\">\n\t\t\t<div class=\"elementor-widget-wrap elementor-element-populated\">\n\t\t\t\t\t\t<div class=\"elementor-element elementor-element-275b85d elementor-hidden-tablet elementor-hidden-mobile elementor-widget elementor-widget-heading\" data-id=\"275b85d\" data-element_type=\"widget\" data-e-type=\"widget\" data-widget_type=\"heading.default\">\n\t\t\t\t<div class=\"elementor-widget-container\">\n\t\t\t\t\t<h5 class=\"elementor-heading-title elementor-size-default\">CONCEPTS<\/h5>\t\t\t\t<\/div>\n\t\t\t\t<\/div>\n\t\t\t\t<div class=\"elementor-element elementor-element-ceb56d7 elementor-hidden-tablet elementor-hidden-mobile elementor-widget elementor-widget-text-editor\" data-id=\"ceb56d7\" data-element_type=\"widget\" data-e-type=\"widget\" data-widget_type=\"text-editor.default\">\n\t\t\t\t<div class=\"elementor-widget-container\">\n\t\t\t\t\t\t\t\t\t<ul style=\"color: #fff;\">\n \t<li><a style=\"color: #fff;\" href=\"https:\/\/tapigroup.com\/fr\/produits\/status\/\">Status<\/a><\/li>\n \t<li><a style=\"color: #fff;\" href=\"https:\/\/tapigroup.com\/fr\/produits\/planet\/\">Planet<\/a><\/li>\n \t<li><a style=\"color: #fff;\" href=\"https:\/\/tapigroup.com\/fr\/produits\/style\/\">Style<\/a><\/li>\n \t<li><a style=\"color: #fff;\" href=\"https:\/\/tapigroup.com\/fr\/produits\/gourmet\/\">Gourmet<\/a><\/li>\n \t<li><a style=\"color: #fff;\" href=\"https:\/\/tapigroup.com\/fr\/produits\/craft\/\">Craft<\/a><\/li>\n<\/ul>\t\t\t\t\t\t\t\t<\/div>\n\t\t\t\t<\/div>\n\t\t\t\t<div class=\"elementor-element elementor-element-c383b84 elementor-hidden-tablet elementor-hidden-mobile elementor-widget elementor-widget-heading\" data-id=\"c383b84\" data-element_type=\"widget\" data-e-type=\"widget\" data-widget_type=\"heading.default\">\n\t\t\t\t<div class=\"elementor-widget-container\">\n\t\t\t\t\t<h5 class=\"elementor-heading-title elementor-size-default\">INDUSTRY<\/h5>\t\t\t\t<\/div>\n\t\t\t\t<\/div>\n\t\t\t\t<div class=\"elementor-element elementor-element-4ae12c0 elementor-hidden-tablet elementor-hidden-mobile elementor-widget elementor-widget-text-editor\" data-id=\"4ae12c0\" data-element_type=\"widget\" data-e-type=\"widget\" data-widget_type=\"text-editor.default\">\n\t\t\t\t<div class=\"elementor-widget-container\">\n\t\t\t\t\t\t\t\t\t<ul style=\"color: #fff;\">\n \t<li><a style=\"color: #fff;\" href=\"https:\/\/tapigroup.com\/fr\/produits\/spiritueux\/\">Spiritueux<\/a><\/li>\n \t<li><a style=\"color: #fff;\" href=\"https:\/\/tapigroup.com\/fr\/produits\/condiments\/\">Condiments<\/a><\/li>\n \t<li><a style=\"color: #fff;\" href=\"https:\/\/tapigroup.com\/fr\/produits\/biere\/\">Bi\u00e9re<\/a><\/li>\n \t<li><a style=\"color: #fff;\" href=\"https:\/\/tapigroup.com\/fr\/produits\/cosmetique\/\">Cosm\u00e8tique<\/a><\/li>\n \t<li><a style=\"color: #fff;\" href=\"https:\/\/tapigroup.com\/fr\/produits\/vin\/\">Vin<\/a><\/li>\n<\/ul>\t\t\t\t\t\t\t\t<\/div>\n\t\t\t\t<\/div>\n\t\t\t\t<div class=\"elementor-element elementor-element-2fb70b0 elementor-hidden-tablet elementor-hidden-mobile elementor-widget elementor-widget-heading\" data-id=\"2fb70b0\" data-element_type=\"widget\" data-e-type=\"widget\" data-widget_type=\"heading.default\">\n\t\t\t\t<div class=\"elementor-widget-container\">\n\t\t\t\t\t<h5 class=\"elementor-heading-title elementor-size-default\">MATERIALS<\/h5>\t\t\t\t<\/div>\n\t\t\t\t<\/div>\n\t\t\t\t<div class=\"elementor-element elementor-element-bfb139d elementor-hidden-tablet elementor-hidden-mobile elementor-widget elementor-widget-text-editor\" data-id=\"bfb139d\" data-element_type=\"widget\" data-e-type=\"widget\" data-widget_type=\"text-editor.default\">\n\t\t\t\t<div class=\"elementor-widget-container\">\n\t\t\t\t\t\t\t\t\t<ul style=\"color: #fff;\">\n \t<li><a style=\"color: #fff;\" href=\"https:\/\/tapigroup.com\/fr\/produits\/aluminium\/\">Aluminium<\/a><\/li>\n \t<li><a style=\"color: #fff;\" href=\"https:\/\/tapigroup.com\/fr\/produits\/ceramique-2\/\">C\u00e9ramique<\/a><\/li>\n \t<li><a style=\"color: #fff;\" href=\"https:\/\/tapigroup.com\/fr\/produits\/bois\/\">Bois<\/a><\/li>\n \t<li><a style=\"color: #fff;\" href=\"https:\/\/tapigroup.com\/fr\/produits\/plastique\/\">Plastiques<\/a><\/li>\n \t<li><a style=\"color: #fff;\" href=\"https:\/\/tapigroup.com\/fr\/produits\/plastiques-transparents\/\">Plastiques Transparents<\/a><\/li>\n \t<li><a style=\"color: #fff;\" href=\"https:\/\/tapigroup.com\/fr\/produits\/materiaux-speciaux\/\">Mat\u00e9riaux sp\u00e9ciaux<\/a><\/li>\n<\/ul>\t\t\t\t\t\t\t\t<\/div>\n\t\t\t\t<\/div>\n\t\t\t\t<div class=\"elementor-element elementor-element-ecec65c elementor-hidden-desktop elementor-widget elementor-widget-wgl-toggle-accordion\" data-id=\"ecec65c\" data-element_type=\"widget\" data-e-type=\"widget\" data-widget_type=\"wgl-toggle-accordion.default\">\n\t\t\t\t<div class=\"elementor-widget-container\">\n\t\t\t\t\t        <div class=\"wgl-accordion icon-def\" id=\"wgl-accordion-ecec65c\" data-type=\"accordion\">\r\n\r\n                            <div class=\"wgl-accordion_panel\">\r\n                    <h4 id=\"wgl-accordion_header-2481\" class=\"wgl-accordion_header\" data-default=\"yes\">\r\n                        <span class=\"wgl-accordion_title\">PRODUCTS FILTER<\/span>\r\n                        <i class=\"wgl-accordion_icon \"><\/i>                    <\/h4>\r\n                    <div class=\"wgl-accordion_content\"><h5>WORLDS<\/h5>\n<ul style=\"color: #fff;\">\n \t<li><a style=\"color: #fff;\" href=\"https:\/\/tapigroup.com\/fr\/produits\/status\/\">Status<\/a><\/li>\n \t<li><a style=\"color: #fff;\" href=\"https:\/\/tapigroup.com\/fr\/produits\/planet\/\">Planet<\/a><\/li>\n \t<li><a style=\"color: #fff;\" href=\"https:\/\/tapigroup.com\/fr\/produits\/style\/\">Style<\/a><\/li>\n \t<li><a style=\"color: #fff;\" href=\"https:\/\/tapigroup.com\/fr\/produits\/gourmet\/\">Gourmet<\/a><\/li>\n \t<li><a style=\"color: #fff;\" href=\"https:\/\/tapigroup.com\/fr\/produits\/craft\/\">Craft<\/a><\/li>\n<\/ul>\n<h5>INDUSTRY<\/h5>\n<ul style=\"color: #fff;\">\n \t<li><a style=\"color: #fff;\" href=\"https:\/\/tapigroup.com\/fr\/produits\/spiritueux\/\">Spiritueux<\/a><\/li>\n \t<li><a style=\"color: #fff;\" href=\"https:\/\/tapigroup.com\/fr\/produits\/condiments\/\">Condiments<\/a><\/li>\n \t<li><a style=\"color: #fff;\" href=\"https:\/\/tapigroup.com\/fr\/produits\/biere\/\">Bi\u00e9re<\/a><\/li>\n \t<li><a style=\"color: #fff;\" href=\"https:\/\/tapigroup.com\/fr\/produits\/cosmetique\/\">Cosm\u00e8tique<\/a><\/li>\n \t<li><a style=\"color: #fff;\" href=\"https:\/\/tapigroup.com\/fr\/produits\/vin\/\">Vin<\/a><\/li>\n<\/ul>\n<h5>MATERIALS<\/h5>\n<ul style=\"color: #fff;\">\n \t<li><a style=\"color: #fff;\" href=\"https:\/\/tapigroup.com\/fr\/produits\/aluminium\/\">Aluminium<\/a><\/li>\n \t<li><a style=\"color: #fff;\" href=\"https:\/\/tapigroup.com\/fr\/produits\/ceramique-2\/\">C\u00e9ramique<\/a><\/li>\n \t<li><a style=\"color: #fff;\" href=\"https:\/\/tapigroup.com\/fr\/produits\/bois\/\">Bois<\/a><\/li>\n \t<li><a style=\"color: #fff;\" href=\"https:\/\/tapigroup.com\/fr\/produits\/plastique\/\">Plastiques<\/a><\/li>\n \t<li><a style=\"color: #fff;\" href=\"https:\/\/tapigroup.com\/fr\/produits\/plastiques-transparents\/\">Plastiques Transparents<\/a><\/li>\n \t<li><a style=\"color: #fff;\" href=\"https:\/\/tapigroup.com\/fr\/produits\/materiaux-speciaux\/\">Mat\u00e9riaux sp\u00e9ciaux<\/a><\/li>\n<\/ul><\/div>\r\n                <\/div>\r\n            \r\n        <\/div>\r\n        \t\t\t\t<\/div>\n\t\t\t\t<\/div>\n\t\t\t\t\t<\/div>\n\t\t<\/div>\n\t\t\t\t<div class=\"elementor-column elementor-col-66 elementor-top-column elementor-element elementor-element-bc77b2a\" data-id=\"bc77b2a\" data-element_type=\"column\" data-e-type=\"column\">\n\t\t\t<div class=\"elementor-widget-wrap elementor-element-populated\">\n\t\t\t\t\t\t<div class=\"elementor-element elementor-element-42662bb elementor-grid-4 elementor-grid-tablet-3 elementor-grid-mobile-2 elementor-products-grid elementor-wc-products elementor-widget elementor-widget-woocommerce-products\" data-id=\"42662bb\" data-element_type=\"widget\" data-e-type=\"widget\" data-widget_type=\"woocommerce-products.default\">\n\t\t\t\t<div class=\"elementor-widget-container\">\n\t\t\t\t\t<div class=\"woocommerce columns-4 \"><ul class=\"wgl-products appear-animation anim-slide-left\"><li class=\"product type-product post-12947 status-publish first instock product_cat-condiments-fr product_cat-cosmetiques-fr product_cat-spiritueux-fr product_tag-bouchon-a-tete-fr product_tag-ceramics-fr product_tag-signature-fr has-post-thumbnail shipping-taxable product-type-simple\">\n\t<div class='woo_product_image shop_media'><div class='picture'><a class='woo_post-link' href='https:\/\/tapigroup.com\/fr\/production-caps\/condiments-fr\/dome\/'><img fetchpriority=\"high\" decoding=\"async\" width=\"540\" height=\"720\" src=\"https:\/\/tapigroup.com\/wp-content\/uploads\/2023\/01\/Dome_Ceramic_status-540x720.jpg\" class=\"attachment-woocommerce_thumbnail size-woocommerce_thumbnail\" alt=\"Dome status spirits condiments ceramics\" \/><img decoding=\"async\" width=\"1063\" height=\"1651\" src=\"https:\/\/tapigroup.com\/wp-content\/uploads\/2020\/01\/Dome-Ceramic_2.jpg\" class=\"attachment-shop_catalog size-shop_catalog\" alt=\"Dome Ceramic status\" \/><\/a>\t<span id=\"woocommerce_loop_add_to_cart_link_describedby_12947\" class=\"screen-reader-text\">\n\t\t\t<\/span>\n<\/div><\/div><div class='woo_product_content'><h2 class=\"woocommerce-loop-product__title\"><a href=\"https:\/\/tapigroup.com\/fr\/production-caps\/condiments-fr\/dome\/\" class=\"woocommerce-LoopProduct-link woocommerce-loop-product__link\">D\u00f4me Ceramic<\/a><\/h2>\n<\/div><\/li>\n<li class=\"product type-product post-12989 status-publish instock product_cat-condiments-fr product_cat-cosmetiques-fr product_cat-spiritueux-fr product_tag-bouchon-a-tete-fr product_tag-ceramics-fr product_tag-signature-fr has-post-thumbnail shipping-taxable product-type-simple\">\n\t<div class='woo_product_image shop_media'><div class='picture'><a class='woo_post-link' href='https:\/\/tapigroup.com\/fr\/production-caps\/condiments-fr\/luna-ceramica\/'><img decoding=\"async\" width=\"540\" height=\"720\" src=\"https:\/\/tapigroup.com\/wp-content\/uploads\/2020\/08\/Luna_ceramic_status-540x720.jpg\" class=\"attachment-woocommerce_thumbnail size-woocommerce_thumbnail\" alt=\"status spirits condiments cosmetics ceramics\" \/><img loading=\"lazy\" decoding=\"async\" width=\"1063\" height=\"1651\" src=\"https:\/\/tapigroup.com\/wp-content\/uploads\/2020\/08\/Luna-Ceramic_2.jpg\" class=\"attachment-shop_catalog size-shop_catalog\" alt=\"Luna Ceramic status\" \/><\/a>\t<span id=\"woocommerce_loop_add_to_cart_link_describedby_12989\" class=\"screen-reader-text\">\n\t\t\t<\/span>\n<\/div><\/div><div class='woo_product_content'><h2 class=\"woocommerce-loop-product__title\"><a href=\"https:\/\/tapigroup.com\/fr\/production-caps\/condiments-fr\/luna-ceramica\/\" class=\"woocommerce-LoopProduct-link woocommerce-loop-product__link\">Luna Ceramic<\/a><\/h2>\n<\/div><\/li>\n<li class=\"product type-product post-13020 status-publish instock product_cat-condiments-fr product_cat-cosmetiques-fr product_cat-spiritueux-fr product_tag-bouchon-a-tete-fr product_tag-ceramics-fr product_tag-signature-fr has-post-thumbnail shipping-taxable product-type-simple\">\n\t<div class='woo_product_image shop_media'><div class='picture'><a class='woo_post-link' href='https:\/\/tapigroup.com\/fr\/production-caps\/condiments-fr\/pandora-ceramica\/'><img loading=\"lazy\" decoding=\"async\" width=\"540\" height=\"720\" src=\"https:\/\/tapigroup.com\/wp-content\/uploads\/2023\/01\/Pandora_Ceramic_status-1-540x720.jpg\" class=\"attachment-woocommerce_thumbnail size-woocommerce_thumbnail\" alt=\"status spirits condiments cosmetics ceramics\" \/><img loading=\"lazy\" decoding=\"async\" width=\"1063\" height=\"1651\" src=\"https:\/\/tapigroup.com\/wp-content\/uploads\/2020\/08\/Pandora-ceramic.jpg\" class=\"attachment-shop_catalog size-shop_catalog\" alt=\"Pandora Ceramic status\" \/><\/a>\t<span id=\"woocommerce_loop_add_to_cart_link_describedby_13020\" class=\"screen-reader-text\">\n\t\t\t<\/span>\n<\/div><\/div><div class='woo_product_content'><h2 class=\"woocommerce-loop-product__title\"><a href=\"https:\/\/tapigroup.com\/fr\/production-caps\/condiments-fr\/pandora-ceramica\/\" class=\"woocommerce-LoopProduct-link woocommerce-loop-product__link\">Pandora Ceramic<\/a><\/h2>\n<\/div><\/li>\n<\/ul>\n<\/div>\t\t\t\t<\/div>\n\t\t\t\t<\/div>\n\t\t\t\t\t<\/div>\n\t\t<\/div>\n\t\t\t\t\t<\/div>\n\t\t<\/section>\n\t\t\t\t<\/div>\n\t\t","protected":false},"excerpt":{"rendered":"<p>C\u00c9RAMIQUE CONCEPTS Status Planet Style Gourmet Craft INDUSTRY Spiritueux Condiments Bi\u00e9re Cosm\u00e8tique Vin MATERIALS Aluminium C\u00e9ramique Bois Plastiques Plastiques Transparents Mat\u00e9riaux sp\u00e9ciaux PRODUCTS FILTER WORLDS Status Planet Style Gourmet Craft INDUSTRY Spiritueux Condiments Bi\u00e9re Cosm\u00e8tique Vin MATERIALS Aluminium C\u00e9ramique Bois Plastiques Plastiques Transparents Mat\u00e9riaux sp\u00e9ciaux<\/p>\n","protected":false},"author":1,"featured_media":0,"parent":14150,"menu_order":0,"comment_status":"closed","ping_status":"closed","template":"","meta":{"footnotes":""},"class_list":["post-38957","page","type-page","status-publish","hentry"],"yoast_head":"<!-- This site is optimized with the Yoast SEO plugin v27.2 - https:\/\/yoast.com\/product\/yoast-seo-wordpress\/ -->\n<title>CERAMIQUE - Tap\u00ec Group<\/title>\n<meta name=\"robots\" content=\"index, follow, max-snippet:-1, max-image-preview:large, max-video-preview:-1\" \/>\n<link rel=\"canonical\" href=\"https:\/\/tapigroup.com\/fr\/produits\/ceramique-2\/\" \/>\n<meta property=\"og:locale\" content=\"fr_FR\" \/>\n<meta property=\"og:type\" content=\"article\" \/>\n<meta property=\"og:title\" content=\"CERAMIQUE - Tap\u00ec Group\" \/>\n<meta property=\"og:description\" content=\"C\u00c9RAMIQUE CONCEPTS Status Planet Style Gourmet Craft INDUSTRY Spiritueux Condiments Bi\u00e9re Cosm\u00e8tique Vin MATERIALS Aluminium C\u00e9ramique Bois Plastiques Plastiques Transparents Mat\u00e9riaux sp\u00e9ciaux PRODUCTS FILTER WORLDS Status Planet Style Gourmet Craft INDUSTRY Spiritueux Condiments Bi\u00e9re Cosm\u00e8tique Vin MATERIALS Aluminium C\u00e9ramique Bois Plastiques Plastiques Transparents Mat\u00e9riaux sp\u00e9ciaux\" \/>\n<meta property=\"og:url\" content=\"https:\/\/tapigroup.com\/fr\/produits\/ceramique-2\/\" \/>\n<meta property=\"og:site_name\" content=\"Tap\u00ec Group\" \/>\n<meta property=\"article:modified_time\" content=\"2023-11-30T11:12:29+00:00\" \/>\n<meta name=\"twitter:card\" content=\"summary_large_image\" \/>\n<meta name=\"twitter:label1\" content=\"Dur\u00e9e de lecture estim\u00e9e\" \/>\n\t<meta name=\"twitter:data1\" content=\"2 minutes\" \/>\n<script type=\"application\/ld+json\" class=\"yoast-schema-graph\">{\"@context\":\"https:\/\/schema.org\",\"@graph\":[{\"@type\":\"WebPage\",\"@id\":\"https:\/\/tapigroup.com\/fr\/produits\/ceramique-2\/\",\"url\":\"https:\/\/tapigroup.com\/fr\/produits\/ceramique-2\/\",\"name\":\"CERAMIQUE - Tap\u00ec Group\",\"isPartOf\":{\"@id\":\"https:\/\/tapigroup.com\/fr\/#website\"},\"datePublished\":\"2023-11-27T10:28:37+00:00\",\"dateModified\":\"2023-11-30T11:12:29+00:00\",\"breadcrumb\":{\"@id\":\"https:\/\/tapigroup.com\/fr\/produits\/ceramique-2\/#breadcrumb\"},\"inLanguage\":\"fr-FR\",\"potentialAction\":[{\"@type\":\"ReadAction\",\"target\":[\"https:\/\/tapigroup.com\/fr\/produits\/ceramique-2\/\"]}]},{\"@type\":\"BreadcrumbList\",\"@id\":\"https:\/\/tapigroup.com\/fr\/produits\/ceramique-2\/#breadcrumb\",\"itemListElement\":[{\"@type\":\"ListItem\",\"position\":1,\"name\":\"prodotti\",\"item\":\"https:\/\/tapigroup.com\/fr\/produits\/\"},{\"@type\":\"ListItem\",\"position\":2,\"name\":\"CERAMIQUE\"}]},{\"@type\":\"WebSite\",\"@id\":\"https:\/\/tapigroup.com\/fr\/#website\",\"url\":\"https:\/\/tapigroup.com\/fr\/\",\"name\":\"Tap\u00ec Group\",\"description\":\"Made to be Opened\",\"potentialAction\":[{\"@type\":\"SearchAction\",\"target\":{\"@type\":\"EntryPoint\",\"urlTemplate\":\"https:\/\/tapigroup.com\/fr\/?s={search_term_string}\"},\"query-input\":{\"@type\":\"PropertyValueSpecification\",\"valueRequired\":true,\"valueName\":\"search_term_string\"}}],\"inLanguage\":\"fr-FR\"}]}<\/script>\n<!-- \/ Yoast SEO plugin. -->","yoast_head_json":{"title":"CERAMIQUE - Tap\u00ec Group","robots":{"index":"index","follow":"follow","max-snippet":"max-snippet:-1","max-image-preview":"max-image-preview:large","max-video-preview":"max-video-preview:-1"},"canonical":"https:\/\/tapigroup.com\/fr\/produits\/ceramique-2\/","og_locale":"fr_FR","og_type":"article","og_title":"CERAMIQUE - Tap\u00ec Group","og_description":"C\u00c9RAMIQUE CONCEPTS Status Planet Style Gourmet Craft INDUSTRY Spiritueux Condiments Bi\u00e9re Cosm\u00e8tique Vin MATERIALS Aluminium C\u00e9ramique Bois Plastiques Plastiques Transparents Mat\u00e9riaux sp\u00e9ciaux PRODUCTS FILTER WORLDS Status Planet Style Gourmet Craft INDUSTRY Spiritueux Condiments Bi\u00e9re Cosm\u00e8tique Vin MATERIALS Aluminium C\u00e9ramique Bois Plastiques Plastiques Transparents Mat\u00e9riaux sp\u00e9ciaux","og_url":"https:\/\/tapigroup.com\/fr\/produits\/ceramique-2\/","og_site_name":"Tap\u00ec Group","article_modified_time":"2023-11-30T11:12:29+00:00","twitter_card":"summary_large_image","twitter_misc":{"Dur\u00e9e de lecture estim\u00e9e":"2 minutes"},"schema":{"@context":"https:\/\/schema.org","@graph":[{"@type":"WebPage","@id":"https:\/\/tapigroup.com\/fr\/produits\/ceramique-2\/","url":"https:\/\/tapigroup.com\/fr\/produits\/ceramique-2\/","name":"CERAMIQUE - Tap\u00ec Group","isPartOf":{"@id":"https:\/\/tapigroup.com\/fr\/#website"},"datePublished":"2023-11-27T10:28:37+00:00","dateModified":"2023-11-30T11:12:29+00:00","breadcrumb":{"@id":"https:\/\/tapigroup.com\/fr\/produits\/ceramique-2\/#breadcrumb"},"inLanguage":"fr-FR","potentialAction":[{"@type":"ReadAction","target":["https:\/\/tapigroup.com\/fr\/produits\/ceramique-2\/"]}]},{"@type":"BreadcrumbList","@id":"https:\/\/tapigroup.com\/fr\/produits\/ceramique-2\/#breadcrumb","itemListElement":[{"@type":"ListItem","position":1,"name":"prodotti","item":"https:\/\/tapigroup.com\/fr\/produits\/"},{"@type":"ListItem","position":2,"name":"CERAMIQUE"}]},{"@type":"WebSite","@id":"https:\/\/tapigroup.com\/fr\/#website","url":"https:\/\/tapigroup.com\/fr\/","name":"Tap\u00ec Group","description":"Made to be Opened","potentialAction":[{"@type":"SearchAction","target":{"@type":"EntryPoint","urlTemplate":"https:\/\/tapigroup.com\/fr\/?s={search_term_string}"},"query-input":{"@type":"PropertyValueSpecification","valueRequired":true,"valueName":"search_term_string"}}],"inLanguage":"fr-FR"}]}},"_links":{"self":[{"href":"https:\/\/tapigroup.com\/fr\/wp-json\/wp\/v2\/pages\/38957","targetHints":{"allow":["GET"]}}],"collection":[{"href":"https:\/\/tapigroup.com\/fr\/wp-json\/wp\/v2\/pages"}],"about":[{"href":"https:\/\/tapigroup.com\/fr\/wp-json\/wp\/v2\/types\/page"}],"author":[{"embeddable":true,"href":"https:\/\/tapigroup.com\/fr\/wp-json\/wp\/v2\/users\/1"}],"replies":[{"embeddable":true,"href":"https:\/\/tapigroup.com\/fr\/wp-json\/wp\/v2\/comments?post=38957"}],"version-history":[{"count":10,"href":"https:\/\/tapigroup.com\/fr\/wp-json\/wp\/v2\/pages\/38957\/revisions"}],"predecessor-version":[{"id":39726,"href":"https:\/\/tapigroup.com\/fr\/wp-json\/wp\/v2\/pages\/38957\/revisions\/39726"}],"up":[{"embeddable":true,"href":"https:\/\/tapigroup.com\/fr\/wp-json\/wp\/v2\/pages\/14150"}],"wp:attachment":[{"href":"https:\/\/tapigroup.com\/fr\/wp-json\/wp\/v2\/media?parent=38957"}],"curies":[{"name":"wp","href":"https:\/\/api.w.org\/{rel}","templated":true}]}}