{"id":14197,"date":"2019-12-30T11:58:16","date_gmt":"2019-12-30T10:58:16","guid":{"rendered":"http:\/\/tapigroup.com\/produits\/beer\/"},"modified":"2023-11-30T12:10:29","modified_gmt":"2023-11-30T11:10:29","slug":"biere","status":"publish","type":"page","link":"https:\/\/tapigroup.com\/fr\/produits\/biere\/","title":{"rendered":"BI\u00c8RE"},"content":{"rendered":"\t\t<div data-elementor-type=\"wp-page\" data-elementor-id=\"14197\" class=\"elementor elementor-14197 elementor-394\" data-elementor-post-type=\"page\">\n\t\t\t\t\t\t<section class=\"elementor-section elementor-top-section elementor-element elementor-element-686f6db elementor-section-height-min-height elementor-section-boxed elementor-section-height-default elementor-section-items-middle\" data-id=\"686f6db\" data-element_type=\"section\" data-e-type=\"section\" data-settings=\"{&quot;background_background&quot;:&quot;classic&quot;}\">\n\t\t\t\t\t\t<div class=\"elementor-container elementor-column-gap-default\">\n\t\t\t\t\t<div class=\"elementor-column elementor-col-100 elementor-top-column elementor-element elementor-element-390eedd\" data-id=\"390eedd\" data-element_type=\"column\" data-e-type=\"column\">\n\t\t\t<div class=\"elementor-widget-wrap elementor-element-populated\">\n\t\t\t\t\t\t<div class=\"elementor-element elementor-element-7168d44 elementor-widget elementor-widget-heading\" data-id=\"7168d44\" data-element_type=\"widget\" data-e-type=\"widget\" data-widget_type=\"heading.default\">\n\t\t\t\t<div class=\"elementor-widget-container\">\n\t\t\t\t\t<h2 class=\"elementor-heading-title elementor-size-default\">BI\u00c8RE<\/h2>\t\t\t\t<\/div>\n\t\t\t\t<\/div>\n\t\t\t\t\t<\/div>\n\t\t<\/div>\n\t\t\t\t\t<\/div>\n\t\t<\/section>\n\t\t\t\t<section class=\"elementor-section elementor-top-section elementor-element elementor-element-d3ab961 elementor-section-boxed elementor-section-height-default elementor-section-height-default\" data-id=\"d3ab961\" data-element_type=\"section\" data-e-type=\"section\">\n\t\t\t\t\t\t<div class=\"elementor-container elementor-column-gap-default\">\n\t\t\t\t\t<div class=\"elementor-column elementor-col-33 elementor-top-column elementor-element elementor-element-1c6ba74\" data-id=\"1c6ba74\" data-element_type=\"column\" data-e-type=\"column\">\n\t\t\t<div class=\"elementor-widget-wrap elementor-element-populated\">\n\t\t\t\t\t\t<div class=\"elementor-element elementor-element-67c1446 elementor-hidden-tablet elementor-hidden-mobile elementor-widget elementor-widget-heading\" data-id=\"67c1446\" data-element_type=\"widget\" data-e-type=\"widget\" data-widget_type=\"heading.default\">\n\t\t\t\t<div class=\"elementor-widget-container\">\n\t\t\t\t\t<h5 class=\"elementor-heading-title elementor-size-default\">CONCEPTS<\/h5>\t\t\t\t<\/div>\n\t\t\t\t<\/div>\n\t\t\t\t<div class=\"elementor-element elementor-element-a5d59ce elementor-hidden-tablet elementor-hidden-mobile elementor-widget elementor-widget-text-editor\" data-id=\"a5d59ce\" data-element_type=\"widget\" data-e-type=\"widget\" data-widget_type=\"text-editor.default\">\n\t\t\t\t<div class=\"elementor-widget-container\">\n\t\t\t\t\t\t\t\t\t<ul style=\"color: #fff;\">\n \t<li><a style=\"color: #fff;\" href=\"https:\/\/tapigroup.com\/fr\/produits\/status\/\">Status<\/a><\/li>\n \t<li><a style=\"color: #fff;\" href=\"https:\/\/tapigroup.com\/fr\/produits\/planet\/\">Planet<\/a><\/li>\n \t<li><a style=\"color: #fff;\" href=\"https:\/\/tapigroup.com\/fr\/produits\/style\/\">Style<\/a><\/li>\n \t<li><a style=\"color: #fff;\" href=\"https:\/\/tapigroup.com\/fr\/produits\/gourmet\/\">Gourmet<\/a><\/li>\n \t<li><a style=\"color: #fff;\" href=\"https:\/\/tapigroup.com\/fr\/produits\/craft\/\">Craft<\/a><\/li>\n<\/ul>\t\t\t\t\t\t\t\t<\/div>\n\t\t\t\t<\/div>\n\t\t\t\t<div class=\"elementor-element elementor-element-1fa6599 elementor-hidden-tablet elementor-hidden-mobile elementor-widget elementor-widget-heading\" data-id=\"1fa6599\" data-element_type=\"widget\" data-e-type=\"widget\" data-widget_type=\"heading.default\">\n\t\t\t\t<div class=\"elementor-widget-container\">\n\t\t\t\t\t<h5 class=\"elementor-heading-title elementor-size-default\">INDUSTRY<\/h5>\t\t\t\t<\/div>\n\t\t\t\t<\/div>\n\t\t\t\t<div class=\"elementor-element elementor-element-c9aa2fa elementor-hidden-tablet elementor-hidden-mobile elementor-widget elementor-widget-text-editor\" data-id=\"c9aa2fa\" data-element_type=\"widget\" data-e-type=\"widget\" data-widget_type=\"text-editor.default\">\n\t\t\t\t<div class=\"elementor-widget-container\">\n\t\t\t\t\t\t\t\t\t<ul style=\"color: #fff;\">\n \t<li><a style=\"color: #fff;\" href=\"https:\/\/tapigroup.com\/fr\/produits\/spiritueux\/\">Spiritueux<\/a><\/li>\n \t<li><a style=\"color: #fff;\" href=\"https:\/\/tapigroup.com\/fr\/produits\/condiments\/\">Condiments<\/a><\/li>\n \t<li><a style=\"color: #fff;\" href=\"https:\/\/tapigroup.com\/fr\/produits\/biere\/\">Bi\u00e9re<\/a><\/li>\n \t<li><a style=\"color: #fff;\" href=\"https:\/\/tapigroup.com\/fr\/produits\/cosmetique\/\">Cosm\u00e8tique<\/a><\/li>\n \t<li><a style=\"color: #fff;\" href=\"https:\/\/tapigroup.com\/fr\/produits\/vin\/\">Vin<\/a><\/li>\n<\/ul>\t\t\t\t\t\t\t\t<\/div>\n\t\t\t\t<\/div>\n\t\t\t\t<div class=\"elementor-element elementor-element-927eb6a elementor-hidden-tablet elementor-hidden-mobile elementor-widget elementor-widget-heading\" data-id=\"927eb6a\" data-element_type=\"widget\" data-e-type=\"widget\" data-widget_type=\"heading.default\">\n\t\t\t\t<div class=\"elementor-widget-container\">\n\t\t\t\t\t<h5 class=\"elementor-heading-title elementor-size-default\">MATERIALS<\/h5>\t\t\t\t<\/div>\n\t\t\t\t<\/div>\n\t\t\t\t<div class=\"elementor-element elementor-element-f7f8646 elementor-hidden-tablet elementor-hidden-mobile elementor-widget elementor-widget-text-editor\" data-id=\"f7f8646\" data-element_type=\"widget\" data-e-type=\"widget\" data-widget_type=\"text-editor.default\">\n\t\t\t\t<div class=\"elementor-widget-container\">\n\t\t\t\t\t\t\t\t\t<ul style=\"color: #fff;\">\n \t<li><a style=\"color: #fff;\" href=\"https:\/\/tapigroup.com\/fr\/produits\/aluminium\/\">Aluminium<\/a><\/li>\n \t<li><a style=\"color: #fff;\" href=\"https:\/\/tapigroup.com\/fr\/produits\/ceramique-2\/\">C\u00e9ramique<\/a><\/li>\n \t<li><a style=\"color: #fff;\" href=\"https:\/\/tapigroup.com\/fr\/produits\/bois\/\">Bois<\/a><\/li>\n \t<li><a style=\"color: #fff;\" href=\"https:\/\/tapigroup.com\/fr\/produits\/plastique\/\">Plastiques<\/a><\/li>\n \t<li><a style=\"color: #fff;\" href=\"https:\/\/tapigroup.com\/fr\/produits\/plastiques-transparents\/\">Plastiques Transparents<\/a><\/li>\n \t<li><a style=\"color: #fff;\" href=\"https:\/\/tapigroup.com\/fr\/produits\/materiaux-speciaux\/\">Mat\u00e9riaux sp\u00e9ciaux<\/a><\/li>\n<\/ul>\t\t\t\t\t\t\t\t<\/div>\n\t\t\t\t<\/div>\n\t\t\t\t<div class=\"elementor-element elementor-element-661f616 elementor-hidden-desktop elementor-widget elementor-widget-wgl-toggle-accordion\" data-id=\"661f616\" data-element_type=\"widget\" data-e-type=\"widget\" data-widget_type=\"wgl-toggle-accordion.default\">\n\t\t\t\t<div class=\"elementor-widget-container\">\n\t\t\t\t\t        <div class=\"wgl-accordion icon-def\" id=\"wgl-accordion-661f616\" data-type=\"accordion\">\r\n\r\n                            <div class=\"wgl-accordion_panel\">\r\n                    <h4 id=\"wgl-accordion_header-1071\" class=\"wgl-accordion_header\" data-default=\"yes\">\r\n                        <span class=\"wgl-accordion_title\">PRODUCTS FILTER<\/span>\r\n                        <i class=\"wgl-accordion_icon \"><\/i>                    <\/h4>\r\n                    <div class=\"wgl-accordion_content\"><h5>WORLDS<\/h5>\n<ul style=\"color: #fff;\">\n \t<li><a style=\"color: #fff;\" href=\"https:\/\/tapigroup.com\/fr\/produits\/status\/\">Status<\/a><\/li>\n \t<li><a style=\"color: #fff;\" href=\"https:\/\/tapigroup.com\/fr\/produits\/planet\/\">Planet<\/a><\/li>\n \t<li><a style=\"color: #fff;\" href=\"https:\/\/tapigroup.com\/fr\/produits\/style\/\">Style<\/a><\/li>\n \t<li><a style=\"color: #fff;\" href=\"https:\/\/tapigroup.com\/fr\/produits\/gourmet\/\">Gourmet<\/a><\/li>\n \t<li><a style=\"color: #fff;\" href=\"https:\/\/tapigroup.com\/fr\/produits\/craft\/\">Craft<\/a><\/li>\n<\/ul>\n<h5>INDUSTRY<\/h5>\n<ul style=\"color: #fff;\">\n \t<li><a style=\"color: #fff;\" href=\"https:\/\/tapigroup.com\/fr\/produits\/spiritueux\/\">Spiritueux<\/a><\/li>\n \t<li><a style=\"color: #fff;\" href=\"https:\/\/tapigroup.com\/fr\/produits\/condiments\/\">Condiments<\/a><\/li>\n \t<li><a style=\"color: #fff;\" href=\"https:\/\/tapigroup.com\/fr\/produits\/biere\/\">Bi\u00e9re<\/a><\/li>\n \t<li><a style=\"color: #fff;\" href=\"https:\/\/tapigroup.com\/fr\/produits\/cosmetique\/\">Cosm\u00e8tique<\/a><\/li>\n \t<li><a style=\"color: #fff;\" href=\"https:\/\/tapigroup.com\/fr\/produits\/vin\/\">Vin<\/a><\/li>\n<\/ul>\n<h5>MATERIALS<\/h5>\n<ul style=\"color: #fff;\">\n \t<li><a style=\"color: #fff;\" href=\"https:\/\/tapigroup.com\/fr\/produits\/aluminium\/\">Aluminium<\/a><\/li>\n \t<li><a style=\"color: #fff;\" href=\"https:\/\/tapigroup.com\/fr\/produits\/ceramique-2\/\">C\u00e9ramique<\/a><\/li>\n \t<li><a style=\"color: #fff;\" href=\"https:\/\/tapigroup.com\/fr\/produits\/bois\/\">Bois<\/a><\/li>\n \t<li><a style=\"color: #fff;\" href=\"https:\/\/tapigroup.com\/fr\/produits\/plastique\/\">Plastiques<\/a><\/li>\n \t<li><a style=\"color: #fff;\" href=\"https:\/\/tapigroup.com\/fr\/produits\/plastiques-transparents\/\">Plastiques Transparents<\/a><\/li>\n \t<li><a style=\"color: #fff;\" href=\"https:\/\/tapigroup.com\/fr\/produits\/materiaux-speciaux\/\">Mat\u00e9riaux sp\u00e9ciaux<\/a><\/li>\n<\/ul><\/div>\r\n                <\/div>\r\n            \r\n        <\/div>\r\n        \t\t\t\t<\/div>\n\t\t\t\t<\/div>\n\t\t\t\t\t<\/div>\n\t\t<\/div>\n\t\t\t\t<div class=\"elementor-column elementor-col-66 elementor-top-column elementor-element elementor-element-e64eefb\" data-id=\"e64eefb\" data-element_type=\"column\" data-e-type=\"column\">\n\t\t\t<div class=\"elementor-widget-wrap elementor-element-populated\">\n\t\t\t\t\t\t<div class=\"elementor-element elementor-element-eff65a7 elementor-grid-4 elementor-grid-tablet-3 elementor-grid-mobile-2 elementor-products-grid elementor-wc-products elementor-widget elementor-widget-woocommerce-products\" data-id=\"eff65a7\" data-element_type=\"widget\" data-e-type=\"widget\" data-widget_type=\"woocommerce-products.default\">\n\t\t\t\t<div class=\"elementor-widget-container\">\n\t\t\t\t\t<div class=\"woocommerce columns-4 \"><ul class=\"wgl-products appear-animation anim-slide-left\"><li class=\"product type-product post-11980 status-publish first instock product_cat-biere-fr product_cat-condiments-fr product_cat-spiritueux-fr product_cat-vin-fr product_tag-bouchon-mecanique-fr product_tag-plastique-fr product_tag-revo-fr has-post-thumbnail shipping-taxable product-type-simple\">\n\t<div class='woo_product_image shop_media'><div class='picture'><a class='woo_post-link' href='https:\/\/tapigroup.com\/fr\/production-caps\/biere-fr\/mekano\/'><img fetchpriority=\"high\" decoding=\"async\" width=\"540\" height=\"720\" src=\"https:\/\/tapigroup.com\/wp-content\/uploads\/2023\/01\/Mekano_style-540x720.jpg\" class=\"attachment-woocommerce_thumbnail size-woocommerce_thumbnail\" alt=\"style beer wine spirits condiments plastics\" \/><img decoding=\"async\" width=\"1063\" height=\"1651\" src=\"https:\/\/tapigroup.com\/wp-content\/uploads\/2020\/01\/Mekano_style_1.jpg\" class=\"attachment-shop_catalog size-shop_catalog\" alt=\"Mekano style\" \/><\/a>\t<span id=\"woocommerce_loop_add_to_cart_link_describedby_11980\" class=\"screen-reader-text\">\n\t\t\t<\/span>\n<\/div><\/div><div class='woo_product_content'><h2 class=\"woocommerce-loop-product__title\"><a href=\"https:\/\/tapigroup.com\/fr\/production-caps\/biere-fr\/mekano\/\" class=\"woocommerce-LoopProduct-link woocommerce-loop-product__link\">Mekano<\/a><\/h2>\n<\/div><\/li>\n<\/ul>\n<\/div>\t\t\t\t<\/div>\n\t\t\t\t<\/div>\n\t\t\t\t\t<\/div>\n\t\t<\/div>\n\t\t\t\t\t<\/div>\n\t\t<\/section>\n\t\t\t\t<\/div>\n\t\t","protected":false},"excerpt":{"rendered":"<p>BI\u00c8RE CONCEPTS Status Planet Style Gourmet Craft INDUSTRY Spiritueux Condiments Bi\u00e9re Cosm\u00e8tique Vin MATERIALS Aluminium C\u00e9ramique Bois Plastiques Plastiques Transparents Mat\u00e9riaux sp\u00e9ciaux PRODUCTS FILTER WORLDS Status Planet Style Gourmet Craft INDUSTRY Spiritueux Condiments Bi\u00e9re Cosm\u00e8tique Vin MATERIALS Aluminium C\u00e9ramique Bois Plastiques Plastiques Transparents Mat\u00e9riaux sp\u00e9ciaux<\/p>\n","protected":false},"author":1,"featured_media":0,"parent":14150,"menu_order":0,"comment_status":"closed","ping_status":"closed","template":"","meta":{"footnotes":""},"class_list":["post-14197","page","type-page","status-publish","hentry"],"yoast_head":"<!-- This site is optimized with the Yoast SEO plugin v27.2 - https:\/\/yoast.com\/product\/yoast-seo-wordpress\/ -->\n<title>Production de Bouchons pour la Bi\u00e8re | Tap\u00ec<\/title>\n<meta name=\"description\" content=\"Nous sommes Fabricants de Bouchons pour les Bouteilles de Bi\u00e8re. Design et solutions innovantes pour l&#039;emballage de votre Bi\u00e8re. Contactez-nous\u00a0!\" \/>\n<meta name=\"robots\" content=\"index, follow, max-snippet:-1, max-image-preview:large, max-video-preview:-1\" \/>\n<link rel=\"canonical\" href=\"https:\/\/tapigroup.com\/fr\/produits\/biere\/\" \/>\n<meta property=\"og:locale\" content=\"fr_FR\" \/>\n<meta property=\"og:type\" content=\"article\" \/>\n<meta property=\"og:title\" content=\"Production de Bouchons pour la Bi\u00e8re | Tap\u00ec\" \/>\n<meta property=\"og:description\" content=\"Nous sommes Fabricants de Bouchons pour les Bouteilles de Bi\u00e8re. Design et solutions innovantes pour l&#039;emballage de votre Bi\u00e8re. Contactez-nous\u00a0!\" \/>\n<meta property=\"og:url\" content=\"https:\/\/tapigroup.com\/fr\/produits\/biere\/\" \/>\n<meta property=\"og:site_name\" content=\"Tap\u00ec Group\" \/>\n<meta property=\"article:modified_time\" content=\"2023-11-30T11:10:29+00:00\" \/>\n<meta name=\"twitter:card\" content=\"summary_large_image\" \/>\n<meta name=\"twitter:label1\" content=\"Dur\u00e9e de lecture estim\u00e9e\" \/>\n\t<meta name=\"twitter:data1\" content=\"1 minute\" \/>\n<script type=\"application\/ld+json\" class=\"yoast-schema-graph\">{\"@context\":\"https:\/\/schema.org\",\"@graph\":[{\"@type\":\"WebPage\",\"@id\":\"https:\/\/tapigroup.com\/fr\/produits\/biere\/\",\"url\":\"https:\/\/tapigroup.com\/fr\/produits\/biere\/\",\"name\":\"Production de Bouchons pour la Bi\u00e8re | Tap\u00ec\",\"isPartOf\":{\"@id\":\"https:\/\/tapigroup.com\/fr\/#website\"},\"datePublished\":\"2019-12-30T10:58:16+00:00\",\"dateModified\":\"2023-11-30T11:10:29+00:00\",\"description\":\"Nous sommes Fabricants de Bouchons pour les Bouteilles de Bi\u00e8re. Design et solutions innovantes pour l'emballage de votre Bi\u00e8re. Contactez-nous\u00a0!\",\"breadcrumb\":{\"@id\":\"https:\/\/tapigroup.com\/fr\/produits\/biere\/#breadcrumb\"},\"inLanguage\":\"fr-FR\",\"potentialAction\":[{\"@type\":\"ReadAction\",\"target\":[\"https:\/\/tapigroup.com\/fr\/produits\/biere\/\"]}]},{\"@type\":\"BreadcrumbList\",\"@id\":\"https:\/\/tapigroup.com\/fr\/produits\/biere\/#breadcrumb\",\"itemListElement\":[{\"@type\":\"ListItem\",\"position\":1,\"name\":\"prodotti\",\"item\":\"https:\/\/tapigroup.com\/fr\/produits\/\"},{\"@type\":\"ListItem\",\"position\":2,\"name\":\"BI\u00c8RE\"}]},{\"@type\":\"WebSite\",\"@id\":\"https:\/\/tapigroup.com\/fr\/#website\",\"url\":\"https:\/\/tapigroup.com\/fr\/\",\"name\":\"Tap\u00ec Group\",\"description\":\"Made to be Opened\",\"potentialAction\":[{\"@type\":\"SearchAction\",\"target\":{\"@type\":\"EntryPoint\",\"urlTemplate\":\"https:\/\/tapigroup.com\/fr\/?s={search_term_string}\"},\"query-input\":{\"@type\":\"PropertyValueSpecification\",\"valueRequired\":true,\"valueName\":\"search_term_string\"}}],\"inLanguage\":\"fr-FR\"}]}<\/script>\n<!-- \/ Yoast SEO plugin. -->","yoast_head_json":{"title":"Production de Bouchons pour la Bi\u00e8re | Tap\u00ec","description":"Nous sommes Fabricants de Bouchons pour les Bouteilles de Bi\u00e8re. Design et solutions innovantes pour l'emballage de votre Bi\u00e8re. Contactez-nous\u00a0!","robots":{"index":"index","follow":"follow","max-snippet":"max-snippet:-1","max-image-preview":"max-image-preview:large","max-video-preview":"max-video-preview:-1"},"canonical":"https:\/\/tapigroup.com\/fr\/produits\/biere\/","og_locale":"fr_FR","og_type":"article","og_title":"Production de Bouchons pour la Bi\u00e8re | Tap\u00ec","og_description":"Nous sommes Fabricants de Bouchons pour les Bouteilles de Bi\u00e8re. Design et solutions innovantes pour l'emballage de votre Bi\u00e8re. Contactez-nous\u00a0!","og_url":"https:\/\/tapigroup.com\/fr\/produits\/biere\/","og_site_name":"Tap\u00ec Group","article_modified_time":"2023-11-30T11:10:29+00:00","twitter_card":"summary_large_image","twitter_misc":{"Dur\u00e9e de lecture estim\u00e9e":"1 minute"},"schema":{"@context":"https:\/\/schema.org","@graph":[{"@type":"WebPage","@id":"https:\/\/tapigroup.com\/fr\/produits\/biere\/","url":"https:\/\/tapigroup.com\/fr\/produits\/biere\/","name":"Production de Bouchons pour la Bi\u00e8re | Tap\u00ec","isPartOf":{"@id":"https:\/\/tapigroup.com\/fr\/#website"},"datePublished":"2019-12-30T10:58:16+00:00","dateModified":"2023-11-30T11:10:29+00:00","description":"Nous sommes Fabricants de Bouchons pour les Bouteilles de Bi\u00e8re. Design et solutions innovantes pour l'emballage de votre Bi\u00e8re. Contactez-nous\u00a0!","breadcrumb":{"@id":"https:\/\/tapigroup.com\/fr\/produits\/biere\/#breadcrumb"},"inLanguage":"fr-FR","potentialAction":[{"@type":"ReadAction","target":["https:\/\/tapigroup.com\/fr\/produits\/biere\/"]}]},{"@type":"BreadcrumbList","@id":"https:\/\/tapigroup.com\/fr\/produits\/biere\/#breadcrumb","itemListElement":[{"@type":"ListItem","position":1,"name":"prodotti","item":"https:\/\/tapigroup.com\/fr\/produits\/"},{"@type":"ListItem","position":2,"name":"BI\u00c8RE"}]},{"@type":"WebSite","@id":"https:\/\/tapigroup.com\/fr\/#website","url":"https:\/\/tapigroup.com\/fr\/","name":"Tap\u00ec Group","description":"Made to be Opened","potentialAction":[{"@type":"SearchAction","target":{"@type":"EntryPoint","urlTemplate":"https:\/\/tapigroup.com\/fr\/?s={search_term_string}"},"query-input":{"@type":"PropertyValueSpecification","valueRequired":true,"valueName":"search_term_string"}}],"inLanguage":"fr-FR"}]}},"_links":{"self":[{"href":"https:\/\/tapigroup.com\/fr\/wp-json\/wp\/v2\/pages\/14197","targetHints":{"allow":["GET"]}}],"collection":[{"href":"https:\/\/tapigroup.com\/fr\/wp-json\/wp\/v2\/pages"}],"about":[{"href":"https:\/\/tapigroup.com\/fr\/wp-json\/wp\/v2\/types\/page"}],"author":[{"embeddable":true,"href":"https:\/\/tapigroup.com\/fr\/wp-json\/wp\/v2\/users\/1"}],"replies":[{"embeddable":true,"href":"https:\/\/tapigroup.com\/fr\/wp-json\/wp\/v2\/comments?post=14197"}],"version-history":[{"count":11,"href":"https:\/\/tapigroup.com\/fr\/wp-json\/wp\/v2\/pages\/14197\/revisions"}],"predecessor-version":[{"id":39720,"href":"https:\/\/tapigroup.com\/fr\/wp-json\/wp\/v2\/pages\/14197\/revisions\/39720"}],"up":[{"embeddable":true,"href":"https:\/\/tapigroup.com\/fr\/wp-json\/wp\/v2\/pages\/14150"}],"wp:attachment":[{"href":"https:\/\/tapigroup.com\/fr\/wp-json\/wp\/v2\/media?parent=14197"}],"curies":[{"name":"wp","href":"https:\/\/api.w.org\/{rel}","templated":true}]}}