{"id":12422,"date":"2020-01-24T15:37:46","date_gmt":"2020-01-24T14:37:46","guid":{"rendered":"http:\/\/tapigroup.com\/production-caps\/sin%20categor\u00eda\/soft\/"},"modified":"2023-10-10T14:59:27","modified_gmt":"2023-10-10T12:59:27","slug":"soft","status":"publish","type":"product","link":"https:\/\/tapigroup.com\/es\/production-caps\/vino-es\/soft\/","title":{"rendered":"Soft"},"content":{"rendered":"\t\t<div data-elementor-type=\"wp-post\" data-elementor-id=\"12422\" class=\"elementor elementor-12422 elementor-1167\" data-elementor-post-type=\"product\">\n\t\t\t\t\t\t<section class=\"elementor-section elementor-top-section elementor-element elementor-element-d81b984 elementor-section-boxed elementor-section-height-default elementor-section-height-default\" data-id=\"d81b984\" data-element_type=\"section\" data-e-type=\"section\">\n\t\t\t\t\t\t<div class=\"elementor-container elementor-column-gap-default\">\n\t\t\t\t\t<div class=\"elementor-column elementor-col-50 elementor-top-column elementor-element elementor-element-d14295b\" data-id=\"d14295b\" data-element_type=\"column\" data-e-type=\"column\">\n\t\t\t<div class=\"elementor-widget-wrap elementor-element-populated\">\n\t\t\t\t\t\t<div class=\"elementor-element elementor-element-0710321 elementor-widget elementor-widget-heading\" data-id=\"0710321\" data-element_type=\"widget\" data-e-type=\"widget\" data-widget_type=\"heading.default\">\n\t\t\t\t<div class=\"elementor-widget-container\">\n\t\t\t\t\t<h3 class=\"elementor-heading-title elementor-size-default\">PERSONALIZZAZIONI<\/h3>\t\t\t\t<\/div>\n\t\t\t\t<\/div>\n\t\t\t\t\t<\/div>\n\t\t<\/div>\n\t\t\t\t<div class=\"elementor-column elementor-col-50 elementor-top-column elementor-element elementor-element-73a6958\" data-id=\"73a6958\" data-element_type=\"column\" data-e-type=\"column\">\n\t\t\t<div class=\"elementor-widget-wrap\">\n\t\t\t\t\t\t\t<\/div>\n\t\t<\/div>\n\t\t\t\t\t<\/div>\n\t\t<\/section>\n\t\t\t\t<\/div>\n\t\t","protected":false},"excerpt":{"rendered":"<p><span>Soft es el tap\u00f3n dise\u00f1ado para los vinos de calidad blancos, rosados y tintos que tienen que taparse una vez abiertos. Est\u00e1 formado por un material sint\u00e9tico con buenas cualidades de elasticidad que facilitan taparlo a mano una vez abierto. Ofrece altas prestaciones de hermeticidad al CO2 y garantiza una barrera al O2 de las de mayor rendimiento en su categor\u00eda protegiendo el vino de la oxidaci\u00f3n.<\/span><\/p>\n<div class=\"info-btn request-info\"><a class=\"open-contact-modal\" role=\"button\"><span>SOLICITA INFORMACI\u00d3N<\/span><\/a><\/div>\n<div class=\"info-btn download\"><a href=\"https:\/\/tapigroup.com\/wp-content\/uploads\/2020\/05\/scheda-tecnica-soft.pdf\" role=\"button\"><span>DESCARGA FICHA T\u00c9CNICA<\/span><\/a><\/div>\n","protected":false},"featured_media":27821,"template":"","meta":[],"product_brand":[],"product_cat":[155],"product_tag":[175,157,183],"class_list":{"0":"post-12422","1":"product","2":"type-product","3":"status-publish","4":"has-post-thumbnail","6":"product_cat-vino-es","7":"product_tag-collection-es","8":"product_tag-plastico-es","9":"product_tag-tapon-vino-es","11":"first","12":"instock","13":"shipping-taxable","14":"product-type-simple"},"yoast_head":"<!-- This site is optimized with the Yoast SEO plugin v27.2 - https:\/\/yoast.com\/product\/yoast-seo-wordpress\/ -->\n<title>Soft - Tap\u00ec Group<\/title>\n<meta name=\"robots\" content=\"index, follow, max-snippet:-1, max-image-preview:large, max-video-preview:-1\" \/>\n<link rel=\"canonical\" href=\"https:\/\/tapigroup.com\/es\/production-caps\/vino-es\/soft\/\" \/>\n<meta property=\"og:locale\" content=\"es_ES\" \/>\n<meta property=\"og:type\" content=\"article\" \/>\n<meta property=\"og:title\" content=\"Soft - Tap\u00ec Group\" \/>\n<meta property=\"og:description\" content=\"Soft es el tap\u00f3n dise\u00f1ado para los vinos de calidad blancos, rosados y tintos que tienen que taparse una vez abiertos. Est\u00e1 formado por un material sint\u00e9tico con buenas cualidades de elasticidad que facilitan taparlo a mano una vez abierto. Ofrece altas prestaciones de hermeticidad al CO2 y garantiza una barrera al O2 de las de mayor rendimiento en su categor\u00eda protegiendo el vino de la oxidaci\u00f3n. SOLICITA INFORMACI\u00d3N DESCARGA FICHA T\u00c9CNICA\" \/>\n<meta property=\"og:url\" content=\"https:\/\/tapigroup.com\/es\/production-caps\/vino-es\/soft\/\" \/>\n<meta property=\"og:site_name\" content=\"Tap\u00ec Group\" \/>\n<meta property=\"article:modified_time\" content=\"2023-10-10T12:59:27+00:00\" \/>\n<meta property=\"og:image\" content=\"https:\/\/tapigroup.com\/wp-content\/uploads\/2020\/06\/Soft_.jpg\" \/>\n\t<meta property=\"og:image:width\" content=\"1063\" \/>\n\t<meta property=\"og:image:height\" content=\"1651\" \/>\n\t<meta property=\"og:image:type\" content=\"image\/jpeg\" \/>\n<meta name=\"twitter:card\" content=\"summary_large_image\" \/>\n<meta name=\"twitter:label1\" content=\"Tiempo de lectura\" \/>\n\t<meta name=\"twitter:data1\" content=\"1 minuto\" \/>\n<script type=\"application\/ld+json\" class=\"yoast-schema-graph\">{\"@context\":\"https:\/\/schema.org\",\"@graph\":[{\"@type\":\"WebPage\",\"@id\":\"https:\/\/tapigroup.com\/es\/production-caps\/vino-es\/soft\/\",\"url\":\"https:\/\/tapigroup.com\/es\/production-caps\/vino-es\/soft\/\",\"name\":\"Soft - Tap\u00ec Group\",\"isPartOf\":{\"@id\":\"https:\/\/tapigroup.com\/es\/#website\"},\"primaryImageOfPage\":{\"@id\":\"https:\/\/tapigroup.com\/es\/production-caps\/vino-es\/soft\/#primaryimage\"},\"image\":{\"@id\":\"https:\/\/tapigroup.com\/es\/production-caps\/vino-es\/soft\/#primaryimage\"},\"thumbnailUrl\":\"https:\/\/tapigroup.com\/wp-content\/uploads\/2020\/06\/Soft_.jpg\",\"datePublished\":\"2020-01-24T14:37:46+00:00\",\"dateModified\":\"2023-10-10T12:59:27+00:00\",\"breadcrumb\":{\"@id\":\"https:\/\/tapigroup.com\/es\/production-caps\/vino-es\/soft\/#breadcrumb\"},\"inLanguage\":\"es\",\"potentialAction\":[{\"@type\":\"ReadAction\",\"target\":[\"https:\/\/tapigroup.com\/es\/production-caps\/vino-es\/soft\/\"]}]},{\"@type\":\"ImageObject\",\"inLanguage\":\"es\",\"@id\":\"https:\/\/tapigroup.com\/es\/production-caps\/vino-es\/soft\/#primaryimage\",\"url\":\"https:\/\/tapigroup.com\/wp-content\/uploads\/2020\/06\/Soft_.jpg\",\"contentUrl\":\"https:\/\/tapigroup.com\/wp-content\/uploads\/2020\/06\/Soft_.jpg\",\"width\":1063,\"height\":1651,\"caption\":\"Soft gourmet wine plastics\"},{\"@type\":\"BreadcrumbList\",\"@id\":\"https:\/\/tapigroup.com\/es\/production-caps\/vino-es\/soft\/#breadcrumb\",\"itemListElement\":[{\"@type\":\"ListItem\",\"position\":1,\"name\":\"Productos\",\"item\":\"https:\/\/tapigroup.com\/es\/shop\/\"},{\"@type\":\"ListItem\",\"position\":2,\"name\":\"Soft\"}]},{\"@type\":\"WebSite\",\"@id\":\"https:\/\/tapigroup.com\/es\/#website\",\"url\":\"https:\/\/tapigroup.com\/es\/\",\"name\":\"Tap\u00ec Group\",\"description\":\"Made to be Opened\",\"potentialAction\":[{\"@type\":\"SearchAction\",\"target\":{\"@type\":\"EntryPoint\",\"urlTemplate\":\"https:\/\/tapigroup.com\/es\/?s={search_term_string}\"},\"query-input\":{\"@type\":\"PropertyValueSpecification\",\"valueRequired\":true,\"valueName\":\"search_term_string\"}}],\"inLanguage\":\"es\"}]}<\/script>\n<!-- \/ Yoast SEO plugin. -->","yoast_head_json":{"title":"Soft - Tap\u00ec Group","robots":{"index":"index","follow":"follow","max-snippet":"max-snippet:-1","max-image-preview":"max-image-preview:large","max-video-preview":"max-video-preview:-1"},"canonical":"https:\/\/tapigroup.com\/es\/production-caps\/vino-es\/soft\/","og_locale":"es_ES","og_type":"article","og_title":"Soft - Tap\u00ec Group","og_description":"Soft es el tap\u00f3n dise\u00f1ado para los vinos de calidad blancos, rosados y tintos que tienen que taparse una vez abiertos. Est\u00e1 formado por un material sint\u00e9tico con buenas cualidades de elasticidad que facilitan taparlo a mano una vez abierto. Ofrece altas prestaciones de hermeticidad al CO2 y garantiza una barrera al O2 de las de mayor rendimiento en su categor\u00eda protegiendo el vino de la oxidaci\u00f3n. SOLICITA INFORMACI\u00d3N DESCARGA FICHA T\u00c9CNICA","og_url":"https:\/\/tapigroup.com\/es\/production-caps\/vino-es\/soft\/","og_site_name":"Tap\u00ec Group","article_modified_time":"2023-10-10T12:59:27+00:00","og_image":[{"width":1063,"height":1651,"url":"https:\/\/tapigroup.com\/wp-content\/uploads\/2020\/06\/Soft_.jpg","type":"image\/jpeg"}],"twitter_card":"summary_large_image","twitter_misc":{"Tiempo de lectura":"1 minuto"},"schema":{"@context":"https:\/\/schema.org","@graph":[{"@type":"WebPage","@id":"https:\/\/tapigroup.com\/es\/production-caps\/vino-es\/soft\/","url":"https:\/\/tapigroup.com\/es\/production-caps\/vino-es\/soft\/","name":"Soft - Tap\u00ec Group","isPartOf":{"@id":"https:\/\/tapigroup.com\/es\/#website"},"primaryImageOfPage":{"@id":"https:\/\/tapigroup.com\/es\/production-caps\/vino-es\/soft\/#primaryimage"},"image":{"@id":"https:\/\/tapigroup.com\/es\/production-caps\/vino-es\/soft\/#primaryimage"},"thumbnailUrl":"https:\/\/tapigroup.com\/wp-content\/uploads\/2020\/06\/Soft_.jpg","datePublished":"2020-01-24T14:37:46+00:00","dateModified":"2023-10-10T12:59:27+00:00","breadcrumb":{"@id":"https:\/\/tapigroup.com\/es\/production-caps\/vino-es\/soft\/#breadcrumb"},"inLanguage":"es","potentialAction":[{"@type":"ReadAction","target":["https:\/\/tapigroup.com\/es\/production-caps\/vino-es\/soft\/"]}]},{"@type":"ImageObject","inLanguage":"es","@id":"https:\/\/tapigroup.com\/es\/production-caps\/vino-es\/soft\/#primaryimage","url":"https:\/\/tapigroup.com\/wp-content\/uploads\/2020\/06\/Soft_.jpg","contentUrl":"https:\/\/tapigroup.com\/wp-content\/uploads\/2020\/06\/Soft_.jpg","width":1063,"height":1651,"caption":"Soft gourmet wine plastics"},{"@type":"BreadcrumbList","@id":"https:\/\/tapigroup.com\/es\/production-caps\/vino-es\/soft\/#breadcrumb","itemListElement":[{"@type":"ListItem","position":1,"name":"Productos","item":"https:\/\/tapigroup.com\/es\/shop\/"},{"@type":"ListItem","position":2,"name":"Soft"}]},{"@type":"WebSite","@id":"https:\/\/tapigroup.com\/es\/#website","url":"https:\/\/tapigroup.com\/es\/","name":"Tap\u00ec Group","description":"Made to be Opened","potentialAction":[{"@type":"SearchAction","target":{"@type":"EntryPoint","urlTemplate":"https:\/\/tapigroup.com\/es\/?s={search_term_string}"},"query-input":{"@type":"PropertyValueSpecification","valueRequired":true,"valueName":"search_term_string"}}],"inLanguage":"es"}]}},"_links":{"self":[{"href":"https:\/\/tapigroup.com\/es\/wp-json\/wp\/v2\/product\/12422","targetHints":{"allow":["GET"]}}],"collection":[{"href":"https:\/\/tapigroup.com\/es\/wp-json\/wp\/v2\/product"}],"about":[{"href":"https:\/\/tapigroup.com\/es\/wp-json\/wp\/v2\/types\/product"}],"version-history":[{"count":5,"href":"https:\/\/tapigroup.com\/es\/wp-json\/wp\/v2\/product\/12422\/revisions"}],"predecessor-version":[{"id":37908,"href":"https:\/\/tapigroup.com\/es\/wp-json\/wp\/v2\/product\/12422\/revisions\/37908"}],"wp:featuredmedia":[{"embeddable":true,"href":"https:\/\/tapigroup.com\/es\/wp-json\/wp\/v2\/media\/27821"}],"wp:attachment":[{"href":"https:\/\/tapigroup.com\/es\/wp-json\/wp\/v2\/media?parent=12422"}],"wp:term":[{"taxonomy":"product_brand","embeddable":true,"href":"https:\/\/tapigroup.com\/es\/wp-json\/wp\/v2\/product_brand?post=12422"},{"taxonomy":"product_cat","embeddable":true,"href":"https:\/\/tapigroup.com\/es\/wp-json\/wp\/v2\/product_cat?post=12422"},{"taxonomy":"product_tag","embeddable":true,"href":"https:\/\/tapigroup.com\/es\/wp-json\/wp\/v2\/product_tag?post=12422"}],"curies":[{"name":"wp","href":"https:\/\/api.w.org\/{rel}","templated":true}]}}