{"id":12391,"date":"2020-01-24T15:41:57","date_gmt":"2020-01-24T14:41:57","guid":{"rendered":"http:\/\/tapigroup.com\/production-caps\/sin%20categor\u00eda\/pop-lite\/"},"modified":"2023-10-10T14:57:37","modified_gmt":"2023-10-10T12:57:37","slug":"pop-lite","status":"publish","type":"product","link":"https:\/\/tapigroup.com\/es\/production-caps\/vino-es\/pop-lite\/","title":{"rendered":"Pop Lite"},"content":{"rendered":"\t\t<div data-elementor-type=\"wp-post\" data-elementor-id=\"12391\" class=\"elementor elementor-12391 elementor-1171\" data-elementor-post-type=\"product\">\n\t\t\t\t\t\t<section class=\"elementor-section elementor-top-section elementor-element elementor-element-b787099 elementor-section-boxed elementor-section-height-default elementor-section-height-default\" data-id=\"b787099\" data-element_type=\"section\" data-e-type=\"section\">\n\t\t\t\t\t\t<div class=\"elementor-container elementor-column-gap-default\">\n\t\t\t\t\t<div class=\"elementor-column elementor-col-50 elementor-top-column elementor-element elementor-element-2354cd6\" data-id=\"2354cd6\" data-element_type=\"column\" data-e-type=\"column\">\n\t\t\t<div class=\"elementor-widget-wrap elementor-element-populated\">\n\t\t\t\t\t\t<div class=\"elementor-element elementor-element-86c7662 elementor-widget elementor-widget-heading\" data-id=\"86c7662\" data-element_type=\"widget\" data-e-type=\"widget\" data-widget_type=\"heading.default\">\n\t\t\t\t<div class=\"elementor-widget-container\">\n\t\t\t\t\t<h3 class=\"elementor-heading-title elementor-size-default\">PERSONALIZZAZIONI<\/h3>\t\t\t\t<\/div>\n\t\t\t\t<\/div>\n\t\t\t\t\t<\/div>\n\t\t<\/div>\n\t\t\t\t<div class=\"elementor-column elementor-col-50 elementor-top-column elementor-element elementor-element-216ddc3\" data-id=\"216ddc3\" data-element_type=\"column\" data-e-type=\"column\">\n\t\t\t<div class=\"elementor-widget-wrap\">\n\t\t\t\t\t\t\t<\/div>\n\t\t<\/div>\n\t\t\t\t\t<\/div>\n\t\t<\/section>\n\t\t\t\t<\/div>\n\t\t","protected":false},"excerpt":{"rendered":"<div><span>Pop Lite es el tap\u00f3n ideal para el acondicionamiento de los vinos tranquilos, tanto blancos como tintos. Est\u00e1 formado por un material sint\u00e9tico de \u00faltima generaci\u00f3n que, gracias al amplio radio de curvatura de las bases y a su elasticidad, hace que sea f\u00e1cil de adoptar en botellas de cuello muy ancho o que se someten a condiciones de almacenamiento y transporte cr\u00edticas. Se caracteriza por una excelente hermeticidad de la presi\u00f3n interna y por un elevada neutralidad organol\u00e9ptica para proteger la estructura arom\u00e1tica del vino.<\/span><\/div>\n<div class=\"info-btn request-info\"><a class=\"open-contact-modal\" role=\"button\"><span>SOLICITA INFORMACI\u00d3N<\/span><\/a><\/div>\n<div class=\"info-btn download\"><a href=\"https:\/\/tapigroup.com\/wp-content\/uploads\/2020\/05\/scheda-tecnica-pop-lite.pdf\" role=\"button\"><span>DESCARGA FICHA T\u00c9CNICA<\/span><\/a><\/div>\n","protected":false},"featured_media":27867,"template":"","meta":[],"product_brand":[],"product_cat":[155],"product_tag":[175,157,183],"class_list":{"0":"post-12391","1":"product","2":"type-product","3":"status-publish","4":"has-post-thumbnail","6":"product_cat-vino-es","7":"product_tag-collection-es","8":"product_tag-plastico-es","9":"product_tag-tapon-vino-es","11":"first","12":"instock","13":"shipping-taxable","14":"product-type-simple"},"yoast_head":"<!-- This site is optimized with the Yoast SEO plugin v27.2 - https:\/\/yoast.com\/product\/yoast-seo-wordpress\/ -->\n<title>Pop Lite - Tap\u00ec Group<\/title>\n<meta name=\"robots\" content=\"index, follow, max-snippet:-1, max-image-preview:large, max-video-preview:-1\" \/>\n<link rel=\"canonical\" href=\"https:\/\/tapigroup.com\/es\/production-caps\/vino-es\/pop-lite\/\" \/>\n<meta property=\"og:locale\" content=\"es_ES\" \/>\n<meta property=\"og:type\" content=\"article\" \/>\n<meta property=\"og:title\" content=\"Pop Lite - Tap\u00ec Group\" \/>\n<meta property=\"og:description\" content=\"Pop Lite es el tap\u00f3n ideal para el acondicionamiento de los vinos tranquilos, tanto blancos como tintos. Est\u00e1 formado por un material sint\u00e9tico de \u00faltima generaci\u00f3n que, gracias al amplio radio de curvatura de las bases y a su elasticidad, hace que sea f\u00e1cil de adoptar en botellas de cuello muy ancho o que se someten a condiciones de almacenamiento y transporte cr\u00edticas. Se caracteriza por una excelente hermeticidad de la presi\u00f3n interna y por un elevada neutralidad organol\u00e9ptica para proteger la estructura arom\u00e1tica del vino. SOLICITA INFORMACI\u00d3N DESCARGA FICHA T\u00c9CNICA\" \/>\n<meta property=\"og:url\" content=\"https:\/\/tapigroup.com\/es\/production-caps\/vino-es\/pop-lite\/\" \/>\n<meta property=\"og:site_name\" content=\"Tap\u00ec Group\" \/>\n<meta property=\"article:modified_time\" content=\"2023-10-10T12:57:37+00:00\" \/>\n<meta property=\"og:image\" content=\"https:\/\/tapigroup.com\/wp-content\/uploads\/2020\/01\/Pop-lite.jpg\" \/>\n\t<meta property=\"og:image:width\" content=\"1063\" \/>\n\t<meta property=\"og:image:height\" content=\"1651\" \/>\n\t<meta property=\"og:image:type\" content=\"image\/jpeg\" \/>\n<meta name=\"twitter:card\" content=\"summary_large_image\" \/>\n<meta name=\"twitter:label1\" content=\"Tiempo de lectura\" \/>\n\t<meta name=\"twitter:data1\" content=\"1 minuto\" \/>\n<script type=\"application\/ld+json\" class=\"yoast-schema-graph\">{\"@context\":\"https:\/\/schema.org\",\"@graph\":[{\"@type\":\"WebPage\",\"@id\":\"https:\/\/tapigroup.com\/es\/production-caps\/vino-es\/pop-lite\/\",\"url\":\"https:\/\/tapigroup.com\/es\/production-caps\/vino-es\/pop-lite\/\",\"name\":\"Pop Lite - Tap\u00ec Group\",\"isPartOf\":{\"@id\":\"https:\/\/tapigroup.com\/es\/#website\"},\"primaryImageOfPage\":{\"@id\":\"https:\/\/tapigroup.com\/es\/production-caps\/vino-es\/pop-lite\/#primaryimage\"},\"image\":{\"@id\":\"https:\/\/tapigroup.com\/es\/production-caps\/vino-es\/pop-lite\/#primaryimage\"},\"thumbnailUrl\":\"https:\/\/tapigroup.com\/wp-content\/uploads\/2020\/01\/Pop-lite.jpg\",\"datePublished\":\"2020-01-24T14:41:57+00:00\",\"dateModified\":\"2023-10-10T12:57:37+00:00\",\"breadcrumb\":{\"@id\":\"https:\/\/tapigroup.com\/es\/production-caps\/vino-es\/pop-lite\/#breadcrumb\"},\"inLanguage\":\"es\",\"potentialAction\":[{\"@type\":\"ReadAction\",\"target\":[\"https:\/\/tapigroup.com\/es\/production-caps\/vino-es\/pop-lite\/\"]}]},{\"@type\":\"ImageObject\",\"inLanguage\":\"es\",\"@id\":\"https:\/\/tapigroup.com\/es\/production-caps\/vino-es\/pop-lite\/#primaryimage\",\"url\":\"https:\/\/tapigroup.com\/wp-content\/uploads\/2020\/01\/Pop-lite.jpg\",\"contentUrl\":\"https:\/\/tapigroup.com\/wp-content\/uploads\/2020\/01\/Pop-lite.jpg\",\"width\":1063,\"height\":1651,\"caption\":\"Pop lite gourmet wine plastics\"},{\"@type\":\"BreadcrumbList\",\"@id\":\"https:\/\/tapigroup.com\/es\/production-caps\/vino-es\/pop-lite\/#breadcrumb\",\"itemListElement\":[{\"@type\":\"ListItem\",\"position\":1,\"name\":\"Productos\",\"item\":\"https:\/\/tapigroup.com\/es\/shop\/\"},{\"@type\":\"ListItem\",\"position\":2,\"name\":\"Pop Lite\"}]},{\"@type\":\"WebSite\",\"@id\":\"https:\/\/tapigroup.com\/es\/#website\",\"url\":\"https:\/\/tapigroup.com\/es\/\",\"name\":\"Tap\u00ec Group\",\"description\":\"Made to be Opened\",\"potentialAction\":[{\"@type\":\"SearchAction\",\"target\":{\"@type\":\"EntryPoint\",\"urlTemplate\":\"https:\/\/tapigroup.com\/es\/?s={search_term_string}\"},\"query-input\":{\"@type\":\"PropertyValueSpecification\",\"valueRequired\":true,\"valueName\":\"search_term_string\"}}],\"inLanguage\":\"es\"}]}<\/script>\n<!-- \/ Yoast SEO plugin. -->","yoast_head_json":{"title":"Pop Lite - Tap\u00ec Group","robots":{"index":"index","follow":"follow","max-snippet":"max-snippet:-1","max-image-preview":"max-image-preview:large","max-video-preview":"max-video-preview:-1"},"canonical":"https:\/\/tapigroup.com\/es\/production-caps\/vino-es\/pop-lite\/","og_locale":"es_ES","og_type":"article","og_title":"Pop Lite - Tap\u00ec Group","og_description":"Pop Lite es el tap\u00f3n ideal para el acondicionamiento de los vinos tranquilos, tanto blancos como tintos. Est\u00e1 formado por un material sint\u00e9tico de \u00faltima generaci\u00f3n que, gracias al amplio radio de curvatura de las bases y a su elasticidad, hace que sea f\u00e1cil de adoptar en botellas de cuello muy ancho o que se someten a condiciones de almacenamiento y transporte cr\u00edticas. Se caracteriza por una excelente hermeticidad de la presi\u00f3n interna y por un elevada neutralidad organol\u00e9ptica para proteger la estructura arom\u00e1tica del vino. SOLICITA INFORMACI\u00d3N DESCARGA FICHA T\u00c9CNICA","og_url":"https:\/\/tapigroup.com\/es\/production-caps\/vino-es\/pop-lite\/","og_site_name":"Tap\u00ec Group","article_modified_time":"2023-10-10T12:57:37+00:00","og_image":[{"width":1063,"height":1651,"url":"https:\/\/tapigroup.com\/wp-content\/uploads\/2020\/01\/Pop-lite.jpg","type":"image\/jpeg"}],"twitter_card":"summary_large_image","twitter_misc":{"Tiempo de lectura":"1 minuto"},"schema":{"@context":"https:\/\/schema.org","@graph":[{"@type":"WebPage","@id":"https:\/\/tapigroup.com\/es\/production-caps\/vino-es\/pop-lite\/","url":"https:\/\/tapigroup.com\/es\/production-caps\/vino-es\/pop-lite\/","name":"Pop Lite - Tap\u00ec Group","isPartOf":{"@id":"https:\/\/tapigroup.com\/es\/#website"},"primaryImageOfPage":{"@id":"https:\/\/tapigroup.com\/es\/production-caps\/vino-es\/pop-lite\/#primaryimage"},"image":{"@id":"https:\/\/tapigroup.com\/es\/production-caps\/vino-es\/pop-lite\/#primaryimage"},"thumbnailUrl":"https:\/\/tapigroup.com\/wp-content\/uploads\/2020\/01\/Pop-lite.jpg","datePublished":"2020-01-24T14:41:57+00:00","dateModified":"2023-10-10T12:57:37+00:00","breadcrumb":{"@id":"https:\/\/tapigroup.com\/es\/production-caps\/vino-es\/pop-lite\/#breadcrumb"},"inLanguage":"es","potentialAction":[{"@type":"ReadAction","target":["https:\/\/tapigroup.com\/es\/production-caps\/vino-es\/pop-lite\/"]}]},{"@type":"ImageObject","inLanguage":"es","@id":"https:\/\/tapigroup.com\/es\/production-caps\/vino-es\/pop-lite\/#primaryimage","url":"https:\/\/tapigroup.com\/wp-content\/uploads\/2020\/01\/Pop-lite.jpg","contentUrl":"https:\/\/tapigroup.com\/wp-content\/uploads\/2020\/01\/Pop-lite.jpg","width":1063,"height":1651,"caption":"Pop lite gourmet wine plastics"},{"@type":"BreadcrumbList","@id":"https:\/\/tapigroup.com\/es\/production-caps\/vino-es\/pop-lite\/#breadcrumb","itemListElement":[{"@type":"ListItem","position":1,"name":"Productos","item":"https:\/\/tapigroup.com\/es\/shop\/"},{"@type":"ListItem","position":2,"name":"Pop Lite"}]},{"@type":"WebSite","@id":"https:\/\/tapigroup.com\/es\/#website","url":"https:\/\/tapigroup.com\/es\/","name":"Tap\u00ec Group","description":"Made to be Opened","potentialAction":[{"@type":"SearchAction","target":{"@type":"EntryPoint","urlTemplate":"https:\/\/tapigroup.com\/es\/?s={search_term_string}"},"query-input":{"@type":"PropertyValueSpecification","valueRequired":true,"valueName":"search_term_string"}}],"inLanguage":"es"}]}},"_links":{"self":[{"href":"https:\/\/tapigroup.com\/es\/wp-json\/wp\/v2\/product\/12391","targetHints":{"allow":["GET"]}}],"collection":[{"href":"https:\/\/tapigroup.com\/es\/wp-json\/wp\/v2\/product"}],"about":[{"href":"https:\/\/tapigroup.com\/es\/wp-json\/wp\/v2\/types\/product"}],"version-history":[{"count":4,"href":"https:\/\/tapigroup.com\/es\/wp-json\/wp\/v2\/product\/12391\/revisions"}],"predecessor-version":[{"id":37907,"href":"https:\/\/tapigroup.com\/es\/wp-json\/wp\/v2\/product\/12391\/revisions\/37907"}],"wp:featuredmedia":[{"embeddable":true,"href":"https:\/\/tapigroup.com\/es\/wp-json\/wp\/v2\/media\/27867"}],"wp:attachment":[{"href":"https:\/\/tapigroup.com\/es\/wp-json\/wp\/v2\/media?parent=12391"}],"wp:term":[{"taxonomy":"product_brand","embeddable":true,"href":"https:\/\/tapigroup.com\/es\/wp-json\/wp\/v2\/product_brand?post=12391"},{"taxonomy":"product_cat","embeddable":true,"href":"https:\/\/tapigroup.com\/es\/wp-json\/wp\/v2\/product_cat?post=12391"},{"taxonomy":"product_tag","embeddable":true,"href":"https:\/\/tapigroup.com\/es\/wp-json\/wp\/v2\/product_tag?post=12391"}],"curies":[{"name":"wp","href":"https:\/\/api.w.org\/{rel}","templated":true}]}}