{"id":12265,"date":"2020-08-26T15:46:01","date_gmt":"2020-08-26T13:46:01","guid":{"rendered":"http:\/\/tapigroup.com\/production-caps\/sin%20categor\u00eda\/devin\/"},"modified":"2022-11-08T12:42:33","modified_gmt":"2022-11-08T11:42:33","slug":"devin","status":"publish","type":"product","link":"https:\/\/tapigroup.com\/es\/production-caps\/vino-es\/devin\/","title":{"rendered":"Devin"},"content":{"rendered":"","protected":false},"excerpt":{"rendered":"<div style=\"margin-bottom: 20px;\"><\/div>\n<div><img decoding=\"async\" style=\"max-width: 250px; margin: 12px 0px 0px 0px;\" src=\"https:\/\/tapigroup.com\/wp-content\/uploads\/2020\/09\/250-b.png\" \/><\/div>\n<div><\/div>\n<div><span>Devin es un tap\u00f3n innovador que se consigue respetando plenamente el medio ambiente. Para realizarlo se utilizan pol\u00edmeros de tipo vegetal y orujo de uva. La \u00faltima es precisamente la que le da al tap\u00f3n un particular color natural, un aspecto que hace que sea aut\u00e9ntico e inconfundible. Devin carece de colorantes artificiales y tiene una reducida huella de carbono.<\/span><\/div>\n<p>&nbsp;<\/p>\n<div class=\"info-btn request-info\"><a class=\"open-contact-modal\" role=\"button\"><span>SOLICITA INFORMACI\u00d3N<\/span><\/a><\/div>\n<div class=\"info-btn discover\"><a href=\"https:\/\/tapigroup.com\/devin\/es\/\" target=\"_blank\" role=\"button\" rel=\"noopener noreferrer\"><span>DESCUBRE Devin<\/span><\/a><\/div>\n","protected":false},"featured_media":9382,"template":"","meta":[],"product_brand":[],"product_cat":[155],"product_tag":[175,195,231,183],"class_list":{"0":"post-12265","1":"product","2":"type-product","3":"status-publish","4":"has-post-thumbnail","6":"product_cat-vino-es","7":"product_tag-collection-es","8":"product_tag-low-environmental-impact-es","9":"product_tag-tapon-cilindrica","10":"product_tag-tapon-vino-es","12":"first","13":"instock","14":"shipping-taxable","15":"product-type-simple"},"yoast_head":"<!-- This site is optimized with the Yoast SEO plugin v27.2 - https:\/\/yoast.com\/product\/yoast-seo-wordpress\/ -->\n<title>Devin - Tap\u00ec Group<\/title>\n<meta name=\"robots\" content=\"index, follow, max-snippet:-1, max-image-preview:large, max-video-preview:-1\" \/>\n<link rel=\"canonical\" href=\"https:\/\/tapigroup.com\/es\/production-caps\/vino-es\/devin\/\" \/>\n<meta property=\"og:locale\" content=\"es_ES\" \/>\n<meta property=\"og:type\" content=\"article\" \/>\n<meta property=\"og:title\" content=\"Devin - Tap\u00ec Group\" \/>\n<meta property=\"og:description\" content=\"Devin es un tap\u00f3n innovador que se consigue respetando plenamente el medio ambiente. Para realizarlo se utilizan pol\u00edmeros de tipo vegetal y orujo de uva. La \u00faltima es precisamente la que le da al tap\u00f3n un particular color natural, un aspecto que hace que sea aut\u00e9ntico e inconfundible. Devin carece de colorantes artificiales y tiene una reducida huella de carbono. &nbsp; SOLICITA INFORMACI\u00d3N DESCUBRE Devin\" \/>\n<meta property=\"og:url\" content=\"https:\/\/tapigroup.com\/es\/production-caps\/vino-es\/devin\/\" \/>\n<meta property=\"og:site_name\" content=\"Tap\u00ec Group\" \/>\n<meta property=\"article:modified_time\" content=\"2022-11-08T11:42:33+00:00\" \/>\n<meta property=\"og:image\" content=\"https:\/\/tapigroup.com\/wp-content\/uploads\/2020\/08\/Devin-eroe-urgente_9529-fondo-salmone-1.jpg\" \/>\n\t<meta property=\"og:image:width\" content=\"1920\" \/>\n\t<meta property=\"og:image:height\" content=\"1280\" \/>\n\t<meta property=\"og:image:type\" content=\"image\/jpeg\" \/>\n<meta name=\"twitter:card\" content=\"summary_large_image\" \/>\n<script type=\"application\/ld+json\" class=\"yoast-schema-graph\">{\"@context\":\"https:\/\/schema.org\",\"@graph\":[{\"@type\":\"WebPage\",\"@id\":\"https:\/\/tapigroup.com\/es\/production-caps\/vino-es\/devin\/\",\"url\":\"https:\/\/tapigroup.com\/es\/production-caps\/vino-es\/devin\/\",\"name\":\"Devin - Tap\u00ec Group\",\"isPartOf\":{\"@id\":\"https:\/\/tapigroup.com\/es\/#website\"},\"primaryImageOfPage\":{\"@id\":\"https:\/\/tapigroup.com\/es\/production-caps\/vino-es\/devin\/#primaryimage\"},\"image\":{\"@id\":\"https:\/\/tapigroup.com\/es\/production-caps\/vino-es\/devin\/#primaryimage\"},\"thumbnailUrl\":\"https:\/\/tapigroup.com\/wp-content\/uploads\/2020\/08\/Devin-eroe-urgente_9529-fondo-salmone-1.jpg\",\"datePublished\":\"2020-08-26T13:46:01+00:00\",\"dateModified\":\"2022-11-08T11:42:33+00:00\",\"breadcrumb\":{\"@id\":\"https:\/\/tapigroup.com\/es\/production-caps\/vino-es\/devin\/#breadcrumb\"},\"inLanguage\":\"es\",\"potentialAction\":[{\"@type\":\"ReadAction\",\"target\":[\"https:\/\/tapigroup.com\/es\/production-caps\/vino-es\/devin\/\"]}]},{\"@type\":\"ImageObject\",\"inLanguage\":\"es\",\"@id\":\"https:\/\/tapigroup.com\/es\/production-caps\/vino-es\/devin\/#primaryimage\",\"url\":\"https:\/\/tapigroup.com\/wp-content\/uploads\/2020\/08\/Devin-eroe-urgente_9529-fondo-salmone-1.jpg\",\"contentUrl\":\"https:\/\/tapigroup.com\/wp-content\/uploads\/2020\/08\/Devin-eroe-urgente_9529-fondo-salmone-1.jpg\",\"width\":1920,\"height\":1280,\"caption\":\"Collection-Tap\u00f3n Vino-Tap\u00f3n Cil\u00edndrica\"},{\"@type\":\"BreadcrumbList\",\"@id\":\"https:\/\/tapigroup.com\/es\/production-caps\/vino-es\/devin\/#breadcrumb\",\"itemListElement\":[{\"@type\":\"ListItem\",\"position\":1,\"name\":\"Productos\",\"item\":\"https:\/\/tapigroup.com\/es\/shop\/\"},{\"@type\":\"ListItem\",\"position\":2,\"name\":\"Devin\"}]},{\"@type\":\"WebSite\",\"@id\":\"https:\/\/tapigroup.com\/es\/#website\",\"url\":\"https:\/\/tapigroup.com\/es\/\",\"name\":\"Tap\u00ec Group\",\"description\":\"Made to be Opened\",\"potentialAction\":[{\"@type\":\"SearchAction\",\"target\":{\"@type\":\"EntryPoint\",\"urlTemplate\":\"https:\/\/tapigroup.com\/es\/?s={search_term_string}\"},\"query-input\":{\"@type\":\"PropertyValueSpecification\",\"valueRequired\":true,\"valueName\":\"search_term_string\"}}],\"inLanguage\":\"es\"}]}<\/script>\n<!-- \/ Yoast SEO plugin. -->","yoast_head_json":{"title":"Devin - Tap\u00ec Group","robots":{"index":"index","follow":"follow","max-snippet":"max-snippet:-1","max-image-preview":"max-image-preview:large","max-video-preview":"max-video-preview:-1"},"canonical":"https:\/\/tapigroup.com\/es\/production-caps\/vino-es\/devin\/","og_locale":"es_ES","og_type":"article","og_title":"Devin - Tap\u00ec Group","og_description":"Devin es un tap\u00f3n innovador que se consigue respetando plenamente el medio ambiente. Para realizarlo se utilizan pol\u00edmeros de tipo vegetal y orujo de uva. La \u00faltima es precisamente la que le da al tap\u00f3n un particular color natural, un aspecto que hace que sea aut\u00e9ntico e inconfundible. Devin carece de colorantes artificiales y tiene una reducida huella de carbono. &nbsp; SOLICITA INFORMACI\u00d3N DESCUBRE Devin","og_url":"https:\/\/tapigroup.com\/es\/production-caps\/vino-es\/devin\/","og_site_name":"Tap\u00ec Group","article_modified_time":"2022-11-08T11:42:33+00:00","og_image":[{"width":1920,"height":1280,"url":"https:\/\/tapigroup.com\/wp-content\/uploads\/2020\/08\/Devin-eroe-urgente_9529-fondo-salmone-1.jpg","type":"image\/jpeg"}],"twitter_card":"summary_large_image","schema":{"@context":"https:\/\/schema.org","@graph":[{"@type":"WebPage","@id":"https:\/\/tapigroup.com\/es\/production-caps\/vino-es\/devin\/","url":"https:\/\/tapigroup.com\/es\/production-caps\/vino-es\/devin\/","name":"Devin - Tap\u00ec Group","isPartOf":{"@id":"https:\/\/tapigroup.com\/es\/#website"},"primaryImageOfPage":{"@id":"https:\/\/tapigroup.com\/es\/production-caps\/vino-es\/devin\/#primaryimage"},"image":{"@id":"https:\/\/tapigroup.com\/es\/production-caps\/vino-es\/devin\/#primaryimage"},"thumbnailUrl":"https:\/\/tapigroup.com\/wp-content\/uploads\/2020\/08\/Devin-eroe-urgente_9529-fondo-salmone-1.jpg","datePublished":"2020-08-26T13:46:01+00:00","dateModified":"2022-11-08T11:42:33+00:00","breadcrumb":{"@id":"https:\/\/tapigroup.com\/es\/production-caps\/vino-es\/devin\/#breadcrumb"},"inLanguage":"es","potentialAction":[{"@type":"ReadAction","target":["https:\/\/tapigroup.com\/es\/production-caps\/vino-es\/devin\/"]}]},{"@type":"ImageObject","inLanguage":"es","@id":"https:\/\/tapigroup.com\/es\/production-caps\/vino-es\/devin\/#primaryimage","url":"https:\/\/tapigroup.com\/wp-content\/uploads\/2020\/08\/Devin-eroe-urgente_9529-fondo-salmone-1.jpg","contentUrl":"https:\/\/tapigroup.com\/wp-content\/uploads\/2020\/08\/Devin-eroe-urgente_9529-fondo-salmone-1.jpg","width":1920,"height":1280,"caption":"Collection-Tap\u00f3n Vino-Tap\u00f3n Cil\u00edndrica"},{"@type":"BreadcrumbList","@id":"https:\/\/tapigroup.com\/es\/production-caps\/vino-es\/devin\/#breadcrumb","itemListElement":[{"@type":"ListItem","position":1,"name":"Productos","item":"https:\/\/tapigroup.com\/es\/shop\/"},{"@type":"ListItem","position":2,"name":"Devin"}]},{"@type":"WebSite","@id":"https:\/\/tapigroup.com\/es\/#website","url":"https:\/\/tapigroup.com\/es\/","name":"Tap\u00ec Group","description":"Made to be Opened","potentialAction":[{"@type":"SearchAction","target":{"@type":"EntryPoint","urlTemplate":"https:\/\/tapigroup.com\/es\/?s={search_term_string}"},"query-input":{"@type":"PropertyValueSpecification","valueRequired":true,"valueName":"search_term_string"}}],"inLanguage":"es"}]}},"_links":{"self":[{"href":"https:\/\/tapigroup.com\/es\/wp-json\/wp\/v2\/product\/12265","targetHints":{"allow":["GET"]}}],"collection":[{"href":"https:\/\/tapigroup.com\/es\/wp-json\/wp\/v2\/product"}],"about":[{"href":"https:\/\/tapigroup.com\/es\/wp-json\/wp\/v2\/types\/product"}],"version-history":[{"count":6,"href":"https:\/\/tapigroup.com\/es\/wp-json\/wp\/v2\/product\/12265\/revisions"}],"predecessor-version":[{"id":26071,"href":"https:\/\/tapigroup.com\/es\/wp-json\/wp\/v2\/product\/12265\/revisions\/26071"}],"wp:featuredmedia":[{"embeddable":true,"href":"https:\/\/tapigroup.com\/es\/wp-json\/wp\/v2\/media\/9382"}],"wp:attachment":[{"href":"https:\/\/tapigroup.com\/es\/wp-json\/wp\/v2\/media?parent=12265"}],"wp:term":[{"taxonomy":"product_brand","embeddable":true,"href":"https:\/\/tapigroup.com\/es\/wp-json\/wp\/v2\/product_brand?post=12265"},{"taxonomy":"product_cat","embeddable":true,"href":"https:\/\/tapigroup.com\/es\/wp-json\/wp\/v2\/product_cat?post=12265"},{"taxonomy":"product_tag","embeddable":true,"href":"https:\/\/tapigroup.com\/es\/wp-json\/wp\/v2\/product_tag?post=12265"}],"curies":[{"name":"wp","href":"https:\/\/api.w.org\/{rel}","templated":true}]}}