{"id":39065,"date":"2023-11-27T15:56:27","date_gmt":"2023-11-27T14:56:27","guid":{"rendered":"https:\/\/tapigroup.com\/?page_id=39065"},"modified":"2023-12-01T10:02:37","modified_gmt":"2023-12-01T09:02:37","slug":"plastico-transparente","status":"publish","type":"page","link":"https:\/\/tapigroup.com\/es\/productos\/plastico-transparente\/","title":{"rendered":"PLASTICO-TRANSPARENTE"},"content":{"rendered":"\t\t<div data-elementor-type=\"wp-page\" data-elementor-id=\"39065\" class=\"elementor elementor-39065 elementor-39046\" data-elementor-post-type=\"page\">\n\t\t\t\t\t\t<section class=\"elementor-section elementor-top-section elementor-element elementor-element-37290d4 elementor-section-height-min-height elementor-section-boxed elementor-section-height-default elementor-section-items-middle\" data-id=\"37290d4\" data-element_type=\"section\" data-e-type=\"section\" data-settings=\"{&quot;background_background&quot;:&quot;classic&quot;}\">\n\t\t\t\t\t\t<div class=\"elementor-container elementor-column-gap-default\">\n\t\t\t\t\t<div class=\"elementor-column elementor-col-100 elementor-top-column elementor-element elementor-element-5731f50\" data-id=\"5731f50\" data-element_type=\"column\" data-e-type=\"column\">\n\t\t\t<div class=\"elementor-widget-wrap elementor-element-populated\">\n\t\t\t\t\t\t<div class=\"elementor-element elementor-element-c1761d4 elementor-widget elementor-widget-heading\" data-id=\"c1761d4\" data-element_type=\"widget\" data-e-type=\"widget\" data-widget_type=\"heading.default\">\n\t\t\t\t<div class=\"elementor-widget-container\">\n\t\t\t\t\t<h2 class=\"elementor-heading-title elementor-size-default\">PL\u00c1STICO TRANSPARENTE<\/h2>\t\t\t\t<\/div>\n\t\t\t\t<\/div>\n\t\t\t\t\t<\/div>\n\t\t<\/div>\n\t\t\t\t\t<\/div>\n\t\t<\/section>\n\t\t\t\t<section class=\"elementor-section elementor-top-section elementor-element elementor-element-a638e36 elementor-section-boxed elementor-section-height-default elementor-section-height-default\" data-id=\"a638e36\" data-element_type=\"section\" data-e-type=\"section\">\n\t\t\t\t\t\t<div class=\"elementor-container elementor-column-gap-default\">\n\t\t\t\t\t<div class=\"elementor-column elementor-col-33 elementor-top-column elementor-element elementor-element-4688069\" data-id=\"4688069\" data-element_type=\"column\" data-e-type=\"column\">\n\t\t\t<div class=\"elementor-widget-wrap elementor-element-populated\">\n\t\t\t\t\t\t<div class=\"elementor-element elementor-element-b3eb196 elementor-hidden-tablet elementor-hidden-mobile elementor-widget elementor-widget-heading\" data-id=\"b3eb196\" data-element_type=\"widget\" data-e-type=\"widget\" data-widget_type=\"heading.default\">\n\t\t\t\t<div class=\"elementor-widget-container\">\n\t\t\t\t\t<h5 class=\"elementor-heading-title elementor-size-default\">WORLDS<\/h5>\t\t\t\t<\/div>\n\t\t\t\t<\/div>\n\t\t\t\t<div class=\"elementor-element elementor-element-1b94862 elementor-hidden-tablet elementor-hidden-mobile elementor-widget elementor-widget-text-editor\" data-id=\"1b94862\" data-element_type=\"widget\" data-e-type=\"widget\" data-widget_type=\"text-editor.default\">\n\t\t\t\t<div class=\"elementor-widget-container\">\n\t\t\t\t\t\t\t\t\t<ul style=\"color: #fff;\">\n \t<li><a style=\"color: #fff;\" href=\"https:\/\/tapigroup.com\/es\/productos\/status\/\">Status<\/a><\/li>\n \t<li><a style=\"color: #fff;\" href=\"https:\/\/tapigroup.com\/es\/productos\/planet\/\">Planet<\/a><\/li>\n \t<li><a style=\"color: #fff;\" href=\"https:\/\/tapigroup.com\/es\/productos\/style\/\">Style<\/a><\/li>\n \t<li><a style=\"color: #fff;\" href=\"https:\/\/tapigroup.com\/es\/productos\/gourmet\/\">Gourmet<\/a><\/li>\n \t<li><a style=\"color: #fff;\" href=\"https:\/\/tapigroup.com\/es\/productos\/craft\/\">Craft<\/a><\/li>\n<\/ul>\t\t\t\t\t\t\t\t<\/div>\n\t\t\t\t<\/div>\n\t\t\t\t<div class=\"elementor-element elementor-element-97db4c7 elementor-hidden-tablet elementor-hidden-mobile elementor-widget elementor-widget-heading\" data-id=\"97db4c7\" data-element_type=\"widget\" data-e-type=\"widget\" data-widget_type=\"heading.default\">\n\t\t\t\t<div class=\"elementor-widget-container\">\n\t\t\t\t\t<h5 class=\"elementor-heading-title elementor-size-default\">INDUSTRY<\/h5>\t\t\t\t<\/div>\n\t\t\t\t<\/div>\n\t\t\t\t<div class=\"elementor-element elementor-element-4a893b4 elementor-hidden-tablet elementor-hidden-mobile elementor-widget elementor-widget-text-editor\" data-id=\"4a893b4\" data-element_type=\"widget\" data-e-type=\"widget\" data-widget_type=\"text-editor.default\">\n\t\t\t\t<div class=\"elementor-widget-container\">\n\t\t\t\t\t\t\t\t\t<ul style=\"color: #fff;\">\n \t<li><a style=\"color: #fff;\" href=\"https:\/\/tapigroup.com\/es\/productos\/destilados\/\">Destilados<\/a><\/li>\n \t<li><a style=\"color: #fff;\" href=\"https:\/\/tapigroup.com\/es\/productos\/condimentos\/\">Condimento<\/a><\/li>\n \t<li><a style=\"color: #fff;\" href=\"https:\/\/tapigroup.com\/es\/productos\/cerveza\/\">Cerveza<\/a><\/li>\n \t<li><a style=\"color: #fff;\" href=\"https:\/\/tapigroup.com\/es\/productos\/cosmetica\/\">Cosm\u00e9tica<\/a><\/li>\n \t<li><a style=\"color: #fff;\" href=\"https:\/\/tapigroup.com\/es\/productos\/vino\/\">Vino<\/a><\/li>\n<\/ul>\t\t\t\t\t\t\t\t<\/div>\n\t\t\t\t<\/div>\n\t\t\t\t<div class=\"elementor-element elementor-element-f93a6b5 elementor-hidden-tablet elementor-hidden-mobile elementor-widget elementor-widget-heading\" data-id=\"f93a6b5\" data-element_type=\"widget\" data-e-type=\"widget\" data-widget_type=\"heading.default\">\n\t\t\t\t<div class=\"elementor-widget-container\">\n\t\t\t\t\t<h5 class=\"elementor-heading-title elementor-size-default\">MATERIALES<\/h5>\t\t\t\t<\/div>\n\t\t\t\t<\/div>\n\t\t\t\t<div class=\"elementor-element elementor-element-2c21277 elementor-hidden-tablet elementor-hidden-mobile elementor-widget elementor-widget-text-editor\" data-id=\"2c21277\" data-element_type=\"widget\" data-e-type=\"widget\" data-widget_type=\"text-editor.default\">\n\t\t\t\t<div class=\"elementor-widget-container\">\n\t\t\t\t\t\t\t\t\t<ul style=\"color: #fff;\">\n \t<li><a style=\"color: #fff;\" href=\"https:\/\/tapigroup.com\/es\/productos\/aluminio\/\">Aluminio<\/a><\/li>\n \t<li><a style=\"color: #fff;\" href=\"https:\/\/tapigroup.com\/es\/productos\/ceramica\/\">Cer\u00e0mica<\/a><\/li>\n \t<li><a style=\"color: #fff;\" href=\"https:\/\/tapigroup.com\/es\/productos\/madera\/\">Madera<\/a><\/li>\n \t<li><a style=\"color: #fff;\" href=\"https:\/\/tapigroup.com\/es\/productos\/plastico\/\">Pl\u00e0stico<\/a><\/li>\n \t<li><a style=\"color: #fff;\" href=\"https:\/\/tapigroup.com\/es\/productos\/plastico-transparente\/\">Plastico Transparente<\/a><\/li>\n \t<li><a style=\"color: #fff;\" href=\"https:\/\/tapigroup.com\/es\/productos\/materiales-especiales\/\">Materiales Especiales<\/a><\/li>\n<\/ul>\t\t\t\t\t\t\t\t<\/div>\n\t\t\t\t<\/div>\n\t\t\t\t<div class=\"elementor-element elementor-element-89d933d elementor-hidden-desktop elementor-widget elementor-widget-wgl-toggle-accordion\" data-id=\"89d933d\" data-element_type=\"widget\" data-e-type=\"widget\" data-widget_type=\"wgl-toggle-accordion.default\">\n\t\t\t\t<div class=\"elementor-widget-container\">\n\t\t\t\t\t        <div class=\"wgl-accordion icon-def\" id=\"wgl-accordion-89d933d\" data-type=\"accordion\">\r\n\r\n                            <div class=\"wgl-accordion_panel\">\r\n                    <h4 id=\"wgl-accordion_header-1441\" class=\"wgl-accordion_header\" data-default=\"yes\">\r\n                        <span class=\"wgl-accordion_title\">PRODUCTS FILTER<\/span>\r\n                        <i class=\"wgl-accordion_icon \"><\/i>                    <\/h4>\r\n                    <div class=\"wgl-accordion_content\"><h5>WORLDS<\/h5>\n<ul style=\"color: #fff;\">\n \t<li><a style=\"color: #fff;\" href=\"https:\/\/tapigroup.com\/es\/productos\/status\/\">Status<\/a><\/li>\n \t<li><a style=\"color: #fff;\" href=\"https:\/\/tapigroup.com\/es\/productos\/planet\/\">Planet<\/a><\/li>\n \t<li><a style=\"color: #fff;\" href=\"https:\/\/tapigroup.com\/es\/productos\/style\/\">Style<\/a><\/li>\n \t<li><a style=\"color: #fff;\" href=\"https:\/\/tapigroup.com\/es\/productos\/gourmet\/\">Gourmet<\/a><\/li>\n \t<li><a style=\"color: #fff;\" href=\"https:\/\/tapigroup.com\/es\/productos\/craft\/\">Craft<\/a><\/li>\n<\/ul>\n<h5>INDUSTRY<\/h5>\n<ul style=\"color: #fff;\">\n \t<li><a style=\"color: #fff;\" href=\"https:\/\/tapigroup.com\/es\/productos\/destilados\/\">Destilados<\/a><\/li>\n \t<li><a style=\"color: #fff;\" href=\"https:\/\/tapigroup.com\/es\/productos\/condimentos\/\">Condimento<\/a><\/li>\n \t<li><a style=\"color: #fff;\" href=\"https:\/\/tapigroup.com\/es\/productos\/cerveza\/\">Cerveza<\/a><\/li>\n \t<li><a style=\"color: #fff;\" href=\"https:\/\/tapigroup.com\/es\/productos\/cosmetica\/\">Cosm\u00e9tica<\/a><\/li>\n \t<li><a style=\"color: #fff;\" href=\"https:\/\/tapigroup.com\/es\/productos\/vino\/\">Vino<\/a><\/li>\n<\/ul>\n<h5>MATERIALI<\/h5>\n<ul style=\"color: #fff;\">\n \t<li><a style=\"color: #fff;\" href=\"https:\/\/tapigroup.com\/es\/productos\/aluminio\/\">Aluminio<\/a><\/li>\n \t<li><a style=\"color: #fff;\" href=\"https:\/\/tapigroup.com\/es\/productos\/ceramica\/\">Cer\u00e0mica<\/a><\/li>\n \t<li><a style=\"color: #fff;\" href=\"https:\/\/tapigroup.com\/es\/productos\/madera\/\">Madera<\/a><\/li>\n \t<li><a style=\"color: #fff;\" href=\"https:\/\/tapigroup.com\/es\/productos\/plastico\/\">Pl\u00e0stico<\/a><\/li>\n \t<li><a style=\"color: #fff;\" href=\"https:\/\/tapigroup.com\/es\/productos\/plastico-transparente\/\">Plastico Transparente<\/a><\/li>\n \t<li><a style=\"color: #fff;\" href=\"https:\/\/tapigroup.com\/es\/productos\/materiales-especiales\/\">Materiales Especiales<\/a><\/li>\n<\/ul><\/div>\r\n                <\/div>\r\n            \r\n        <\/div>\r\n        \t\t\t\t<\/div>\n\t\t\t\t<\/div>\n\t\t\t\t\t<\/div>\n\t\t<\/div>\n\t\t\t\t<div class=\"elementor-column elementor-col-66 elementor-top-column elementor-element elementor-element-7061f52\" data-id=\"7061f52\" data-element_type=\"column\" data-e-type=\"column\">\n\t\t\t<div class=\"elementor-widget-wrap elementor-element-populated\">\n\t\t\t\t\t\t<div class=\"elementor-element elementor-element-0057b26 elementor-grid-4 elementor-grid-tablet-3 elementor-grid-mobile-2 elementor-products-grid elementor-wc-products elementor-widget elementor-widget-woocommerce-products\" data-id=\"0057b26\" data-element_type=\"widget\" data-e-type=\"widget\" data-widget_type=\"woocommerce-products.default\">\n\t\t\t\t<div class=\"elementor-widget-container\">\n\t\t\t\t\t<div class=\"woocommerce columns-4 \"><ul class=\"wgl-products appear-animation anim-slide-left\"><li class=\"product type-product post-13611 status-publish first instock product_cat-condimentos-es product_cat-destilados-es product_tag-collection-es product_tag-plastico-transparente-es product_tag-tapon-vertedor-es has-post-thumbnail shipping-taxable product-type-simple\">\n\t<div class='woo_product_image shop_media'><div class='picture'><a class='woo_post-link' href='https:\/\/tapigroup.com\/es\/production-caps\/condimentos-es\/ghost-crystal-pourer\/'><img fetchpriority=\"high\" decoding=\"async\" width=\"540\" height=\"720\" src=\"https:\/\/tapigroup.com\/wp-content\/uploads\/2020\/01\/Ghost-Crystal_style-540x720.jpg\" class=\"attachment-woocommerce_thumbnail size-woocommerce_thumbnail\" alt=\"style spirits condiments transparent-plastics\" \/><img decoding=\"async\" width=\"1063\" height=\"1651\" src=\"https:\/\/tapigroup.com\/wp-content\/uploads\/2020\/01\/Ghost-Crystal_3.jpg\" class=\"attachment-shop_catalog size-shop_catalog\" alt=\"Ghost Crystal style\" \/><\/a>\t<span id=\"woocommerce_loop_add_to_cart_link_describedby_13611\" class=\"screen-reader-text\">\n\t\t\t<\/span>\n<\/div><\/div><div class='woo_product_content'><h2 class=\"woocommerce-loop-product__title\"><a href=\"https:\/\/tapigroup.com\/es\/production-caps\/condimentos-es\/ghost-crystal-pourer\/\" class=\"woocommerce-LoopProduct-link woocommerce-loop-product__link\">Ghost Crystal<\/a><\/h2>\n<\/div><\/li>\n<li class=\"product type-product post-12241 status-publish instock product_cat-cosmetica-es product_cat-destilados-es product_cat-vino-es product_tag-collection-es product_tag-plastico-transparente-es product_tag-tapon-en-t-es has-post-thumbnail shipping-taxable product-type-simple\">\n\t<div class='woo_product_image shop_media'><div class='picture'><a class='woo_post-link' href='https:\/\/tapigroup.com\/es\/production-caps\/destilados-es\/purity\/'><img decoding=\"async\" width=\"540\" height=\"720\" src=\"https:\/\/tapigroup.com\/wp-content\/uploads\/2020\/01\/Purity_style-540x720.jpg\" class=\"attachment-woocommerce_thumbnail size-woocommerce_thumbnail\" alt=\"Purity style spirits condiments transparent-plastics\" \/><img loading=\"lazy\" decoding=\"async\" width=\"1063\" height=\"1651\" src=\"https:\/\/tapigroup.com\/wp-content\/uploads\/2020\/01\/Purity_1-1.jpg\" class=\"attachment-shop_catalog size-shop_catalog\" alt=\"Purity style\" \/><\/a>\t<span id=\"woocommerce_loop_add_to_cart_link_describedby_12241\" class=\"screen-reader-text\">\n\t\t\t<\/span>\n<\/div><\/div><div class='woo_product_content'><h2 class=\"woocommerce-loop-product__title\"><a href=\"https:\/\/tapigroup.com\/es\/production-caps\/destilados-es\/purity\/\" class=\"woocommerce-LoopProduct-link woocommerce-loop-product__link\">Purity<\/a><\/h2>\n<\/div><\/li>\n<li class=\"product type-product post-12445 status-publish instock product_cat-cosmetica-es product_cat-destilados-es product_cat-vino-es product_tag-collection-es product_tag-plastico-transparente-es product_tag-tapon-en-t-es has-post-thumbnail shipping-taxable product-type-simple\">\n\t<div class='woo_product_image shop_media'><div class='picture'><a class='woo_post-link' href='https:\/\/tapigroup.com\/es\/production-caps\/destilados-es\/starlight\/'><img loading=\"lazy\" decoding=\"async\" width=\"540\" height=\"720\" src=\"https:\/\/tapigroup.com\/wp-content\/uploads\/2023\/01\/Starlight_Style-540x720.jpg\" class=\"attachment-woocommerce_thumbnail size-woocommerce_thumbnail\" alt=\"style spirits condiments cosmetics transparent-plastics\" \/><img loading=\"lazy\" decoding=\"async\" width=\"1063\" height=\"1651\" src=\"https:\/\/tapigroup.com\/wp-content\/uploads\/2020\/01\/Starlight_2.jpg\" class=\"attachment-shop_catalog size-shop_catalog\" alt=\"Starlight style\" \/><\/a>\t<span id=\"woocommerce_loop_add_to_cart_link_describedby_12445\" class=\"screen-reader-text\">\n\t\t\t<\/span>\n<\/div><\/div><div class='woo_product_content'><h2 class=\"woocommerce-loop-product__title\"><a href=\"https:\/\/tapigroup.com\/es\/production-caps\/destilados-es\/starlight\/\" class=\"woocommerce-LoopProduct-link woocommerce-loop-product__link\">Starlight<\/a><\/h2>\n<\/div><\/li>\n<li class=\"product type-product post-13530 status-publish last instock product_cat-condimentos-es product_cat-destilados-es product_tag-collection-es product_tag-plastico-transparente-es product_tag-tapon-vertedor-es has-post-thumbnail shipping-taxable product-type-simple\">\n\t<div class='woo_product_image shop_media'><div class='picture'><a class='woo_post-link' href='https:\/\/tapigroup.com\/es\/production-caps\/condimentos-es\/starlight-mix-pourer\/'><img loading=\"lazy\" decoding=\"async\" width=\"540\" height=\"720\" src=\"https:\/\/tapigroup.com\/wp-content\/uploads\/2023\/01\/Starlight-Mix_gourmet-540x720.jpg\" class=\"attachment-woocommerce_thumbnail size-woocommerce_thumbnail\" alt=\"gourmet spirits condiments transparent-plastics\" \/><img loading=\"lazy\" decoding=\"async\" width=\"1063\" height=\"1651\" src=\"https:\/\/tapigroup.com\/wp-content\/uploads\/2020\/01\/Stralight-mix.jpg\" class=\"attachment-shop_catalog size-shop_catalog\" alt=\"Starlight Mix gourmet\" \/><\/a>\t<span id=\"woocommerce_loop_add_to_cart_link_describedby_13530\" class=\"screen-reader-text\">\n\t\t\t<\/span>\n<\/div><\/div><div class='woo_product_content'><h2 class=\"woocommerce-loop-product__title\"><a href=\"https:\/\/tapigroup.com\/es\/production-caps\/condimentos-es\/starlight-mix-pourer\/\" class=\"woocommerce-LoopProduct-link woocommerce-loop-product__link\">Starlight Mix<\/a><\/h2>\n<\/div><\/li>\n<\/ul>\n<\/div>\t\t\t\t<\/div>\n\t\t\t\t<\/div>\n\t\t\t\t\t<\/div>\n\t\t<\/div>\n\t\t\t\t\t<\/div>\n\t\t<\/section>\n\t\t\t\t<\/div>\n\t\t","protected":false},"excerpt":{"rendered":"<p>PL\u00c1STICO TRANSPARENTE WORLDS Status Planet Style Gourmet Craft INDUSTRY Destilados Condimento Cerveza Cosm\u00e9tica Vino MATERIALES Aluminio Cer\u00e0mica Madera Pl\u00e0stico Plastico Transparente Materiales Especiales PRODUCTS FILTER WORLDS Status Planet Style Gourmet Craft INDUSTRY Destilados Condimento Cerveza Cosm\u00e9tica Vino MATERIALI Aluminio Cer\u00e0mica Madera Pl\u00e0stico Plastico Transparente Materiales Especiales<\/p>\n","protected":false},"author":1,"featured_media":0,"parent":14153,"menu_order":0,"comment_status":"closed","ping_status":"closed","template":"","meta":{"footnotes":""},"class_list":["post-39065","page","type-page","status-publish","hentry"],"yoast_head":"<!-- This site is optimized with the Yoast SEO plugin v27.2 - https:\/\/yoast.com\/product\/yoast-seo-wordpress\/ -->\n<title>PLASTICO-TRANSPARENTE - Tap\u00ec Group<\/title>\n<meta name=\"robots\" content=\"index, follow, max-snippet:-1, max-image-preview:large, max-video-preview:-1\" \/>\n<link rel=\"canonical\" href=\"https:\/\/tapigroup.com\/es\/productos\/plastico-transparente\/\" \/>\n<meta property=\"og:locale\" content=\"es_ES\" \/>\n<meta property=\"og:type\" content=\"article\" \/>\n<meta property=\"og:title\" content=\"PLASTICO-TRANSPARENTE - Tap\u00ec Group\" \/>\n<meta property=\"og:description\" content=\"PL\u00c1STICO TRANSPARENTE WORLDS Status Planet Style Gourmet Craft INDUSTRY Destilados Condimento Cerveza Cosm\u00e9tica Vino MATERIALES Aluminio Cer\u00e0mica Madera Pl\u00e0stico Plastico Transparente Materiales Especiales PRODUCTS FILTER WORLDS Status Planet Style Gourmet Craft INDUSTRY Destilados Condimento Cerveza Cosm\u00e9tica Vino MATERIALI Aluminio Cer\u00e0mica Madera Pl\u00e0stico Plastico Transparente Materiales Especiales\" \/>\n<meta property=\"og:url\" content=\"https:\/\/tapigroup.com\/es\/productos\/plastico-transparente\/\" \/>\n<meta property=\"og:site_name\" content=\"Tap\u00ec Group\" \/>\n<meta property=\"article:modified_time\" content=\"2023-12-01T09:02:37+00:00\" \/>\n<meta name=\"twitter:card\" content=\"summary_large_image\" \/>\n<meta name=\"twitter:label1\" content=\"Tiempo de lectura\" \/>\n\t<meta name=\"twitter:data1\" content=\"2 minutos\" \/>\n<script type=\"application\/ld+json\" class=\"yoast-schema-graph\">{\"@context\":\"https:\/\/schema.org\",\"@graph\":[{\"@type\":\"WebPage\",\"@id\":\"https:\/\/tapigroup.com\/es\/productos\/plastico-transparente\/\",\"url\":\"https:\/\/tapigroup.com\/es\/productos\/plastico-transparente\/\",\"name\":\"PLASTICO-TRANSPARENTE - Tap\u00ec Group\",\"isPartOf\":{\"@id\":\"https:\/\/tapigroup.com\/es\/#website\"},\"datePublished\":\"2023-11-27T14:56:27+00:00\",\"dateModified\":\"2023-12-01T09:02:37+00:00\",\"breadcrumb\":{\"@id\":\"https:\/\/tapigroup.com\/es\/productos\/plastico-transparente\/#breadcrumb\"},\"inLanguage\":\"es\",\"potentialAction\":[{\"@type\":\"ReadAction\",\"target\":[\"https:\/\/tapigroup.com\/es\/productos\/plastico-transparente\/\"]}]},{\"@type\":\"BreadcrumbList\",\"@id\":\"https:\/\/tapigroup.com\/es\/productos\/plastico-transparente\/#breadcrumb\",\"itemListElement\":[{\"@type\":\"ListItem\",\"position\":1,\"name\":\"prodotti\",\"item\":\"https:\/\/tapigroup.com\/es\/productos\/\"},{\"@type\":\"ListItem\",\"position\":2,\"name\":\"PLASTICO-TRANSPARENTE\"}]},{\"@type\":\"WebSite\",\"@id\":\"https:\/\/tapigroup.com\/es\/#website\",\"url\":\"https:\/\/tapigroup.com\/es\/\",\"name\":\"Tap\u00ec Group\",\"description\":\"Made to be Opened\",\"potentialAction\":[{\"@type\":\"SearchAction\",\"target\":{\"@type\":\"EntryPoint\",\"urlTemplate\":\"https:\/\/tapigroup.com\/es\/?s={search_term_string}\"},\"query-input\":{\"@type\":\"PropertyValueSpecification\",\"valueRequired\":true,\"valueName\":\"search_term_string\"}}],\"inLanguage\":\"es\"}]}<\/script>\n<!-- \/ Yoast SEO plugin. -->","yoast_head_json":{"title":"PLASTICO-TRANSPARENTE - Tap\u00ec Group","robots":{"index":"index","follow":"follow","max-snippet":"max-snippet:-1","max-image-preview":"max-image-preview:large","max-video-preview":"max-video-preview:-1"},"canonical":"https:\/\/tapigroup.com\/es\/productos\/plastico-transparente\/","og_locale":"es_ES","og_type":"article","og_title":"PLASTICO-TRANSPARENTE - Tap\u00ec Group","og_description":"PL\u00c1STICO TRANSPARENTE WORLDS Status Planet Style Gourmet Craft INDUSTRY Destilados Condimento Cerveza Cosm\u00e9tica Vino MATERIALES Aluminio Cer\u00e0mica Madera Pl\u00e0stico Plastico Transparente Materiales Especiales PRODUCTS FILTER WORLDS Status Planet Style Gourmet Craft INDUSTRY Destilados Condimento Cerveza Cosm\u00e9tica Vino MATERIALI Aluminio Cer\u00e0mica Madera Pl\u00e0stico Plastico Transparente Materiales Especiales","og_url":"https:\/\/tapigroup.com\/es\/productos\/plastico-transparente\/","og_site_name":"Tap\u00ec Group","article_modified_time":"2023-12-01T09:02:37+00:00","twitter_card":"summary_large_image","twitter_misc":{"Tiempo de lectura":"2 minutos"},"schema":{"@context":"https:\/\/schema.org","@graph":[{"@type":"WebPage","@id":"https:\/\/tapigroup.com\/es\/productos\/plastico-transparente\/","url":"https:\/\/tapigroup.com\/es\/productos\/plastico-transparente\/","name":"PLASTICO-TRANSPARENTE - Tap\u00ec Group","isPartOf":{"@id":"https:\/\/tapigroup.com\/es\/#website"},"datePublished":"2023-11-27T14:56:27+00:00","dateModified":"2023-12-01T09:02:37+00:00","breadcrumb":{"@id":"https:\/\/tapigroup.com\/es\/productos\/plastico-transparente\/#breadcrumb"},"inLanguage":"es","potentialAction":[{"@type":"ReadAction","target":["https:\/\/tapigroup.com\/es\/productos\/plastico-transparente\/"]}]},{"@type":"BreadcrumbList","@id":"https:\/\/tapigroup.com\/es\/productos\/plastico-transparente\/#breadcrumb","itemListElement":[{"@type":"ListItem","position":1,"name":"prodotti","item":"https:\/\/tapigroup.com\/es\/productos\/"},{"@type":"ListItem","position":2,"name":"PLASTICO-TRANSPARENTE"}]},{"@type":"WebSite","@id":"https:\/\/tapigroup.com\/es\/#website","url":"https:\/\/tapigroup.com\/es\/","name":"Tap\u00ec Group","description":"Made to be Opened","potentialAction":[{"@type":"SearchAction","target":{"@type":"EntryPoint","urlTemplate":"https:\/\/tapigroup.com\/es\/?s={search_term_string}"},"query-input":{"@type":"PropertyValueSpecification","valueRequired":true,"valueName":"search_term_string"}}],"inLanguage":"es"}]}},"_links":{"self":[{"href":"https:\/\/tapigroup.com\/es\/wp-json\/wp\/v2\/pages\/39065","targetHints":{"allow":["GET"]}}],"collection":[{"href":"https:\/\/tapigroup.com\/es\/wp-json\/wp\/v2\/pages"}],"about":[{"href":"https:\/\/tapigroup.com\/es\/wp-json\/wp\/v2\/types\/page"}],"author":[{"embeddable":true,"href":"https:\/\/tapigroup.com\/es\/wp-json\/wp\/v2\/users\/1"}],"replies":[{"embeddable":true,"href":"https:\/\/tapigroup.com\/es\/wp-json\/wp\/v2\/comments?post=39065"}],"version-history":[{"count":13,"href":"https:\/\/tapigroup.com\/es\/wp-json\/wp\/v2\/pages\/39065\/revisions"}],"predecessor-version":[{"id":39869,"href":"https:\/\/tapigroup.com\/es\/wp-json\/wp\/v2\/pages\/39065\/revisions\/39869"}],"up":[{"embeddable":true,"href":"https:\/\/tapigroup.com\/es\/wp-json\/wp\/v2\/pages\/14153"}],"wp:attachment":[{"href":"https:\/\/tapigroup.com\/es\/wp-json\/wp\/v2\/media?parent=39065"}],"curies":[{"name":"wp","href":"https:\/\/api.w.org\/{rel}","templated":true}]}}