{"id":38920,"date":"2023-11-24T12:25:01","date_gmt":"2023-11-24T11:25:01","guid":{"rendered":"https:\/\/tapigroup.com\/?page_id=38920"},"modified":"2023-12-01T09:54:04","modified_gmt":"2023-12-01T08:54:04","slug":"craft","status":"publish","type":"page","link":"https:\/\/tapigroup.com\/es\/productos\/craft\/","title":{"rendered":"CRAFT"},"content":{"rendered":"\t\t<div data-elementor-type=\"wp-page\" data-elementor-id=\"38920\" class=\"elementor elementor-38920 elementor-38900\" data-elementor-post-type=\"page\">\n\t\t\t\t\t\t<section class=\"elementor-section elementor-top-section elementor-element elementor-element-67a9d7a elementor-section-height-min-height elementor-section-boxed elementor-section-height-default elementor-section-items-middle\" data-id=\"67a9d7a\" data-element_type=\"section\" data-e-type=\"section\" data-settings=\"{&quot;background_background&quot;:&quot;classic&quot;}\">\n\t\t\t\t\t\t<div class=\"elementor-container elementor-column-gap-default\">\n\t\t\t\t\t<div class=\"elementor-column elementor-col-100 elementor-top-column elementor-element elementor-element-cba5a73\" data-id=\"cba5a73\" data-element_type=\"column\" data-e-type=\"column\">\n\t\t\t<div class=\"elementor-widget-wrap elementor-element-populated\">\n\t\t\t\t\t\t<div class=\"elementor-element elementor-element-1324477 elementor-widget elementor-widget-heading\" data-id=\"1324477\" data-element_type=\"widget\" data-e-type=\"widget\" data-widget_type=\"heading.default\">\n\t\t\t\t<div class=\"elementor-widget-container\">\n\t\t\t\t\t<h2 class=\"elementor-heading-title elementor-size-default\">CRAFT<\/h2>\t\t\t\t<\/div>\n\t\t\t\t<\/div>\n\t\t\t\t\t<\/div>\n\t\t<\/div>\n\t\t\t\t\t<\/div>\n\t\t<\/section>\n\t\t\t\t<section class=\"elementor-section elementor-top-section elementor-element elementor-element-2daf632 elementor-section-boxed elementor-section-height-default elementor-section-height-default\" data-id=\"2daf632\" data-element_type=\"section\" data-e-type=\"section\">\n\t\t\t\t\t\t<div class=\"elementor-container elementor-column-gap-default\">\n\t\t\t\t\t<div class=\"elementor-column elementor-col-33 elementor-top-column elementor-element elementor-element-2ad5076\" data-id=\"2ad5076\" data-element_type=\"column\" data-e-type=\"column\">\n\t\t\t<div class=\"elementor-widget-wrap elementor-element-populated\">\n\t\t\t\t\t\t<div class=\"elementor-element elementor-element-7931ab7 elementor-hidden-tablet elementor-hidden-mobile elementor-widget elementor-widget-heading\" data-id=\"7931ab7\" data-element_type=\"widget\" data-e-type=\"widget\" data-widget_type=\"heading.default\">\n\t\t\t\t<div class=\"elementor-widget-container\">\n\t\t\t\t\t<h5 class=\"elementor-heading-title elementor-size-default\">WORLDS<\/h5>\t\t\t\t<\/div>\n\t\t\t\t<\/div>\n\t\t\t\t<div class=\"elementor-element elementor-element-6831a78 elementor-hidden-tablet elementor-hidden-mobile elementor-widget elementor-widget-text-editor\" data-id=\"6831a78\" data-element_type=\"widget\" data-e-type=\"widget\" data-widget_type=\"text-editor.default\">\n\t\t\t\t<div class=\"elementor-widget-container\">\n\t\t\t\t\t\t\t\t\t<ul style=\"color: #fff;\">\n \t<li><a style=\"color: #fff;\" href=\"https:\/\/tapigroup.com\/es\/productos\/status\/\">Status<\/a><\/li>\n \t<li><a style=\"color: #fff;\" href=\"https:\/\/tapigroup.com\/es\/productos\/planet\/\">Planet<\/a><\/li>\n \t<li><a style=\"color: #fff;\" href=\"https:\/\/tapigroup.com\/es\/productos\/style\/\">Style<\/a><\/li>\n \t<li><a style=\"color: #fff;\" href=\"https:\/\/tapigroup.com\/es\/productos\/gourmet\/\">Gourmet<\/a><\/li>\n \t<li><a style=\"color: #fff;\" href=\"https:\/\/tapigroup.com\/es\/productos\/craft\/\">Craft<\/a><\/li>\n<\/ul>\t\t\t\t\t\t\t\t<\/div>\n\t\t\t\t<\/div>\n\t\t\t\t<div class=\"elementor-element elementor-element-a6bfb3f elementor-hidden-tablet elementor-hidden-mobile elementor-widget elementor-widget-heading\" data-id=\"a6bfb3f\" data-element_type=\"widget\" data-e-type=\"widget\" data-widget_type=\"heading.default\">\n\t\t\t\t<div class=\"elementor-widget-container\">\n\t\t\t\t\t<h5 class=\"elementor-heading-title elementor-size-default\">INDUSTRY<\/h5>\t\t\t\t<\/div>\n\t\t\t\t<\/div>\n\t\t\t\t<div class=\"elementor-element elementor-element-cc91509 elementor-hidden-tablet elementor-hidden-mobile elementor-widget elementor-widget-text-editor\" data-id=\"cc91509\" data-element_type=\"widget\" data-e-type=\"widget\" data-widget_type=\"text-editor.default\">\n\t\t\t\t<div class=\"elementor-widget-container\">\n\t\t\t\t\t\t\t\t\t<ul style=\"color: #fff;\">\n \t<li><a style=\"color: #fff;\" href=\"https:\/\/tapigroup.com\/es\/productos\/destilados\/\">Destilados<\/a><\/li>\n \t<li><a style=\"color: #fff;\" href=\"https:\/\/tapigroup.com\/es\/productos\/condimentos\/\">Condimento<\/a><\/li>\n \t<li><a style=\"color: #fff;\" href=\"https:\/\/tapigroup.com\/es\/productos\/cerveza\/\">Cerveza<\/a><\/li>\n \t<li><a style=\"color: #fff;\" href=\"https:\/\/tapigroup.com\/es\/productos\/cosmetica\/\">Cosm\u00e9tica<\/a><\/li>\n \t<li><a style=\"color: #fff;\" href=\"https:\/\/tapigroup.com\/es\/productos\/vino\/\">Vino<\/a><\/li>\n<\/ul>\t\t\t\t\t\t\t\t<\/div>\n\t\t\t\t<\/div>\n\t\t\t\t<div class=\"elementor-element elementor-element-49ba781 elementor-hidden-tablet elementor-hidden-mobile elementor-widget elementor-widget-heading\" data-id=\"49ba781\" data-element_type=\"widget\" data-e-type=\"widget\" data-widget_type=\"heading.default\">\n\t\t\t\t<div class=\"elementor-widget-container\">\n\t\t\t\t\t<h5 class=\"elementor-heading-title elementor-size-default\">MATERIALES<\/h5>\t\t\t\t<\/div>\n\t\t\t\t<\/div>\n\t\t\t\t<div class=\"elementor-element elementor-element-4d1bd20 elementor-hidden-tablet elementor-hidden-mobile elementor-widget elementor-widget-text-editor\" data-id=\"4d1bd20\" data-element_type=\"widget\" data-e-type=\"widget\" data-widget_type=\"text-editor.default\">\n\t\t\t\t<div class=\"elementor-widget-container\">\n\t\t\t\t\t\t\t\t\t<ul style=\"color: #fff;\">\n \t<li><a style=\"color: #fff;\" href=\"https:\/\/tapigroup.com\/es\/productos\/aluminio\/\">Aluminio<\/a><\/li>\n \t<li><a style=\"color: #fff;\" href=\"https:\/\/tapigroup.com\/es\/productos\/ceramica\/\">Cer\u00e0mica<\/a><\/li>\n \t<li><a style=\"color: #fff;\" href=\"https:\/\/tapigroup.com\/es\/productos\/madera\/\">Madera<\/a><\/li>\n \t<li><a style=\"color: #fff;\" href=\"https:\/\/tapigroup.com\/es\/productos\/plastico\/\">Pl\u00e0stico<\/a><\/li>\n \t<li><a style=\"color: #fff;\" href=\"https:\/\/tapigroup.com\/es\/productos\/plastico-transparente\/\">Plastico Transparente<\/a><\/li>\n \t<li><a style=\"color: #fff;\" href=\"https:\/\/tapigroup.com\/es\/productos\/materiales-especiales\/\">Materiales Especiales<\/a><\/li>\n<\/ul>\t\t\t\t\t\t\t\t<\/div>\n\t\t\t\t<\/div>\n\t\t\t\t<div class=\"elementor-element elementor-element-fc314ce elementor-hidden-desktop elementor-widget elementor-widget-wgl-toggle-accordion\" data-id=\"fc314ce\" data-element_type=\"widget\" data-e-type=\"widget\" data-widget_type=\"wgl-toggle-accordion.default\">\n\t\t\t\t<div class=\"elementor-widget-container\">\n\t\t\t\t\t        <div class=\"wgl-accordion icon-def\" id=\"wgl-accordion-fc314ce\" data-type=\"accordion\">\r\n\r\n                            <div class=\"wgl-accordion_panel\">\r\n                    <h4 id=\"wgl-accordion_header-2641\" class=\"wgl-accordion_header\" data-default=\"yes\">\r\n                        <span class=\"wgl-accordion_title\">PRODUCTS FILTER<\/span>\r\n                        <i class=\"wgl-accordion_icon \"><\/i>                    <\/h4>\r\n                    <div class=\"wgl-accordion_content\"><h5>WORLDS<\/h5>\n<ul style=\"color: #fff;\">\n \t<li><a style=\"color: #fff;\" href=\"https:\/\/tapigroup.com\/es\/productos\/status\/\">Status<\/a><\/li>\n \t<li><a style=\"color: #fff;\" href=\"https:\/\/tapigroup.com\/es\/productos\/planet\/\">Planet<\/a><\/li>\n \t<li><a style=\"color: #fff;\" href=\"https:\/\/tapigroup.com\/es\/productos\/style\/\">Style<\/a><\/li>\n \t<li><a style=\"color: #fff;\" href=\"https:\/\/tapigroup.com\/es\/productos\/gourmet\/\">Gourmet<\/a><\/li>\n \t<li><a style=\"color: #fff;\" href=\"https:\/\/tapigroup.com\/es\/productos\/craft\/\">Craft<\/a><\/li>\n<\/ul>\n<h5>INDUSTRY<\/h5>\n<ul style=\"color: #fff;\">\n \t<li><a style=\"color: #fff;\" href=\"https:\/\/tapigroup.com\/es\/productos\/destilados\/\">Destilados<\/a><\/li>\n \t<li><a style=\"color: #fff;\" href=\"https:\/\/tapigroup.com\/es\/productos\/condimentos\/\">Condimento<\/a><\/li>\n \t<li><a style=\"color: #fff;\" href=\"https:\/\/tapigroup.com\/es\/productos\/cerveza\/\">Cerveza<\/a><\/li>\n \t<li><a style=\"color: #fff;\" href=\"https:\/\/tapigroup.com\/es\/productos\/cosmetica\/\">Cosm\u00e9tica<\/a><\/li>\n \t<li><a style=\"color: #fff;\" href=\"https:\/\/tapigroup.com\/es\/productos\/vino\/\">Vino<\/a><\/li>\n<\/ul>\n<h5>MATERIALI<\/h5>\n<ul style=\"color: #fff;\">\n \t<li><a style=\"color: #fff;\" href=\"https:\/\/tapigroup.com\/es\/productos\/aluminio\/\">Aluminio<\/a><\/li>\n \t<li><a style=\"color: #fff;\" href=\"https:\/\/tapigroup.com\/es\/productos\/ceramica\/\">Cer\u00e0mica<\/a><\/li>\n \t<li><a style=\"color: #fff;\" href=\"https:\/\/tapigroup.com\/es\/productos\/madera\/\">Madera<\/a><\/li>\n \t<li><a style=\"color: #fff;\" href=\"https:\/\/tapigroup.com\/es\/productos\/plastico\/\">Pl\u00e0stico<\/a><\/li>\n \t<li><a style=\"color: #fff;\" href=\"https:\/\/tapigroup.com\/es\/productos\/plastico-transparente\/\">Plastico Transparente<\/a><\/li>\n \t<li><a style=\"color: #fff;\" href=\"https:\/\/tapigroup.com\/es\/productos\/materiales-especiales\/\">Materiales Especiales<\/a><\/li>\n<\/ul><\/div>\r\n                <\/div>\r\n            \r\n        <\/div>\r\n        \t\t\t\t<\/div>\n\t\t\t\t<\/div>\n\t\t\t\t\t<\/div>\n\t\t<\/div>\n\t\t\t\t<div class=\"elementor-column elementor-col-66 elementor-top-column elementor-element elementor-element-cbc70f9\" data-id=\"cbc70f9\" data-element_type=\"column\" data-e-type=\"column\">\n\t\t\t<div class=\"elementor-widget-wrap elementor-element-populated\">\n\t\t\t\t\t\t<div class=\"elementor-element elementor-element-2b36f99 elementor-grid-4 elementor-grid-tablet-3 elementor-grid-mobile-2 elementor-products-grid elementor-wc-products elementor-widget elementor-widget-woocommerce-products\" data-id=\"2b36f99\" data-element_type=\"widget\" data-e-type=\"widget\" data-widget_type=\"woocommerce-products.default\">\n\t\t\t\t<div class=\"elementor-widget-container\">\n\t\t\t\t\t<div class=\"woocommerce columns-4 \"><ul class=\"wgl-products appear-animation anim-slide-left\"><li class=\"product type-product post-13751 status-publish first instock product_cat-destilados-es product_tag-aluminio-es product_tag-collection-es product_tag-tapon-de-rosca-es has-post-thumbnail shipping-taxable product-type-simple\">\n\t<div class='woo_product_image shop_media'><div class='picture'><a class='woo_post-link' href='https:\/\/tapigroup.com\/es\/production-caps\/destilados-es\/scr-aluminium\/'><img fetchpriority=\"high\" decoding=\"async\" width=\"540\" height=\"720\" src=\"https:\/\/tapigroup.com\/wp-content\/uploads\/2023\/01\/Scr_aluminum_craft-540x720.jpg\" class=\"attachment-woocommerce_thumbnail size-woocommerce_thumbnail\" alt=\"craft spirits aluminium\" \/><img decoding=\"async\" width=\"1063\" height=\"1651\" src=\"https:\/\/tapigroup.com\/wp-content\/uploads\/2020\/05\/Scr-Aluminum_1.jpg\" class=\"attachment-shop_catalog size-shop_catalog\" alt=\"Scr Aluminum craft\" \/><\/a>\t<span id=\"woocommerce_loop_add_to_cart_link_describedby_13751\" class=\"screen-reader-text\">\n\t\t\t<\/span>\n<\/div><\/div><div class='woo_product_content'><h2 class=\"woocommerce-loop-product__title\"><a href=\"https:\/\/tapigroup.com\/es\/production-caps\/destilados-es\/scr-aluminium\/\" class=\"woocommerce-LoopProduct-link woocommerce-loop-product__link\">SCR Aluminium<\/a><\/h2>\n<\/div><\/li>\n<li class=\"product type-product post-13781 status-publish instock product_cat-destilados-es product_tag-collection-es product_tag-madera-es product_tag-tapon-de-rosca-es has-post-thumbnail shipping-taxable product-type-simple\">\n\t<div class='woo_product_image shop_media'><div class='picture'><a class='woo_post-link' href='https:\/\/tapigroup.com\/es\/production-caps\/destilados-es\/scr-wood\/'><img decoding=\"async\" width=\"540\" height=\"720\" src=\"https:\/\/tapigroup.com\/wp-content\/uploads\/2023\/01\/Scr-Wood_craft-540x720.jpg\" class=\"attachment-woocommerce_thumbnail size-woocommerce_thumbnail\" alt=\"craft spirits wood\" \/><img loading=\"lazy\" decoding=\"async\" width=\"1063\" height=\"1651\" src=\"https:\/\/tapigroup.com\/wp-content\/uploads\/2020\/05\/Scr-wood_3.jpg\" class=\"attachment-shop_catalog size-shop_catalog\" alt=\"Scr Wood craft\" \/><\/a>\t<span id=\"woocommerce_loop_add_to_cart_link_describedby_13781\" class=\"screen-reader-text\">\n\t\t\t<\/span>\n<\/div><\/div><div class='woo_product_content'><h2 class=\"woocommerce-loop-product__title\"><a href=\"https:\/\/tapigroup.com\/es\/production-caps\/destilados-es\/scr-wood\/\" class=\"woocommerce-LoopProduct-link woocommerce-loop-product__link\">SCR Wood<\/a><\/h2>\n<\/div><\/li>\n<li class=\"product type-product post-13801 status-publish instock product_cat-destilados-es has-post-thumbnail shipping-taxable product-type-simple\">\n\t<div class='woo_product_image shop_media'><div class='picture'><a class='woo_post-link' href='https:\/\/tapigroup.com\/es\/production-caps\/destilados-es\/speakeasy\/'><img loading=\"lazy\" decoding=\"async\" width=\"540\" height=\"720\" src=\"https:\/\/tapigroup.com\/wp-content\/uploads\/2020\/05\/Mixologist-540x720.jpg\" class=\"attachment-woocommerce_thumbnail size-woocommerce_thumbnail\" alt=\"Speakeasy craft spirits condiments wood\" \/><img loading=\"lazy\" decoding=\"async\" width=\"1063\" height=\"1651\" src=\"https:\/\/tapigroup.com\/wp-content\/uploads\/2020\/05\/Speakeasy.jpg\" class=\"attachment-shop_catalog size-shop_catalog\" alt=\"Speakeasy craft\" \/><\/a>\t<span id=\"woocommerce_loop_add_to_cart_link_describedby_13801\" class=\"screen-reader-text\">\n\t\t\t<\/span>\n<\/div><\/div><div class='woo_product_content'><h2 class=\"woocommerce-loop-product__title\"><a href=\"https:\/\/tapigroup.com\/es\/production-caps\/destilados-es\/speakeasy\/\" class=\"woocommerce-LoopProduct-link woocommerce-loop-product__link\">Speakeasy<\/a><\/h2>\n<\/div><\/li>\n<li class=\"product type-product post-12821 status-publish last instock product_cat-cosmetica-es product_cat-destilados-es product_tag-aluminio-es product_tag-collection-es product_tag-tapon-en-t-es has-post-thumbnail shipping-taxable product-type-simple\">\n\t<div class='woo_product_image shop_media'><div class='picture'><a class='woo_post-link' href='https:\/\/tapigroup.com\/es\/production-caps\/destilados-es\/starcap\/'><img loading=\"lazy\" decoding=\"async\" width=\"540\" height=\"720\" src=\"https:\/\/tapigroup.com\/wp-content\/uploads\/2023\/01\/Starcap_craft-540x720.jpg\" class=\"attachment-woocommerce_thumbnail size-woocommerce_thumbnail\" alt=\"Starcap craft spirits condiments cosmetics aluminium\" \/><img loading=\"lazy\" decoding=\"async\" width=\"1063\" height=\"1651\" src=\"https:\/\/tapigroup.com\/wp-content\/uploads\/2020\/01\/Starcap_1-1.jpg\" class=\"attachment-shop_catalog size-shop_catalog\" alt=\"Starcap craft\" \/><\/a>\t<span id=\"woocommerce_loop_add_to_cart_link_describedby_12821\" class=\"screen-reader-text\">\n\t\t\t<\/span>\n<\/div><\/div><div class='woo_product_content'><h2 class=\"woocommerce-loop-product__title\"><a href=\"https:\/\/tapigroup.com\/es\/production-caps\/destilados-es\/starcap\/\" class=\"woocommerce-LoopProduct-link woocommerce-loop-product__link\">Starcap<\/a><\/h2>\n<\/div><\/li>\n<li class=\"product type-product post-12833 status-publish first instock product_cat-cosmetica-es product_cat-destilados-es product_tag-collection-es product_tag-madera-es product_tag-tapon-en-t-es has-post-thumbnail shipping-taxable product-type-simple\">\n\t<div class='woo_product_image shop_media'><div class='picture'><a class='woo_post-link' href='https:\/\/tapigroup.com\/es\/production-caps\/destilados-es\/t-wood\/'><img loading=\"lazy\" decoding=\"async\" width=\"540\" height=\"720\" src=\"https:\/\/tapigroup.com\/wp-content\/uploads\/2023\/01\/T-Wood_craft-540x720.jpg\" class=\"attachment-woocommerce_thumbnail size-woocommerce_thumbnail\" alt=\"T-wood craft spirits condiments cosmetics wood\" \/><img loading=\"lazy\" decoding=\"async\" width=\"1063\" height=\"1651\" src=\"https:\/\/tapigroup.com\/wp-content\/uploads\/2020\/01\/T-wood_3.jpg\" class=\"attachment-shop_catalog size-shop_catalog\" alt=\"T-wood craft\" \/><\/a>\t<span id=\"woocommerce_loop_add_to_cart_link_describedby_12833\" class=\"screen-reader-text\">\n\t\t\t<\/span>\n<\/div><\/div><div class='woo_product_content'><h2 class=\"woocommerce-loop-product__title\"><a href=\"https:\/\/tapigroup.com\/es\/production-caps\/destilados-es\/t-wood\/\" class=\"woocommerce-LoopProduct-link woocommerce-loop-product__link\">T-Wood<\/a><\/h2>\n<\/div><\/li>\n<\/ul>\n<\/div>\t\t\t\t<\/div>\n\t\t\t\t<\/div>\n\t\t\t\t\t<\/div>\n\t\t<\/div>\n\t\t\t\t\t<\/div>\n\t\t<\/section>\n\t\t\t\t<\/div>\n\t\t","protected":false},"excerpt":{"rendered":"<p>CRAFT WORLDS Status Planet Style Gourmet Craft INDUSTRY Destilados Condimento Cerveza Cosm\u00e9tica Vino MATERIALES Aluminio Cer\u00e0mica Madera Pl\u00e0stico Plastico Transparente Materiales Especiales PRODUCTS FILTER WORLDS Status Planet Style Gourmet Craft INDUSTRY Destilados Condimento Cerveza Cosm\u00e9tica Vino MATERIALI Aluminio Cer\u00e0mica Madera Pl\u00e0stico Plastico Transparente Materiales Especiales<\/p>\n","protected":false},"author":1,"featured_media":0,"parent":14153,"menu_order":0,"comment_status":"closed","ping_status":"closed","template":"","meta":{"footnotes":""},"class_list":["post-38920","page","type-page","status-publish","hentry"],"yoast_head":"<!-- This site is optimized with the Yoast SEO plugin v27.2 - https:\/\/yoast.com\/product\/yoast-seo-wordpress\/ -->\n<title>CRAFT - Tap\u00ec Group<\/title>\n<meta name=\"robots\" content=\"index, follow, max-snippet:-1, max-image-preview:large, max-video-preview:-1\" \/>\n<link rel=\"canonical\" href=\"https:\/\/tapigroup.com\/es\/productos\/craft\/\" \/>\n<meta property=\"og:locale\" content=\"es_ES\" \/>\n<meta property=\"og:type\" content=\"article\" \/>\n<meta property=\"og:title\" content=\"CRAFT - Tap\u00ec Group\" \/>\n<meta property=\"og:description\" content=\"CRAFT WORLDS Status Planet Style Gourmet Craft INDUSTRY Destilados Condimento Cerveza Cosm\u00e9tica Vino MATERIALES Aluminio Cer\u00e0mica Madera Pl\u00e0stico Plastico Transparente Materiales Especiales PRODUCTS FILTER WORLDS Status Planet Style Gourmet Craft INDUSTRY Destilados Condimento Cerveza Cosm\u00e9tica Vino MATERIALI Aluminio Cer\u00e0mica Madera Pl\u00e0stico Plastico Transparente Materiales Especiales\" \/>\n<meta property=\"og:url\" content=\"https:\/\/tapigroup.com\/es\/productos\/craft\/\" \/>\n<meta property=\"og:site_name\" content=\"Tap\u00ec Group\" \/>\n<meta property=\"article:modified_time\" content=\"2023-12-01T08:54:04+00:00\" \/>\n<meta name=\"twitter:card\" content=\"summary_large_image\" \/>\n<meta name=\"twitter:label1\" content=\"Tiempo de lectura\" \/>\n\t<meta name=\"twitter:data1\" content=\"3 minutos\" \/>\n<script type=\"application\/ld+json\" class=\"yoast-schema-graph\">{\"@context\":\"https:\/\/schema.org\",\"@graph\":[{\"@type\":\"WebPage\",\"@id\":\"https:\/\/tapigroup.com\/es\/productos\/craft\/\",\"url\":\"https:\/\/tapigroup.com\/es\/productos\/craft\/\",\"name\":\"CRAFT - Tap\u00ec Group\",\"isPartOf\":{\"@id\":\"https:\/\/tapigroup.com\/es\/#website\"},\"datePublished\":\"2023-11-24T11:25:01+00:00\",\"dateModified\":\"2023-12-01T08:54:04+00:00\",\"breadcrumb\":{\"@id\":\"https:\/\/tapigroup.com\/es\/productos\/craft\/#breadcrumb\"},\"inLanguage\":\"es\",\"potentialAction\":[{\"@type\":\"ReadAction\",\"target\":[\"https:\/\/tapigroup.com\/es\/productos\/craft\/\"]}]},{\"@type\":\"BreadcrumbList\",\"@id\":\"https:\/\/tapigroup.com\/es\/productos\/craft\/#breadcrumb\",\"itemListElement\":[{\"@type\":\"ListItem\",\"position\":1,\"name\":\"prodotti\",\"item\":\"https:\/\/tapigroup.com\/es\/productos\/\"},{\"@type\":\"ListItem\",\"position\":2,\"name\":\"CRAFT\"}]},{\"@type\":\"WebSite\",\"@id\":\"https:\/\/tapigroup.com\/es\/#website\",\"url\":\"https:\/\/tapigroup.com\/es\/\",\"name\":\"Tap\u00ec Group\",\"description\":\"Made to be Opened\",\"potentialAction\":[{\"@type\":\"SearchAction\",\"target\":{\"@type\":\"EntryPoint\",\"urlTemplate\":\"https:\/\/tapigroup.com\/es\/?s={search_term_string}\"},\"query-input\":{\"@type\":\"PropertyValueSpecification\",\"valueRequired\":true,\"valueName\":\"search_term_string\"}}],\"inLanguage\":\"es\"}]}<\/script>\n<!-- \/ Yoast SEO plugin. -->","yoast_head_json":{"title":"CRAFT - Tap\u00ec Group","robots":{"index":"index","follow":"follow","max-snippet":"max-snippet:-1","max-image-preview":"max-image-preview:large","max-video-preview":"max-video-preview:-1"},"canonical":"https:\/\/tapigroup.com\/es\/productos\/craft\/","og_locale":"es_ES","og_type":"article","og_title":"CRAFT - Tap\u00ec Group","og_description":"CRAFT WORLDS Status Planet Style Gourmet Craft INDUSTRY Destilados Condimento Cerveza Cosm\u00e9tica Vino MATERIALES Aluminio Cer\u00e0mica Madera Pl\u00e0stico Plastico Transparente Materiales Especiales PRODUCTS FILTER WORLDS Status Planet Style Gourmet Craft INDUSTRY Destilados Condimento Cerveza Cosm\u00e9tica Vino MATERIALI Aluminio Cer\u00e0mica Madera Pl\u00e0stico Plastico Transparente Materiales Especiales","og_url":"https:\/\/tapigroup.com\/es\/productos\/craft\/","og_site_name":"Tap\u00ec Group","article_modified_time":"2023-12-01T08:54:04+00:00","twitter_card":"summary_large_image","twitter_misc":{"Tiempo de lectura":"3 minutos"},"schema":{"@context":"https:\/\/schema.org","@graph":[{"@type":"WebPage","@id":"https:\/\/tapigroup.com\/es\/productos\/craft\/","url":"https:\/\/tapigroup.com\/es\/productos\/craft\/","name":"CRAFT - Tap\u00ec Group","isPartOf":{"@id":"https:\/\/tapigroup.com\/es\/#website"},"datePublished":"2023-11-24T11:25:01+00:00","dateModified":"2023-12-01T08:54:04+00:00","breadcrumb":{"@id":"https:\/\/tapigroup.com\/es\/productos\/craft\/#breadcrumb"},"inLanguage":"es","potentialAction":[{"@type":"ReadAction","target":["https:\/\/tapigroup.com\/es\/productos\/craft\/"]}]},{"@type":"BreadcrumbList","@id":"https:\/\/tapigroup.com\/es\/productos\/craft\/#breadcrumb","itemListElement":[{"@type":"ListItem","position":1,"name":"prodotti","item":"https:\/\/tapigroup.com\/es\/productos\/"},{"@type":"ListItem","position":2,"name":"CRAFT"}]},{"@type":"WebSite","@id":"https:\/\/tapigroup.com\/es\/#website","url":"https:\/\/tapigroup.com\/es\/","name":"Tap\u00ec Group","description":"Made to be Opened","potentialAction":[{"@type":"SearchAction","target":{"@type":"EntryPoint","urlTemplate":"https:\/\/tapigroup.com\/es\/?s={search_term_string}"},"query-input":{"@type":"PropertyValueSpecification","valueRequired":true,"valueName":"search_term_string"}}],"inLanguage":"es"}]}},"_links":{"self":[{"href":"https:\/\/tapigroup.com\/es\/wp-json\/wp\/v2\/pages\/38920","targetHints":{"allow":["GET"]}}],"collection":[{"href":"https:\/\/tapigroup.com\/es\/wp-json\/wp\/v2\/pages"}],"about":[{"href":"https:\/\/tapigroup.com\/es\/wp-json\/wp\/v2\/types\/page"}],"author":[{"embeddable":true,"href":"https:\/\/tapigroup.com\/es\/wp-json\/wp\/v2\/users\/1"}],"replies":[{"embeddable":true,"href":"https:\/\/tapigroup.com\/es\/wp-json\/wp\/v2\/comments?post=38920"}],"version-history":[{"count":19,"href":"https:\/\/tapigroup.com\/es\/wp-json\/wp\/v2\/pages\/38920\/revisions"}],"predecessor-version":[{"id":39848,"href":"https:\/\/tapigroup.com\/es\/wp-json\/wp\/v2\/pages\/38920\/revisions\/39848"}],"up":[{"embeddable":true,"href":"https:\/\/tapigroup.com\/es\/wp-json\/wp\/v2\/pages\/14153"}],"wp:attachment":[{"href":"https:\/\/tapigroup.com\/es\/wp-json\/wp\/v2\/media?parent=38920"}],"curies":[{"name":"wp","href":"https:\/\/api.w.org\/{rel}","templated":true}]}}