{"id":14200,"date":"2019-12-30T11:58:16","date_gmt":"2019-12-30T10:58:16","guid":{"rendered":"http:\/\/tapigroup.com\/productos\/beer\/"},"modified":"2023-12-01T09:50:51","modified_gmt":"2023-12-01T08:50:51","slug":"cerveza","status":"publish","type":"page","link":"https:\/\/tapigroup.com\/es\/productos\/cerveza\/","title":{"rendered":"CERVEZA"},"content":{"rendered":"\t\t<div data-elementor-type=\"wp-page\" data-elementor-id=\"14200\" class=\"elementor elementor-14200 elementor-394\" data-elementor-post-type=\"page\">\n\t\t\t\t\t\t<section class=\"elementor-section elementor-top-section elementor-element elementor-element-686f6db elementor-section-height-min-height elementor-section-boxed elementor-section-height-default elementor-section-items-middle\" data-id=\"686f6db\" data-element_type=\"section\" data-e-type=\"section\" data-settings=\"{&quot;background_background&quot;:&quot;classic&quot;}\">\n\t\t\t\t\t\t<div class=\"elementor-container elementor-column-gap-default\">\n\t\t\t\t\t<div class=\"elementor-column elementor-col-100 elementor-top-column elementor-element elementor-element-390eedd\" data-id=\"390eedd\" data-element_type=\"column\" data-e-type=\"column\">\n\t\t\t<div class=\"elementor-widget-wrap elementor-element-populated\">\n\t\t\t\t\t\t<div class=\"elementor-element elementor-element-7168d44 elementor-widget elementor-widget-heading\" data-id=\"7168d44\" data-element_type=\"widget\" data-e-type=\"widget\" data-widget_type=\"heading.default\">\n\t\t\t\t<div class=\"elementor-widget-container\">\n\t\t\t\t\t<h2 class=\"elementor-heading-title elementor-size-default\">CERVEZA<\/h2>\t\t\t\t<\/div>\n\t\t\t\t<\/div>\n\t\t\t\t\t<\/div>\n\t\t<\/div>\n\t\t\t\t\t<\/div>\n\t\t<\/section>\n\t\t\t\t<section class=\"elementor-section elementor-top-section elementor-element elementor-element-d3ab961 elementor-section-boxed elementor-section-height-default elementor-section-height-default\" data-id=\"d3ab961\" data-element_type=\"section\" data-e-type=\"section\">\n\t\t\t\t\t\t<div class=\"elementor-container elementor-column-gap-default\">\n\t\t\t\t\t<div class=\"elementor-column elementor-col-33 elementor-top-column elementor-element elementor-element-1c6ba74\" data-id=\"1c6ba74\" data-element_type=\"column\" data-e-type=\"column\">\n\t\t\t<div class=\"elementor-widget-wrap elementor-element-populated\">\n\t\t\t\t\t\t<div class=\"elementor-element elementor-element-9ce08f0 elementor-hidden-tablet elementor-hidden-mobile elementor-widget elementor-widget-heading\" data-id=\"9ce08f0\" data-element_type=\"widget\" data-e-type=\"widget\" data-widget_type=\"heading.default\">\n\t\t\t\t<div class=\"elementor-widget-container\">\n\t\t\t\t\t<h5 class=\"elementor-heading-title elementor-size-default\">WORLDS<\/h5>\t\t\t\t<\/div>\n\t\t\t\t<\/div>\n\t\t\t\t<div class=\"elementor-element elementor-element-88921fb elementor-hidden-tablet elementor-hidden-mobile elementor-widget elementor-widget-text-editor\" data-id=\"88921fb\" data-element_type=\"widget\" data-e-type=\"widget\" data-widget_type=\"text-editor.default\">\n\t\t\t\t<div class=\"elementor-widget-container\">\n\t\t\t\t\t\t\t\t\t<ul style=\"color: #fff;\">\n \t<li><a style=\"color: #fff;\" href=\"https:\/\/tapigroup.com\/es\/productos\/status\/\">Status<\/a><\/li>\n \t<li><a style=\"color: #fff;\" href=\"https:\/\/tapigroup.com\/es\/productos\/planet\/\">Planet<\/a><\/li>\n \t<li><a style=\"color: #fff;\" href=\"https:\/\/tapigroup.com\/es\/productos\/style\/\">Style<\/a><\/li>\n \t<li><a style=\"color: #fff;\" href=\"https:\/\/tapigroup.com\/es\/productos\/gourmet\/\">Gourmet<\/a><\/li>\n \t<li><a style=\"color: #fff;\" href=\"https:\/\/tapigroup.com\/es\/productos\/craft\/\">Craft<\/a><\/li>\n<\/ul>\t\t\t\t\t\t\t\t<\/div>\n\t\t\t\t<\/div>\n\t\t\t\t<div class=\"elementor-element elementor-element-e679e53 elementor-hidden-tablet elementor-hidden-mobile elementor-widget elementor-widget-heading\" data-id=\"e679e53\" data-element_type=\"widget\" data-e-type=\"widget\" data-widget_type=\"heading.default\">\n\t\t\t\t<div class=\"elementor-widget-container\">\n\t\t\t\t\t<h5 class=\"elementor-heading-title elementor-size-default\">INDUSTRY<\/h5>\t\t\t\t<\/div>\n\t\t\t\t<\/div>\n\t\t\t\t<div class=\"elementor-element elementor-element-4d39f5d elementor-hidden-tablet elementor-hidden-mobile elementor-widget elementor-widget-text-editor\" data-id=\"4d39f5d\" data-element_type=\"widget\" data-e-type=\"widget\" data-widget_type=\"text-editor.default\">\n\t\t\t\t<div class=\"elementor-widget-container\">\n\t\t\t\t\t\t\t\t\t<ul style=\"color: #fff;\">\n \t<li><a style=\"color: #fff;\" href=\"https:\/\/tapigroup.com\/es\/productos\/destilados\/\">Destilados<\/a><\/li>\n \t<li><a style=\"color: #fff;\" href=\"https:\/\/tapigroup.com\/es\/productos\/condimentos\/\">Condimento<\/a><\/li>\n \t<li><a style=\"color: #fff;\" href=\"https:\/\/tapigroup.com\/es\/productos\/cerveza\/\">Cerveza<\/a><\/li>\n \t<li><a style=\"color: #fff;\" href=\"https:\/\/tapigroup.com\/es\/productos\/cosmetica\/\">Cosm\u00e9tica<\/a><\/li>\n \t<li><a style=\"color: #fff;\" href=\"https:\/\/tapigroup.com\/es\/productos\/vino\/\">Vino<\/a><\/li>\n<\/ul>\t\t\t\t\t\t\t\t<\/div>\n\t\t\t\t<\/div>\n\t\t\t\t<div class=\"elementor-element elementor-element-145c493 elementor-hidden-tablet elementor-hidden-mobile elementor-widget elementor-widget-heading\" data-id=\"145c493\" data-element_type=\"widget\" data-e-type=\"widget\" data-widget_type=\"heading.default\">\n\t\t\t\t<div class=\"elementor-widget-container\">\n\t\t\t\t\t<h5 class=\"elementor-heading-title elementor-size-default\">MATERIALES<\/h5>\t\t\t\t<\/div>\n\t\t\t\t<\/div>\n\t\t\t\t<div class=\"elementor-element elementor-element-b125c75 elementor-hidden-tablet elementor-hidden-mobile elementor-widget elementor-widget-text-editor\" data-id=\"b125c75\" data-element_type=\"widget\" data-e-type=\"widget\" data-widget_type=\"text-editor.default\">\n\t\t\t\t<div class=\"elementor-widget-container\">\n\t\t\t\t\t\t\t\t\t<ul style=\"color: #fff;\">\n \t<li><a style=\"color: #fff;\" href=\"https:\/\/tapigroup.com\/es\/productos\/aluminio\/\">Aluminio<\/a><\/li>\n \t<li><a style=\"color: #fff;\" href=\"https:\/\/tapigroup.com\/es\/productos\/ceramica\/\">Cer\u00e0mica<\/a><\/li>\n \t<li><a style=\"color: #fff;\" href=\"https:\/\/tapigroup.com\/es\/productos\/madera\/\">Madera<\/a><\/li>\n \t<li><a style=\"color: #fff;\" href=\"https:\/\/tapigroup.com\/es\/productos\/plastico\/\">Pl\u00e0stico<\/a><\/li>\n \t<li><a style=\"color: #fff;\" href=\"https:\/\/tapigroup.com\/es\/productos\/plastico-transparente\/\">Plastico Transparente<\/a><\/li>\n \t<li><a style=\"color: #fff;\" href=\"https:\/\/tapigroup.com\/es\/productos\/materiales-especiales\/\">Materiales Especiales<\/a><\/li>\n<\/ul>\t\t\t\t\t\t\t\t<\/div>\n\t\t\t\t<\/div>\n\t\t\t\t<div class=\"elementor-element elementor-element-a39ac08 elementor-hidden-desktop elementor-widget elementor-widget-wgl-toggle-accordion\" data-id=\"a39ac08\" data-element_type=\"widget\" data-e-type=\"widget\" data-widget_type=\"wgl-toggle-accordion.default\">\n\t\t\t\t<div class=\"elementor-widget-container\">\n\t\t\t\t\t        <div class=\"wgl-accordion icon-def\" id=\"wgl-accordion-a39ac08\" data-type=\"accordion\">\r\n\r\n                            <div class=\"wgl-accordion_panel\">\r\n                    <h4 id=\"wgl-accordion_header-1711\" class=\"wgl-accordion_header\" data-default=\"yes\">\r\n                        <span class=\"wgl-accordion_title\">PRODUCTS FILTER<\/span>\r\n                        <i class=\"wgl-accordion_icon \"><\/i>                    <\/h4>\r\n                    <div class=\"wgl-accordion_content\"><h5>WORLDS<\/h5>\n<ul style=\"color: #fff;\">\n \t<li><a style=\"color: #fff;\" href=\"https:\/\/tapigroup.com\/es\/productos\/status\/\">Status<\/a><\/li>\n \t<li><a style=\"color: #fff;\" href=\"https:\/\/tapigroup.com\/es\/productos\/planet\/\">Planet<\/a><\/li>\n \t<li><a style=\"color: #fff;\" href=\"https:\/\/tapigroup.com\/es\/productos\/style\/\">Style<\/a><\/li>\n \t<li><a style=\"color: #fff;\" href=\"https:\/\/tapigroup.com\/es\/productos\/gourmet\/\">Gourmet<\/a><\/li>\n \t<li><a style=\"color: #fff;\" href=\"https:\/\/tapigroup.com\/es\/productos\/craft\/\">Craft<\/a><\/li>\n<\/ul>\n<h5>INDUSTRY<\/h5>\n<ul style=\"color: #fff;\">\n \t<li><a style=\"color: #fff;\" href=\"https:\/\/tapigroup.com\/es\/productos\/destilados\/\">Destilados<\/a><\/li>\n \t<li><a style=\"color: #fff;\" href=\"https:\/\/tapigroup.com\/es\/productos\/condimentos\/\">Condimento<\/a><\/li>\n \t<li><a style=\"color: #fff;\" href=\"https:\/\/tapigroup.com\/es\/productos\/cerveza\/\">Cerveza<\/a><\/li>\n \t<li><a style=\"color: #fff;\" href=\"https:\/\/tapigroup.com\/es\/productos\/cosmetica\/\">Cosm\u00e9tica<\/a><\/li>\n \t<li><a style=\"color: #fff;\" href=\"https:\/\/tapigroup.com\/es\/productos\/vino\/\">Vino<\/a><\/li>\n<\/ul>\n<h5>MATERIALI<\/h5>\n<ul style=\"color: #fff;\">\n \t<li><a style=\"color: #fff;\" href=\"https:\/\/tapigroup.com\/es\/productos\/aluminio\/\">Aluminio<\/a><\/li>\n \t<li><a style=\"color: #fff;\" href=\"https:\/\/tapigroup.com\/es\/productos\/ceramica\/\">Cer\u00e0mica<\/a><\/li>\n \t<li><a style=\"color: #fff;\" href=\"https:\/\/tapigroup.com\/es\/productos\/madera\/\">Madera<\/a><\/li>\n \t<li><a style=\"color: #fff;\" href=\"https:\/\/tapigroup.com\/es\/productos\/plastico\/\">Pl\u00e0stico<\/a><\/li>\n \t<li><a style=\"color: #fff;\" href=\"https:\/\/tapigroup.com\/es\/productos\/plastico-transparente\/\">Plastico Transparente<\/a><\/li>\n \t<li><a style=\"color: #fff;\" href=\"https:\/\/tapigroup.com\/es\/productos\/materiales-especiales\/\">Materiales Especiales<\/a><\/li>\n<\/ul><\/div>\r\n                <\/div>\r\n            \r\n        <\/div>\r\n        \t\t\t\t<\/div>\n\t\t\t\t<\/div>\n\t\t\t\t\t<\/div>\n\t\t<\/div>\n\t\t\t\t<div class=\"elementor-column elementor-col-66 elementor-top-column elementor-element elementor-element-e64eefb\" data-id=\"e64eefb\" data-element_type=\"column\" data-e-type=\"column\">\n\t\t\t<div class=\"elementor-widget-wrap elementor-element-populated\">\n\t\t\t\t\t\t<div class=\"elementor-element elementor-element-eff65a7 elementor-grid-4 elementor-grid-tablet-3 elementor-grid-mobile-2 elementor-products-grid elementor-wc-products elementor-widget elementor-widget-woocommerce-products\" data-id=\"eff65a7\" data-element_type=\"widget\" data-e-type=\"widget\" data-widget_type=\"woocommerce-products.default\">\n\t\t\t\t<div class=\"elementor-widget-container\">\n\t\t\t\t\t<div class=\"woocommerce columns-4 \"><ul class=\"wgl-products appear-animation anim-slide-left\"><li class=\"product type-product post-11983 status-publish first instock product_cat-cerveza-es product_cat-condimentos-es product_cat-destilados-es product_cat-vino-es product_tag-plastico-es product_tag-revo-es product_tag-tapon-mecanico-es has-post-thumbnail shipping-taxable product-type-simple\">\n\t<div class='woo_product_image shop_media'><div class='picture'><a class='woo_post-link' href='https:\/\/tapigroup.com\/es\/production-caps\/cerveza-es\/mekano\/'><img fetchpriority=\"high\" decoding=\"async\" width=\"540\" height=\"720\" src=\"https:\/\/tapigroup.com\/wp-content\/uploads\/2023\/01\/Mekano_style-540x720.jpg\" class=\"attachment-woocommerce_thumbnail size-woocommerce_thumbnail\" alt=\"style beer wine spirits condiments plastics\" \/><img decoding=\"async\" width=\"1063\" height=\"1651\" src=\"https:\/\/tapigroup.com\/wp-content\/uploads\/2020\/01\/Mekano_style_1.jpg\" class=\"attachment-shop_catalog size-shop_catalog\" alt=\"Mekano style\" \/><\/a>\t<span id=\"woocommerce_loop_add_to_cart_link_describedby_11983\" class=\"screen-reader-text\">\n\t\t\t<\/span>\n<\/div><\/div><div class='woo_product_content'><h2 class=\"woocommerce-loop-product__title\"><a href=\"https:\/\/tapigroup.com\/es\/production-caps\/cerveza-es\/mekano\/\" class=\"woocommerce-LoopProduct-link woocommerce-loop-product__link\">Mekano<\/a><\/h2>\n<\/div><\/li>\n<\/ul>\n<\/div>\t\t\t\t<\/div>\n\t\t\t\t<\/div>\n\t\t\t\t\t<\/div>\n\t\t<\/div>\n\t\t\t\t\t<\/div>\n\t\t<\/section>\n\t\t\t\t<\/div>\n\t\t","protected":false},"excerpt":{"rendered":"<p>CERVEZA WORLDS Status Planet Style Gourmet Craft INDUSTRY Destilados Condimento Cerveza Cosm\u00e9tica Vino MATERIALES Aluminio Cer\u00e0mica Madera Pl\u00e0stico Plastico Transparente Materiales Especiales PRODUCTS FILTER WORLDS Status Planet Style Gourmet Craft INDUSTRY Destilados Condimento Cerveza Cosm\u00e9tica Vino MATERIALI Aluminio Cer\u00e0mica Madera Pl\u00e0stico Plastico Transparente Materiales Especiales<\/p>\n","protected":false},"author":1,"featured_media":0,"parent":14153,"menu_order":0,"comment_status":"closed","ping_status":"closed","template":"","meta":{"footnotes":""},"class_list":["post-14200","page","type-page","status-publish","hentry"],"yoast_head":"<!-- This site is optimized with the Yoast SEO plugin v27.2 - https:\/\/yoast.com\/product\/yoast-seo-wordpress\/ -->\n<title>Producci\u00f3n Tapones para Cerveza | Tap\u00ec<\/title>\n<meta name=\"description\" content=\"Somos Productores de Tapones para Botellas de Cerveza. Dise\u00f1o y soluciones innovadoras para el packaging de tu Cerveza. Cont\u00e1ctanos.\" \/>\n<meta name=\"robots\" content=\"index, follow, max-snippet:-1, max-image-preview:large, max-video-preview:-1\" \/>\n<link rel=\"canonical\" href=\"https:\/\/tapigroup.com\/es\/productos\/cerveza\/\" \/>\n<meta property=\"og:locale\" content=\"es_ES\" \/>\n<meta property=\"og:type\" content=\"article\" \/>\n<meta property=\"og:title\" content=\"Producci\u00f3n Tapones para Cerveza | Tap\u00ec\" \/>\n<meta property=\"og:description\" content=\"Somos Productores de Tapones para Botellas de Cerveza. Dise\u00f1o y soluciones innovadoras para el packaging de tu Cerveza. Cont\u00e1ctanos.\" \/>\n<meta property=\"og:url\" content=\"https:\/\/tapigroup.com\/es\/productos\/cerveza\/\" \/>\n<meta property=\"og:site_name\" content=\"Tap\u00ec Group\" \/>\n<meta property=\"article:modified_time\" content=\"2023-12-01T08:50:51+00:00\" \/>\n<meta name=\"twitter:card\" content=\"summary_large_image\" \/>\n<meta name=\"twitter:label1\" content=\"Tiempo de lectura\" \/>\n\t<meta name=\"twitter:data1\" content=\"1 minuto\" \/>\n<script type=\"application\/ld+json\" class=\"yoast-schema-graph\">{\"@context\":\"https:\/\/schema.org\",\"@graph\":[{\"@type\":\"WebPage\",\"@id\":\"https:\/\/tapigroup.com\/es\/productos\/cerveza\/\",\"url\":\"https:\/\/tapigroup.com\/es\/productos\/cerveza\/\",\"name\":\"Producci\u00f3n Tapones para Cerveza | Tap\u00ec\",\"isPartOf\":{\"@id\":\"https:\/\/tapigroup.com\/es\/#website\"},\"datePublished\":\"2019-12-30T10:58:16+00:00\",\"dateModified\":\"2023-12-01T08:50:51+00:00\",\"description\":\"Somos Productores de Tapones para Botellas de Cerveza. Dise\u00f1o y soluciones innovadoras para el packaging de tu Cerveza. Cont\u00e1ctanos.\",\"breadcrumb\":{\"@id\":\"https:\/\/tapigroup.com\/es\/productos\/cerveza\/#breadcrumb\"},\"inLanguage\":\"es\",\"potentialAction\":[{\"@type\":\"ReadAction\",\"target\":[\"https:\/\/tapigroup.com\/es\/productos\/cerveza\/\"]}]},{\"@type\":\"BreadcrumbList\",\"@id\":\"https:\/\/tapigroup.com\/es\/productos\/cerveza\/#breadcrumb\",\"itemListElement\":[{\"@type\":\"ListItem\",\"position\":1,\"name\":\"prodotti\",\"item\":\"https:\/\/tapigroup.com\/es\/productos\/\"},{\"@type\":\"ListItem\",\"position\":2,\"name\":\"CERVEZA\"}]},{\"@type\":\"WebSite\",\"@id\":\"https:\/\/tapigroup.com\/es\/#website\",\"url\":\"https:\/\/tapigroup.com\/es\/\",\"name\":\"Tap\u00ec Group\",\"description\":\"Made to be Opened\",\"potentialAction\":[{\"@type\":\"SearchAction\",\"target\":{\"@type\":\"EntryPoint\",\"urlTemplate\":\"https:\/\/tapigroup.com\/es\/?s={search_term_string}\"},\"query-input\":{\"@type\":\"PropertyValueSpecification\",\"valueRequired\":true,\"valueName\":\"search_term_string\"}}],\"inLanguage\":\"es\"}]}<\/script>\n<!-- \/ Yoast SEO plugin. -->","yoast_head_json":{"title":"Producci\u00f3n Tapones para Cerveza | Tap\u00ec","description":"Somos Productores de Tapones para Botellas de Cerveza. Dise\u00f1o y soluciones innovadoras para el packaging de tu Cerveza. Cont\u00e1ctanos.","robots":{"index":"index","follow":"follow","max-snippet":"max-snippet:-1","max-image-preview":"max-image-preview:large","max-video-preview":"max-video-preview:-1"},"canonical":"https:\/\/tapigroup.com\/es\/productos\/cerveza\/","og_locale":"es_ES","og_type":"article","og_title":"Producci\u00f3n Tapones para Cerveza | Tap\u00ec","og_description":"Somos Productores de Tapones para Botellas de Cerveza. Dise\u00f1o y soluciones innovadoras para el packaging de tu Cerveza. Cont\u00e1ctanos.","og_url":"https:\/\/tapigroup.com\/es\/productos\/cerveza\/","og_site_name":"Tap\u00ec Group","article_modified_time":"2023-12-01T08:50:51+00:00","twitter_card":"summary_large_image","twitter_misc":{"Tiempo de lectura":"1 minuto"},"schema":{"@context":"https:\/\/schema.org","@graph":[{"@type":"WebPage","@id":"https:\/\/tapigroup.com\/es\/productos\/cerveza\/","url":"https:\/\/tapigroup.com\/es\/productos\/cerveza\/","name":"Producci\u00f3n Tapones para Cerveza | Tap\u00ec","isPartOf":{"@id":"https:\/\/tapigroup.com\/es\/#website"},"datePublished":"2019-12-30T10:58:16+00:00","dateModified":"2023-12-01T08:50:51+00:00","description":"Somos Productores de Tapones para Botellas de Cerveza. Dise\u00f1o y soluciones innovadoras para el packaging de tu Cerveza. Cont\u00e1ctanos.","breadcrumb":{"@id":"https:\/\/tapigroup.com\/es\/productos\/cerveza\/#breadcrumb"},"inLanguage":"es","potentialAction":[{"@type":"ReadAction","target":["https:\/\/tapigroup.com\/es\/productos\/cerveza\/"]}]},{"@type":"BreadcrumbList","@id":"https:\/\/tapigroup.com\/es\/productos\/cerveza\/#breadcrumb","itemListElement":[{"@type":"ListItem","position":1,"name":"prodotti","item":"https:\/\/tapigroup.com\/es\/productos\/"},{"@type":"ListItem","position":2,"name":"CERVEZA"}]},{"@type":"WebSite","@id":"https:\/\/tapigroup.com\/es\/#website","url":"https:\/\/tapigroup.com\/es\/","name":"Tap\u00ec Group","description":"Made to be Opened","potentialAction":[{"@type":"SearchAction","target":{"@type":"EntryPoint","urlTemplate":"https:\/\/tapigroup.com\/es\/?s={search_term_string}"},"query-input":{"@type":"PropertyValueSpecification","valueRequired":true,"valueName":"search_term_string"}}],"inLanguage":"es"}]}},"_links":{"self":[{"href":"https:\/\/tapigroup.com\/es\/wp-json\/wp\/v2\/pages\/14200","targetHints":{"allow":["GET"]}}],"collection":[{"href":"https:\/\/tapigroup.com\/es\/wp-json\/wp\/v2\/pages"}],"about":[{"href":"https:\/\/tapigroup.com\/es\/wp-json\/wp\/v2\/types\/page"}],"author":[{"embeddable":true,"href":"https:\/\/tapigroup.com\/es\/wp-json\/wp\/v2\/users\/1"}],"replies":[{"embeddable":true,"href":"https:\/\/tapigroup.com\/es\/wp-json\/wp\/v2\/comments?post=14200"}],"version-history":[{"count":14,"href":"https:\/\/tapigroup.com\/es\/wp-json\/wp\/v2\/pages\/14200\/revisions"}],"predecessor-version":[{"id":39839,"href":"https:\/\/tapigroup.com\/es\/wp-json\/wp\/v2\/pages\/14200\/revisions\/39839"}],"up":[{"embeddable":true,"href":"https:\/\/tapigroup.com\/es\/wp-json\/wp\/v2\/pages\/14153"}],"wp:attachment":[{"href":"https:\/\/tapigroup.com\/es\/wp-json\/wp\/v2\/media?parent=14200"}],"curies":[{"name":"wp","href":"https:\/\/api.w.org\/{rel}","templated":true}]}}