{"id":11839,"date":"2020-05-26T09:12:29","date_gmt":"2020-05-26T07:12:29","guid":{"rendered":"http:\/\/tapigroup.com\/work-with-us\/"},"modified":"2023-06-30T09:45:01","modified_gmt":"2023-06-30T07:45:01","slug":"trabajo-en-tapi","status":"publish","type":"page","link":"https:\/\/tapigroup.com\/es\/trabajo-en-tapi\/","title":{"rendered":"TRABAJO EN TAP\u00cc"},"content":{"rendered":"\t\t<div data-elementor-type=\"wp-page\" data-elementor-id=\"11839\" class=\"elementor elementor-11839 elementor-3184\" data-elementor-post-type=\"page\">\n\t\t\t\t\t\t<section class=\"elementor-section elementor-top-section elementor-element elementor-element-410dadb elementor-section-height-min-height elementor-hidden-tablet elementor-hidden-mobile elementor-section-boxed elementor-section-height-default elementor-section-items-middle\" data-id=\"410dadb\" data-element_type=\"section\" data-e-type=\"section\" data-settings=\"{&quot;background_background&quot;:&quot;classic&quot;}\">\n\t\t\t\t\t\t<div class=\"elementor-container elementor-column-gap-default\">\n\t\t\t\t\t<div class=\"elementor-column elementor-col-100 elementor-top-column elementor-element elementor-element-c79989e\" data-id=\"c79989e\" data-element_type=\"column\" data-e-type=\"column\">\n\t\t\t<div class=\"elementor-widget-wrap\">\n\t\t\t\t\t\t\t<\/div>\n\t\t<\/div>\n\t\t\t\t\t<\/div>\n\t\t<\/section>\n\t\t\t\t<section class=\"elementor-section elementor-top-section elementor-element elementor-element-bee0423 elementor-section-boxed elementor-section-height-default elementor-section-height-default\" data-id=\"bee0423\" data-element_type=\"section\" data-e-type=\"section\" data-settings=\"{&quot;background_background&quot;:&quot;classic&quot;}\">\n\t\t\t\t\t\t<div class=\"elementor-container elementor-column-gap-default\">\n\t\t\t\t\t<div class=\"elementor-column elementor-col-50 elementor-top-column elementor-element elementor-element-91e9ea4\" data-id=\"91e9ea4\" data-element_type=\"column\" data-e-type=\"column\">\n\t\t\t<div class=\"elementor-widget-wrap elementor-element-populated\">\n\t\t\t\t\t\t<div class=\"elementor-element elementor-element-5d474e6 elementor-widget elementor-widget-wgl-double-headings\" data-id=\"5d474e6\" data-element_type=\"widget\" data-e-type=\"widget\" data-widget_type=\"wgl-double-headings.default\">\n\t\t\t\t<div class=\"elementor-widget-container\">\n\t\t\t\t\t<div class=\"wgl-double_heading aleft\">                <h4 class=\"dbl-title_wrapper\"><span class=\"dbl-title dbl-title_1\">OPORTUNIDADES\nDE TRABAJO EN<\/span> <span class=\"dbl-title dbl-title_2\">TAP\u00cc<\/span>                 <\/h4>        <\/div>\t\t\t\t<\/div>\n\t\t\t\t<\/div>\n\t\t\t\t<div class=\"elementor-element elementor-element-efa3aee elementor-widget elementor-widget-text-editor\" data-id=\"efa3aee\" data-element_type=\"widget\" data-e-type=\"widget\" data-widget_type=\"text-editor.default\">\n\t\t\t\t<div class=\"elementor-widget-container\">\n\t\t\t\t\t\t\t\t\t<p>En Tap\u00ec buscamos constantemente nuevos talentos para incorporarlos en nuestros departamentos.<span>\u00a0<\/span><span>Trabajar con nosotros significa entrar a formar parte de una empresa que ofrece grandes oportunidades de crecimiento personal y profesional.<\/span><\/p><p><span>Puede que te estemos buscando precisamente a ti. Rellena el formulario adjuntando tu CV actualizado para enviar tu candidatura.<\/span><\/p>\t\t\t\t\t\t\t\t<\/div>\n\t\t\t\t<\/div>\n\t\t\t\t\t<\/div>\n\t\t<\/div>\n\t\t\t\t<div class=\"elementor-column elementor-col-50 elementor-top-column elementor-element elementor-element-81e3ef5\" data-id=\"81e3ef5\" data-element_type=\"column\" data-e-type=\"column\">\n\t\t\t<div class=\"elementor-widget-wrap elementor-element-populated\">\n\t\t\t\t\t\t<div class=\"elementor-element elementor-element-5d33adf elementor-widget elementor-widget-html\" data-id=\"5d33adf\" data-element_type=\"widget\" data-e-type=\"widget\" data-widget_type=\"html.default\">\n\t\t\t\t<div class=\"elementor-widget-container\">\n\t\t\t\t\t<!--[if lte IE 8]>\r\n<script charset=\"utf-8\" type=\"text\/javascript\" src=\"\/\/js.hsforms.net\/forms\/v2-legacy.js\"><\/script>\r\n<![endif]-->\r\n<script charset=\"utf-8\" type=\"text\/javascript\" src=\"\/\/js.hsforms.net\/forms\/embed\/v2.js\"><\/script>\r\n<script>\r\n  hbspt.forms.create({\r\n    region: \"na1\",\r\n    portalId: \"8480544\",\r\n    formId: \"4d61756e-eb57-415d-a279-5280903a6014\"\r\n  });\r\n<\/script>\t\t\t\t<\/div>\n\t\t\t\t<\/div>\n\t\t\t\t\t<\/div>\n\t\t<\/div>\n\t\t\t\t\t<\/div>\n\t\t<\/section>\n\t\t\t\t<\/div>\n\t\t","protected":false},"excerpt":{"rendered":"<p>OPORTUNIDADES DE TRABAJO EN TAP\u00cc En Tap\u00ec buscamos constantemente nuevos talentos para incorporarlos en nuestros departamentos.\u00a0Trabajar con nosotros significa entrar a formar parte de una empresa que ofrece grandes oportunidades de crecimiento personal y profesional. Puede que te estemos buscando precisamente a ti. Rellena el formulario adjuntando tu CV actualizado para enviar tu candidatura.<\/p>\n","protected":false},"author":1,"featured_media":0,"parent":0,"menu_order":0,"comment_status":"closed","ping_status":"closed","template":"","meta":{"footnotes":""},"class_list":["post-11839","page","type-page","status-publish","hentry"],"yoast_head":"<!-- This site is optimized with the Yoast SEO plugin v27.2 - https:\/\/yoast.com\/product\/yoast-seo-wordpress\/ -->\n<title>TRABAJO EN TAP\u00cc - Tap\u00ec Group<\/title>\n<meta name=\"robots\" content=\"index, follow, max-snippet:-1, max-image-preview:large, max-video-preview:-1\" \/>\n<link rel=\"canonical\" href=\"https:\/\/tapigroup.com\/es\/trabajo-en-tapi\/\" \/>\n<meta property=\"og:locale\" content=\"es_ES\" \/>\n<meta property=\"og:type\" content=\"article\" \/>\n<meta property=\"og:title\" content=\"TRABAJO EN TAP\u00cc - Tap\u00ec Group\" \/>\n<meta property=\"og:description\" content=\"OPORTUNIDADES DE TRABAJO EN TAP\u00cc En Tap\u00ec buscamos constantemente nuevos talentos para incorporarlos en nuestros departamentos.\u00a0Trabajar con nosotros significa entrar a formar parte de una empresa que ofrece grandes oportunidades de crecimiento personal y profesional. Puede que te estemos buscando precisamente a ti. Rellena el formulario adjuntando tu CV actualizado para enviar tu candidatura.\" \/>\n<meta property=\"og:url\" content=\"https:\/\/tapigroup.com\/es\/trabajo-en-tapi\/\" \/>\n<meta property=\"og:site_name\" content=\"Tap\u00ec Group\" \/>\n<meta property=\"article:modified_time\" content=\"2023-06-30T07:45:01+00:00\" \/>\n<meta name=\"twitter:card\" content=\"summary_large_image\" \/>\n<meta name=\"twitter:label1\" content=\"Tiempo de lectura\" \/>\n\t<meta name=\"twitter:data1\" content=\"1 minuto\" \/>\n<script type=\"application\/ld+json\" class=\"yoast-schema-graph\">{\"@context\":\"https:\/\/schema.org\",\"@graph\":[{\"@type\":\"WebPage\",\"@id\":\"https:\/\/tapigroup.com\/es\/trabajo-en-tapi\/\",\"url\":\"https:\/\/tapigroup.com\/es\/trabajo-en-tapi\/\",\"name\":\"TRABAJO EN TAP\u00cc - Tap\u00ec Group\",\"isPartOf\":{\"@id\":\"https:\/\/tapigroup.com\/es\/#website\"},\"datePublished\":\"2020-05-26T07:12:29+00:00\",\"dateModified\":\"2023-06-30T07:45:01+00:00\",\"inLanguage\":\"es\",\"potentialAction\":[{\"@type\":\"ReadAction\",\"target\":[\"https:\/\/tapigroup.com\/es\/trabajo-en-tapi\/\"]}]},{\"@type\":\"WebSite\",\"@id\":\"https:\/\/tapigroup.com\/es\/#website\",\"url\":\"https:\/\/tapigroup.com\/es\/\",\"name\":\"Tap\u00ec Group\",\"description\":\"Made to be Opened\",\"potentialAction\":[{\"@type\":\"SearchAction\",\"target\":{\"@type\":\"EntryPoint\",\"urlTemplate\":\"https:\/\/tapigroup.com\/es\/?s={search_term_string}\"},\"query-input\":{\"@type\":\"PropertyValueSpecification\",\"valueRequired\":true,\"valueName\":\"search_term_string\"}}],\"inLanguage\":\"es\"}]}<\/script>\n<!-- \/ Yoast SEO plugin. -->","yoast_head_json":{"title":"TRABAJO EN TAP\u00cc - Tap\u00ec Group","robots":{"index":"index","follow":"follow","max-snippet":"max-snippet:-1","max-image-preview":"max-image-preview:large","max-video-preview":"max-video-preview:-1"},"canonical":"https:\/\/tapigroup.com\/es\/trabajo-en-tapi\/","og_locale":"es_ES","og_type":"article","og_title":"TRABAJO EN TAP\u00cc - Tap\u00ec Group","og_description":"OPORTUNIDADES DE TRABAJO EN TAP\u00cc En Tap\u00ec buscamos constantemente nuevos talentos para incorporarlos en nuestros departamentos.\u00a0Trabajar con nosotros significa entrar a formar parte de una empresa que ofrece grandes oportunidades de crecimiento personal y profesional. Puede que te estemos buscando precisamente a ti. Rellena el formulario adjuntando tu CV actualizado para enviar tu candidatura.","og_url":"https:\/\/tapigroup.com\/es\/trabajo-en-tapi\/","og_site_name":"Tap\u00ec Group","article_modified_time":"2023-06-30T07:45:01+00:00","twitter_card":"summary_large_image","twitter_misc":{"Tiempo de lectura":"1 minuto"},"schema":{"@context":"https:\/\/schema.org","@graph":[{"@type":"WebPage","@id":"https:\/\/tapigroup.com\/es\/trabajo-en-tapi\/","url":"https:\/\/tapigroup.com\/es\/trabajo-en-tapi\/","name":"TRABAJO EN TAP\u00cc - Tap\u00ec Group","isPartOf":{"@id":"https:\/\/tapigroup.com\/es\/#website"},"datePublished":"2020-05-26T07:12:29+00:00","dateModified":"2023-06-30T07:45:01+00:00","inLanguage":"es","potentialAction":[{"@type":"ReadAction","target":["https:\/\/tapigroup.com\/es\/trabajo-en-tapi\/"]}]},{"@type":"WebSite","@id":"https:\/\/tapigroup.com\/es\/#website","url":"https:\/\/tapigroup.com\/es\/","name":"Tap\u00ec Group","description":"Made to be Opened","potentialAction":[{"@type":"SearchAction","target":{"@type":"EntryPoint","urlTemplate":"https:\/\/tapigroup.com\/es\/?s={search_term_string}"},"query-input":{"@type":"PropertyValueSpecification","valueRequired":true,"valueName":"search_term_string"}}],"inLanguage":"es"}]}},"_links":{"self":[{"href":"https:\/\/tapigroup.com\/es\/wp-json\/wp\/v2\/pages\/11839","targetHints":{"allow":["GET"]}}],"collection":[{"href":"https:\/\/tapigroup.com\/es\/wp-json\/wp\/v2\/pages"}],"about":[{"href":"https:\/\/tapigroup.com\/es\/wp-json\/wp\/v2\/types\/page"}],"author":[{"embeddable":true,"href":"https:\/\/tapigroup.com\/es\/wp-json\/wp\/v2\/users\/1"}],"replies":[{"embeddable":true,"href":"https:\/\/tapigroup.com\/es\/wp-json\/wp\/v2\/comments?post=11839"}],"version-history":[{"count":24,"href":"https:\/\/tapigroup.com\/es\/wp-json\/wp\/v2\/pages\/11839\/revisions"}],"predecessor-version":[{"id":35779,"href":"https:\/\/tapigroup.com\/es\/wp-json\/wp\/v2\/pages\/11839\/revisions\/35779"}],"wp:attachment":[{"href":"https:\/\/tapigroup.com\/es\/wp-json\/wp\/v2\/media?parent=11839"}],"curies":[{"name":"wp","href":"https:\/\/api.w.org\/{rel}","templated":true}]}}