{"id":13799,"date":"2020-05-27T11:11:53","date_gmt":"2020-05-27T09:11:53","guid":{"rendered":"http:\/\/tapigroup.com\/production-caps\/unkategorisiert\/speakeasy\/"},"modified":"2023-01-26T15:01:30","modified_gmt":"2023-01-26T14:01:30","slug":"speakeasy","status":"publish","type":"product","link":"https:\/\/tapigroup.com\/de\/production-caps\/spiritousen-de\/speakeasy\/","title":{"rendered":"Speakeasy"},"content":{"rendered":"\t\t<div data-elementor-type=\"wp-post\" data-elementor-id=\"13799\" class=\"elementor elementor-13799 elementor-3251\" data-elementor-post-type=\"product\">\n\t\t\t\t\t\t<section class=\"elementor-section elementor-top-section elementor-element elementor-element-5d25fca6 elementor-section-boxed elementor-section-height-default elementor-section-height-default\" data-id=\"5d25fca6\" data-element_type=\"section\" data-e-type=\"section\">\n\t\t\t\t\t\t<div class=\"elementor-container elementor-column-gap-default\">\n\t\t\t\t\t<div class=\"elementor-column elementor-col-100 elementor-top-column elementor-element elementor-element-c857459\" data-id=\"c857459\" data-element_type=\"column\" data-e-type=\"column\">\n\t\t\t<div class=\"elementor-widget-wrap elementor-element-populated\">\n\t\t\t\t\t\t\t<\/div>\n\t\t<\/div>\n\t\t\t\t\t<\/div>\n\t\t<\/section>\n\t\t\t\t<\/div>\n\t\t","protected":false},"excerpt":{"rendered":"<p>Speakeasy, The Craft Secret Line, ist die neue Linie von Tap\u00ec-Verschl\u00fcssen im Retro-Design im handwerklichen Stil f\u00fcr alle, die sich auf schlichte, aber originelle Weise von anderen unterscheiden wollen.<\/p>\n<p>Speakeasy entstand aus der Synergie von Tap\u00ec und Saver Glass mit dem Ziel, eine Kollektion ins Leben zu rufen, die von der Zeit der Prohibition der 1920er Jahre inspiriert ist.<br \/>\nDie Kollektion ist in 3 verschiedene Sets aufgeteilt:<br \/>\nOslo Apothek<br \/>\nMixologist<br \/>\nBotanic<\/p>\n<div class=\"info-btn\"><a class=\"open-contact-modal\" role=\"button\"><span>MEHR INFO<\/span><\/a><\/div>\n<div class=\"info-btn\"><a href=\"https:\/\/tapigroup.com\/speakeasy\/de\/\" target=\"_blank\" role=\"button\" rel=\"noopener noreferrer\"><span>MEHR \u00dcBER speakeasy<\/span><\/a><\/div>\n","protected":false},"featured_media":27341,"template":"","meta":[],"product_brand":[],"product_cat":[140],"product_tag":[],"class_list":{"0":"post-13799","1":"product","2":"type-product","3":"status-publish","4":"has-post-thumbnail","6":"product_cat-spiritousen-de","8":"first","9":"instock","10":"shipping-taxable","11":"product-type-simple"},"yoast_head":"<!-- This site is optimized with the Yoast SEO plugin v27.2 - https:\/\/yoast.com\/product\/yoast-seo-wordpress\/ -->\n<title>Speakeasy - Tap\u00ec Group<\/title>\n<meta name=\"robots\" content=\"index, follow, max-snippet:-1, max-image-preview:large, max-video-preview:-1\" \/>\n<link rel=\"canonical\" href=\"https:\/\/tapigroup.com\/de\/production-caps\/spiritousen-de\/speakeasy\/\" \/>\n<meta property=\"og:locale\" content=\"de_DE\" \/>\n<meta property=\"og:type\" content=\"article\" \/>\n<meta property=\"og:title\" content=\"Speakeasy - Tap\u00ec Group\" \/>\n<meta property=\"og:description\" content=\"Speakeasy, The Craft Secret Line, ist die neue Linie von Tap\u00ec-Verschl\u00fcssen im Retro-Design im handwerklichen Stil f\u00fcr alle, die sich auf schlichte, aber originelle Weise von anderen unterscheiden wollen.  Speakeasy entstand aus der Synergie von Tap\u00ec und Saver Glass mit dem Ziel, eine Kollektion ins Leben zu rufen, die von der Zeit der Prohibition der 1920er Jahre inspiriert ist. Die Kollektion ist in 3 verschiedene Sets aufgeteilt: Oslo Apothek Mixologist Botanic MEHR INFO MEHR \u00dcBER speakeasy\" \/>\n<meta property=\"og:url\" content=\"https:\/\/tapigroup.com\/de\/production-caps\/spiritousen-de\/speakeasy\/\" \/>\n<meta property=\"og:site_name\" content=\"Tap\u00ec Group\" \/>\n<meta property=\"article:modified_time\" content=\"2023-01-26T14:01:30+00:00\" \/>\n<meta property=\"og:image\" content=\"https:\/\/tapigroup.com\/wp-content\/uploads\/2020\/05\/Mixologist.jpg\" \/>\n\t<meta property=\"og:image:width\" content=\"1063\" \/>\n\t<meta property=\"og:image:height\" content=\"1651\" \/>\n\t<meta property=\"og:image:type\" content=\"image\/jpeg\" \/>\n<meta name=\"twitter:card\" content=\"summary_large_image\" \/>\n<script type=\"application\/ld+json\" class=\"yoast-schema-graph\">{\"@context\":\"https:\/\/schema.org\",\"@graph\":[{\"@type\":\"WebPage\",\"@id\":\"https:\/\/tapigroup.com\/de\/production-caps\/spiritousen-de\/speakeasy\/\",\"url\":\"https:\/\/tapigroup.com\/de\/production-caps\/spiritousen-de\/speakeasy\/\",\"name\":\"Speakeasy - Tap\u00ec Group\",\"isPartOf\":{\"@id\":\"https:\/\/tapigroup.com\/de\/#website\"},\"primaryImageOfPage\":{\"@id\":\"https:\/\/tapigroup.com\/de\/production-caps\/spiritousen-de\/speakeasy\/#primaryimage\"},\"image\":{\"@id\":\"https:\/\/tapigroup.com\/de\/production-caps\/spiritousen-de\/speakeasy\/#primaryimage\"},\"thumbnailUrl\":\"https:\/\/tapigroup.com\/wp-content\/uploads\/2020\/05\/Mixologist.jpg\",\"datePublished\":\"2020-05-27T09:11:53+00:00\",\"dateModified\":\"2023-01-26T14:01:30+00:00\",\"breadcrumb\":{\"@id\":\"https:\/\/tapigroup.com\/de\/production-caps\/spiritousen-de\/speakeasy\/#breadcrumb\"},\"inLanguage\":\"de\",\"potentialAction\":[{\"@type\":\"ReadAction\",\"target\":[\"https:\/\/tapigroup.com\/de\/production-caps\/spiritousen-de\/speakeasy\/\"]}]},{\"@type\":\"ImageObject\",\"inLanguage\":\"de\",\"@id\":\"https:\/\/tapigroup.com\/de\/production-caps\/spiritousen-de\/speakeasy\/#primaryimage\",\"url\":\"https:\/\/tapigroup.com\/wp-content\/uploads\/2020\/05\/Mixologist.jpg\",\"contentUrl\":\"https:\/\/tapigroup.com\/wp-content\/uploads\/2020\/05\/Mixologist.jpg\",\"width\":1063,\"height\":1651,\"caption\":\"Speakeasy craft spirits condiments wood\"},{\"@type\":\"BreadcrumbList\",\"@id\":\"https:\/\/tapigroup.com\/de\/production-caps\/spiritousen-de\/speakeasy\/#breadcrumb\",\"itemListElement\":[{\"@type\":\"ListItem\",\"position\":1,\"name\":\"Produkte\",\"item\":\"https:\/\/tapigroup.com\/de\/shop\/\"},{\"@type\":\"ListItem\",\"position\":2,\"name\":\"Speakeasy\"}]},{\"@type\":\"WebSite\",\"@id\":\"https:\/\/tapigroup.com\/de\/#website\",\"url\":\"https:\/\/tapigroup.com\/de\/\",\"name\":\"Tap\u00ec Group\",\"description\":\"Made to be Opened\",\"potentialAction\":[{\"@type\":\"SearchAction\",\"target\":{\"@type\":\"EntryPoint\",\"urlTemplate\":\"https:\/\/tapigroup.com\/de\/?s={search_term_string}\"},\"query-input\":{\"@type\":\"PropertyValueSpecification\",\"valueRequired\":true,\"valueName\":\"search_term_string\"}}],\"inLanguage\":\"de\"}]}<\/script>\n<!-- \/ Yoast SEO plugin. -->","yoast_head_json":{"title":"Speakeasy - Tap\u00ec Group","robots":{"index":"index","follow":"follow","max-snippet":"max-snippet:-1","max-image-preview":"max-image-preview:large","max-video-preview":"max-video-preview:-1"},"canonical":"https:\/\/tapigroup.com\/de\/production-caps\/spiritousen-de\/speakeasy\/","og_locale":"de_DE","og_type":"article","og_title":"Speakeasy - Tap\u00ec Group","og_description":"Speakeasy, The Craft Secret Line, ist die neue Linie von Tap\u00ec-Verschl\u00fcssen im Retro-Design im handwerklichen Stil f\u00fcr alle, die sich auf schlichte, aber originelle Weise von anderen unterscheiden wollen.  Speakeasy entstand aus der Synergie von Tap\u00ec und Saver Glass mit dem Ziel, eine Kollektion ins Leben zu rufen, die von der Zeit der Prohibition der 1920er Jahre inspiriert ist. Die Kollektion ist in 3 verschiedene Sets aufgeteilt: Oslo Apothek Mixologist Botanic MEHR INFO MEHR \u00dcBER speakeasy","og_url":"https:\/\/tapigroup.com\/de\/production-caps\/spiritousen-de\/speakeasy\/","og_site_name":"Tap\u00ec Group","article_modified_time":"2023-01-26T14:01:30+00:00","og_image":[{"width":1063,"height":1651,"url":"https:\/\/tapigroup.com\/wp-content\/uploads\/2020\/05\/Mixologist.jpg","type":"image\/jpeg"}],"twitter_card":"summary_large_image","schema":{"@context":"https:\/\/schema.org","@graph":[{"@type":"WebPage","@id":"https:\/\/tapigroup.com\/de\/production-caps\/spiritousen-de\/speakeasy\/","url":"https:\/\/tapigroup.com\/de\/production-caps\/spiritousen-de\/speakeasy\/","name":"Speakeasy - Tap\u00ec Group","isPartOf":{"@id":"https:\/\/tapigroup.com\/de\/#website"},"primaryImageOfPage":{"@id":"https:\/\/tapigroup.com\/de\/production-caps\/spiritousen-de\/speakeasy\/#primaryimage"},"image":{"@id":"https:\/\/tapigroup.com\/de\/production-caps\/spiritousen-de\/speakeasy\/#primaryimage"},"thumbnailUrl":"https:\/\/tapigroup.com\/wp-content\/uploads\/2020\/05\/Mixologist.jpg","datePublished":"2020-05-27T09:11:53+00:00","dateModified":"2023-01-26T14:01:30+00:00","breadcrumb":{"@id":"https:\/\/tapigroup.com\/de\/production-caps\/spiritousen-de\/speakeasy\/#breadcrumb"},"inLanguage":"de","potentialAction":[{"@type":"ReadAction","target":["https:\/\/tapigroup.com\/de\/production-caps\/spiritousen-de\/speakeasy\/"]}]},{"@type":"ImageObject","inLanguage":"de","@id":"https:\/\/tapigroup.com\/de\/production-caps\/spiritousen-de\/speakeasy\/#primaryimage","url":"https:\/\/tapigroup.com\/wp-content\/uploads\/2020\/05\/Mixologist.jpg","contentUrl":"https:\/\/tapigroup.com\/wp-content\/uploads\/2020\/05\/Mixologist.jpg","width":1063,"height":1651,"caption":"Speakeasy craft spirits condiments wood"},{"@type":"BreadcrumbList","@id":"https:\/\/tapigroup.com\/de\/production-caps\/spiritousen-de\/speakeasy\/#breadcrumb","itemListElement":[{"@type":"ListItem","position":1,"name":"Produkte","item":"https:\/\/tapigroup.com\/de\/shop\/"},{"@type":"ListItem","position":2,"name":"Speakeasy"}]},{"@type":"WebSite","@id":"https:\/\/tapigroup.com\/de\/#website","url":"https:\/\/tapigroup.com\/de\/","name":"Tap\u00ec Group","description":"Made to be Opened","potentialAction":[{"@type":"SearchAction","target":{"@type":"EntryPoint","urlTemplate":"https:\/\/tapigroup.com\/de\/?s={search_term_string}"},"query-input":{"@type":"PropertyValueSpecification","valueRequired":true,"valueName":"search_term_string"}}],"inLanguage":"de"}]}},"_links":{"self":[{"href":"https:\/\/tapigroup.com\/de\/wp-json\/wp\/v2\/product\/13799","targetHints":{"allow":["GET"]}}],"collection":[{"href":"https:\/\/tapigroup.com\/de\/wp-json\/wp\/v2\/product"}],"about":[{"href":"https:\/\/tapigroup.com\/de\/wp-json\/wp\/v2\/types\/product"}],"version-history":[{"count":3,"href":"https:\/\/tapigroup.com\/de\/wp-json\/wp\/v2\/product\/13799\/revisions"}],"predecessor-version":[{"id":28450,"href":"https:\/\/tapigroup.com\/de\/wp-json\/wp\/v2\/product\/13799\/revisions\/28450"}],"wp:featuredmedia":[{"embeddable":true,"href":"https:\/\/tapigroup.com\/de\/wp-json\/wp\/v2\/media\/27341"}],"wp:attachment":[{"href":"https:\/\/tapigroup.com\/de\/wp-json\/wp\/v2\/media?parent=13799"}],"wp:term":[{"taxonomy":"product_brand","embeddable":true,"href":"https:\/\/tapigroup.com\/de\/wp-json\/wp\/v2\/product_brand?post=13799"},{"taxonomy":"product_cat","embeddable":true,"href":"https:\/\/tapigroup.com\/de\/wp-json\/wp\/v2\/product_cat?post=13799"},{"taxonomy":"product_tag","embeddable":true,"href":"https:\/\/tapigroup.com\/de\/wp-json\/wp\/v2\/product_tag?post=13799"}],"curies":[{"name":"wp","href":"https:\/\/api.w.org\/{rel}","templated":true}]}}