{"id":13609,"date":"2020-01-29T14:29:11","date_gmt":"2020-01-29T13:29:11","guid":{"rendered":"http:\/\/tapigroup.com\/production-caps\/unkategorisiert\/ghost-crystal-pourer\/"},"modified":"2026-03-04T10:14:58","modified_gmt":"2026-03-04T09:14:58","slug":"ghost-crystal-pourer","status":"publish","type":"product","link":"https:\/\/tapigroup.com\/de\/production-caps\/ol-und-saucen-de\/ghost-crystal-pourer\/","title":{"rendered":"Ghost Crystal"},"content":{"rendered":"\t\t<div data-elementor-type=\"wp-post\" data-elementor-id=\"13609\" class=\"elementor elementor-13609 elementor-1216\" data-elementor-post-type=\"product\">\n\t\t\t\t\t\t<section class=\"elementor-section elementor-top-section elementor-element elementor-element-60dfd66 elementor-section-boxed elementor-section-height-default elementor-section-height-default\" data-id=\"60dfd66\" data-element_type=\"section\" data-e-type=\"section\">\n\t\t\t\t\t\t<div class=\"elementor-container elementor-column-gap-default\">\n\t\t\t\t\t<div class=\"elementor-column elementor-col-50 elementor-top-column elementor-element elementor-element-072c90a\" data-id=\"072c90a\" data-element_type=\"column\" data-e-type=\"column\">\n\t\t\t<div class=\"elementor-widget-wrap elementor-element-populated\">\n\t\t\t\t\t\t<div class=\"elementor-element elementor-element-e8cf411 elementor-widget elementor-widget-heading\" data-id=\"e8cf411\" data-element_type=\"widget\" data-e-type=\"widget\" data-widget_type=\"heading.default\">\n\t\t\t\t<div class=\"elementor-widget-container\">\n\t\t\t\t\t<h3 class=\"elementor-heading-title elementor-size-default\">PERSONALIZZAZIONI<\/h3>\t\t\t\t<\/div>\n\t\t\t\t<\/div>\n\t\t\t\t\t<\/div>\n\t\t<\/div>\n\t\t\t\t<div class=\"elementor-column elementor-col-50 elementor-top-column elementor-element elementor-element-bec56de\" data-id=\"bec56de\" data-element_type=\"column\" data-e-type=\"column\">\n\t\t\t<div class=\"elementor-widget-wrap elementor-element-populated\">\n\t\t\t\t\t\t<div class=\"elementor-element elementor-element-a49d467 elementor-widget elementor-widget-heading\" data-id=\"a49d467\" data-element_type=\"widget\" data-e-type=\"widget\" data-widget_type=\"heading.default\">\n\t\t\t\t<div class=\"elementor-widget-container\">\n\t\t\t\t\t<h3 class=\"elementor-heading-title elementor-size-default\">SCHAFT<\/h3>\t\t\t\t<\/div>\n\t\t\t\t<\/div>\n\t\t\t\t<div class=\"elementor-element elementor-element-d01a3cf gallery-spacing-custom elementor-widget elementor-widget-image-gallery\" data-id=\"d01a3cf\" data-element_type=\"widget\" data-e-type=\"widget\" data-widget_type=\"image-gallery.default\">\n\t\t\t\t<div class=\"elementor-widget-container\">\n\t\t\t\t\t\t\t<div class=\"elementor-image-gallery\">\n\t\t\t\n\t\t<style type=\"text\/css\">\n\t\t\t#gallery-1 {\n\t\t\t\tmargin: auto;\n\t\t\t}\n\t\t\t#gallery-1 .gallery-item {\n\t\t\t\tfloat: left;\n\t\t\t\tmargin-top: 10px;\n\t\t\t\ttext-align: center;\n\t\t\t\twidth: 25%;\n\t\t\t}\n\t\t\t#gallery-1 img {\n\t\t\t\tborder: 2px solid #cfcfcf;\n\t\t\t}\n\t\t\t#gallery-1 .gallery-caption {\n\t\t\t\tmargin-left: 0;\n\t\t\t}\n\t\t\t\/* see gallery_shortcode() in wp-includes\/media.php *\/\n\t\t<\/style>\n\t\t<div id='gallery-1' class='gallery galleryid-13609 gallery-columns-4 gallery-size-thumbnail'><dl class='gallery-item'>\n\t\t\t<dt class='gallery-icon landscape'>\n\t\t\t\t<a data-elementor-open-lightbox=\"yes\" data-elementor-lightbox-slideshow=\"d01a3cf\" data-elementor-lightbox-title=\"versatore-ghost\" data-e-action-hash=\"#elementor-action%3Aaction%3Dlightbox%26settings%3DeyJpZCI6OTU2OCwidXJsIjoiaHR0cHM6XC9cL3RhcGlncm91cC5jb21cL3dwLWNvbnRlbnRcL3VwbG9hZHNcLzIwMjBcLzA4XC92ZXJzYXRvcmUtZ2hvc3QtMi5qcGciLCJzbGlkZXNob3ciOiJkMDFhM2NmIn0%3D\" href='https:\/\/tapigroup.com\/wp-content\/uploads\/2020\/08\/versatore-ghost-2.jpg'><img decoding=\"async\" width=\"150\" height=\"150\" src=\"https:\/\/tapigroup.com\/wp-content\/uploads\/2020\/08\/versatore-ghost-2-150x150.jpg\" class=\"attachment-thumbnail size-thumbnail\" alt=\"\" aria-describedby=\"gallery-1-9568\" srcset=\"https:\/\/tapigroup.com\/wp-content\/uploads\/2020\/08\/versatore-ghost-2-150x150.jpg 150w, https:\/\/tapigroup.com\/wp-content\/uploads\/2020\/08\/versatore-ghost-2-240x240.jpg 240w, https:\/\/tapigroup.com\/wp-content\/uploads\/2020\/08\/versatore-ghost-2-300x300.jpg 300w, https:\/\/tapigroup.com\/wp-content\/uploads\/2020\/08\/versatore-ghost-2-768x768.jpg 768w, https:\/\/tapigroup.com\/wp-content\/uploads\/2020\/08\/versatore-ghost-2-440x440.jpg 440w, https:\/\/tapigroup.com\/wp-content\/uploads\/2020\/08\/versatore-ghost-2-180x180.jpg 180w, https:\/\/tapigroup.com\/wp-content\/uploads\/2020\/08\/versatore-ghost-2-120x120.jpg 120w, https:\/\/tapigroup.com\/wp-content\/uploads\/2020\/08\/versatore-ghost-2-540x540.jpg 540w, https:\/\/tapigroup.com\/wp-content\/uploads\/2020\/08\/versatore-ghost-2.jpg 1000w\" sizes=\"(max-width: 150px) 100vw, 150px\" \/><\/a>\n\t\t\t<\/dt>\n\t\t\t\t<dd class='wp-caption-text gallery-caption' id='gallery-1-9568'>\n\t\t\t\tTransparent Pourer\n\t\t\t\t<\/dd><\/dl>\n\t\t\t<br style='clear: both' \/>\n\t\t<\/div>\n\t\t<\/div>\n\t\t\t\t\t\t<\/div>\n\t\t\t\t<\/div>\n\t\t\t\t\t<\/div>\n\t\t<\/div>\n\t\t\t\t\t<\/div>\n\t\t<\/section>\n\t\t\t\t<\/div>\n\t\t","protected":false},"excerpt":{"rendered":"<p><em>Bar top<\/em> Griffkorken in der Ausgie\u00dferversion mit Kopf und Schaft aus transparentem Kunststoff.<\/p>\n<p>Ghost Crystal enth\u00fcllt von Anfang an die wahre Essenz des Destillats. Ein hochmodernes Design, das den Vorgang des Mixens zur Geltung bringt und einzigartig gestaltet.<\/p>\n<p>&nbsp;<\/p>\n<div class=\"info-btn\"><a class=\"open-contact-modal\" role=\"button\"><span>MEHR INFO<\/span><\/a><\/div>\n<div class=\"info-btn\"><a href=\"https:\/\/tapigroup.com\/wp-content\/uploads\/2020\/01\/Ghost-Crystal.pdf\">DOWNLOAD DATENBLATT<\/a><\/div>\n","protected":false},"featured_media":27450,"template":"","meta":[],"product_brand":[],"product_cat":[139,140],"product_tag":[167,169,218],"class_list":{"0":"post-13609","1":"product","2":"type-product","3":"status-publish","4":"has-post-thumbnail","6":"product_cat-ol-und-saucen-de","7":"product_cat-spiritousen-de","8":"product_tag-collection-de","9":"product_tag-transparenter-kunststoff-de","10":"product_tag-verschluss-mit-ausgiesser-de","12":"first","13":"instock","14":"shipping-taxable","15":"product-type-simple"},"yoast_head":"<!-- This site is optimized with the Yoast SEO plugin v27.2 - https:\/\/yoast.com\/product\/yoast-seo-wordpress\/ -->\n<title>Ghost Crystal - Tap\u00ec Group<\/title>\n<meta name=\"robots\" content=\"index, follow, max-snippet:-1, max-image-preview:large, max-video-preview:-1\" \/>\n<link rel=\"canonical\" href=\"https:\/\/tapigroup.com\/de\/production-caps\/ol-und-saucen-de\/ghost-crystal-pourer\/\" \/>\n<meta property=\"og:locale\" content=\"de_DE\" \/>\n<meta property=\"og:type\" content=\"article\" \/>\n<meta property=\"og:title\" content=\"Ghost Crystal - Tap\u00ec Group\" \/>\n<meta property=\"og:description\" content=\"Bar top Griffkorken in der Ausgie\u00dferversion mit Kopf und Schaft aus transparentem Kunststoff.  Ghost Crystal enth\u00fcllt von Anfang an die wahre Essenz des Destillats. Ein hochmodernes Design, das den Vorgang des Mixens zur Geltung bringt und einzigartig gestaltet.  &nbsp; MEHR INFO DOWNLOAD DATENBLATT\" \/>\n<meta property=\"og:url\" content=\"https:\/\/tapigroup.com\/de\/production-caps\/ol-und-saucen-de\/ghost-crystal-pourer\/\" \/>\n<meta property=\"og:site_name\" content=\"Tap\u00ec Group\" \/>\n<meta property=\"article:modified_time\" content=\"2026-03-04T09:14:58+00:00\" \/>\n<meta property=\"og:image\" content=\"https:\/\/tapigroup.com\/wp-content\/uploads\/2020\/01\/Ghost-Crystal_style.jpg\" \/>\n\t<meta property=\"og:image:width\" content=\"1063\" \/>\n\t<meta property=\"og:image:height\" content=\"1651\" \/>\n\t<meta property=\"og:image:type\" content=\"image\/jpeg\" \/>\n<meta name=\"twitter:card\" content=\"summary_large_image\" \/>\n<meta name=\"twitter:label1\" content=\"Gesch\u00e4tzte Lesezeit\" \/>\n\t<meta name=\"twitter:data1\" content=\"1\u00a0Minute\" \/>\n<script type=\"application\/ld+json\" class=\"yoast-schema-graph\">{\"@context\":\"https:\/\/schema.org\",\"@graph\":[{\"@type\":\"WebPage\",\"@id\":\"https:\/\/tapigroup.com\/de\/production-caps\/ol-und-saucen-de\/ghost-crystal-pourer\/\",\"url\":\"https:\/\/tapigroup.com\/de\/production-caps\/ol-und-saucen-de\/ghost-crystal-pourer\/\",\"name\":\"Ghost Crystal - Tap\u00ec Group\",\"isPartOf\":{\"@id\":\"https:\/\/tapigroup.com\/de\/#website\"},\"primaryImageOfPage\":{\"@id\":\"https:\/\/tapigroup.com\/de\/production-caps\/ol-und-saucen-de\/ghost-crystal-pourer\/#primaryimage\"},\"image\":{\"@id\":\"https:\/\/tapigroup.com\/de\/production-caps\/ol-und-saucen-de\/ghost-crystal-pourer\/#primaryimage\"},\"thumbnailUrl\":\"https:\/\/tapigroup.com\/wp-content\/uploads\/2020\/01\/Ghost-Crystal_style.jpg\",\"datePublished\":\"2020-01-29T13:29:11+00:00\",\"dateModified\":\"2026-03-04T09:14:58+00:00\",\"breadcrumb\":{\"@id\":\"https:\/\/tapigroup.com\/de\/production-caps\/ol-und-saucen-de\/ghost-crystal-pourer\/#breadcrumb\"},\"inLanguage\":\"de\",\"potentialAction\":[{\"@type\":\"ReadAction\",\"target\":[\"https:\/\/tapigroup.com\/de\/production-caps\/ol-und-saucen-de\/ghost-crystal-pourer\/\"]}]},{\"@type\":\"ImageObject\",\"inLanguage\":\"de\",\"@id\":\"https:\/\/tapigroup.com\/de\/production-caps\/ol-und-saucen-de\/ghost-crystal-pourer\/#primaryimage\",\"url\":\"https:\/\/tapigroup.com\/wp-content\/uploads\/2020\/01\/Ghost-Crystal_style.jpg\",\"contentUrl\":\"https:\/\/tapigroup.com\/wp-content\/uploads\/2020\/01\/Ghost-Crystal_style.jpg\",\"width\":1063,\"height\":1651,\"caption\":\"style spirits condiments transparent-plastics\"},{\"@type\":\"BreadcrumbList\",\"@id\":\"https:\/\/tapigroup.com\/de\/production-caps\/ol-und-saucen-de\/ghost-crystal-pourer\/#breadcrumb\",\"itemListElement\":[{\"@type\":\"ListItem\",\"position\":1,\"name\":\"Produkte\",\"item\":\"https:\/\/tapigroup.com\/de\/shop\/\"},{\"@type\":\"ListItem\",\"position\":2,\"name\":\"Ghost Crystal\"}]},{\"@type\":\"WebSite\",\"@id\":\"https:\/\/tapigroup.com\/de\/#website\",\"url\":\"https:\/\/tapigroup.com\/de\/\",\"name\":\"Tap\u00ec Group\",\"description\":\"Made to be Opened\",\"potentialAction\":[{\"@type\":\"SearchAction\",\"target\":{\"@type\":\"EntryPoint\",\"urlTemplate\":\"https:\/\/tapigroup.com\/de\/?s={search_term_string}\"},\"query-input\":{\"@type\":\"PropertyValueSpecification\",\"valueRequired\":true,\"valueName\":\"search_term_string\"}}],\"inLanguage\":\"de\"}]}<\/script>\n<!-- \/ Yoast SEO plugin. -->","yoast_head_json":{"title":"Ghost Crystal - Tap\u00ec Group","robots":{"index":"index","follow":"follow","max-snippet":"max-snippet:-1","max-image-preview":"max-image-preview:large","max-video-preview":"max-video-preview:-1"},"canonical":"https:\/\/tapigroup.com\/de\/production-caps\/ol-und-saucen-de\/ghost-crystal-pourer\/","og_locale":"de_DE","og_type":"article","og_title":"Ghost Crystal - Tap\u00ec Group","og_description":"Bar top Griffkorken in der Ausgie\u00dferversion mit Kopf und Schaft aus transparentem Kunststoff.  Ghost Crystal enth\u00fcllt von Anfang an die wahre Essenz des Destillats. Ein hochmodernes Design, das den Vorgang des Mixens zur Geltung bringt und einzigartig gestaltet.  &nbsp; MEHR INFO DOWNLOAD DATENBLATT","og_url":"https:\/\/tapigroup.com\/de\/production-caps\/ol-und-saucen-de\/ghost-crystal-pourer\/","og_site_name":"Tap\u00ec Group","article_modified_time":"2026-03-04T09:14:58+00:00","og_image":[{"width":1063,"height":1651,"url":"https:\/\/tapigroup.com\/wp-content\/uploads\/2020\/01\/Ghost-Crystal_style.jpg","type":"image\/jpeg"}],"twitter_card":"summary_large_image","twitter_misc":{"Gesch\u00e4tzte Lesezeit":"1\u00a0Minute"},"schema":{"@context":"https:\/\/schema.org","@graph":[{"@type":"WebPage","@id":"https:\/\/tapigroup.com\/de\/production-caps\/ol-und-saucen-de\/ghost-crystal-pourer\/","url":"https:\/\/tapigroup.com\/de\/production-caps\/ol-und-saucen-de\/ghost-crystal-pourer\/","name":"Ghost Crystal - Tap\u00ec Group","isPartOf":{"@id":"https:\/\/tapigroup.com\/de\/#website"},"primaryImageOfPage":{"@id":"https:\/\/tapigroup.com\/de\/production-caps\/ol-und-saucen-de\/ghost-crystal-pourer\/#primaryimage"},"image":{"@id":"https:\/\/tapigroup.com\/de\/production-caps\/ol-und-saucen-de\/ghost-crystal-pourer\/#primaryimage"},"thumbnailUrl":"https:\/\/tapigroup.com\/wp-content\/uploads\/2020\/01\/Ghost-Crystal_style.jpg","datePublished":"2020-01-29T13:29:11+00:00","dateModified":"2026-03-04T09:14:58+00:00","breadcrumb":{"@id":"https:\/\/tapigroup.com\/de\/production-caps\/ol-und-saucen-de\/ghost-crystal-pourer\/#breadcrumb"},"inLanguage":"de","potentialAction":[{"@type":"ReadAction","target":["https:\/\/tapigroup.com\/de\/production-caps\/ol-und-saucen-de\/ghost-crystal-pourer\/"]}]},{"@type":"ImageObject","inLanguage":"de","@id":"https:\/\/tapigroup.com\/de\/production-caps\/ol-und-saucen-de\/ghost-crystal-pourer\/#primaryimage","url":"https:\/\/tapigroup.com\/wp-content\/uploads\/2020\/01\/Ghost-Crystal_style.jpg","contentUrl":"https:\/\/tapigroup.com\/wp-content\/uploads\/2020\/01\/Ghost-Crystal_style.jpg","width":1063,"height":1651,"caption":"style spirits condiments transparent-plastics"},{"@type":"BreadcrumbList","@id":"https:\/\/tapigroup.com\/de\/production-caps\/ol-und-saucen-de\/ghost-crystal-pourer\/#breadcrumb","itemListElement":[{"@type":"ListItem","position":1,"name":"Produkte","item":"https:\/\/tapigroup.com\/de\/shop\/"},{"@type":"ListItem","position":2,"name":"Ghost Crystal"}]},{"@type":"WebSite","@id":"https:\/\/tapigroup.com\/de\/#website","url":"https:\/\/tapigroup.com\/de\/","name":"Tap\u00ec Group","description":"Made to be Opened","potentialAction":[{"@type":"SearchAction","target":{"@type":"EntryPoint","urlTemplate":"https:\/\/tapigroup.com\/de\/?s={search_term_string}"},"query-input":{"@type":"PropertyValueSpecification","valueRequired":true,"valueName":"search_term_string"}}],"inLanguage":"de"}]}},"_links":{"self":[{"href":"https:\/\/tapigroup.com\/de\/wp-json\/wp\/v2\/product\/13609","targetHints":{"allow":["GET"]}}],"collection":[{"href":"https:\/\/tapigroup.com\/de\/wp-json\/wp\/v2\/product"}],"about":[{"href":"https:\/\/tapigroup.com\/de\/wp-json\/wp\/v2\/types\/product"}],"version-history":[{"count":5,"href":"https:\/\/tapigroup.com\/de\/wp-json\/wp\/v2\/product\/13609\/revisions"}],"predecessor-version":[{"id":42747,"href":"https:\/\/tapigroup.com\/de\/wp-json\/wp\/v2\/product\/13609\/revisions\/42747"}],"wp:featuredmedia":[{"embeddable":true,"href":"https:\/\/tapigroup.com\/de\/wp-json\/wp\/v2\/media\/27450"}],"wp:attachment":[{"href":"https:\/\/tapigroup.com\/de\/wp-json\/wp\/v2\/media?parent=13609"}],"wp:term":[{"taxonomy":"product_brand","embeddable":true,"href":"https:\/\/tapigroup.com\/de\/wp-json\/wp\/v2\/product_brand?post=13609"},{"taxonomy":"product_cat","embeddable":true,"href":"https:\/\/tapigroup.com\/de\/wp-json\/wp\/v2\/product_cat?post=13609"},{"taxonomy":"product_tag","embeddable":true,"href":"https:\/\/tapigroup.com\/de\/wp-json\/wp\/v2\/product_tag?post=13609"}],"curies":[{"name":"wp","href":"https:\/\/api.w.org\/{rel}","templated":true}]}}