{"id":12463,"date":"2020-01-24T15:36:50","date_gmt":"2020-01-24T14:36:50","guid":{"rendered":"http:\/\/tapigroup.com\/production-caps\/unkategorisiert\/tec\/"},"modified":"2023-10-11T16:30:18","modified_gmt":"2023-10-11T14:30:18","slug":"tec","status":"publish","type":"product","link":"https:\/\/tapigroup.com\/de\/production-caps\/wein-de\/tec\/","title":{"rendered":"Tec"},"content":{"rendered":"\t\t<div data-elementor-type=\"wp-post\" data-elementor-id=\"12463\" class=\"elementor elementor-12463 elementor-1165\" data-elementor-post-type=\"product\">\n\t\t\t\t\t\t<section class=\"elementor-section elementor-top-section elementor-element elementor-element-b0978b8 elementor-section-boxed elementor-section-height-default elementor-section-height-default\" data-id=\"b0978b8\" data-element_type=\"section\" data-e-type=\"section\">\n\t\t\t\t\t\t<div class=\"elementor-container elementor-column-gap-default\">\n\t\t\t\t\t<div class=\"elementor-column elementor-col-50 elementor-top-column elementor-element elementor-element-a8baf8d\" data-id=\"a8baf8d\" data-element_type=\"column\" data-e-type=\"column\">\n\t\t\t<div class=\"elementor-widget-wrap elementor-element-populated\">\n\t\t\t\t\t\t<div class=\"elementor-element elementor-element-5a66828 elementor-widget elementor-widget-heading\" data-id=\"5a66828\" data-element_type=\"widget\" data-e-type=\"widget\" data-widget_type=\"heading.default\">\n\t\t\t\t<div class=\"elementor-widget-container\">\n\t\t\t\t\t<h3 class=\"elementor-heading-title elementor-size-default\">PERSONALIZZAZIONI<\/h3>\t\t\t\t<\/div>\n\t\t\t\t<\/div>\n\t\t\t\t\t<\/div>\n\t\t<\/div>\n\t\t\t\t<div class=\"elementor-column elementor-col-50 elementor-top-column elementor-element elementor-element-10d6d96\" data-id=\"10d6d96\" data-element_type=\"column\" data-e-type=\"column\">\n\t\t\t<div class=\"elementor-widget-wrap\">\n\t\t\t\t\t\t\t<\/div>\n\t\t<\/div>\n\t\t\t\t\t<\/div>\n\t\t<\/section>\n\t\t\t\t<\/div>\n\t\t","protected":false},"excerpt":{"rendered":"<div><span>ec ist der ideale Verschluss f\u00fcr strukturierte Wei\u00dfweine ebenso wie f\u00fcr f\u00fcllige Rotweine, die mehrere Jahre reifen, bevor sie ihre volle aromatische Komplexit\u00e4t erreichen. Er besteht aus einem synthetischen Material mit einer kompakten Zellstruktur, das f\u00fcr jede Flasche ein einheitliches Verhalten garantiert. Die versiegelten Sockel, deren Zellstruktur nicht sichtbar ist, garantieren geringste Aufnahme der aromatischen Bestandteile des Weines. Das Material bietet hohe Leistungen als Gasbarriere; die Sauerstoffbarriere geh\u00f6rt zu den leistungsst\u00e4rksten in ihrer Kategorie, so dass der Wein vor Oxidation gesch\u00fctzt ist. Der geringe Verfall der Radialkraft garantiert die dauerhafte Beibehaltung dieser Leistungen.<\/span><\/div>\n<div class=\"info-btn request-info\"><a class=\"open-contact-modal\" role=\"button\"><span>MEHR INFO<\/span><\/a><\/div>\n<div class=\"info-btn download\"><span><a href=\"https:\/\/tapigroup.com\/wp-content\/uploads\/2020\/05\/scheda-tecnica-tec.pdf\" role=\"button\">DOWNLOAD DATENBLATT<\/a><\/span><\/div>\n","protected":false},"featured_media":27877,"template":"","meta":[],"product_brand":[],"product_cat":[141],"product_tag":[167,143,181],"class_list":{"0":"post-12463","1":"product","2":"type-product","3":"status-publish","4":"has-post-thumbnail","6":"product_cat-wein-de","7":"product_tag-collection-de","8":"product_tag-kunststoff-de","9":"product_tag-weinkorken-de","11":"first","12":"instock","13":"shipping-taxable","14":"product-type-simple"},"yoast_head":"<!-- This site is optimized with the Yoast SEO plugin v27.2 - https:\/\/yoast.com\/product\/yoast-seo-wordpress\/ -->\n<title>Tec - Tap\u00ec Group<\/title>\n<meta name=\"robots\" content=\"index, follow, max-snippet:-1, max-image-preview:large, max-video-preview:-1\" \/>\n<link rel=\"canonical\" href=\"https:\/\/tapigroup.com\/de\/production-caps\/wein-de\/tec\/\" \/>\n<meta property=\"og:locale\" content=\"de_DE\" \/>\n<meta property=\"og:type\" content=\"article\" \/>\n<meta property=\"og:title\" content=\"Tec - Tap\u00ec Group\" \/>\n<meta property=\"og:description\" content=\"ec ist der ideale Verschluss f\u00fcr strukturierte Wei\u00dfweine ebenso wie f\u00fcr f\u00fcllige Rotweine, die mehrere Jahre reifen, bevor sie ihre volle aromatische Komplexit\u00e4t erreichen. Er besteht aus einem synthetischen Material mit einer kompakten Zellstruktur, das f\u00fcr jede Flasche ein einheitliches Verhalten garantiert. Die versiegelten Sockel, deren Zellstruktur nicht sichtbar ist, garantieren geringste Aufnahme der aromatischen Bestandteile des Weines. Das Material bietet hohe Leistungen als Gasbarriere; die Sauerstoffbarriere geh\u00f6rt zu den leistungsst\u00e4rksten in ihrer Kategorie, so dass der Wein vor Oxidation gesch\u00fctzt ist. Der geringe Verfall der Radialkraft garantiert die dauerhafte Beibehaltung dieser Leistungen. MEHR INFO DOWNLOAD DATENBLATT\" \/>\n<meta property=\"og:url\" content=\"https:\/\/tapigroup.com\/de\/production-caps\/wein-de\/tec\/\" \/>\n<meta property=\"og:site_name\" content=\"Tap\u00ec Group\" \/>\n<meta property=\"article:modified_time\" content=\"2023-10-11T14:30:18+00:00\" \/>\n<meta property=\"og:image\" content=\"https:\/\/tapigroup.com\/wp-content\/uploads\/2020\/01\/Tec-2.jpg\" \/>\n\t<meta property=\"og:image:width\" content=\"1063\" \/>\n\t<meta property=\"og:image:height\" content=\"1651\" \/>\n\t<meta property=\"og:image:type\" content=\"image\/jpeg\" \/>\n<meta name=\"twitter:card\" content=\"summary_large_image\" \/>\n<meta name=\"twitter:label1\" content=\"Gesch\u00e4tzte Lesezeit\" \/>\n\t<meta name=\"twitter:data1\" content=\"1\u00a0Minute\" \/>\n<script type=\"application\/ld+json\" class=\"yoast-schema-graph\">{\"@context\":\"https:\/\/schema.org\",\"@graph\":[{\"@type\":\"WebPage\",\"@id\":\"https:\/\/tapigroup.com\/de\/production-caps\/wein-de\/tec\/\",\"url\":\"https:\/\/tapigroup.com\/de\/production-caps\/wein-de\/tec\/\",\"name\":\"Tec - Tap\u00ec Group\",\"isPartOf\":{\"@id\":\"https:\/\/tapigroup.com\/de\/#website\"},\"primaryImageOfPage\":{\"@id\":\"https:\/\/tapigroup.com\/de\/production-caps\/wein-de\/tec\/#primaryimage\"},\"image\":{\"@id\":\"https:\/\/tapigroup.com\/de\/production-caps\/wein-de\/tec\/#primaryimage\"},\"thumbnailUrl\":\"https:\/\/tapigroup.com\/wp-content\/uploads\/2020\/01\/Tec-2.jpg\",\"datePublished\":\"2020-01-24T14:36:50+00:00\",\"dateModified\":\"2023-10-11T14:30:18+00:00\",\"breadcrumb\":{\"@id\":\"https:\/\/tapigroup.com\/de\/production-caps\/wein-de\/tec\/#breadcrumb\"},\"inLanguage\":\"de\",\"potentialAction\":[{\"@type\":\"ReadAction\",\"target\":[\"https:\/\/tapigroup.com\/de\/production-caps\/wein-de\/tec\/\"]}]},{\"@type\":\"ImageObject\",\"inLanguage\":\"de\",\"@id\":\"https:\/\/tapigroup.com\/de\/production-caps\/wein-de\/tec\/#primaryimage\",\"url\":\"https:\/\/tapigroup.com\/wp-content\/uploads\/2020\/01\/Tec-2.jpg\",\"contentUrl\":\"https:\/\/tapigroup.com\/wp-content\/uploads\/2020\/01\/Tec-2.jpg\",\"width\":1063,\"height\":1651,\"caption\":\"Tec gourmet wine plastics\"},{\"@type\":\"BreadcrumbList\",\"@id\":\"https:\/\/tapigroup.com\/de\/production-caps\/wein-de\/tec\/#breadcrumb\",\"itemListElement\":[{\"@type\":\"ListItem\",\"position\":1,\"name\":\"Produkte\",\"item\":\"https:\/\/tapigroup.com\/de\/shop\/\"},{\"@type\":\"ListItem\",\"position\":2,\"name\":\"Tec\"}]},{\"@type\":\"WebSite\",\"@id\":\"https:\/\/tapigroup.com\/de\/#website\",\"url\":\"https:\/\/tapigroup.com\/de\/\",\"name\":\"Tap\u00ec Group\",\"description\":\"Made to be Opened\",\"potentialAction\":[{\"@type\":\"SearchAction\",\"target\":{\"@type\":\"EntryPoint\",\"urlTemplate\":\"https:\/\/tapigroup.com\/de\/?s={search_term_string}\"},\"query-input\":{\"@type\":\"PropertyValueSpecification\",\"valueRequired\":true,\"valueName\":\"search_term_string\"}}],\"inLanguage\":\"de\"}]}<\/script>\n<!-- \/ Yoast SEO plugin. -->","yoast_head_json":{"title":"Tec - Tap\u00ec Group","robots":{"index":"index","follow":"follow","max-snippet":"max-snippet:-1","max-image-preview":"max-image-preview:large","max-video-preview":"max-video-preview:-1"},"canonical":"https:\/\/tapigroup.com\/de\/production-caps\/wein-de\/tec\/","og_locale":"de_DE","og_type":"article","og_title":"Tec - Tap\u00ec Group","og_description":"ec ist der ideale Verschluss f\u00fcr strukturierte Wei\u00dfweine ebenso wie f\u00fcr f\u00fcllige Rotweine, die mehrere Jahre reifen, bevor sie ihre volle aromatische Komplexit\u00e4t erreichen. Er besteht aus einem synthetischen Material mit einer kompakten Zellstruktur, das f\u00fcr jede Flasche ein einheitliches Verhalten garantiert. Die versiegelten Sockel, deren Zellstruktur nicht sichtbar ist, garantieren geringste Aufnahme der aromatischen Bestandteile des Weines. Das Material bietet hohe Leistungen als Gasbarriere; die Sauerstoffbarriere geh\u00f6rt zu den leistungsst\u00e4rksten in ihrer Kategorie, so dass der Wein vor Oxidation gesch\u00fctzt ist. Der geringe Verfall der Radialkraft garantiert die dauerhafte Beibehaltung dieser Leistungen. MEHR INFO DOWNLOAD DATENBLATT","og_url":"https:\/\/tapigroup.com\/de\/production-caps\/wein-de\/tec\/","og_site_name":"Tap\u00ec Group","article_modified_time":"2023-10-11T14:30:18+00:00","og_image":[{"width":1063,"height":1651,"url":"https:\/\/tapigroup.com\/wp-content\/uploads\/2020\/01\/Tec-2.jpg","type":"image\/jpeg"}],"twitter_card":"summary_large_image","twitter_misc":{"Gesch\u00e4tzte Lesezeit":"1\u00a0Minute"},"schema":{"@context":"https:\/\/schema.org","@graph":[{"@type":"WebPage","@id":"https:\/\/tapigroup.com\/de\/production-caps\/wein-de\/tec\/","url":"https:\/\/tapigroup.com\/de\/production-caps\/wein-de\/tec\/","name":"Tec - Tap\u00ec Group","isPartOf":{"@id":"https:\/\/tapigroup.com\/de\/#website"},"primaryImageOfPage":{"@id":"https:\/\/tapigroup.com\/de\/production-caps\/wein-de\/tec\/#primaryimage"},"image":{"@id":"https:\/\/tapigroup.com\/de\/production-caps\/wein-de\/tec\/#primaryimage"},"thumbnailUrl":"https:\/\/tapigroup.com\/wp-content\/uploads\/2020\/01\/Tec-2.jpg","datePublished":"2020-01-24T14:36:50+00:00","dateModified":"2023-10-11T14:30:18+00:00","breadcrumb":{"@id":"https:\/\/tapigroup.com\/de\/production-caps\/wein-de\/tec\/#breadcrumb"},"inLanguage":"de","potentialAction":[{"@type":"ReadAction","target":["https:\/\/tapigroup.com\/de\/production-caps\/wein-de\/tec\/"]}]},{"@type":"ImageObject","inLanguage":"de","@id":"https:\/\/tapigroup.com\/de\/production-caps\/wein-de\/tec\/#primaryimage","url":"https:\/\/tapigroup.com\/wp-content\/uploads\/2020\/01\/Tec-2.jpg","contentUrl":"https:\/\/tapigroup.com\/wp-content\/uploads\/2020\/01\/Tec-2.jpg","width":1063,"height":1651,"caption":"Tec gourmet wine plastics"},{"@type":"BreadcrumbList","@id":"https:\/\/tapigroup.com\/de\/production-caps\/wein-de\/tec\/#breadcrumb","itemListElement":[{"@type":"ListItem","position":1,"name":"Produkte","item":"https:\/\/tapigroup.com\/de\/shop\/"},{"@type":"ListItem","position":2,"name":"Tec"}]},{"@type":"WebSite","@id":"https:\/\/tapigroup.com\/de\/#website","url":"https:\/\/tapigroup.com\/de\/","name":"Tap\u00ec Group","description":"Made to be Opened","potentialAction":[{"@type":"SearchAction","target":{"@type":"EntryPoint","urlTemplate":"https:\/\/tapigroup.com\/de\/?s={search_term_string}"},"query-input":{"@type":"PropertyValueSpecification","valueRequired":true,"valueName":"search_term_string"}}],"inLanguage":"de"}]}},"_links":{"self":[{"href":"https:\/\/tapigroup.com\/de\/wp-json\/wp\/v2\/product\/12463","targetHints":{"allow":["GET"]}}],"collection":[{"href":"https:\/\/tapigroup.com\/de\/wp-json\/wp\/v2\/product"}],"about":[{"href":"https:\/\/tapigroup.com\/de\/wp-json\/wp\/v2\/types\/product"}],"version-history":[{"count":4,"href":"https:\/\/tapigroup.com\/de\/wp-json\/wp\/v2\/product\/12463\/revisions"}],"predecessor-version":[{"id":37963,"href":"https:\/\/tapigroup.com\/de\/wp-json\/wp\/v2\/product\/12463\/revisions\/37963"}],"wp:featuredmedia":[{"embeddable":true,"href":"https:\/\/tapigroup.com\/de\/wp-json\/wp\/v2\/media\/27877"}],"wp:attachment":[{"href":"https:\/\/tapigroup.com\/de\/wp-json\/wp\/v2\/media?parent=12463"}],"wp:term":[{"taxonomy":"product_brand","embeddable":true,"href":"https:\/\/tapigroup.com\/de\/wp-json\/wp\/v2\/product_brand?post=12463"},{"taxonomy":"product_cat","embeddable":true,"href":"https:\/\/tapigroup.com\/de\/wp-json\/wp\/v2\/product_cat?post=12463"},{"taxonomy":"product_tag","embeddable":true,"href":"https:\/\/tapigroup.com\/de\/wp-json\/wp\/v2\/product_tag?post=12463"}],"curies":[{"name":"wp","href":"https:\/\/api.w.org\/{rel}","templated":true}]}}