{"id":12418,"date":"2020-01-24T15:37:46","date_gmt":"2020-01-24T14:37:46","guid":{"rendered":"http:\/\/tapigroup.com\/production-caps\/unkategorisiert\/soft\/"},"modified":"2023-01-27T10:10:29","modified_gmt":"2023-01-27T09:10:29","slug":"soft","status":"publish","type":"product","link":"https:\/\/tapigroup.com\/de\/production-caps\/wein-de\/soft\/","title":{"rendered":"Soft"},"content":{"rendered":"\t\t<div data-elementor-type=\"wp-post\" data-elementor-id=\"12418\" class=\"elementor elementor-12418 elementor-1167\" data-elementor-post-type=\"product\">\n\t\t\t\t\t\t<section class=\"elementor-section elementor-top-section elementor-element elementor-element-d81b984 elementor-section-boxed elementor-section-height-default elementor-section-height-default\" data-id=\"d81b984\" data-element_type=\"section\" data-e-type=\"section\">\n\t\t\t\t\t\t<div class=\"elementor-container elementor-column-gap-default\">\n\t\t\t\t\t<div class=\"elementor-column elementor-col-50 elementor-top-column elementor-element elementor-element-d14295b\" data-id=\"d14295b\" data-element_type=\"column\" data-e-type=\"column\">\n\t\t\t<div class=\"elementor-widget-wrap elementor-element-populated\">\n\t\t\t\t\t\t<div class=\"elementor-element elementor-element-0710321 elementor-widget elementor-widget-heading\" data-id=\"0710321\" data-element_type=\"widget\" data-e-type=\"widget\" data-widget_type=\"heading.default\">\n\t\t\t\t<div class=\"elementor-widget-container\">\n\t\t\t\t\t<h3 class=\"elementor-heading-title elementor-size-default\">PERSONALIZZAZIONI<\/h3>\t\t\t\t<\/div>\n\t\t\t\t<\/div>\n\t\t\t\t\t<\/div>\n\t\t<\/div>\n\t\t\t\t<div class=\"elementor-column elementor-col-50 elementor-top-column elementor-element elementor-element-73a6958\" data-id=\"73a6958\" data-element_type=\"column\" data-e-type=\"column\">\n\t\t\t<div class=\"elementor-widget-wrap\">\n\t\t\t\t\t\t\t<\/div>\n\t\t<\/div>\n\t\t\t\t\t<\/div>\n\t\t<\/section>\n\t\t\t\t<\/div>\n\t\t","protected":false},"excerpt":{"rendered":"<p><span>Soft wurde spezifisch f\u00fcr hochwertige Wei\u00df-, Ros\u00e9- und Rotweine entwickelt, die nach dem Entkorken wieder verschlossen werden m\u00fcssen. Er besteht aus einem synthetischen Material mit besonderer Elastizit\u00e4t, so dass er nach dem Entkorken leicht von Hand wieder eingesetzt werden kann. Er bietet eine hohe CO2-Dichtheit; die Sauerstoffbarriere geh\u00f6rt zu den leistungsst\u00e4rksten in seiner Kategorie. So wird der Wein vor Oxidation gesch\u00fctzt.<\/span><\/p>\n<div class=\"info-btn request-info\"><a class=\"open-contact-modal\" role=\"button\"><span>MEHR INFO<\/span><\/a><\/div>\n<div class=\"info-btn download\"><a href=\"https:\/\/tapigroup.com\/de\/wp-content\/uploads\/2020\/05\/scheda-tecnica-soft.pdf\" role=\"button\"><span>DOWNLOAD DATENBLATT<\/span><\/a><\/div>\n","protected":false},"featured_media":27819,"template":"","meta":[],"product_brand":[],"product_cat":[141],"product_tag":[167,143,181],"class_list":{"0":"post-12418","1":"product","2":"type-product","3":"status-publish","4":"has-post-thumbnail","6":"product_cat-wein-de","7":"product_tag-collection-de","8":"product_tag-kunststoff-de","9":"product_tag-weinkorken-de","11":"first","12":"instock","13":"shipping-taxable","14":"product-type-simple"},"yoast_head":"<!-- This site is optimized with the Yoast SEO plugin v27.2 - https:\/\/yoast.com\/product\/yoast-seo-wordpress\/ -->\n<title>Soft - Tap\u00ec Group<\/title>\n<meta name=\"robots\" content=\"index, follow, max-snippet:-1, max-image-preview:large, max-video-preview:-1\" \/>\n<link rel=\"canonical\" href=\"https:\/\/tapigroup.com\/de\/production-caps\/wein-de\/soft\/\" \/>\n<meta property=\"og:locale\" content=\"de_DE\" \/>\n<meta property=\"og:type\" content=\"article\" \/>\n<meta property=\"og:title\" content=\"Soft - Tap\u00ec Group\" \/>\n<meta property=\"og:description\" content=\"Soft wurde spezifisch f\u00fcr hochwertige Wei\u00df-, Ros\u00e9- und Rotweine entwickelt, die nach dem Entkorken wieder verschlossen werden m\u00fcssen. Er besteht aus einem synthetischen Material mit besonderer Elastizit\u00e4t, so dass er nach dem Entkorken leicht von Hand wieder eingesetzt werden kann. Er bietet eine hohe CO2-Dichtheit; die Sauerstoffbarriere geh\u00f6rt zu den leistungsst\u00e4rksten in seiner Kategorie. So wird der Wein vor Oxidation gesch\u00fctzt. MEHR INFO DOWNLOAD DATENBLATT\" \/>\n<meta property=\"og:url\" content=\"https:\/\/tapigroup.com\/de\/production-caps\/wein-de\/soft\/\" \/>\n<meta property=\"og:site_name\" content=\"Tap\u00ec Group\" \/>\n<meta property=\"article:modified_time\" content=\"2023-01-27T09:10:29+00:00\" \/>\n<meta property=\"og:image\" content=\"https:\/\/tapigroup.com\/wp-content\/uploads\/2020\/06\/Soft_.jpg\" \/>\n\t<meta property=\"og:image:width\" content=\"1063\" \/>\n\t<meta property=\"og:image:height\" content=\"1651\" \/>\n\t<meta property=\"og:image:type\" content=\"image\/jpeg\" \/>\n<meta name=\"twitter:card\" content=\"summary_large_image\" \/>\n<meta name=\"twitter:label1\" content=\"Gesch\u00e4tzte Lesezeit\" \/>\n\t<meta name=\"twitter:data1\" content=\"1\u00a0Minute\" \/>\n<script type=\"application\/ld+json\" class=\"yoast-schema-graph\">{\"@context\":\"https:\/\/schema.org\",\"@graph\":[{\"@type\":\"WebPage\",\"@id\":\"https:\/\/tapigroup.com\/de\/production-caps\/wein-de\/soft\/\",\"url\":\"https:\/\/tapigroup.com\/de\/production-caps\/wein-de\/soft\/\",\"name\":\"Soft - Tap\u00ec Group\",\"isPartOf\":{\"@id\":\"https:\/\/tapigroup.com\/de\/#website\"},\"primaryImageOfPage\":{\"@id\":\"https:\/\/tapigroup.com\/de\/production-caps\/wein-de\/soft\/#primaryimage\"},\"image\":{\"@id\":\"https:\/\/tapigroup.com\/de\/production-caps\/wein-de\/soft\/#primaryimage\"},\"thumbnailUrl\":\"https:\/\/tapigroup.com\/wp-content\/uploads\/2020\/06\/Soft_.jpg\",\"datePublished\":\"2020-01-24T14:37:46+00:00\",\"dateModified\":\"2023-01-27T09:10:29+00:00\",\"breadcrumb\":{\"@id\":\"https:\/\/tapigroup.com\/de\/production-caps\/wein-de\/soft\/#breadcrumb\"},\"inLanguage\":\"de\",\"potentialAction\":[{\"@type\":\"ReadAction\",\"target\":[\"https:\/\/tapigroup.com\/de\/production-caps\/wein-de\/soft\/\"]}]},{\"@type\":\"ImageObject\",\"inLanguage\":\"de\",\"@id\":\"https:\/\/tapigroup.com\/de\/production-caps\/wein-de\/soft\/#primaryimage\",\"url\":\"https:\/\/tapigroup.com\/wp-content\/uploads\/2020\/06\/Soft_.jpg\",\"contentUrl\":\"https:\/\/tapigroup.com\/wp-content\/uploads\/2020\/06\/Soft_.jpg\",\"width\":1063,\"height\":1651,\"caption\":\"Soft gourmet wine plastics\"},{\"@type\":\"BreadcrumbList\",\"@id\":\"https:\/\/tapigroup.com\/de\/production-caps\/wein-de\/soft\/#breadcrumb\",\"itemListElement\":[{\"@type\":\"ListItem\",\"position\":1,\"name\":\"Produkte\",\"item\":\"https:\/\/tapigroup.com\/de\/shop\/\"},{\"@type\":\"ListItem\",\"position\":2,\"name\":\"Soft\"}]},{\"@type\":\"WebSite\",\"@id\":\"https:\/\/tapigroup.com\/de\/#website\",\"url\":\"https:\/\/tapigroup.com\/de\/\",\"name\":\"Tap\u00ec Group\",\"description\":\"Made to be Opened\",\"potentialAction\":[{\"@type\":\"SearchAction\",\"target\":{\"@type\":\"EntryPoint\",\"urlTemplate\":\"https:\/\/tapigroup.com\/de\/?s={search_term_string}\"},\"query-input\":{\"@type\":\"PropertyValueSpecification\",\"valueRequired\":true,\"valueName\":\"search_term_string\"}}],\"inLanguage\":\"de\"}]}<\/script>\n<!-- \/ Yoast SEO plugin. -->","yoast_head_json":{"title":"Soft - Tap\u00ec Group","robots":{"index":"index","follow":"follow","max-snippet":"max-snippet:-1","max-image-preview":"max-image-preview:large","max-video-preview":"max-video-preview:-1"},"canonical":"https:\/\/tapigroup.com\/de\/production-caps\/wein-de\/soft\/","og_locale":"de_DE","og_type":"article","og_title":"Soft - Tap\u00ec Group","og_description":"Soft wurde spezifisch f\u00fcr hochwertige Wei\u00df-, Ros\u00e9- und Rotweine entwickelt, die nach dem Entkorken wieder verschlossen werden m\u00fcssen. Er besteht aus einem synthetischen Material mit besonderer Elastizit\u00e4t, so dass er nach dem Entkorken leicht von Hand wieder eingesetzt werden kann. Er bietet eine hohe CO2-Dichtheit; die Sauerstoffbarriere geh\u00f6rt zu den leistungsst\u00e4rksten in seiner Kategorie. So wird der Wein vor Oxidation gesch\u00fctzt. MEHR INFO DOWNLOAD DATENBLATT","og_url":"https:\/\/tapigroup.com\/de\/production-caps\/wein-de\/soft\/","og_site_name":"Tap\u00ec Group","article_modified_time":"2023-01-27T09:10:29+00:00","og_image":[{"width":1063,"height":1651,"url":"https:\/\/tapigroup.com\/wp-content\/uploads\/2020\/06\/Soft_.jpg","type":"image\/jpeg"}],"twitter_card":"summary_large_image","twitter_misc":{"Gesch\u00e4tzte Lesezeit":"1\u00a0Minute"},"schema":{"@context":"https:\/\/schema.org","@graph":[{"@type":"WebPage","@id":"https:\/\/tapigroup.com\/de\/production-caps\/wein-de\/soft\/","url":"https:\/\/tapigroup.com\/de\/production-caps\/wein-de\/soft\/","name":"Soft - Tap\u00ec Group","isPartOf":{"@id":"https:\/\/tapigroup.com\/de\/#website"},"primaryImageOfPage":{"@id":"https:\/\/tapigroup.com\/de\/production-caps\/wein-de\/soft\/#primaryimage"},"image":{"@id":"https:\/\/tapigroup.com\/de\/production-caps\/wein-de\/soft\/#primaryimage"},"thumbnailUrl":"https:\/\/tapigroup.com\/wp-content\/uploads\/2020\/06\/Soft_.jpg","datePublished":"2020-01-24T14:37:46+00:00","dateModified":"2023-01-27T09:10:29+00:00","breadcrumb":{"@id":"https:\/\/tapigroup.com\/de\/production-caps\/wein-de\/soft\/#breadcrumb"},"inLanguage":"de","potentialAction":[{"@type":"ReadAction","target":["https:\/\/tapigroup.com\/de\/production-caps\/wein-de\/soft\/"]}]},{"@type":"ImageObject","inLanguage":"de","@id":"https:\/\/tapigroup.com\/de\/production-caps\/wein-de\/soft\/#primaryimage","url":"https:\/\/tapigroup.com\/wp-content\/uploads\/2020\/06\/Soft_.jpg","contentUrl":"https:\/\/tapigroup.com\/wp-content\/uploads\/2020\/06\/Soft_.jpg","width":1063,"height":1651,"caption":"Soft gourmet wine plastics"},{"@type":"BreadcrumbList","@id":"https:\/\/tapigroup.com\/de\/production-caps\/wein-de\/soft\/#breadcrumb","itemListElement":[{"@type":"ListItem","position":1,"name":"Produkte","item":"https:\/\/tapigroup.com\/de\/shop\/"},{"@type":"ListItem","position":2,"name":"Soft"}]},{"@type":"WebSite","@id":"https:\/\/tapigroup.com\/de\/#website","url":"https:\/\/tapigroup.com\/de\/","name":"Tap\u00ec Group","description":"Made to be Opened","potentialAction":[{"@type":"SearchAction","target":{"@type":"EntryPoint","urlTemplate":"https:\/\/tapigroup.com\/de\/?s={search_term_string}"},"query-input":{"@type":"PropertyValueSpecification","valueRequired":true,"valueName":"search_term_string"}}],"inLanguage":"de"}]}},"_links":{"self":[{"href":"https:\/\/tapigroup.com\/de\/wp-json\/wp\/v2\/product\/12418","targetHints":{"allow":["GET"]}}],"collection":[{"href":"https:\/\/tapigroup.com\/de\/wp-json\/wp\/v2\/product"}],"about":[{"href":"https:\/\/tapigroup.com\/de\/wp-json\/wp\/v2\/types\/product"}],"version-history":[{"count":3,"href":"https:\/\/tapigroup.com\/de\/wp-json\/wp\/v2\/product\/12418\/revisions"}],"predecessor-version":[{"id":28950,"href":"https:\/\/tapigroup.com\/de\/wp-json\/wp\/v2\/product\/12418\/revisions\/28950"}],"wp:featuredmedia":[{"embeddable":true,"href":"https:\/\/tapigroup.com\/de\/wp-json\/wp\/v2\/media\/27819"}],"wp:attachment":[{"href":"https:\/\/tapigroup.com\/de\/wp-json\/wp\/v2\/media?parent=12418"}],"wp:term":[{"taxonomy":"product_brand","embeddable":true,"href":"https:\/\/tapigroup.com\/de\/wp-json\/wp\/v2\/product_brand?post=12418"},{"taxonomy":"product_cat","embeddable":true,"href":"https:\/\/tapigroup.com\/de\/wp-json\/wp\/v2\/product_cat?post=12418"},{"taxonomy":"product_tag","embeddable":true,"href":"https:\/\/tapigroup.com\/de\/wp-json\/wp\/v2\/product_tag?post=12418"}],"curies":[{"name":"wp","href":"https:\/\/api.w.org\/{rel}","templated":true}]}}