{"id":12387,"date":"2020-01-24T15:41:57","date_gmt":"2020-01-24T14:41:57","guid":{"rendered":"http:\/\/tapigroup.com\/production-caps\/unkategorisiert\/pop-lite\/"},"modified":"2023-10-11T16:17:48","modified_gmt":"2023-10-11T14:17:48","slug":"pop-lite","status":"publish","type":"product","link":"https:\/\/tapigroup.com\/de\/production-caps\/wein-de\/pop-lite\/","title":{"rendered":"Pop Lite"},"content":{"rendered":"\t\t<div data-elementor-type=\"wp-post\" data-elementor-id=\"12387\" class=\"elementor elementor-12387 elementor-1171\" data-elementor-post-type=\"product\">\n\t\t\t\t\t\t<section class=\"elementor-section elementor-top-section elementor-element elementor-element-b787099 elementor-section-boxed elementor-section-height-default elementor-section-height-default\" data-id=\"b787099\" data-element_type=\"section\" data-e-type=\"section\">\n\t\t\t\t\t\t<div class=\"elementor-container elementor-column-gap-default\">\n\t\t\t\t\t<div class=\"elementor-column elementor-col-50 elementor-top-column elementor-element elementor-element-2354cd6\" data-id=\"2354cd6\" data-element_type=\"column\" data-e-type=\"column\">\n\t\t\t<div class=\"elementor-widget-wrap elementor-element-populated\">\n\t\t\t\t\t\t<div class=\"elementor-element elementor-element-86c7662 elementor-widget elementor-widget-heading\" data-id=\"86c7662\" data-element_type=\"widget\" data-e-type=\"widget\" data-widget_type=\"heading.default\">\n\t\t\t\t<div class=\"elementor-widget-container\">\n\t\t\t\t\t<h3 class=\"elementor-heading-title elementor-size-default\">PERSONALIZZAZIONI<\/h3>\t\t\t\t<\/div>\n\t\t\t\t<\/div>\n\t\t\t\t\t<\/div>\n\t\t<\/div>\n\t\t\t\t<div class=\"elementor-column elementor-col-50 elementor-top-column elementor-element elementor-element-216ddc3\" data-id=\"216ddc3\" data-element_type=\"column\" data-e-type=\"column\">\n\t\t\t<div class=\"elementor-widget-wrap\">\n\t\t\t\t\t\t\t<\/div>\n\t\t<\/div>\n\t\t\t\t\t<\/div>\n\t\t<\/section>\n\t\t\t\t<\/div>\n\t\t","protected":false},"excerpt":{"rendered":"<p><span>Pop Lite ist der ideale Verschluss f\u00fcr die Aufbewahrung von stillen Wei\u00df- und Rotweinen.<\/span><br \/>\n<span>Er besteht aus einem synthetischen Material der j\u00fcngsten Generation. Mit seinem weiten Kurvenradius am Sockel und der hohen Elastizit\u00e4t kann er leicht auch bei Flaschen angewendet werden, die einen sehr weitem Hals haben oder kritischen Lager- und Transportbedingungen ausgesetzt sind.<\/span><br \/>\n<span>Er zeichnet sich durch eine hervorragende Dichtheit des Innendrucks und eine gro\u00dfe geschmackliche Neutralit\u00e4t aus, so dass die aromatische Struktur des Weines gesch\u00fctzt wird.<\/span><\/p>\n<div class=\"info-btn request-info\"><a class=\"open-contact-modal\" role=\"button\"><span>MEHR INFO<\/span><\/a><\/div>\n<div class=\"info-btn download\"><a href=\"https:\/\/tapigroup.com\/wp-content\/uploads\/2020\/05\/scheda-tecnica-pop-lite.pdf\" role=\"button\"><span>DOWNLOAD DATENBLATT<\/span><\/a><\/div>\n","protected":false},"featured_media":27865,"template":"","meta":[],"product_brand":[],"product_cat":[141],"product_tag":[167,143,181],"class_list":{"0":"post-12387","1":"product","2":"type-product","3":"status-publish","4":"has-post-thumbnail","6":"product_cat-wein-de","7":"product_tag-collection-de","8":"product_tag-kunststoff-de","9":"product_tag-weinkorken-de","11":"first","12":"instock","13":"shipping-taxable","14":"product-type-simple"},"yoast_head":"<!-- This site is optimized with the Yoast SEO plugin v27.2 - https:\/\/yoast.com\/product\/yoast-seo-wordpress\/ -->\n<title>Pop Lite - Tap\u00ec Group<\/title>\n<meta name=\"robots\" content=\"index, follow, max-snippet:-1, max-image-preview:large, max-video-preview:-1\" \/>\n<link rel=\"canonical\" href=\"https:\/\/tapigroup.com\/de\/production-caps\/wein-de\/pop-lite\/\" \/>\n<meta property=\"og:locale\" content=\"de_DE\" \/>\n<meta property=\"og:type\" content=\"article\" \/>\n<meta property=\"og:title\" content=\"Pop Lite - Tap\u00ec Group\" \/>\n<meta property=\"og:description\" content=\"Pop Lite ist der ideale Verschluss f\u00fcr die Aufbewahrung von stillen Wei\u00df- und Rotweinen. Er besteht aus einem synthetischen Material der j\u00fcngsten Generation. Mit seinem weiten Kurvenradius am Sockel und der hohen Elastizit\u00e4t kann er leicht auch bei Flaschen angewendet werden, die einen sehr weitem Hals haben oder kritischen Lager- und Transportbedingungen ausgesetzt sind. Er zeichnet sich durch eine hervorragende Dichtheit des Innendrucks und eine gro\u00dfe geschmackliche Neutralit\u00e4t aus, so dass die aromatische Struktur des Weines gesch\u00fctzt wird. MEHR INFO DOWNLOAD DATENBLATT\" \/>\n<meta property=\"og:url\" content=\"https:\/\/tapigroup.com\/de\/production-caps\/wein-de\/pop-lite\/\" \/>\n<meta property=\"og:site_name\" content=\"Tap\u00ec Group\" \/>\n<meta property=\"article:modified_time\" content=\"2023-10-11T14:17:48+00:00\" \/>\n<meta property=\"og:image\" content=\"https:\/\/tapigroup.com\/wp-content\/uploads\/2020\/01\/Pop-lite.jpg\" \/>\n\t<meta property=\"og:image:width\" content=\"1063\" \/>\n\t<meta property=\"og:image:height\" content=\"1651\" \/>\n\t<meta property=\"og:image:type\" content=\"image\/jpeg\" \/>\n<meta name=\"twitter:card\" content=\"summary_large_image\" \/>\n<meta name=\"twitter:label1\" content=\"Gesch\u00e4tzte Lesezeit\" \/>\n\t<meta name=\"twitter:data1\" content=\"1\u00a0Minute\" \/>\n<script type=\"application\/ld+json\" class=\"yoast-schema-graph\">{\"@context\":\"https:\/\/schema.org\",\"@graph\":[{\"@type\":\"WebPage\",\"@id\":\"https:\/\/tapigroup.com\/de\/production-caps\/wein-de\/pop-lite\/\",\"url\":\"https:\/\/tapigroup.com\/de\/production-caps\/wein-de\/pop-lite\/\",\"name\":\"Pop Lite - Tap\u00ec Group\",\"isPartOf\":{\"@id\":\"https:\/\/tapigroup.com\/de\/#website\"},\"primaryImageOfPage\":{\"@id\":\"https:\/\/tapigroup.com\/de\/production-caps\/wein-de\/pop-lite\/#primaryimage\"},\"image\":{\"@id\":\"https:\/\/tapigroup.com\/de\/production-caps\/wein-de\/pop-lite\/#primaryimage\"},\"thumbnailUrl\":\"https:\/\/tapigroup.com\/wp-content\/uploads\/2020\/01\/Pop-lite.jpg\",\"datePublished\":\"2020-01-24T14:41:57+00:00\",\"dateModified\":\"2023-10-11T14:17:48+00:00\",\"breadcrumb\":{\"@id\":\"https:\/\/tapigroup.com\/de\/production-caps\/wein-de\/pop-lite\/#breadcrumb\"},\"inLanguage\":\"de\",\"potentialAction\":[{\"@type\":\"ReadAction\",\"target\":[\"https:\/\/tapigroup.com\/de\/production-caps\/wein-de\/pop-lite\/\"]}]},{\"@type\":\"ImageObject\",\"inLanguage\":\"de\",\"@id\":\"https:\/\/tapigroup.com\/de\/production-caps\/wein-de\/pop-lite\/#primaryimage\",\"url\":\"https:\/\/tapigroup.com\/wp-content\/uploads\/2020\/01\/Pop-lite.jpg\",\"contentUrl\":\"https:\/\/tapigroup.com\/wp-content\/uploads\/2020\/01\/Pop-lite.jpg\",\"width\":1063,\"height\":1651,\"caption\":\"Pop lite gourmet wine plastics\"},{\"@type\":\"BreadcrumbList\",\"@id\":\"https:\/\/tapigroup.com\/de\/production-caps\/wein-de\/pop-lite\/#breadcrumb\",\"itemListElement\":[{\"@type\":\"ListItem\",\"position\":1,\"name\":\"Produkte\",\"item\":\"https:\/\/tapigroup.com\/de\/shop\/\"},{\"@type\":\"ListItem\",\"position\":2,\"name\":\"Pop Lite\"}]},{\"@type\":\"WebSite\",\"@id\":\"https:\/\/tapigroup.com\/de\/#website\",\"url\":\"https:\/\/tapigroup.com\/de\/\",\"name\":\"Tap\u00ec Group\",\"description\":\"Made to be Opened\",\"potentialAction\":[{\"@type\":\"SearchAction\",\"target\":{\"@type\":\"EntryPoint\",\"urlTemplate\":\"https:\/\/tapigroup.com\/de\/?s={search_term_string}\"},\"query-input\":{\"@type\":\"PropertyValueSpecification\",\"valueRequired\":true,\"valueName\":\"search_term_string\"}}],\"inLanguage\":\"de\"}]}<\/script>\n<!-- \/ Yoast SEO plugin. -->","yoast_head_json":{"title":"Pop Lite - Tap\u00ec Group","robots":{"index":"index","follow":"follow","max-snippet":"max-snippet:-1","max-image-preview":"max-image-preview:large","max-video-preview":"max-video-preview:-1"},"canonical":"https:\/\/tapigroup.com\/de\/production-caps\/wein-de\/pop-lite\/","og_locale":"de_DE","og_type":"article","og_title":"Pop Lite - Tap\u00ec Group","og_description":"Pop Lite ist der ideale Verschluss f\u00fcr die Aufbewahrung von stillen Wei\u00df- und Rotweinen. Er besteht aus einem synthetischen Material der j\u00fcngsten Generation. Mit seinem weiten Kurvenradius am Sockel und der hohen Elastizit\u00e4t kann er leicht auch bei Flaschen angewendet werden, die einen sehr weitem Hals haben oder kritischen Lager- und Transportbedingungen ausgesetzt sind. Er zeichnet sich durch eine hervorragende Dichtheit des Innendrucks und eine gro\u00dfe geschmackliche Neutralit\u00e4t aus, so dass die aromatische Struktur des Weines gesch\u00fctzt wird. MEHR INFO DOWNLOAD DATENBLATT","og_url":"https:\/\/tapigroup.com\/de\/production-caps\/wein-de\/pop-lite\/","og_site_name":"Tap\u00ec Group","article_modified_time":"2023-10-11T14:17:48+00:00","og_image":[{"width":1063,"height":1651,"url":"https:\/\/tapigroup.com\/wp-content\/uploads\/2020\/01\/Pop-lite.jpg","type":"image\/jpeg"}],"twitter_card":"summary_large_image","twitter_misc":{"Gesch\u00e4tzte Lesezeit":"1\u00a0Minute"},"schema":{"@context":"https:\/\/schema.org","@graph":[{"@type":"WebPage","@id":"https:\/\/tapigroup.com\/de\/production-caps\/wein-de\/pop-lite\/","url":"https:\/\/tapigroup.com\/de\/production-caps\/wein-de\/pop-lite\/","name":"Pop Lite - Tap\u00ec Group","isPartOf":{"@id":"https:\/\/tapigroup.com\/de\/#website"},"primaryImageOfPage":{"@id":"https:\/\/tapigroup.com\/de\/production-caps\/wein-de\/pop-lite\/#primaryimage"},"image":{"@id":"https:\/\/tapigroup.com\/de\/production-caps\/wein-de\/pop-lite\/#primaryimage"},"thumbnailUrl":"https:\/\/tapigroup.com\/wp-content\/uploads\/2020\/01\/Pop-lite.jpg","datePublished":"2020-01-24T14:41:57+00:00","dateModified":"2023-10-11T14:17:48+00:00","breadcrumb":{"@id":"https:\/\/tapigroup.com\/de\/production-caps\/wein-de\/pop-lite\/#breadcrumb"},"inLanguage":"de","potentialAction":[{"@type":"ReadAction","target":["https:\/\/tapigroup.com\/de\/production-caps\/wein-de\/pop-lite\/"]}]},{"@type":"ImageObject","inLanguage":"de","@id":"https:\/\/tapigroup.com\/de\/production-caps\/wein-de\/pop-lite\/#primaryimage","url":"https:\/\/tapigroup.com\/wp-content\/uploads\/2020\/01\/Pop-lite.jpg","contentUrl":"https:\/\/tapigroup.com\/wp-content\/uploads\/2020\/01\/Pop-lite.jpg","width":1063,"height":1651,"caption":"Pop lite gourmet wine plastics"},{"@type":"BreadcrumbList","@id":"https:\/\/tapigroup.com\/de\/production-caps\/wein-de\/pop-lite\/#breadcrumb","itemListElement":[{"@type":"ListItem","position":1,"name":"Produkte","item":"https:\/\/tapigroup.com\/de\/shop\/"},{"@type":"ListItem","position":2,"name":"Pop Lite"}]},{"@type":"WebSite","@id":"https:\/\/tapigroup.com\/de\/#website","url":"https:\/\/tapigroup.com\/de\/","name":"Tap\u00ec Group","description":"Made to be Opened","potentialAction":[{"@type":"SearchAction","target":{"@type":"EntryPoint","urlTemplate":"https:\/\/tapigroup.com\/de\/?s={search_term_string}"},"query-input":{"@type":"PropertyValueSpecification","valueRequired":true,"valueName":"search_term_string"}}],"inLanguage":"de"}]}},"_links":{"self":[{"href":"https:\/\/tapigroup.com\/de\/wp-json\/wp\/v2\/product\/12387","targetHints":{"allow":["GET"]}}],"collection":[{"href":"https:\/\/tapigroup.com\/de\/wp-json\/wp\/v2\/product"}],"about":[{"href":"https:\/\/tapigroup.com\/de\/wp-json\/wp\/v2\/types\/product"}],"version-history":[{"count":4,"href":"https:\/\/tapigroup.com\/de\/wp-json\/wp\/v2\/product\/12387\/revisions"}],"predecessor-version":[{"id":37957,"href":"https:\/\/tapigroup.com\/de\/wp-json\/wp\/v2\/product\/12387\/revisions\/37957"}],"wp:featuredmedia":[{"embeddable":true,"href":"https:\/\/tapigroup.com\/de\/wp-json\/wp\/v2\/media\/27865"}],"wp:attachment":[{"href":"https:\/\/tapigroup.com\/de\/wp-json\/wp\/v2\/media?parent=12387"}],"wp:term":[{"taxonomy":"product_brand","embeddable":true,"href":"https:\/\/tapigroup.com\/de\/wp-json\/wp\/v2\/product_brand?post=12387"},{"taxonomy":"product_cat","embeddable":true,"href":"https:\/\/tapigroup.com\/de\/wp-json\/wp\/v2\/product_cat?post=12387"},{"taxonomy":"product_tag","embeddable":true,"href":"https:\/\/tapigroup.com\/de\/wp-json\/wp\/v2\/product_tag?post=12387"}],"curies":[{"name":"wp","href":"https:\/\/api.w.org\/{rel}","templated":true}]}}