{"id":12343,"date":"2020-06-04T15:13:05","date_gmt":"2020-06-04T13:13:05","guid":{"rendered":"http:\/\/tapigroup.com\/production-caps\/unkategorisiert\/exel\/"},"modified":"2023-10-11T14:50:06","modified_gmt":"2023-10-11T12:50:06","slug":"exel","status":"publish","type":"product","link":"https:\/\/tapigroup.com\/de\/production-caps\/wein-de\/exel\/","title":{"rendered":"Exel"},"content":{"rendered":"\t\t<div data-elementor-type=\"wp-post\" data-elementor-id=\"12343\" class=\"elementor elementor-12343 elementor-3344\" data-elementor-post-type=\"product\">\n\t\t\t\t\t\t<section class=\"elementor-section elementor-top-section elementor-element elementor-element-abdf54c elementor-section-boxed elementor-section-height-default elementor-section-height-default\" data-id=\"abdf54c\" data-element_type=\"section\" data-e-type=\"section\">\n\t\t\t\t\t\t<div class=\"elementor-container elementor-column-gap-default\">\n\t\t\t\t\t<div class=\"elementor-column elementor-col-50 elementor-top-column elementor-element elementor-element-eba7058\" data-id=\"eba7058\" data-element_type=\"column\" data-e-type=\"column\">\n\t\t\t<div class=\"elementor-widget-wrap elementor-element-populated\">\n\t\t\t\t\t\t<div class=\"elementor-element elementor-element-04aec28 elementor-widget elementor-widget-heading\" data-id=\"04aec28\" data-element_type=\"widget\" data-e-type=\"widget\" data-widget_type=\"heading.default\">\n\t\t\t\t<div class=\"elementor-widget-container\">\n\t\t\t\t\t<h3 class=\"elementor-heading-title elementor-size-default\">PERSONALIZZAZIONI<\/h3>\t\t\t\t<\/div>\n\t\t\t\t<\/div>\n\t\t\t\t\t<\/div>\n\t\t<\/div>\n\t\t\t\t<div class=\"elementor-column elementor-col-50 elementor-top-column elementor-element elementor-element-d313aee\" data-id=\"d313aee\" data-element_type=\"column\" data-e-type=\"column\">\n\t\t\t<div class=\"elementor-widget-wrap\">\n\t\t\t\t\t\t\t<\/div>\n\t\t<\/div>\n\t\t\t\t\t<\/div>\n\t\t<\/section>\n\t\t\t\t<\/div>\n\t\t","protected":false},"excerpt":{"rendered":"<p>Exel ist eine Neuheit im Bereich der Verschl\u00fcsse f\u00fcr Sekt.<\/p>\n<p>Die komplexe Form ist nichts anderes als die Vereinigung von Design und Technologie.<\/p>\n<p>Exel erleichtert das \u00d6ffnen der Flasche durch die Rillen am Kopf.<\/p>\n<p>Der Verschluss bietet eine hervorragende CO2-Barriere und bewahrt damit die Eigenschaften des Weins dauerhaft. Au\u00dferdem besteht er aus Materialien, die den h\u00f6chsten Grad an Neutralit\u00e4t bieten und damit den bestm\u00f6glichen Schutz f\u00fcr die empfindliche aromatische Struktur von Perl- und Schaumweinen garantieren.<\/p>\n<div class=\"info-btn\"><a class=\"open-contact-modal\" role=\"button\"><span>MEHR INFO<\/span><\/a><\/div>\n<div class=\"info-btn\"><a href=\"https:\/\/tapigroup.com\/wp-content\/uploads\/2020\/06\/EXEL_XS-unito.pdf\" role=\"button\"><span>DOWNLOAD DATENBLATT<\/span><\/a><\/div>\n","protected":false},"featured_media":27814,"template":"","meta":[],"product_brand":[],"product_cat":[141],"product_tag":[167,143,181],"class_list":{"0":"post-12343","1":"product","2":"type-product","3":"status-publish","4":"has-post-thumbnail","6":"product_cat-wein-de","7":"product_tag-collection-de","8":"product_tag-kunststoff-de","9":"product_tag-weinkorken-de","11":"first","12":"instock","13":"shipping-taxable","14":"product-type-simple"},"yoast_head":"<!-- This site is optimized with the Yoast SEO plugin v27.2 - https:\/\/yoast.com\/product\/yoast-seo-wordpress\/ -->\n<title>Exel - Tap\u00ec Group<\/title>\n<meta name=\"robots\" content=\"index, follow, max-snippet:-1, max-image-preview:large, max-video-preview:-1\" \/>\n<link rel=\"canonical\" href=\"https:\/\/tapigroup.com\/de\/production-caps\/wein-de\/exel\/\" \/>\n<meta property=\"og:locale\" content=\"de_DE\" \/>\n<meta property=\"og:type\" content=\"article\" \/>\n<meta property=\"og:title\" content=\"Exel - Tap\u00ec Group\" \/>\n<meta property=\"og:description\" content=\"Exel ist eine Neuheit im Bereich der Verschl\u00fcsse f\u00fcr Sekt.  Die komplexe Form ist nichts anderes als die Vereinigung von Design und Technologie.  Exel erleichtert das \u00d6ffnen der Flasche durch die Rillen am Kopf.  Der Verschluss bietet eine hervorragende CO2-Barriere und bewahrt damit die Eigenschaften des Weins dauerhaft. Au\u00dferdem besteht er aus Materialien, die den h\u00f6chsten Grad an Neutralit\u00e4t bieten und damit den bestm\u00f6glichen Schutz f\u00fcr die empfindliche aromatische Struktur von Perl- und Schaumweinen garantieren. MEHR INFO DOWNLOAD DATENBLATT\" \/>\n<meta property=\"og:url\" content=\"https:\/\/tapigroup.com\/de\/production-caps\/wein-de\/exel\/\" \/>\n<meta property=\"og:site_name\" content=\"Tap\u00ec Group\" \/>\n<meta property=\"article:modified_time\" content=\"2023-10-11T12:50:06+00:00\" \/>\n<meta property=\"og:image\" content=\"https:\/\/tapigroup.com\/wp-content\/uploads\/2020\/06\/Exel.jpg\" \/>\n\t<meta property=\"og:image:width\" content=\"1063\" \/>\n\t<meta property=\"og:image:height\" content=\"1651\" \/>\n\t<meta property=\"og:image:type\" content=\"image\/jpeg\" \/>\n<meta name=\"twitter:card\" content=\"summary_large_image\" \/>\n<meta name=\"twitter:label1\" content=\"Gesch\u00e4tzte Lesezeit\" \/>\n\t<meta name=\"twitter:data1\" content=\"1\u00a0Minute\" \/>\n<script type=\"application\/ld+json\" class=\"yoast-schema-graph\">{\"@context\":\"https:\/\/schema.org\",\"@graph\":[{\"@type\":\"WebPage\",\"@id\":\"https:\/\/tapigroup.com\/de\/production-caps\/wein-de\/exel\/\",\"url\":\"https:\/\/tapigroup.com\/de\/production-caps\/wein-de\/exel\/\",\"name\":\"Exel - Tap\u00ec Group\",\"isPartOf\":{\"@id\":\"https:\/\/tapigroup.com\/de\/#website\"},\"primaryImageOfPage\":{\"@id\":\"https:\/\/tapigroup.com\/de\/production-caps\/wein-de\/exel\/#primaryimage\"},\"image\":{\"@id\":\"https:\/\/tapigroup.com\/de\/production-caps\/wein-de\/exel\/#primaryimage\"},\"thumbnailUrl\":\"https:\/\/tapigroup.com\/wp-content\/uploads\/2020\/06\/Exel.jpg\",\"datePublished\":\"2020-06-04T13:13:05+00:00\",\"dateModified\":\"2023-10-11T12:50:06+00:00\",\"breadcrumb\":{\"@id\":\"https:\/\/tapigroup.com\/de\/production-caps\/wein-de\/exel\/#breadcrumb\"},\"inLanguage\":\"de\",\"potentialAction\":[{\"@type\":\"ReadAction\",\"target\":[\"https:\/\/tapigroup.com\/de\/production-caps\/wein-de\/exel\/\"]}]},{\"@type\":\"ImageObject\",\"inLanguage\":\"de\",\"@id\":\"https:\/\/tapigroup.com\/de\/production-caps\/wein-de\/exel\/#primaryimage\",\"url\":\"https:\/\/tapigroup.com\/wp-content\/uploads\/2020\/06\/Exel.jpg\",\"contentUrl\":\"https:\/\/tapigroup.com\/wp-content\/uploads\/2020\/06\/Exel.jpg\",\"width\":1063,\"height\":1651,\"caption\":\"Exel gourmet wine plastics\"},{\"@type\":\"BreadcrumbList\",\"@id\":\"https:\/\/tapigroup.com\/de\/production-caps\/wein-de\/exel\/#breadcrumb\",\"itemListElement\":[{\"@type\":\"ListItem\",\"position\":1,\"name\":\"Produkte\",\"item\":\"https:\/\/tapigroup.com\/de\/shop\/\"},{\"@type\":\"ListItem\",\"position\":2,\"name\":\"Exel\"}]},{\"@type\":\"WebSite\",\"@id\":\"https:\/\/tapigroup.com\/de\/#website\",\"url\":\"https:\/\/tapigroup.com\/de\/\",\"name\":\"Tap\u00ec Group\",\"description\":\"Made to be Opened\",\"potentialAction\":[{\"@type\":\"SearchAction\",\"target\":{\"@type\":\"EntryPoint\",\"urlTemplate\":\"https:\/\/tapigroup.com\/de\/?s={search_term_string}\"},\"query-input\":{\"@type\":\"PropertyValueSpecification\",\"valueRequired\":true,\"valueName\":\"search_term_string\"}}],\"inLanguage\":\"de\"}]}<\/script>\n<!-- \/ Yoast SEO plugin. -->","yoast_head_json":{"title":"Exel - Tap\u00ec Group","robots":{"index":"index","follow":"follow","max-snippet":"max-snippet:-1","max-image-preview":"max-image-preview:large","max-video-preview":"max-video-preview:-1"},"canonical":"https:\/\/tapigroup.com\/de\/production-caps\/wein-de\/exel\/","og_locale":"de_DE","og_type":"article","og_title":"Exel - Tap\u00ec Group","og_description":"Exel ist eine Neuheit im Bereich der Verschl\u00fcsse f\u00fcr Sekt.  Die komplexe Form ist nichts anderes als die Vereinigung von Design und Technologie.  Exel erleichtert das \u00d6ffnen der Flasche durch die Rillen am Kopf.  Der Verschluss bietet eine hervorragende CO2-Barriere und bewahrt damit die Eigenschaften des Weins dauerhaft. Au\u00dferdem besteht er aus Materialien, die den h\u00f6chsten Grad an Neutralit\u00e4t bieten und damit den bestm\u00f6glichen Schutz f\u00fcr die empfindliche aromatische Struktur von Perl- und Schaumweinen garantieren. MEHR INFO DOWNLOAD DATENBLATT","og_url":"https:\/\/tapigroup.com\/de\/production-caps\/wein-de\/exel\/","og_site_name":"Tap\u00ec Group","article_modified_time":"2023-10-11T12:50:06+00:00","og_image":[{"width":1063,"height":1651,"url":"https:\/\/tapigroup.com\/wp-content\/uploads\/2020\/06\/Exel.jpg","type":"image\/jpeg"}],"twitter_card":"summary_large_image","twitter_misc":{"Gesch\u00e4tzte Lesezeit":"1\u00a0Minute"},"schema":{"@context":"https:\/\/schema.org","@graph":[{"@type":"WebPage","@id":"https:\/\/tapigroup.com\/de\/production-caps\/wein-de\/exel\/","url":"https:\/\/tapigroup.com\/de\/production-caps\/wein-de\/exel\/","name":"Exel - Tap\u00ec Group","isPartOf":{"@id":"https:\/\/tapigroup.com\/de\/#website"},"primaryImageOfPage":{"@id":"https:\/\/tapigroup.com\/de\/production-caps\/wein-de\/exel\/#primaryimage"},"image":{"@id":"https:\/\/tapigroup.com\/de\/production-caps\/wein-de\/exel\/#primaryimage"},"thumbnailUrl":"https:\/\/tapigroup.com\/wp-content\/uploads\/2020\/06\/Exel.jpg","datePublished":"2020-06-04T13:13:05+00:00","dateModified":"2023-10-11T12:50:06+00:00","breadcrumb":{"@id":"https:\/\/tapigroup.com\/de\/production-caps\/wein-de\/exel\/#breadcrumb"},"inLanguage":"de","potentialAction":[{"@type":"ReadAction","target":["https:\/\/tapigroup.com\/de\/production-caps\/wein-de\/exel\/"]}]},{"@type":"ImageObject","inLanguage":"de","@id":"https:\/\/tapigroup.com\/de\/production-caps\/wein-de\/exel\/#primaryimage","url":"https:\/\/tapigroup.com\/wp-content\/uploads\/2020\/06\/Exel.jpg","contentUrl":"https:\/\/tapigroup.com\/wp-content\/uploads\/2020\/06\/Exel.jpg","width":1063,"height":1651,"caption":"Exel gourmet wine plastics"},{"@type":"BreadcrumbList","@id":"https:\/\/tapigroup.com\/de\/production-caps\/wein-de\/exel\/#breadcrumb","itemListElement":[{"@type":"ListItem","position":1,"name":"Produkte","item":"https:\/\/tapigroup.com\/de\/shop\/"},{"@type":"ListItem","position":2,"name":"Exel"}]},{"@type":"WebSite","@id":"https:\/\/tapigroup.com\/de\/#website","url":"https:\/\/tapigroup.com\/de\/","name":"Tap\u00ec Group","description":"Made to be Opened","potentialAction":[{"@type":"SearchAction","target":{"@type":"EntryPoint","urlTemplate":"https:\/\/tapigroup.com\/de\/?s={search_term_string}"},"query-input":{"@type":"PropertyValueSpecification","valueRequired":true,"valueName":"search_term_string"}}],"inLanguage":"de"}]}},"_links":{"self":[{"href":"https:\/\/tapigroup.com\/de\/wp-json\/wp\/v2\/product\/12343","targetHints":{"allow":["GET"]}}],"collection":[{"href":"https:\/\/tapigroup.com\/de\/wp-json\/wp\/v2\/product"}],"about":[{"href":"https:\/\/tapigroup.com\/de\/wp-json\/wp\/v2\/types\/product"}],"version-history":[{"count":3,"href":"https:\/\/tapigroup.com\/de\/wp-json\/wp\/v2\/product\/12343\/revisions"}],"predecessor-version":[{"id":37951,"href":"https:\/\/tapigroup.com\/de\/wp-json\/wp\/v2\/product\/12343\/revisions\/37951"}],"wp:featuredmedia":[{"embeddable":true,"href":"https:\/\/tapigroup.com\/de\/wp-json\/wp\/v2\/media\/27814"}],"wp:attachment":[{"href":"https:\/\/tapigroup.com\/de\/wp-json\/wp\/v2\/media?parent=12343"}],"wp:term":[{"taxonomy":"product_brand","embeddable":true,"href":"https:\/\/tapigroup.com\/de\/wp-json\/wp\/v2\/product_brand?post=12343"},{"taxonomy":"product_cat","embeddable":true,"href":"https:\/\/tapigroup.com\/de\/wp-json\/wp\/v2\/product_cat?post=12343"},{"taxonomy":"product_tag","embeddable":true,"href":"https:\/\/tapigroup.com\/de\/wp-json\/wp\/v2\/product_tag?post=12343"}],"curies":[{"name":"wp","href":"https:\/\/api.w.org\/{rel}","templated":true}]}}