{"id":12263,"date":"2020-08-26T15:46:01","date_gmt":"2020-08-26T13:46:01","guid":{"rendered":"http:\/\/tapigroup.com\/production-caps\/unkategorisiert\/devin\/"},"modified":"2022-11-10T12:32:33","modified_gmt":"2022-11-10T11:32:33","slug":"devin","status":"publish","type":"product","link":"https:\/\/tapigroup.com\/de\/production-caps\/wein-de\/devin\/","title":{"rendered":"Devin"},"content":{"rendered":"","protected":false},"excerpt":{"rendered":"<div style=\"margin-bottom: 20px;\"><\/div>\n<div><img decoding=\"async\" style=\"max-width: 250px; margin: 12px 0px 0px 0px;\" src=\"https:\/\/tapigroup.com\/wp-content\/uploads\/2020\/09\/250-b.png\" \/><\/div>\n<div><\/div>\n<div><span>Devin ist ein innovativer Verschluss, der v\u00f6llig umweltschonend gewonnen wird: F\u00fcr die Herstellung werden Polymere pflanzlicher Herkunft und Trester als R\u00fcckstand aus der Weinerzeugung verwendet. Und gerade der Trester verleiht dem Verschluss seine besondere nat\u00fcrliche F\u00e4rbung, so dass er authentisch und unverwechselbar aussieht. Devin enth\u00e4lt keinerlei k\u00fcnstliche Farbstoffe und hat eine niedrige CO2-Bilanz.<\/span><\/div>\n<p>&nbsp;<\/p>\n<div class=\"info-btn request-info\"><a class=\"open-contact-modal\" role=\"button\"><span>MEHR INFO<\/span><\/a><\/div>\n<div class=\"info-btn discover\"><a href=\"https:\/\/tapigroup.com\/devin\/de\/\" target=\"_blank\" role=\"button\" rel=\"noopener noreferrer\"><span>MEHR \u00dcBER abor<\/span><\/a><\/div>\n","protected":false},"featured_media":9380,"template":"","meta":[],"product_brand":[],"product_cat":[141],"product_tag":[],"class_list":{"0":"post-12263","1":"product","2":"type-product","3":"status-publish","4":"has-post-thumbnail","6":"product_cat-wein-de","8":"first","9":"instock","10":"shipping-taxable","11":"product-type-simple"},"yoast_head":"<!-- This site is optimized with the Yoast SEO plugin v27.2 - https:\/\/yoast.com\/product\/yoast-seo-wordpress\/ -->\n<title>Devin - Tap\u00ec Group<\/title>\n<meta name=\"robots\" content=\"index, follow, max-snippet:-1, max-image-preview:large, max-video-preview:-1\" \/>\n<link rel=\"canonical\" href=\"https:\/\/tapigroup.com\/de\/production-caps\/wein-de\/devin\/\" \/>\n<meta property=\"og:locale\" content=\"de_DE\" \/>\n<meta property=\"og:type\" content=\"article\" \/>\n<meta property=\"og:title\" content=\"Devin - Tap\u00ec Group\" \/>\n<meta property=\"og:description\" content=\"Devin ist ein innovativer Verschluss, der v\u00f6llig umweltschonend gewonnen wird: F\u00fcr die Herstellung werden Polymere pflanzlicher Herkunft und Trester als R\u00fcckstand aus der Weinerzeugung verwendet. Und gerade der Trester verleiht dem Verschluss seine besondere nat\u00fcrliche F\u00e4rbung, so dass er authentisch und unverwechselbar aussieht. Devin enth\u00e4lt keinerlei k\u00fcnstliche Farbstoffe und hat eine niedrige CO2-Bilanz. &nbsp; MEHR INFO  MEHR \u00dcBER abor\" \/>\n<meta property=\"og:url\" content=\"https:\/\/tapigroup.com\/de\/production-caps\/wein-de\/devin\/\" \/>\n<meta property=\"og:site_name\" content=\"Tap\u00ec Group\" \/>\n<meta property=\"article:modified_time\" content=\"2022-11-10T11:32:33+00:00\" \/>\n<meta property=\"og:image\" content=\"https:\/\/tapigroup.com\/wp-content\/uploads\/2020\/08\/Devin-eroe-urgente_9529-fondo-salmone-1.jpg\" \/>\n\t<meta property=\"og:image:width\" content=\"1920\" \/>\n\t<meta property=\"og:image:height\" content=\"1280\" \/>\n\t<meta property=\"og:image:type\" content=\"image\/jpeg\" \/>\n<meta name=\"twitter:card\" content=\"summary_large_image\" \/>\n<script type=\"application\/ld+json\" class=\"yoast-schema-graph\">{\"@context\":\"https:\/\/schema.org\",\"@graph\":[{\"@type\":\"WebPage\",\"@id\":\"https:\/\/tapigroup.com\/de\/production-caps\/wein-de\/devin\/\",\"url\":\"https:\/\/tapigroup.com\/de\/production-caps\/wein-de\/devin\/\",\"name\":\"Devin - Tap\u00ec Group\",\"isPartOf\":{\"@id\":\"https:\/\/tapigroup.com\/de\/#website\"},\"primaryImageOfPage\":{\"@id\":\"https:\/\/tapigroup.com\/de\/production-caps\/wein-de\/devin\/#primaryimage\"},\"image\":{\"@id\":\"https:\/\/tapigroup.com\/de\/production-caps\/wein-de\/devin\/#primaryimage\"},\"thumbnailUrl\":\"https:\/\/tapigroup.com\/wp-content\/uploads\/2020\/08\/Devin-eroe-urgente_9529-fondo-salmone-1.jpg\",\"datePublished\":\"2020-08-26T13:46:01+00:00\",\"dateModified\":\"2022-11-10T11:32:33+00:00\",\"breadcrumb\":{\"@id\":\"https:\/\/tapigroup.com\/de\/production-caps\/wein-de\/devin\/#breadcrumb\"},\"inLanguage\":\"de\",\"potentialAction\":[{\"@type\":\"ReadAction\",\"target\":[\"https:\/\/tapigroup.com\/de\/production-caps\/wein-de\/devin\/\"]}]},{\"@type\":\"ImageObject\",\"inLanguage\":\"de\",\"@id\":\"https:\/\/tapigroup.com\/de\/production-caps\/wein-de\/devin\/#primaryimage\",\"url\":\"https:\/\/tapigroup.com\/wp-content\/uploads\/2020\/08\/Devin-eroe-urgente_9529-fondo-salmone-1.jpg\",\"contentUrl\":\"https:\/\/tapigroup.com\/wp-content\/uploads\/2020\/08\/Devin-eroe-urgente_9529-fondo-salmone-1.jpg\",\"width\":1920,\"height\":1280,\"caption\":\"Devin eroe urgente_9529 fondo salmone (1)\"},{\"@type\":\"BreadcrumbList\",\"@id\":\"https:\/\/tapigroup.com\/de\/production-caps\/wein-de\/devin\/#breadcrumb\",\"itemListElement\":[{\"@type\":\"ListItem\",\"position\":1,\"name\":\"Produkte\",\"item\":\"https:\/\/tapigroup.com\/de\/shop\/\"},{\"@type\":\"ListItem\",\"position\":2,\"name\":\"Devin\"}]},{\"@type\":\"WebSite\",\"@id\":\"https:\/\/tapigroup.com\/de\/#website\",\"url\":\"https:\/\/tapigroup.com\/de\/\",\"name\":\"Tap\u00ec Group\",\"description\":\"Made to be Opened\",\"potentialAction\":[{\"@type\":\"SearchAction\",\"target\":{\"@type\":\"EntryPoint\",\"urlTemplate\":\"https:\/\/tapigroup.com\/de\/?s={search_term_string}\"},\"query-input\":{\"@type\":\"PropertyValueSpecification\",\"valueRequired\":true,\"valueName\":\"search_term_string\"}}],\"inLanguage\":\"de\"}]}<\/script>\n<!-- \/ Yoast SEO plugin. -->","yoast_head_json":{"title":"Devin - Tap\u00ec Group","robots":{"index":"index","follow":"follow","max-snippet":"max-snippet:-1","max-image-preview":"max-image-preview:large","max-video-preview":"max-video-preview:-1"},"canonical":"https:\/\/tapigroup.com\/de\/production-caps\/wein-de\/devin\/","og_locale":"de_DE","og_type":"article","og_title":"Devin - Tap\u00ec Group","og_description":"Devin ist ein innovativer Verschluss, der v\u00f6llig umweltschonend gewonnen wird: F\u00fcr die Herstellung werden Polymere pflanzlicher Herkunft und Trester als R\u00fcckstand aus der Weinerzeugung verwendet. Und gerade der Trester verleiht dem Verschluss seine besondere nat\u00fcrliche F\u00e4rbung, so dass er authentisch und unverwechselbar aussieht. Devin enth\u00e4lt keinerlei k\u00fcnstliche Farbstoffe und hat eine niedrige CO2-Bilanz. &nbsp; MEHR INFO  MEHR \u00dcBER abor","og_url":"https:\/\/tapigroup.com\/de\/production-caps\/wein-de\/devin\/","og_site_name":"Tap\u00ec Group","article_modified_time":"2022-11-10T11:32:33+00:00","og_image":[{"width":1920,"height":1280,"url":"https:\/\/tapigroup.com\/wp-content\/uploads\/2020\/08\/Devin-eroe-urgente_9529-fondo-salmone-1.jpg","type":"image\/jpeg"}],"twitter_card":"summary_large_image","schema":{"@context":"https:\/\/schema.org","@graph":[{"@type":"WebPage","@id":"https:\/\/tapigroup.com\/de\/production-caps\/wein-de\/devin\/","url":"https:\/\/tapigroup.com\/de\/production-caps\/wein-de\/devin\/","name":"Devin - Tap\u00ec Group","isPartOf":{"@id":"https:\/\/tapigroup.com\/de\/#website"},"primaryImageOfPage":{"@id":"https:\/\/tapigroup.com\/de\/production-caps\/wein-de\/devin\/#primaryimage"},"image":{"@id":"https:\/\/tapigroup.com\/de\/production-caps\/wein-de\/devin\/#primaryimage"},"thumbnailUrl":"https:\/\/tapigroup.com\/wp-content\/uploads\/2020\/08\/Devin-eroe-urgente_9529-fondo-salmone-1.jpg","datePublished":"2020-08-26T13:46:01+00:00","dateModified":"2022-11-10T11:32:33+00:00","breadcrumb":{"@id":"https:\/\/tapigroup.com\/de\/production-caps\/wein-de\/devin\/#breadcrumb"},"inLanguage":"de","potentialAction":[{"@type":"ReadAction","target":["https:\/\/tapigroup.com\/de\/production-caps\/wein-de\/devin\/"]}]},{"@type":"ImageObject","inLanguage":"de","@id":"https:\/\/tapigroup.com\/de\/production-caps\/wein-de\/devin\/#primaryimage","url":"https:\/\/tapigroup.com\/wp-content\/uploads\/2020\/08\/Devin-eroe-urgente_9529-fondo-salmone-1.jpg","contentUrl":"https:\/\/tapigroup.com\/wp-content\/uploads\/2020\/08\/Devin-eroe-urgente_9529-fondo-salmone-1.jpg","width":1920,"height":1280,"caption":"Devin eroe urgente_9529 fondo salmone (1)"},{"@type":"BreadcrumbList","@id":"https:\/\/tapigroup.com\/de\/production-caps\/wein-de\/devin\/#breadcrumb","itemListElement":[{"@type":"ListItem","position":1,"name":"Produkte","item":"https:\/\/tapigroup.com\/de\/shop\/"},{"@type":"ListItem","position":2,"name":"Devin"}]},{"@type":"WebSite","@id":"https:\/\/tapigroup.com\/de\/#website","url":"https:\/\/tapigroup.com\/de\/","name":"Tap\u00ec Group","description":"Made to be Opened","potentialAction":[{"@type":"SearchAction","target":{"@type":"EntryPoint","urlTemplate":"https:\/\/tapigroup.com\/de\/?s={search_term_string}"},"query-input":{"@type":"PropertyValueSpecification","valueRequired":true,"valueName":"search_term_string"}}],"inLanguage":"de"}]}},"_links":{"self":[{"href":"https:\/\/tapigroup.com\/de\/wp-json\/wp\/v2\/product\/12263","targetHints":{"allow":["GET"]}}],"collection":[{"href":"https:\/\/tapigroup.com\/de\/wp-json\/wp\/v2\/product"}],"about":[{"href":"https:\/\/tapigroup.com\/de\/wp-json\/wp\/v2\/types\/product"}],"version-history":[{"count":6,"href":"https:\/\/tapigroup.com\/de\/wp-json\/wp\/v2\/product\/12263\/revisions"}],"predecessor-version":[{"id":26211,"href":"https:\/\/tapigroup.com\/de\/wp-json\/wp\/v2\/product\/12263\/revisions\/26211"}],"wp:featuredmedia":[{"embeddable":true,"href":"https:\/\/tapigroup.com\/de\/wp-json\/wp\/v2\/media\/9380"}],"wp:attachment":[{"href":"https:\/\/tapigroup.com\/de\/wp-json\/wp\/v2\/media?parent=12263"}],"wp:term":[{"taxonomy":"product_brand","embeddable":true,"href":"https:\/\/tapigroup.com\/de\/wp-json\/wp\/v2\/product_brand?post=12263"},{"taxonomy":"product_cat","embeddable":true,"href":"https:\/\/tapigroup.com\/de\/wp-json\/wp\/v2\/product_cat?post=12263"},{"taxonomy":"product_tag","embeddable":true,"href":"https:\/\/tapigroup.com\/de\/wp-json\/wp\/v2\/product_tag?post=12263"}],"curies":[{"name":"wp","href":"https:\/\/api.w.org\/{rel}","templated":true}]}}