{"id":11837,"date":"2020-05-26T09:12:29","date_gmt":"2020-05-26T07:12:29","guid":{"rendered":"http:\/\/tapigroup.com\/work-with-us\/"},"modified":"2023-02-07T09:12:53","modified_gmt":"2023-02-07T08:12:53","slug":"arbeit-bei-uns","status":"publish","type":"page","link":"https:\/\/tapigroup.com\/de\/arbeit-bei-uns\/","title":{"rendered":"ARBEIT BEI UNS"},"content":{"rendered":"\t\t<div data-elementor-type=\"wp-page\" data-elementor-id=\"11837\" class=\"elementor elementor-11837 elementor-3184\" data-elementor-post-type=\"page\">\n\t\t\t\t\t\t<section class=\"elementor-section elementor-top-section elementor-element elementor-element-13b42e2 elementor-section-height-min-height elementor-section-boxed elementor-section-height-default elementor-section-items-middle\" data-id=\"13b42e2\" data-element_type=\"section\" data-e-type=\"section\">\n\t\t\t\t\t\t<div class=\"elementor-container elementor-column-gap-default\">\n\t\t\t\t\t<div class=\"elementor-column elementor-col-100 elementor-top-column elementor-element elementor-element-f2564af\" data-id=\"f2564af\" data-element_type=\"column\" data-e-type=\"column\">\n\t\t\t<div class=\"elementor-widget-wrap\">\n\t\t\t\t\t\t\t<\/div>\n\t\t<\/div>\n\t\t\t\t\t<\/div>\n\t\t<\/section>\n\t\t\t\t<section class=\"elementor-section elementor-top-section elementor-element elementor-element-bee0423 elementor-section-boxed elementor-section-height-default elementor-section-height-default\" data-id=\"bee0423\" data-element_type=\"section\" data-e-type=\"section\" data-settings=\"{&quot;background_background&quot;:&quot;classic&quot;}\">\n\t\t\t\t\t\t<div class=\"elementor-container elementor-column-gap-default\">\n\t\t\t\t\t<div class=\"elementor-column elementor-col-50 elementor-top-column elementor-element elementor-element-91e9ea4\" data-id=\"91e9ea4\" data-element_type=\"column\" data-e-type=\"column\">\n\t\t\t<div class=\"elementor-widget-wrap elementor-element-populated\">\n\t\t\t\t\t\t<div class=\"elementor-element elementor-element-5d474e6 elementor-widget elementor-widget-wgl-double-headings\" data-id=\"5d474e6\" data-element_type=\"widget\" data-e-type=\"widget\" data-widget_type=\"wgl-double-headings.default\">\n\t\t\t\t<div class=\"elementor-widget-container\">\n\t\t\t\t\t<div class=\"wgl-double_heading aleft\">                <h4 class=\"dbl-title_wrapper\"><span class=\"dbl-title dbl-title_1\">WIR BEI TAP\u00cc SIND STETS AUF DER SUCHE NACH NEUEN TALENTEN F\u00dcR DIE EINGLIEDERUNG IN UNSERE TEAMS.<\/span>                 <\/h4>        <\/div>\t\t\t\t<\/div>\n\t\t\t\t<\/div>\n\t\t\t\t<div class=\"elementor-element elementor-element-efa3aee elementor-widget elementor-widget-text-editor\" data-id=\"efa3aee\" data-element_type=\"widget\" data-e-type=\"widget\" data-widget_type=\"text-editor.default\">\n\t\t\t\t<div class=\"elementor-widget-container\">\n\t\t\t\t\t\t\t\t\t<p>Wir bei Tap\u00ec sind stets auf der Suche nach neuen Talenten f\u00fcr die Eingliederung in unsere Teams.<span>\u00a0<\/span><span>Bei uns zu arbeiten bedeutet die Aufnahme in einen Betrieb, der gro\u00dfe pers\u00f6nliche und berufliche Entwicklungschancen bietet.<\/span><\/p><p><span>Vielleicht sind genau Sie die Person, die wir suchen. F\u00fcllen Sie das Formular aus, laden Sie Ihren aktuellen Lebenslauf hoch und senden Sie Ihre Initiativbewerbung ab.<\/span><\/p>\t\t\t\t\t\t\t\t<\/div>\n\t\t\t\t<\/div>\n\t\t\t\t\t<\/div>\n\t\t<\/div>\n\t\t\t\t<div class=\"elementor-column elementor-col-50 elementor-top-column elementor-element elementor-element-81e3ef5\" data-id=\"81e3ef5\" data-element_type=\"column\" data-e-type=\"column\">\n\t\t\t<div class=\"elementor-widget-wrap elementor-element-populated\">\n\t\t\t\t\t\t<div class=\"elementor-element elementor-element-33f69f6 elementor-widget elementor-widget-html\" data-id=\"33f69f6\" data-element_type=\"widget\" data-e-type=\"widget\" data-widget_type=\"html.default\">\n\t\t\t\t<div class=\"elementor-widget-container\">\n\t\t\t\t\t<!--[if lte IE 8]>\r\n<script charset=\"utf-8\" type=\"text\/javascript\" src=\"\/\/js.hsforms.net\/forms\/v2-legacy.js\"><\/script>\r\n<![endif]-->\r\n<script charset=\"utf-8\" type=\"text\/javascript\" src=\"\/\/js.hsforms.net\/forms\/v2.js\"><\/script>\r\n<script>\r\n  hbspt.forms.create({\r\n\tregion: \"na1\",\r\n\tportalId: \"8480544\",\r\n\tformId: \"54eac8f3-4a25-4bc4-95c4-63cad7f7171e\"\r\n});\r\n<\/script>\t\t\t\t<\/div>\n\t\t\t\t<\/div>\n\t\t\t\t\t<\/div>\n\t\t<\/div>\n\t\t\t\t\t<\/div>\n\t\t<\/section>\n\t\t\t\t<\/div>\n\t\t","protected":false},"excerpt":{"rendered":"<p>WIR BEI TAP\u00cc SIND STETS AUF DER SUCHE NACH NEUEN TALENTEN F\u00dcR DIE EINGLIEDERUNG IN UNSERE TEAMS. Wir bei Tap\u00ec sind stets auf der Suche nach neuen Talenten f\u00fcr die Eingliederung in unsere Teams.\u00a0Bei uns zu arbeiten bedeutet die Aufnahme in einen Betrieb, der gro\u00dfe pers\u00f6nliche und berufliche Entwicklungschancen bietet. Vielleicht sind genau Sie die [&hellip;]<\/p>\n","protected":false},"author":1,"featured_media":0,"parent":0,"menu_order":0,"comment_status":"closed","ping_status":"closed","template":"","meta":{"footnotes":""},"class_list":["post-11837","page","type-page","status-publish","hentry"],"yoast_head":"<!-- This site is optimized with the Yoast SEO plugin v27.2 - https:\/\/yoast.com\/product\/yoast-seo-wordpress\/ -->\n<title>ARBEIT BEI UNS - Tap\u00ec Group<\/title>\n<meta name=\"robots\" content=\"index, follow, max-snippet:-1, max-image-preview:large, max-video-preview:-1\" \/>\n<link rel=\"canonical\" href=\"https:\/\/tapigroup.com\/de\/arbeit-bei-uns\/\" \/>\n<meta property=\"og:locale\" content=\"de_DE\" \/>\n<meta property=\"og:type\" content=\"article\" \/>\n<meta property=\"og:title\" content=\"ARBEIT BEI UNS - Tap\u00ec Group\" \/>\n<meta property=\"og:description\" content=\"WIR BEI TAP\u00cc SIND STETS AUF DER SUCHE NACH NEUEN TALENTEN F\u00dcR DIE EINGLIEDERUNG IN UNSERE TEAMS. Wir bei Tap\u00ec sind stets auf der Suche nach neuen Talenten f\u00fcr die Eingliederung in unsere Teams.\u00a0Bei uns zu arbeiten bedeutet die Aufnahme in einen Betrieb, der gro\u00dfe pers\u00f6nliche und berufliche Entwicklungschancen bietet. Vielleicht sind genau Sie die [&hellip;]\" \/>\n<meta property=\"og:url\" content=\"https:\/\/tapigroup.com\/de\/arbeit-bei-uns\/\" \/>\n<meta property=\"og:site_name\" content=\"Tap\u00ec Group\" \/>\n<meta property=\"article:modified_time\" content=\"2023-02-07T08:12:53+00:00\" \/>\n<meta name=\"twitter:card\" content=\"summary_large_image\" \/>\n<meta name=\"twitter:label1\" content=\"Gesch\u00e4tzte Lesezeit\" \/>\n\t<meta name=\"twitter:data1\" content=\"1\u00a0Minute\" \/>\n<script type=\"application\/ld+json\" class=\"yoast-schema-graph\">{\"@context\":\"https:\/\/schema.org\",\"@graph\":[{\"@type\":\"WebPage\",\"@id\":\"https:\/\/tapigroup.com\/de\/arbeit-bei-uns\/\",\"url\":\"https:\/\/tapigroup.com\/de\/arbeit-bei-uns\/\",\"name\":\"ARBEIT BEI UNS - Tap\u00ec Group\",\"isPartOf\":{\"@id\":\"https:\/\/tapigroup.com\/de\/#website\"},\"datePublished\":\"2020-05-26T07:12:29+00:00\",\"dateModified\":\"2023-02-07T08:12:53+00:00\",\"inLanguage\":\"de\",\"potentialAction\":[{\"@type\":\"ReadAction\",\"target\":[\"https:\/\/tapigroup.com\/de\/arbeit-bei-uns\/\"]}]},{\"@type\":\"WebSite\",\"@id\":\"https:\/\/tapigroup.com\/de\/#website\",\"url\":\"https:\/\/tapigroup.com\/de\/\",\"name\":\"Tap\u00ec Group\",\"description\":\"Made to be Opened\",\"potentialAction\":[{\"@type\":\"SearchAction\",\"target\":{\"@type\":\"EntryPoint\",\"urlTemplate\":\"https:\/\/tapigroup.com\/de\/?s={search_term_string}\"},\"query-input\":{\"@type\":\"PropertyValueSpecification\",\"valueRequired\":true,\"valueName\":\"search_term_string\"}}],\"inLanguage\":\"de\"}]}<\/script>\n<!-- \/ Yoast SEO plugin. -->","yoast_head_json":{"title":"ARBEIT BEI UNS - Tap\u00ec Group","robots":{"index":"index","follow":"follow","max-snippet":"max-snippet:-1","max-image-preview":"max-image-preview:large","max-video-preview":"max-video-preview:-1"},"canonical":"https:\/\/tapigroup.com\/de\/arbeit-bei-uns\/","og_locale":"de_DE","og_type":"article","og_title":"ARBEIT BEI UNS - Tap\u00ec Group","og_description":"WIR BEI TAP\u00cc SIND STETS AUF DER SUCHE NACH NEUEN TALENTEN F\u00dcR DIE EINGLIEDERUNG IN UNSERE TEAMS. Wir bei Tap\u00ec sind stets auf der Suche nach neuen Talenten f\u00fcr die Eingliederung in unsere Teams.\u00a0Bei uns zu arbeiten bedeutet die Aufnahme in einen Betrieb, der gro\u00dfe pers\u00f6nliche und berufliche Entwicklungschancen bietet. Vielleicht sind genau Sie die [&hellip;]","og_url":"https:\/\/tapigroup.com\/de\/arbeit-bei-uns\/","og_site_name":"Tap\u00ec Group","article_modified_time":"2023-02-07T08:12:53+00:00","twitter_card":"summary_large_image","twitter_misc":{"Gesch\u00e4tzte Lesezeit":"1\u00a0Minute"},"schema":{"@context":"https:\/\/schema.org","@graph":[{"@type":"WebPage","@id":"https:\/\/tapigroup.com\/de\/arbeit-bei-uns\/","url":"https:\/\/tapigroup.com\/de\/arbeit-bei-uns\/","name":"ARBEIT BEI UNS - Tap\u00ec Group","isPartOf":{"@id":"https:\/\/tapigroup.com\/de\/#website"},"datePublished":"2020-05-26T07:12:29+00:00","dateModified":"2023-02-07T08:12:53+00:00","inLanguage":"de","potentialAction":[{"@type":"ReadAction","target":["https:\/\/tapigroup.com\/de\/arbeit-bei-uns\/"]}]},{"@type":"WebSite","@id":"https:\/\/tapigroup.com\/de\/#website","url":"https:\/\/tapigroup.com\/de\/","name":"Tap\u00ec Group","description":"Made to be Opened","potentialAction":[{"@type":"SearchAction","target":{"@type":"EntryPoint","urlTemplate":"https:\/\/tapigroup.com\/de\/?s={search_term_string}"},"query-input":{"@type":"PropertyValueSpecification","valueRequired":true,"valueName":"search_term_string"}}],"inLanguage":"de"}]}},"_links":{"self":[{"href":"https:\/\/tapigroup.com\/de\/wp-json\/wp\/v2\/pages\/11837","targetHints":{"allow":["GET"]}}],"collection":[{"href":"https:\/\/tapigroup.com\/de\/wp-json\/wp\/v2\/pages"}],"about":[{"href":"https:\/\/tapigroup.com\/de\/wp-json\/wp\/v2\/types\/page"}],"author":[{"embeddable":true,"href":"https:\/\/tapigroup.com\/de\/wp-json\/wp\/v2\/users\/1"}],"replies":[{"embeddable":true,"href":"https:\/\/tapigroup.com\/de\/wp-json\/wp\/v2\/comments?post=11837"}],"version-history":[{"count":9,"href":"https:\/\/tapigroup.com\/de\/wp-json\/wp\/v2\/pages\/11837\/revisions"}],"predecessor-version":[{"id":30580,"href":"https:\/\/tapigroup.com\/de\/wp-json\/wp\/v2\/pages\/11837\/revisions\/30580"}],"wp:attachment":[{"href":"https:\/\/tapigroup.com\/de\/wp-json\/wp\/v2\/media?parent=11837"}],"curies":[{"name":"wp","href":"https:\/\/api.w.org\/{rel}","templated":true}]}}